{"id":6612,"date":"2023-03-08T09:48:08","date_gmt":"2023-03-08T09:48:08","guid":{"rendered":"https:\/\/www.recycle-plant.com\/?page_id=6612"},"modified":"2023-03-09T08:32:59","modified_gmt":"2023-03-09T08:32:59","slug":"shuliy-groups-global-customers","status":"publish","type":"page","link":"https:\/\/www.recycle-plant.com\/de\/shuliy-groups-global-customers\/","title":{"rendered":"Globale Kunden der Shuliy-Gruppe"},"content":{"rendered":"<p>Die Shuliy-Kunststoffgranuliermaschine, die PET-Flaschen-Recyclingmaschine und die Reifenrecyclingmaschine wurden in mehr als 50 L\u00e4nder exportiert und installiert, darunter:<\/p>    <p>Asien: Saudi-Arabien, Japan, Sri Lanka, Kasachstan, Malaysia,<\/p>    <p>Afrika: Senegal, Ghana, Nigeria, Uganda, Kenia, Tansania, Mosambik, \u00c4thiopien, Kongo<\/p>    <p>Europa: Kosovo, Vereinigtes K\u00f6nigreich, Deutschland, Ungarn, Rum\u00e4nien, <\/p>    <p>Nordamerika: Amerika, Jamaika<\/p>    <h2 class=\"wp-block-heading\">Lieferort<\/h2>    <p>Vor dem Versand der Maschinen werden unsere Ingenieure die Maschinen und die Menge der Zubeh\u00f6rteile sorgf\u00e4ltig \u00fcberpr\u00fcfen. Wir werden dem Kunden rechtzeitig das Diagramm und das Video des Maschinenversands zusenden, damit der Kunde jederzeit \u00fcber den Transportstatus der Maschinen informiert ist.<\/p>    <figure class=\"wp-block-gallery has-nested-images columns-default is-cropped wp-block-gallery-2 is-layout-flex wp-block-gallery-is-layout-flex\"> <figure class=\"wp-block-image size-large\"><img loading=\"lazy\" decoding=\"async\" width=\"540\" height=\"720\" data-id=\"6490\" src=\"https:\/\/www.recycle-plant.com\/wp-content\/uploads\/2023\/01\/Plastic-granulator-shipped-to-Mozambique1.jpg\" alt=\"Kunststoffgranulator nach Mosambik versandt\" class=\"wp-image-6490\" srcset=\"https:\/\/www.recycle-plant.com\/wp-content\/uploads\/2023\/01\/Plastic-granulator-shipped-to-Mozambique1.jpg 540w, https:\/\/www.recycle-plant.com\/wp-content\/uploads\/2023\/01\/Plastic-granulator-shipped-to-Mozambique1-225x300.jpg 225w\" sizes=\"auto, (max-width: 540px) 100vw, 540px\" \/><figcaption class=\"wp-element-caption\">Kunststoffgranulator nach Mosambik versandt<\/figcaption><\/figure>    <figure class=\"wp-block-image size-large\"><img loading=\"lazy\" decoding=\"async\" width=\"540\" height=\"720\" data-id=\"6440\" src=\"https:\/\/www.recycle-plant.com\/wp-content\/uploads\/2019\/11\/PET-bottle-washing-machines1.jpg\" alt=\"\" class=\"wp-image-6440\" srcset=\"https:\/\/www.recycle-plant.com\/wp-content\/uploads\/2019\/11\/PET-bottle-washing-machines1.jpg 540w, https:\/\/www.recycle-plant.com\/wp-content\/uploads\/2019\/11\/PET-bottle-washing-machines1-225x300.jpg 225w\" sizes=\"auto, (max-width: 540px) 100vw, 540px\" \/><figcaption class=\"wp-element-caption\">PET-Flaschen-Recyclinglinie nach Mosambik gesendet<\/figcaption><\/figure>    <figure class=\"wp-block-image size-large\"><img loading=\"lazy\" decoding=\"async\" width=\"540\" height=\"720\" data-id=\"6288\" src=\"https:\/\/www.recycle-plant.com\/wp-content\/uploads\/2022\/11\/shipment.jpg\" alt=\"Versand von Kunststoffpressen\" class=\"wp-image-6288\" srcset=\"https:\/\/www.recycle-plant.com\/wp-content\/uploads\/2022\/11\/shipment.jpg 540w, https:\/\/www.recycle-plant.com\/wp-content\/uploads\/2022\/11\/shipment-225x300.jpg 225w\" sizes=\"auto, (max-width: 540px) 100vw, 540px\" \/><figcaption class=\"wp-element-caption\">Versand eines Kunststoffpressers nach Ghana<\/figcaption><\/figure>    <figure class=\"wp-block-image size-large\"><img loading=\"lazy\" decoding=\"async\" width=\"540\" height=\"720\" data-id=\"6282\" src=\"https:\/\/www.recycle-plant.com\/wp-content\/uploads\/2022\/11\/plastic-pelletizers.jpg\" alt=\"Kunststoffpelletierer\" class=\"wp-image-6282\" srcset=\"https:\/\/www.recycle-plant.com\/wp-content\/uploads\/2022\/11\/plastic-pelletizers.jpg 540w, https:\/\/www.recycle-plant.com\/wp-content\/uploads\/2022\/11\/plastic-pelletizers-225x300.jpg 225w\" sizes=\"auto, (max-width: 540px) 100vw, 540px\" \/><figcaption class=\"wp-element-caption\">Kunststoffpelletierer nach \u00c4thiopien geschickt<\/figcaption><\/figure>    <figure class=\"wp-block-image size-large\"><img loading=\"lazy\" decoding=\"async\" width=\"540\" height=\"720\" data-id=\"6173\" src=\"https:\/\/www.recycle-plant.com\/wp-content\/uploads\/2022\/10\/loading-and-delivery1.jpg\" alt=\"Laden und Lieferung\" class=\"wp-image-6173\" srcset=\"https:\/\/www.recycle-plant.com\/wp-content\/uploads\/2022\/10\/loading-and-delivery1.jpg 540w, https:\/\/www.recycle-plant.com\/wp-content\/uploads\/2022\/10\/loading-and-delivery1-225x300.jpg 225w\" sizes=\"auto, (max-width: 540px) 100vw, 540px\" \/><figcaption class=\"wp-element-caption\">Laden und Lieferung<\/figcaption><\/figure>    <figure class=\"wp-block-image size-large\"><img loading=\"lazy\" decoding=\"async\" width=\"540\" height=\"720\" data-id=\"6172\" src=\"https:\/\/www.recycle-plant.com\/wp-content\/uploads\/2022\/10\/loading1.jpg\" alt=\"\" class=\"wp-image-6172\" srcset=\"https:\/\/www.recycle-plant.com\/wp-content\/uploads\/2022\/10\/loading1.jpg 540w, https:\/\/www.recycle-plant.com\/wp-content\/uploads\/2022\/10\/loading1-225x300.jpg 225w\" sizes=\"auto, (max-width: 540px) 100vw, 540px\" \/><figcaption class=\"wp-element-caption\">Kunststoffgranulierungslinie nach Saudi-Arabien verschickt<\/figcaption><\/figure> <\/figure>    <h2 class=\"wp-block-heading\">Installation vor Ort beim Kunden<\/h2>    <p>Shuliy bietet Installations-, Inbetriebnahme-Training und Nachverfolgungsdienste an. Das folgende Bild wurde von unseren Kunden in Saudi-Arabien in ihrer lokalen Kunststoffrecyclingfabrik aufgenommen. Der Kunde hat eine komplette Kunststoffpelletieranlage von Shuliy gekauft, um ihm bei der Installation der Pelletieranlage zu helfen, hat Shuliy unser Ingenieurteam nach Saudi-Arabien geschickt. <\/p>    <figure class=\"wp-block-image size-full\"><img loading=\"lazy\" decoding=\"async\" width=\"720\" height=\"540\" src=\"https:\/\/www.recycle-plant.com\/wp-content\/uploads\/2023\/01\/plastic-pelletizing-plant1.jpg\" alt=\"\" class=\"wp-image-6506\" srcset=\"https:\/\/www.recycle-plant.com\/wp-content\/uploads\/2023\/01\/plastic-pelletizing-plant1.jpg 720w, https:\/\/www.recycle-plant.com\/wp-content\/uploads\/2023\/01\/plastic-pelletizing-plant1-300x225.jpg 300w\" sizes=\"auto, (max-width: 720px) 100vw, 720px\" \/><\/figure>    <h2 class=\"wp-block-heading\">Feedback von unseren globalen Kunden<\/h2>    <h3 class=\"wp-block-heading\">Feedback-Video vom Kunden aus Kenia<\/h3>    <figure class=\"wp-block-embed is-type-video is-provider-youtube wp-block-embed-youtube wp-embed-aspect-16-9 wp-has-aspect-ratio\"><div class=\"wp-block-embed__wrapper\"> <iframe loading=\"lazy\" title=\"Feedback zur Kunststoffpelletisiermaschine in Kenia | Kunststoffpelletisiermaschine\" width=\"500\" height=\"281\" src=\"https:\/\/www.youtube.com\/embed\/xBZN9RXEWh0?feature=oembed\" frameborder=\"0\" allow=\"accelerometer; autoplay; clipboard-write; encrypted-media; gyroscope; picture-in-picture; web-share\" referrerpolicy=\"strict-origin-when-cross-origin\" allowfullscreen><\/iframe> <\/div><\/figure>    <h3 class=\"wp-block-heading\">Erfolgreiche Zusammenarbeit mit Kunden in Mosambik und Malaysia<\/h3>    <figure class=\"wp-block-gallery has-nested-images columns-default is-cropped wp-block-gallery-3 is-layout-flex wp-block-gallery-is-layout-flex\"> <figure class=\"wp-block-image size-large\"><img loading=\"lazy\" decoding=\"async\" width=\"720\" height=\"540\" data-id=\"6433\" src=\"https:\/\/www.recycle-plant.com\/wp-content\/uploads\/2019\/11\/cooperition-with-customer1.jpg\" alt=\"\" class=\"wp-image-6433\" srcset=\"https:\/\/www.recycle-plant.com\/wp-content\/uploads\/2019\/11\/cooperition-with-customer1.jpg 720w, https:\/\/www.recycle-plant.com\/wp-content\/uploads\/2019\/11\/cooperition-with-customer1-300x225.jpg 300w\" sizes=\"auto, (max-width: 720px) 100vw, 720px\" \/><\/figure>    <figure class=\"wp-block-image size-large\"><img loading=\"lazy\" decoding=\"async\" width=\"720\" height=\"540\" data-id=\"6378\" src=\"https:\/\/www.recycle-plant.com\/wp-content\/uploads\/2022\/12\/chat-records1.jpg\" alt=\"\" class=\"wp-image-6378\" srcset=\"https:\/\/www.recycle-plant.com\/wp-content\/uploads\/2022\/12\/chat-records1.jpg 720w, https:\/\/www.recycle-plant.com\/wp-content\/uploads\/2022\/12\/chat-records1-300x225.jpg 300w\" sizes=\"auto, (max-width: 720px) 100vw, 720px\" \/><\/figure> <\/figure>","protected":false},"excerpt":{"rendered":"<p>Shuliy plastic granulating machine, PET bottle recycling machine, and waste tire recycling machine have been exported and installed in more than 50 countries including: Asia: Saudi Arabia, Japan, Sri Lanka, Kazakhstan\uff0c Malaysia\uff0c Africa: Senegal, Ghana, Nigeria, Uganda, Kenya, Tanzania, Mozambique, Ethiopia, Congo Europe: Kosovo, United Kingdom, Germany, Hungary, Romania, North America: America, Jamaica Delivery site [&hellip;]<\/p>\n","protected":false},"author":1,"featured_media":0,"parent":0,"menu_order":0,"comment_status":"closed","ping_status":"closed","template":"","meta":{"_kad_blocks_custom_css":"","_kad_blocks_head_custom_js":"","_kad_blocks_body_custom_js":"","_kad_blocks_footer_custom_js":"","footnotes":""},"class_list":["post-6612","page","type-page","status-publish","hentry"],"taxonomy_info":[],"featured_image_src_large":false,"author_info":{"display_name":"Ella","author_link":"https:\/\/www.recycle-plant.com\/de\/author\/admin\/"},"comment_info":0,"_links":{"self":[{"href":"https:\/\/www.recycle-plant.com\/de\/wp-json\/wp\/v2\/pages\/6612","targetHints":{"allow":["GET"]}}],"collection":[{"href":"https:\/\/www.recycle-plant.com\/de\/wp-json\/wp\/v2\/pages"}],"about":[{"href":"https:\/\/www.recycle-plant.com\/de\/wp-json\/wp\/v2\/types\/page"}],"author":[{"embeddable":true,"href":"https:\/\/www.recycle-plant.com\/de\/wp-json\/wp\/v2\/users\/1"}],"replies":[{"embeddable":true,"href":"https:\/\/www.recycle-plant.com\/de\/wp-json\/wp\/v2\/comments?post=6612"}],"version-history":[{"count":0,"href":"https:\/\/www.recycle-plant.com\/de\/wp-json\/wp\/v2\/pages\/6612\/revisions"}],"wp:attachment":[{"href":"https:\/\/www.recycle-plant.com\/de\/wp-json\/wp\/v2\/media?parent=6612"}],"curies":[{"name":"wp","href":"https:\/\/api.w.org\/{rel}","templated":true}]}}