{"id":6655,"date":"2023-03-15T03:43:08","date_gmt":"2023-03-15T03:43:08","guid":{"rendered":"https:\/\/www.recycle-plant.com\/?page_id=6655"},"modified":"2025-03-31T09:56:09","modified_gmt":"2025-03-31T01:56:09","slug":"plastic-pelletizing-solution","status":"publish","type":"page","link":"https:\/\/www.recycle-plant.com\/de\/plastic-pelletizing-solution\/","title":{"rendered":"Kunststoffpelletierungsl\u00f6sung"},"content":{"rendered":"<p>Shuliy bietet umfassende L\u00f6sungen zur Kunststoffpelletierung f\u00fcr die nachindustrielle Recycling (Inhouse-Recycling) und das Recycling von Endverbrauchern. Die Pelletiermaschine kann verschiedene Materialtypen verarbeiten, darunter PP, HDPE, LDPE, LLDPE, PVC, EPS, EPE, ABS, PS usw.<\/p>    <h2 class=\"wp-block-heading\">Kunststoffrecyclingmaterialien<\/h2>    <figure class=\"wp-block-table white-space-nowrap\"><table class=\"has-fixed-layout\"><tbody><tr><td>Recyclingmaterial<\/td><td>Anwendung<\/td><td>Materialart<\/td><\/tr><tr><td><strong><a href=\"https:\/\/www.recycle-plant.com\/de\/how-do-you-recycle-polypropylene-bags.html\">PP PE-Folie<\/a><\/strong><\/td><td>Filmrollen, Filmschnipsel, Taschen, T-Shirt-Taschen-Reste, <a href=\"https:\/\/www.recycle-plant.com\/de\/status-of-recycling-and-treatment-of-used-agricultural-film.html\"><strong>Agrarfolie<\/strong><\/a><\/td><td>PP PE<\/td><\/tr><tr><td><strong><a href=\"https:\/\/www.recycle-plant.com\/de\/plastic-regrind-recycling.html\">Kunststoff-Regranulat<\/a><\/strong><\/td><td>Spritzgussabf\u00e4lle, spritzgegossene Produkte wie Flaschen, Beh\u00e4lter, Autoteile, Sto\u00dfstangen, Elektroabf\u00e4lle, Spielzeug und andere Hartkunststoffe<\/td><td>HDPE, LDPE, PP, PS, ABS, PVC<\/td><\/tr><tr><td><strong><a href=\"https:\/\/www.recycle-plant.com\/de\/thermoformed-material-recycling.html\">Thermoformkunststoff<\/a><\/strong><\/td><td>Baumaterialien, Paletten, Lebensmittelbeh\u00e4lter, medizinische Verpackungen, Autoteile, Versandkisten, Tabletts, Becher, Spielzeug, Clamshell-Beh\u00e4lter<\/td><td>HDPE, LDPE, PP, PS oder ABS<\/td><\/tr><tr><td><strong><a href=\"https:\/\/www.recycle-plant.com\/de\/pp-raffia-recycling-introduction.html\">PP-Raffiabtrag<\/a><\/strong><\/td><td>Verpackungen, Lagerbeutel, Z\u00e4une, Netze f\u00fcr den Gartenbau,<\/td><td>Polypropylen (PP)<\/td><\/tr><tr><td><strong><a href=\"https:\/\/www.recycle-plant.com\/de\/stretch-film-recycling.html\">Stretchfolie<\/a><\/strong><\/td><td>Lebensmittelkonservierungsfolie, Stretchfolienrolle<\/td><td>Lineares Polyethylen mit niedriger Dichte (LLDPE), Polyethylen mit niedriger Dichte (LDPE)<\/td><\/tr><tr><td><strong><a href=\"https:\/\/www.recycle-plant.com\/de\/shrink-wrap-recycling.html\">Schrumpffolie <\/a><\/strong><\/td><td>Verpackungsfolie w\u00e4hrend des Versands und der Lagerung<\/td><td>Polyethylen (PE)<\/td><\/tr><tr><td><strong><a href=\"https:\/\/www.recycle-plant.com\/de\/drip-tape-recycling.html\">Agrarrohr<\/a><\/strong><\/td><td>Tropfschlauch, weiches Bew\u00e4sserungsrohr<\/td><td>hochdichtes Polyethylen (HDPE), (LDPE)<\/td><\/tr><tr><td><strong><a href=\"https:\/\/www.recycle-plant.com\/de\/laminated-film-recycling.html\">Laminierte Folie<\/a><\/strong><\/td><td>Verpackungen f\u00fcr Lebensmittel, Getr\u00e4nke und Pharmazeutika<\/td><td>BOPP, CPP, OPP, HDPE, LDPE, LLPDE oder EVA<\/td><\/tr><\/tbody><\/table><\/figure>    <h2 class=\"wp-block-heading\">Konfiguration der Abfallkunststoff-Granulierlinie<\/h2>    <figure class=\"wp-block-embed is-type-video is-provider-youtube wp-block-embed-youtube wp-embed-aspect-16-9 wp-has-aspect-ratio\"><div class=\"wp-block-embed__wrapper\"> <iframe loading=\"lazy\" title=\"Kunststoffpelletieranlage | Maschine zur Herstellung von Kunststoffgranulaten\" width=\"500\" height=\"281\" src=\"https:\/\/www.youtube.com\/embed\/y4KcSJAz04E?feature=oembed\" frameborder=\"0\" allow=\"accelerometer; autoplay; clipboard-write; encrypted-media; gyroscope; picture-in-picture; web-share\" referrerpolicy=\"strict-origin-when-cross-origin\" allowfullscreen><\/iframe> <\/div><\/figure>    <h2 class=\"wp-block-heading\">Wie werden wir den Kunden helfen, ein Pelletierungswerk zu starten?<\/h2>    <ul class=\"wp-block-list\"> <li>Individuelle Beratung. Nachdem wir die Anfragen unserer Kunden erhalten haben, wird unser Projektmanager die Kunden so schnell wie m\u00f6glich kontaktieren. Wir werden die Rohstoffe der Kunden und deren erwartete Ausbeute best\u00e4tigen. Basierend auf diesen grundlegenden Daten werden wir ihnen Kunststoffgranulator-Maschinen empfehlen.<\/li> <\/ul>    <ul class=\"wp-block-list\"> <li>Bestimmen Sie den Plan. Unser Produktmanager wird den Kunststoffpelletierungsplan vern\u00fcnftig gem\u00e4\u00df Ihren Bed\u00fcrfnissen und Ihrem Budget konfigurieren. Wir entwerfen Zeichnungen f\u00fcr die speziellen Anforderungen der Maschine und best\u00e4tigen schlie\u00dflich den Pelletierungsplan mit dem Kunden.<\/li> <\/ul>    <ul class=\"wp-block-list\"> <li>Lieferung und Transport. Sobald das gesamte <a href=\"https:\/\/www.recycle-plant.com\/de\/plastic-film-recycling-production-line\/\">Kunststoffpelletierungsanlage<\/a> wird aufgebaut, werden wir einen speziellen Lkw organisieren, um es innerhalb der vereinbarten Zeit in das Land des Kunden zu liefern.<\/li> <\/ul>    <ul class=\"wp-block-list\"> <li>Installation und Schulung. Wir werden unser professionelles Technikerteam zur Baustelle schicken, um den Kunststoffpelletizer zu installieren und in Betrieb zu nehmen. Das Technikerteam wird schulen, wie man den Kunststoffpelletizer richtig benutzt, bis die gesamte Kunststoffpelletieranlage in eine stabile Produktion \u00fcberf\u00fchrt wird.<\/li> <\/ul>    <h2 class=\"wp-block-heading\">Angepasste Zerkleinerung und Waschen zur Vorgranulierung<\/h2>    <div class=\"wp-block-media-text alignwide has-media-on-the-right is-stacked-on-mobile\"><div class=\"wp-block-media-text__content\"> <p>Die Kunststoffzerkleinerungs- und Waschmaschinen sind im Recyclingprozess sehr flexibel. Die Shuliy-Gruppe wird jedem unserer Kunden die am besten geeigneten Maschinen empfehlen, nachdem sie die Anforderungen und die tats\u00e4chlichen Gegebenheiten ermittelt hat.<\/p>    <p>Zum Beispiel ist der richtige Zerkleinerungs- und Waschbereich mit einem Kunststoffzerkleinerer, einem Kunststoffwaschtank, einer vertikalen Trockenmaschine und einem horizontalen Trockner ausgestattet. Die 3D-Zeichnung wurde von unserem Projektmanager Sunny f\u00fcr unseren Kunden aus Saudi-Arabien entworfen. Ihre Rohmaterialien sind Abfall aus harten PP-F\u00e4ssern und Containern.   <\/p> <\/div><figure class=\"wp-block-media-text__media\"><img loading=\"lazy\" decoding=\"async\" width=\"720\" height=\"540\" src=\"https:\/\/www.recycle-plant.com\/wp-content\/uploads\/2023\/03\/PET-bottle-washing-plant.jpg\" alt=\"Zerkleinerungs- und Waschanlage\" class=\"wp-image-6643 size-full\"\/><\/figure><\/div>    <div class=\"wp-block-media-text alignwide is-stacked-on-mobile\"><figure class=\"wp-block-media-text__media\"><img loading=\"lazy\" decoding=\"async\" width=\"720\" height=\"405\" src=\"https:\/\/www.recycle-plant.com\/wp-content\/uploads\/2023\/03\/PET-bottle-washing-line.jpg\" alt=\"PP PE Waschlinie\" class=\"wp-image-6644 size-full\"\/><\/figure><div class=\"wp-block-media-text__content\"> <p>Dies ist eine 3D-Zeichnung, die f\u00fcr unseren Kunden in Nigeria entworfen wurde. Diese Recycling-Waschanlage ist mit einem zus\u00e4tzlichen Waschbeh\u00e4lter und einem zus\u00e4tzlichen vertikalen Entw\u00e4sserer ausgestattet. <\/p>    <p>Sunny hat zwei Sets von Reinigungsger\u00e4ten entworfen, um Abfall-PP-Folien zu waschen. Da das Rohmaterial schmutzig ist und die Produktion gro\u00df ist, kann ein zus\u00e4tzliches Set von Waschmaschinen die Sauberkeit des Rohmaterials und den endg\u00fcltigen Granulationseffekt gew\u00e4hrleisten.<\/p> <\/div><\/div>    <h2 class=\"wp-block-heading\">Einzigartige Merkmale der Shuliy-Kunststoff-Pelletierungsanlage<\/h2>    <ul class=\"wp-block-list\"> <li>Die lange Lebensdauer der <a href=\"https:\/\/www.recycle-plant.com\/de\/plastic-pelletizing-machine-4.html\">Kunststoffpelletiermaschine<\/a>. Unsere Maschinen zur Kunststoff-Pelletierung sind rostfrei und langlebig. Wir k\u00f6nnen eine lange Lebensdauer f\u00fcr die Kunststoff-Pelletierung garantieren.<\/li>    <li>Die niedrige Ausfallrate im Betrieb. Shuliy hat ein professionelles Maschinen-Design-Team. Der Prozess zur Herstellung der Maschinen ist pr\u00e4zise und die Ausfallrate ist sehr niedrig.<\/li>    <li>F\u00fchrender Vertrieb und Erfahrung. Shuliy ist einer der zuverl\u00e4ssigen Hersteller von Kunststoffpelletierern in China. Wir haben eine starke F\u00e4higkeit, unsere Maschinen in die ganze Welt zu exportieren. Bisher hat Shuliy Kunden aus Saudi-Arabien, \u00c4gypten, Ungarn, Uganda, Nigeria, Kenia, \u00c4thiopien, Deutschland und anderen L\u00e4ndern und wurde von unseren Kunden weithin anerkannt.<\/li>    <li>Die Kunststoffgranulatormaschine ist umweltfreundlich. Das Abwasser, Gas und der Schlamm der Kunststoffgranulierungs-Recyclinglinie werden alle sicher entsorgt. Zum Beispiel werden die D\u00e4mpfe aus dem Kunststoffgranulierungsprozess durch spezielle Filter gefiltert.<a href=\"https:\/\/www.recycle-plant.com\/de\/waste-gas-filter.html\"> Staubentfernungsausr\u00fcstung<\/a> vor der Entladung.<\/li> <\/ul>    <h2 class=\"wp-block-heading\">Lieferungen von Kunststoffgranulierungslinien<\/h2>    <figure class=\"wp-block-gallery has-nested-images columns-default is-cropped wp-block-gallery-2 is-layout-flex wp-block-gallery-is-layout-flex\"> <figure class=\"wp-block-image size-large\"><img loading=\"lazy\" decoding=\"async\" width=\"720\" height=\"540\" data-id=\"6364\" src=\"https:\/\/www.recycle-plant.com\/wp-content\/uploads\/2019\/11\/plastic-granulator-machne-for-sale1.jpg\" alt=\"\" class=\"wp-image-6364\" srcset=\"https:\/\/www.recycle-plant.com\/wp-content\/uploads\/2019\/11\/plastic-granulator-machne-for-sale1.jpg 720w, https:\/\/www.recycle-plant.com\/wp-content\/uploads\/2019\/11\/plastic-granulator-machne-for-sale1-300x225.jpg 300w\" sizes=\"auto, (max-width: 720px) 100vw, 720px\" \/><\/figure>    <figure class=\"wp-block-image size-large\"><img loading=\"lazy\" decoding=\"async\" width=\"720\" height=\"540\" data-id=\"6363\" src=\"https:\/\/www.recycle-plant.com\/wp-content\/uploads\/2019\/11\/plastic-granulator-machine-Saudi-Arabia1.jpg\" alt=\"\" class=\"wp-image-6363\" srcset=\"https:\/\/www.recycle-plant.com\/wp-content\/uploads\/2019\/11\/plastic-granulator-machine-Saudi-Arabia1.jpg 720w, https:\/\/www.recycle-plant.com\/wp-content\/uploads\/2019\/11\/plastic-granulator-machine-Saudi-Arabia1-300x225.jpg 300w\" sizes=\"auto, (max-width: 720px) 100vw, 720px\" \/><\/figure>    <figure class=\"wp-block-image size-large\"><img loading=\"lazy\" decoding=\"async\" width=\"720\" height=\"540\" data-id=\"6313\" src=\"https:\/\/www.recycle-plant.com\/wp-content\/uploads\/2022\/11\/plastic-recycling-machine-sent-to-Kenya_1.jpg\" alt=\"\" class=\"wp-image-6313\" srcset=\"https:\/\/www.recycle-plant.com\/wp-content\/uploads\/2022\/11\/plastic-recycling-machine-sent-to-Kenya_1.jpg 720w, https:\/\/www.recycle-plant.com\/wp-content\/uploads\/2022\/11\/plastic-recycling-machine-sent-to-Kenya_1-300x225.jpg 300w\" sizes=\"auto, (max-width: 720px) 100vw, 720px\" \/><\/figure>    <figure class=\"wp-block-image size-large\"><img loading=\"lazy\" decoding=\"async\" width=\"720\" height=\"540\" data-id=\"6314\" src=\"https:\/\/www.recycle-plant.com\/wp-content\/uploads\/2022\/11\/plastic-recycling-machine-shipped-to-Kenya_1.jpg\" alt=\"\" class=\"wp-image-6314\" srcset=\"https:\/\/www.recycle-plant.com\/wp-content\/uploads\/2022\/11\/plastic-recycling-machine-shipped-to-Kenya_1.jpg 720w, https:\/\/www.recycle-plant.com\/wp-content\/uploads\/2022\/11\/plastic-recycling-machine-shipped-to-Kenya_1-300x225.jpg 300w\" sizes=\"auto, (max-width: 720px) 100vw, 720px\" \/><\/figure>    <figure class=\"wp-block-image size-large\"><img loading=\"lazy\" decoding=\"async\" width=\"720\" height=\"540\" data-id=\"6300\" src=\"https:\/\/www.recycle-plant.com\/wp-content\/uploads\/2022\/11\/plastic-recycling-plants-in-Kenya_1.jpg\" alt=\"Kunststoffrecyclinganlagen in Kenia\" class=\"wp-image-6300\" srcset=\"https:\/\/www.recycle-plant.com\/wp-content\/uploads\/2022\/11\/plastic-recycling-plants-in-Kenya_1.jpg 720w, https:\/\/www.recycle-plant.com\/wp-content\/uploads\/2022\/11\/plastic-recycling-plants-in-Kenya_1-300x225.jpg 300w\" sizes=\"auto, (max-width: 720px) 100vw, 720px\" \/><\/figure>    <figure class=\"wp-block-image size-large\"><img loading=\"lazy\" decoding=\"async\" width=\"720\" height=\"540\" data-id=\"6285\" src=\"https:\/\/www.recycle-plant.com\/wp-content\/uploads\/2022\/11\/conveyor.jpg\" alt=\"\" class=\"wp-image-6285\" srcset=\"https:\/\/www.recycle-plant.com\/wp-content\/uploads\/2022\/11\/conveyor.jpg 720w, https:\/\/www.recycle-plant.com\/wp-content\/uploads\/2022\/11\/conveyor-300x225.jpg 300w\" sizes=\"auto, (max-width: 720px) 100vw, 720px\" \/><\/figure> <\/figure>    <p>Neben der PP PE Kunststoffpelletieranlage bietet Shuliy auch eine EPS EPE Kunststoffschaumpelletieranlage an. Wenn Kunden viele Kunststoffschaumstoffe haben, k\u00f6nnen wir eine ma\u00dfgeschneiderte Produktion f\u00fcr sie anbieten. Wenn Sie Fragen zu unserer Kunststoffgranuliermaschine haben, hinterlassen Sie jederzeit Ihre Nachricht.<\/p>","protected":false},"excerpt":{"rendered":"<p>Shuliy provides comprehensive plastic pelletizing solution for post-industrial recycling(in-house recycling) and post-consumer recycling. The pelletizing machine can process various material types, including PP, HDPE, LDPE, LLDPE, PVC, EPS, EPE, ABS, PS, etc. Plastic recycle materials Recycle material Application Material type PP PE film film rolls, film scraps, bags, t-shirt bag cut-offs, agriculture film PP PE [&hellip;]<\/p>\n","protected":false},"author":1,"featured_media":6651,"parent":0,"menu_order":0,"comment_status":"closed","ping_status":"closed","template":"","meta":{"_kad_blocks_custom_css":"","_kad_blocks_head_custom_js":"","_kad_blocks_body_custom_js":"","_kad_blocks_footer_custom_js":"","footnotes":""},"class_list":["post-6655","page","type-page","status-publish","has-post-thumbnail","hentry"],"taxonomy_info":[],"featured_image_src_large":["https:\/\/www.recycle-plant.com\/wp-content\/uploads\/2023\/03\/solution.jpg",720,540,false],"author_info":{"display_name":"Ella","author_link":"https:\/\/www.recycle-plant.com\/de\/author\/admin\/"},"comment_info":0,"_links":{"self":[{"href":"https:\/\/www.recycle-plant.com\/de\/wp-json\/wp\/v2\/pages\/6655","targetHints":{"allow":["GET"]}}],"collection":[{"href":"https:\/\/www.recycle-plant.com\/de\/wp-json\/wp\/v2\/pages"}],"about":[{"href":"https:\/\/www.recycle-plant.com\/de\/wp-json\/wp\/v2\/types\/page"}],"author":[{"embeddable":true,"href":"https:\/\/www.recycle-plant.com\/de\/wp-json\/wp\/v2\/users\/1"}],"replies":[{"embeddable":true,"href":"https:\/\/www.recycle-plant.com\/de\/wp-json\/wp\/v2\/comments?post=6655"}],"version-history":[{"count":0,"href":"https:\/\/www.recycle-plant.com\/de\/wp-json\/wp\/v2\/pages\/6655\/revisions"}],"wp:featuredmedia":[{"embeddable":true,"href":"https:\/\/www.recycle-plant.com\/de\/wp-json\/wp\/v2\/media\/6651"}],"wp:attachment":[{"href":"https:\/\/www.recycle-plant.com\/de\/wp-json\/wp\/v2\/media?parent=6655"}],"curies":[{"name":"wp","href":"https:\/\/api.w.org\/{rel}","templated":true}]}}