{"id":6693,"date":"2023-03-20T08:25:06","date_gmt":"2023-03-20T08:25:06","guid":{"rendered":"https:\/\/www.recycle-plant.com\/?page_id=6693"},"modified":"2023-03-20T09:30:57","modified_gmt":"2023-03-20T09:30:57","slug":"technical-support","status":"publish","type":"page","link":"https:\/\/www.recycle-plant.com\/de\/technical-support\/","title":{"rendered":"Technischer Support"},"content":{"rendered":"<p>Shuliy ist ein Hersteller von Maschinen zur Kunststoffrecycling mit starker technischer Unterst\u00fctzung, einschlie\u00dflich hochwertiger Fertigungsanlagen, hervorragenden technischen Entwicklern und professionellem Fertigungs- und Verkaufspersonal. Daher sind wir in der Lage, globalen Kunden hochwertige Maschinen zum Kunststoffrecycling anzubieten und L\u00f6sungen f\u00fcr das Kunststoffrecycling bereitzustellen. Wir k\u00f6nnen professionelle technische Unterst\u00fctzung sowie exzellenten Vor- und Nachverkaufsservice bieten.<\/p>    <h2 class=\"wp-block-heading\">Online-Kommunikation zur Probleml\u00f6sung<\/h2>    <p>Nachdem die Bed\u00fcrfnisse des Kunden verstanden wurden, werden die professionellen Projektmanager von Shuliy die am besten geeignete Maschine entsprechend der Nachfrage des Kunden empfehlen. Wenn das Rohmaterial des Kunden speziell ist oder Anforderungen an die Maschinenfunktionen hat, werden wir professionelle technische Mitarbeiter beauftragen, um ihr Bestes zu geben, um die speziellen, ma\u00dfgeschneiderten Bed\u00fcrfnisse des Kunden zu erf\u00fcllen.<\/p>    <p>Nachdem der Kunde die Kunststoffgranulationsmaschine und andere Ger\u00e4te erhalten hat, steht Shuliy ein professionelles After-Sales-Technikteam zur Verf\u00fcgung, um die Probleme bei der Installation und Inbetriebnahme der Maschine zu l\u00f6sen. Wenn das Problem h\u00e4ufig und leicht zu beheben ist, werden wir den Kunden durch ein Online-Video anleiten, die Maschine richtig zu benutzen. Im Allgemeinen handelt es sich dabei um Probleme, die mit kleinen Maschinen zusammenh\u00e4ngen, wie z.B. der Installation von Kunststoffschreddern, Entw\u00e4sserungsmaschinen usw.<\/p>    <figure class=\"wp-block-image aligncenter size-large\"><img loading=\"lazy\" decoding=\"async\" width=\"720\" height=\"540\" src=\"https:\/\/www.recycle-plant.com\/wp-content\/uploads\/2023\/03\/design-drawing.jpg\" alt=\"Entwurfszeichnung\" class=\"wp-image-6701\" srcset=\"https:\/\/www.recycle-plant.com\/wp-content\/uploads\/2023\/03\/design-drawing.jpg 720w, https:\/\/www.recycle-plant.com\/wp-content\/uploads\/2023\/03\/design-drawing-300x225.jpg 300w\" sizes=\"auto, (max-width: 720px) 100vw, 720px\" \/><figcaption class=\"wp-element-caption\">Entwurf einer Zeichnung f\u00fcr eine Kunststoffpelletieranlage f\u00fcr Kunden <\/figcaption><\/figure>    <h2 class=\"wp-block-heading\">Installation und Inbetriebnahme an Bord<\/h2>    <p class=\"translation-block\">Bei groederalen Problemen mit der<a href=\"https:\/\/www.recycle-plant.com\/de\/plastic-film-recycling-production-line\/\"> Kunststoff-Granulierungsanlage<\/a>, wie z. B. der Prederalung der Kunststoffgranuliermaschine, der Schulung der Anlagenarbeiter und der Koordination der verschiedenen Schritte der Zufederalung, Zerkleinerung und Granulierung usw. federal die Kunden, wird die Shuliy Group einen technischen Bediener beauftragen, der ein technisches Team zu der Kunststoffrecyclinganlage des Kunden federalhrt, um den Kunden bei der Installation der gesamten Kunststoffgranulierungsanlage zu unterstederalzen.<\/p>    <p>Die folgenden Bilder zeigen unseren technischen Operator Paul, der zur Fabrik unseres Kunden in Saudi-Arabien f\u00e4hrt. Der Kunde hat eine komplette Kunststoffgranulierlinie gekauft, deren Leistung 1 Tonne pro Stunde betr\u00e4gt, was eine betr\u00e4chtliche Kapazit\u00e4t f\u00fcr eine Kunststoffpelletisierungsfabrik ist. Der Kunde in Saudi-Arabien kann keine Kunststoffpellets extrudieren, er bat die Shuliy-Gruppe um Hilfe. Nachdem Paul in seiner Fabrik angekommen war und die Kunststoffgranuliermaschine \u00fcberpr\u00fcft hatte, wusste er, dass das Problem die falsche Kabelverbindung und der falsche Wert der Startereinstellung waren. <\/p>    <p>Das Shuliy-Technologieteam war etwa einen Monat in Saudi-Arabien und half unseren Kunden, die Kunststoffgranuliermaschine erfolgreich zu installieren und hochwertige, gut aussehende Kunststoffgranulate herzustellen, die auf dem Markt einen hohen Wert und Gewinn haben. <\/p>    <figure class=\"wp-block-gallery has-nested-images columns-default is-cropped wp-block-gallery-2 is-layout-flex wp-block-gallery-is-layout-flex\"> <figure class=\"wp-block-image size-large\"><img loading=\"lazy\" decoding=\"async\" width=\"720\" height=\"540\" data-id=\"6508\" src=\"https:\/\/www.recycle-plant.com\/wp-content\/uploads\/2023\/01\/plastic-pellet-cutter-and-storage-bin1.jpg\" alt=\"\" class=\"wp-image-6508\" srcset=\"https:\/\/www.recycle-plant.com\/wp-content\/uploads\/2023\/01\/plastic-pellet-cutter-and-storage-bin1.jpg 720w, https:\/\/www.recycle-plant.com\/wp-content\/uploads\/2023\/01\/plastic-pellet-cutter-and-storage-bin1-300x225.jpg 300w\" sizes=\"auto, (max-width: 720px) 100vw, 720px\" \/><figcaption class=\"wp-element-caption\">Recycling-Granulierfabrik in Saudi-Arabien<\/figcaption><\/figure>    <figure class=\"wp-block-image size-large\"><img loading=\"lazy\" decoding=\"async\" width=\"720\" height=\"540\" data-id=\"6510\" src=\"https:\/\/www.recycle-plant.com\/wp-content\/uploads\/2023\/01\/plastic-pelletizing-plant-21.jpg\" alt=\"\" class=\"wp-image-6510\" srcset=\"https:\/\/www.recycle-plant.com\/wp-content\/uploads\/2023\/01\/plastic-pelletizing-plant-21.jpg 720w, https:\/\/www.recycle-plant.com\/wp-content\/uploads\/2023\/01\/plastic-pelletizing-plant-21-300x225.jpg 300w\" sizes=\"auto, (max-width: 720px) 100vw, 720px\" \/><figcaption class=\"wp-element-caption\">gro\u00dfe Zusammenarbeit! <\/figcaption><\/figure> <\/figure>    <figure class=\"wp-block-gallery has-nested-images columns-default is-cropped wp-block-gallery-3 is-layout-flex wp-block-gallery-is-layout-flex\"> <figure class=\"wp-block-image size-large\"><img loading=\"lazy\" decoding=\"async\" width=\"720\" height=\"540\" data-id=\"6511\" src=\"https:\/\/www.recycle-plant.com\/wp-content\/uploads\/2023\/01\/Plastic-recycling-factory-Suadi-Arabia1.jpg\" alt=\"Kunststoffpelletisierungsanlage\" class=\"wp-image-6511\" srcset=\"https:\/\/www.recycle-plant.com\/wp-content\/uploads\/2023\/01\/Plastic-recycling-factory-Suadi-Arabia1.jpg 720w, https:\/\/www.recycle-plant.com\/wp-content\/uploads\/2023\/01\/Plastic-recycling-factory-Suadi-Arabia1-300x225.jpg 300w\" sizes=\"auto, (max-width: 720px) 100vw, 720px\" \/><figcaption class=\"wp-element-caption\">p<br><br>Kunststoffpelletierungsanlage<\/figcaption><\/figure>    <figure class=\"wp-block-image size-large\"><img loading=\"lazy\" decoding=\"async\" width=\"720\" height=\"540\" data-id=\"6506\" src=\"https:\/\/www.recycle-plant.com\/wp-content\/uploads\/2023\/01\/plastic-pelletizing-plant1.jpg\" alt=\"\" class=\"wp-image-6506\" srcset=\"https:\/\/www.recycle-plant.com\/wp-content\/uploads\/2023\/01\/plastic-pelletizing-plant1.jpg 720w, https:\/\/www.recycle-plant.com\/wp-content\/uploads\/2023\/01\/plastic-pelletizing-plant1-300x225.jpg 300w\" sizes=\"auto, (max-width: 720px) 100vw, 720px\" \/><figcaption class=\"wp-element-caption\">Erfolgreiche Installation einer Kunststoffgranuliermaschine<\/figcaption><\/figure> <\/figure>","protected":false},"excerpt":{"rendered":"<p>Shuliy is a plastic recycling machine manufacturer with strong technical support including quality manufacturing equipment, excellent technical developers, and professional manufacturing and sales staff. Therefore, we are able to help q global customers to provide high-quality plastic recycling machines and offering plastic recycling solutions. We can provide professional technical support and excellent should pre and [&hellip;]<\/p>\n","protected":false},"author":1,"featured_media":0,"parent":0,"menu_order":0,"comment_status":"closed","ping_status":"closed","template":"","meta":{"_kad_blocks_custom_css":"","_kad_blocks_head_custom_js":"","_kad_blocks_body_custom_js":"","_kad_blocks_footer_custom_js":"","footnotes":""},"class_list":["post-6693","page","type-page","status-publish","hentry"],"taxonomy_info":[],"featured_image_src_large":false,"author_info":{"display_name":"Ella","author_link":"https:\/\/www.recycle-plant.com\/de\/author\/admin\/"},"comment_info":0,"_links":{"self":[{"href":"https:\/\/www.recycle-plant.com\/de\/wp-json\/wp\/v2\/pages\/6693","targetHints":{"allow":["GET"]}}],"collection":[{"href":"https:\/\/www.recycle-plant.com\/de\/wp-json\/wp\/v2\/pages"}],"about":[{"href":"https:\/\/www.recycle-plant.com\/de\/wp-json\/wp\/v2\/types\/page"}],"author":[{"embeddable":true,"href":"https:\/\/www.recycle-plant.com\/de\/wp-json\/wp\/v2\/users\/1"}],"replies":[{"embeddable":true,"href":"https:\/\/www.recycle-plant.com\/de\/wp-json\/wp\/v2\/comments?post=6693"}],"version-history":[{"count":0,"href":"https:\/\/www.recycle-plant.com\/de\/wp-json\/wp\/v2\/pages\/6693\/revisions"}],"wp:attachment":[{"href":"https:\/\/www.recycle-plant.com\/de\/wp-json\/wp\/v2\/media?parent=6693"}],"curies":[{"name":"wp","href":"https:\/\/api.w.org\/{rel}","templated":true}]}}