{"id":6718,"date":"2023-03-21T15:26:28","date_gmt":"2023-03-21T07:26:28","guid":{"rendered":"https:\/\/www.recycle-plant.com\/?page_id=6718"},"modified":"2023-03-21T15:26:31","modified_gmt":"2023-03-21T07:26:31","slug":"waste-tire-recycling-project","status":"publish","type":"page","link":"https:\/\/www.recycle-plant.com\/de\/waste-tire-recycling-project\/","title":{"rendered":"Recyclingprojekt f\u00fcr Altreifen"},"content":{"rendered":"<p>Shuliy hat das System zur Recycling und Entsorgung von Altreifen entworfen, einschlie\u00dflich Reifenzerkleinerung, Stahlseparierung, Eisenentfernung, Fasertrennung und anderer Entsorgungsger\u00e4te. Es k\u00f6nnen auch weitere Verarbeitungseinrichtungen wie Pelletierer, M\u00fchlen usw. hinzugef\u00fcgt werden, um schlie\u00dflich hochwertige Gummigranulate oder Gummipulver zu erhalten.<\/p>    <h2 class=\"wp-block-heading\">Reifenabfall-Granulierungslinie<\/h2>    <p>Altreifen werden weltweit st\u00e4ndig produziert. Sie stammen von Haushaltsautos und verschiedenen Arbeitsfahrzeugen. Die Zusammensetzung von Altreifen umfasst Gummi, Stahl, Ru\u00df und eine Vielzahl von Chemikalien, weshalb die Abfallreifen auch als \"schwarzes Gold\" bekannt sind. Das Recycling von Altreifen ist ein ausgereiftes und profitables Gesch\u00e4ft. Die Verwendung von Altreifen zur Herstellung von reifenbasiertem Brennstoff (TDF), Gummigranulat, Gummipulver und der Raffination von Crack\u00f6l sind einige repr\u00e4sentative Recyclinganwendungen.<\/p>    <p>Die Shuliy-Gruppe hat spezialisierte L\u00f6sungen zur Verarbeitung von Altreifen entwickelt, um alle Arten von Altreifen zu behandeln, einschlie\u00dflich Autoreifen, Lkw-Reifen, Diagonalreifen, Radialreifen, Luftreifen, Vollreifen usw. Die Altreifen-Recyclingmaschine zerkleinert sie, trennt die Stahldr\u00e4hte, entfernt dann das Eisen und trennt die Fasern. Die Altreifen-Recyclingger\u00e4te k\u00f6nnen den Nutzern helfen, reineres Gummipulver, Gummigranulate, Stahldr\u00e4hte usw. zu erhalten, was profitabler ist, als Altreifen direkt zu verkaufen.<\/p>    <figure class=\"wp-block-gallery aligncenter has-nested-images columns-default is-cropped wp-block-gallery-2 is-layout-flex wp-block-gallery-is-layout-flex\"> <figure class=\"wp-block-image size-full\"><img loading=\"lazy\" decoding=\"async\" width=\"720\" height=\"540\" data-id=\"6467\" src=\"https:\/\/www.recycle-plant.com\/wp-content\/uploads\/2023\/01\/automatic-rubber-powder-production-line1.jpg\" alt=\"automatische Gummipulver-Produktionslinie\" class=\"wp-image-6467\" srcset=\"https:\/\/www.recycle-plant.com\/wp-content\/uploads\/2023\/01\/automatic-rubber-powder-production-line1.jpg 720w, https:\/\/www.recycle-plant.com\/wp-content\/uploads\/2023\/01\/automatic-rubber-powder-production-line1-300x225.jpg 300w\" sizes=\"auto, (max-width: 720px) 100vw, 720px\" \/><figcaption class=\"wp-element-caption\">automatische Gummipulver-Produktionslinie<\/figcaption><\/figure>    <figure class=\"wp-block-image size-full\"><img loading=\"lazy\" decoding=\"async\" width=\"720\" height=\"540\" data-id=\"4489\" src=\"https:\/\/www.recycle-plant.com\/wp-content\/uploads\/2021\/05\/Rubber-powder-production-line.jpg\" alt=\"Gummipulver-Produktionslinie\" class=\"wp-image-4489\" srcset=\"https:\/\/www.recycle-plant.com\/wp-content\/uploads\/2021\/05\/Rubber-powder-production-line.jpg 720w, https:\/\/www.recycle-plant.com\/wp-content\/uploads\/2021\/05\/Rubber-powder-production-line-300x225.jpg 300w\" sizes=\"auto, (max-width: 720px) 100vw, 720px\" \/><figcaption class=\"wp-element-caption\">halbautomatische Gummipulver-Produktionslinie<\/figcaption><\/figure> <\/figure>    <h2 class=\"wp-block-heading\">Produkte, die Sie aus der Reifenrecyclinglinie erhalten k\u00f6nnen<\/h2>    <figure class=\"wp-block-image aligncenter size-full\"><img loading=\"lazy\" decoding=\"async\" width=\"720\" height=\"540\" src=\"https:\/\/www.recycle-plant.com\/wp-content\/uploads\/2023\/03\/waste-tire-recycling-project.jpg\" alt=\"Reifenabfall-Recyclingprojekt\" class=\"wp-image-6721\" srcset=\"https:\/\/www.recycle-plant.com\/wp-content\/uploads\/2023\/03\/waste-tire-recycling-project.jpg 720w, https:\/\/www.recycle-plant.com\/wp-content\/uploads\/2023\/03\/waste-tire-recycling-project-300x225.jpg 300w\" sizes=\"auto, (max-width: 720px) 100vw, 720px\" \/><figcaption class=\"wp-element-caption\">Reifenabfall-Recyclingprojekt<\/figcaption><\/figure>    <h2 class=\"wp-block-heading\">Vorteile des Shuliy Reifenabfall-Recyclingprojekts<\/h2>    <ul class=\"wp-block-list\"> <li>Die Reifenrecyclinglinie verwendet eine hochwertige Maschine, einschlie\u00dflich einer Abfallreifenschreddermaschine, einem vibrierenden Sieb und einem Drahttrennger\u00e4t mit h\u00f6herer Verarbeitungseffizienz. Die Shuliy-Gruppe bietet automatische und halbautomatische Reifenrecyclinganlagen f\u00fcr kleine Reifenrecyclinganlagen an.<\/li>    <li>Je nach den Anforderungen an die Entladepartikelgr\u00f6\u00dfe k\u00f6nnen der Stahldrahtseparator, der Gummibrecher, der Granulator, der Faserseparator, die M\u00fchle und andere Ger\u00e4te kombiniert werden, die Konfiguration der Produktionslinie ist flexibel.<\/li>    <li>Der automatische Betrieb der vollautomatischen Gummipulverproduktionslinie kann Arbeitskraft und Zeit sparen und die Arbeitsstabilit\u00e4t des Systems verbessern.<\/li> <\/ul>","protected":false},"excerpt":{"rendered":"<p>Shuliy designed the waste tire recycling and disposal system, including tire shredding, steel wire separation, iron removal, fiber separation and other disposal equipment, and can also add further processing equipment such as pelletizers, grinders, etc., and finally can obtain high-quality rubber granules or rubber powder. Waste tire granulating line Scrap tires are produced every moment [&hellip;]<\/p>\n","protected":false},"author":1,"featured_media":0,"parent":0,"menu_order":0,"comment_status":"closed","ping_status":"closed","template":"","meta":{"_kad_blocks_custom_css":"","_kad_blocks_head_custom_js":"","_kad_blocks_body_custom_js":"","_kad_blocks_footer_custom_js":"","footnotes":""},"class_list":["post-6718","page","type-page","status-publish","hentry"],"taxonomy_info":[],"featured_image_src_large":false,"author_info":{"display_name":"Ella","author_link":"https:\/\/www.recycle-plant.com\/de\/author\/admin\/"},"comment_info":0,"_links":{"self":[{"href":"https:\/\/www.recycle-plant.com\/de\/wp-json\/wp\/v2\/pages\/6718","targetHints":{"allow":["GET"]}}],"collection":[{"href":"https:\/\/www.recycle-plant.com\/de\/wp-json\/wp\/v2\/pages"}],"about":[{"href":"https:\/\/www.recycle-plant.com\/de\/wp-json\/wp\/v2\/types\/page"}],"author":[{"embeddable":true,"href":"https:\/\/www.recycle-plant.com\/de\/wp-json\/wp\/v2\/users\/1"}],"replies":[{"embeddable":true,"href":"https:\/\/www.recycle-plant.com\/de\/wp-json\/wp\/v2\/comments?post=6718"}],"version-history":[{"count":0,"href":"https:\/\/www.recycle-plant.com\/de\/wp-json\/wp\/v2\/pages\/6718\/revisions"}],"wp:attachment":[{"href":"https:\/\/www.recycle-plant.com\/de\/wp-json\/wp\/v2\/media?parent=6718"}],"curies":[{"name":"wp","href":"https:\/\/api.w.org\/{rel}","templated":true}]}}