{"id":6612,"date":"2023-03-08T09:48:08","date_gmt":"2023-03-08T09:48:08","guid":{"rendered":"https:\/\/www.recycle-plant.com\/?page_id=6612"},"modified":"2023-03-09T08:32:59","modified_gmt":"2023-03-09T08:32:59","slug":"shuliy-groups-global-customers","status":"publish","type":"page","link":"https:\/\/www.recycle-plant.com\/es\/shuliy-groups-global-customers\/","title":{"rendered":"Clientes globales del Grupo Shuliy"},"content":{"rendered":"<p>La m\u00e1quina de granulaci\u00f3n de pl\u00e1stico Shuliy, la m\u00e1quina de reciclaje de botellas de PET y la m\u00e1quina de reciclaje de neum\u00e1ticos usados se han exportado e instalado en m\u00e1s de 50 pa\u00edses, incluyendo:<\/p>    <p>Asia: Arabia Saudita, Jap\u00f3n, Sri Lanka, Kazajist\u00e1n, Malasia,<\/p>    <p>\u00c1frica: Senegal, Ghana, Nigeria, Uganda, Kenia, Tanzania, Mozambique, Etiop\u00eda, Congo<\/p>    <p>Europa: Kosovo, Reino Unido, Alemania, Hungr\u00eda, Ruman\u00eda, <\/p>    <p>Am\u00e9rica del Norte: Am\u00e9rica, Jamaica<\/p>    <h2 class=\"wp-block-heading\">Sitio de entrega<\/h2>    <p>Antes del env\u00edo de la m\u00e1quina, nuestros ingenieros revisar\u00e1n cuidadosamente las m\u00e1quinas y la cantidad de accesorios. Enviaremos el diagrama y el video del env\u00edo de la m\u00e1quina al cliente a tiempo, para que el cliente pueda conocer la situaci\u00f3n del transporte de la m\u00e1quina en cualquier momento.<\/p>    <figure class=\"wp-block-gallery has-nested-images columns-default is-cropped wp-block-gallery-2 is-layout-flex wp-block-gallery-is-layout-flex\"> <figure class=\"wp-block-image size-large\"><img loading=\"lazy\" decoding=\"async\" width=\"540\" height=\"720\" data-id=\"6490\" src=\"https:\/\/www.recycle-plant.com\/wp-content\/uploads\/2023\/01\/Plastic-granulator-shipped-to-Mozambique1.jpg\" alt=\"Granulador de pl\u00e1stico enviado a Mozambique\" class=\"wp-image-6490\" srcset=\"https:\/\/www.recycle-plant.com\/wp-content\/uploads\/2023\/01\/Plastic-granulator-shipped-to-Mozambique1.jpg 540w, https:\/\/www.recycle-plant.com\/wp-content\/uploads\/2023\/01\/Plastic-granulator-shipped-to-Mozambique1-225x300.jpg 225w\" sizes=\"auto, (max-width: 540px) 100vw, 540px\" \/><figcaption class=\"wp-element-caption\">granulador de pl\u00e1stico enviado a Mozambique<\/figcaption><\/figure>    <figure class=\"wp-block-image size-large\"><img loading=\"lazy\" decoding=\"async\" width=\"540\" height=\"720\" data-id=\"6440\" src=\"https:\/\/www.recycle-plant.com\/wp-content\/uploads\/2019\/11\/PET-bottle-washing-machines1.jpg\" alt=\"\" class=\"wp-image-6440\" srcset=\"https:\/\/www.recycle-plant.com\/wp-content\/uploads\/2019\/11\/PET-bottle-washing-machines1.jpg 540w, https:\/\/www.recycle-plant.com\/wp-content\/uploads\/2019\/11\/PET-bottle-washing-machines1-225x300.jpg 225w\" sizes=\"auto, (max-width: 540px) 100vw, 540px\" \/><figcaption class=\"wp-element-caption\">l\u00ednea de reciclaje de botellas de PET enviada a Mozambique<\/figcaption><\/figure>    <figure class=\"wp-block-image size-large\"><img loading=\"lazy\" decoding=\"async\" width=\"540\" height=\"720\" data-id=\"6288\" src=\"https:\/\/www.recycle-plant.com\/wp-content\/uploads\/2022\/11\/shipment.jpg\" alt=\"env\u00edo de prensa de pl\u00e1stico\" class=\"wp-image-6288\" srcset=\"https:\/\/www.recycle-plant.com\/wp-content\/uploads\/2022\/11\/shipment.jpg 540w, https:\/\/www.recycle-plant.com\/wp-content\/uploads\/2022\/11\/shipment-225x300.jpg 225w\" sizes=\"auto, (max-width: 540px) 100vw, 540px\" \/><figcaption class=\"wp-element-caption\">env\u00edo de prensa de pl\u00e1stico a Ghana<\/figcaption><\/figure>    <figure class=\"wp-block-image size-large\"><img loading=\"lazy\" decoding=\"async\" width=\"540\" height=\"720\" data-id=\"6282\" src=\"https:\/\/www.recycle-plant.com\/wp-content\/uploads\/2022\/11\/plastic-pelletizers.jpg\" alt=\"pelletizadoras de pl\u00e1stico\" class=\"wp-image-6282\" srcset=\"https:\/\/www.recycle-plant.com\/wp-content\/uploads\/2022\/11\/plastic-pelletizers.jpg 540w, https:\/\/www.recycle-plant.com\/wp-content\/uploads\/2022\/11\/plastic-pelletizers-225x300.jpg 225w\" sizes=\"auto, (max-width: 540px) 100vw, 540px\" \/><figcaption class=\"wp-element-caption\">pelletizadoras de pl\u00e1stico enviadas a Etiop\u00eda<\/figcaption><\/figure>    <figure class=\"wp-block-image size-large\"><img loading=\"lazy\" decoding=\"async\" width=\"540\" height=\"720\" data-id=\"6173\" src=\"https:\/\/www.recycle-plant.com\/wp-content\/uploads\/2022\/10\/loading-and-delivery1.jpg\" alt=\"carga y entrega\" class=\"wp-image-6173\" srcset=\"https:\/\/www.recycle-plant.com\/wp-content\/uploads\/2022\/10\/loading-and-delivery1.jpg 540w, https:\/\/www.recycle-plant.com\/wp-content\/uploads\/2022\/10\/loading-and-delivery1-225x300.jpg 225w\" sizes=\"auto, (max-width: 540px) 100vw, 540px\" \/><figcaption class=\"wp-element-caption\">carga y entrega<\/figcaption><\/figure>    <figure class=\"wp-block-image size-large\"><img loading=\"lazy\" decoding=\"async\" width=\"540\" height=\"720\" data-id=\"6172\" src=\"https:\/\/www.recycle-plant.com\/wp-content\/uploads\/2022\/10\/loading1.jpg\" alt=\"\" class=\"wp-image-6172\" srcset=\"https:\/\/www.recycle-plant.com\/wp-content\/uploads\/2022\/10\/loading1.jpg 540w, https:\/\/www.recycle-plant.com\/wp-content\/uploads\/2022\/10\/loading1-225x300.jpg 225w\" sizes=\"auto, (max-width: 540px) 100vw, 540px\" \/><figcaption class=\"wp-element-caption\">l\u00ednea de granulaci\u00f3n de pl\u00e1stico enviada a Arabia Saudita<\/figcaption><\/figure> <\/figure>    <h2 class=\"wp-block-heading\">Instalaci\u00f3n en el sitio del cliente<\/h2>    <p>Shuliy proporciona servicios de instalaci\u00f3n, capacitaci\u00f3n en puesta en marcha y seguimiento. La siguiente imagen fue tomada por nuestros clientes de Arabia Saudita en su f\u00e1brica local de reciclaje de pl\u00e1stico. El cliente compr\u00f3 una l\u00ednea completa de peletizaci\u00f3n de pl\u00e1stico a Shuliy, para ayudarle a instalar la l\u00ednea de peletizaci\u00f3n, Shuliy organiz\u00f3 que nuestro equipo de ingenier\u00eda fuera a Arabia Saudita. <\/p>    <figure class=\"wp-block-image size-full\"><img loading=\"lazy\" decoding=\"async\" width=\"720\" height=\"540\" src=\"https:\/\/www.recycle-plant.com\/wp-content\/uploads\/2023\/01\/plastic-pelletizing-plant1.jpg\" alt=\"\" class=\"wp-image-6506\" srcset=\"https:\/\/www.recycle-plant.com\/wp-content\/uploads\/2023\/01\/plastic-pelletizing-plant1.jpg 720w, https:\/\/www.recycle-plant.com\/wp-content\/uploads\/2023\/01\/plastic-pelletizing-plant1-300x225.jpg 300w\" sizes=\"auto, (max-width: 720px) 100vw, 720px\" \/><\/figure>    <h2 class=\"wp-block-heading\">Comentarios de nuestros clientes globales<\/h2>    <h3 class=\"wp-block-heading\">Video de comentarios del cliente de Kenia<\/h3>    <figure class=\"wp-block-embed is-type-video is-provider-youtube wp-block-embed-youtube wp-embed-aspect-16-9 wp-has-aspect-ratio\"><div class=\"wp-block-embed__wrapper\"> <iframe loading=\"lazy\" title=\"Comentarios sobre la m\u00e1quina pelletizadora de pl\u00e1stico en Kenia | M\u00e1quina de pelletizado de pl\u00e1stico\" width=\"500\" height=\"281\" src=\"https:\/\/www.youtube.com\/embed\/xBZN9RXEWh0?feature=oembed\" frameborder=\"0\" allow=\"accelerometer; autoplay; clipboard-write; encrypted-media; gyroscope; picture-in-picture; web-share\" referrerpolicy=\"strict-origin-when-cross-origin\" allowfullscreen><\/iframe> <\/div><\/figure>    <h3 class=\"wp-block-heading\">Cooperaci\u00f3n exitosa con clientes en Mozambique y Malasia<\/h3>    <figure class=\"wp-block-gallery has-nested-images columns-default is-cropped wp-block-gallery-3 is-layout-flex wp-block-gallery-is-layout-flex\"> <figure class=\"wp-block-image size-large\"><img loading=\"lazy\" decoding=\"async\" width=\"720\" height=\"540\" data-id=\"6433\" src=\"https:\/\/www.recycle-plant.com\/wp-content\/uploads\/2019\/11\/cooperition-with-customer1.jpg\" alt=\"\" class=\"wp-image-6433\" srcset=\"https:\/\/www.recycle-plant.com\/wp-content\/uploads\/2019\/11\/cooperition-with-customer1.jpg 720w, https:\/\/www.recycle-plant.com\/wp-content\/uploads\/2019\/11\/cooperition-with-customer1-300x225.jpg 300w\" sizes=\"auto, (max-width: 720px) 100vw, 720px\" \/><\/figure>    <figure class=\"wp-block-image size-large\"><img loading=\"lazy\" decoding=\"async\" width=\"720\" height=\"540\" data-id=\"6378\" src=\"https:\/\/www.recycle-plant.com\/wp-content\/uploads\/2022\/12\/chat-records1.jpg\" alt=\"\" class=\"wp-image-6378\" srcset=\"https:\/\/www.recycle-plant.com\/wp-content\/uploads\/2022\/12\/chat-records1.jpg 720w, https:\/\/www.recycle-plant.com\/wp-content\/uploads\/2022\/12\/chat-records1-300x225.jpg 300w\" sizes=\"auto, (max-width: 720px) 100vw, 720px\" \/><\/figure> <\/figure>","protected":false},"excerpt":{"rendered":"<p>Shuliy plastic granulating machine, PET bottle recycling machine, and waste tire recycling machine have been exported and installed in more than 50 countries including: Asia: Saudi Arabia, Japan, Sri Lanka, Kazakhstan\uff0c Malaysia\uff0c Africa: Senegal, Ghana, Nigeria, Uganda, Kenya, Tanzania, Mozambique, Ethiopia, Congo Europe: Kosovo, United Kingdom, Germany, Hungary, Romania, North America: America, Jamaica Delivery site [&hellip;]<\/p>\n","protected":false},"author":1,"featured_media":0,"parent":0,"menu_order":0,"comment_status":"closed","ping_status":"closed","template":"","meta":{"_kad_blocks_custom_css":"","_kad_blocks_head_custom_js":"","_kad_blocks_body_custom_js":"","_kad_blocks_footer_custom_js":"","footnotes":""},"class_list":["post-6612","page","type-page","status-publish","hentry"],"taxonomy_info":[],"featured_image_src_large":false,"author_info":{"display_name":"Ella","author_link":"https:\/\/www.recycle-plant.com\/es\/author\/admin\/"},"comment_info":0,"_links":{"self":[{"href":"https:\/\/www.recycle-plant.com\/es\/wp-json\/wp\/v2\/pages\/6612","targetHints":{"allow":["GET"]}}],"collection":[{"href":"https:\/\/www.recycle-plant.com\/es\/wp-json\/wp\/v2\/pages"}],"about":[{"href":"https:\/\/www.recycle-plant.com\/es\/wp-json\/wp\/v2\/types\/page"}],"author":[{"embeddable":true,"href":"https:\/\/www.recycle-plant.com\/es\/wp-json\/wp\/v2\/users\/1"}],"replies":[{"embeddable":true,"href":"https:\/\/www.recycle-plant.com\/es\/wp-json\/wp\/v2\/comments?post=6612"}],"version-history":[{"count":0,"href":"https:\/\/www.recycle-plant.com\/es\/wp-json\/wp\/v2\/pages\/6612\/revisions"}],"wp:attachment":[{"href":"https:\/\/www.recycle-plant.com\/es\/wp-json\/wp\/v2\/media?parent=6612"}],"curies":[{"name":"wp","href":"https:\/\/api.w.org\/{rel}","templated":true}]}}