{"id":6633,"date":"2023-03-09T09:51:23","date_gmt":"2023-03-09T09:51:23","guid":{"rendered":"https:\/\/www.recycle-plant.com\/?page_id=6633"},"modified":"2023-03-09T09:51:24","modified_gmt":"2023-03-09T09:51:24","slug":"shuliy-factory-overview","status":"publish","type":"page","link":"https:\/\/www.recycle-plant.com\/es\/shuliy-factory-overview\/","title":{"rendered":"Descripci\u00f3n general de la f\u00e1brica Shuliy"},"content":{"rendered":"<p>El video muestra la l\u00ednea de pelletizado de pl\u00e1stico para bolsas de PP y PE, as\u00ed como la l\u00ednea de trituraci\u00f3n y lavado de botellas de PET. Las m\u00e1quinas pueden ser elegidas por los clientes seg\u00fan sus demandas. Proporcionamos m\u00e1quinas de alta calidad, as\u00ed como soluciones integrales de reciclaje de pl\u00e1stico, como instalaci\u00f3n en el sitio y servicio postventa.<\/p>    <figure class=\"wp-block-embed is-type-video is-provider-youtube wp-block-embed-youtube wp-embed-aspect-16-9 wp-has-aspect-ratio\"><div class=\"wp-block-embed__wrapper\"> <iframe loading=\"lazy\" title=\"\u00bfC\u00f3mo es nuestra f\u00e1brica de reciclaje de pl\u00e1stico? | Tour por la f\u00e1brica de m\u00e1quinas de reciclaje de pl\u00e1stico\" width=\"500\" height=\"281\" src=\"https:\/\/www.youtube.com\/embed\/U9f70oCR5A8?feature=oembed\" frameborder=\"0\" allow=\"accelerometer; autoplay; clipboard-write; encrypted-media; gyroscope; picture-in-picture; web-share\" referrerpolicy=\"strict-origin-when-cross-origin\" allowfullscreen><\/iframe> <\/div><\/figure>    <p>El video muestra la f\u00e1brica de fabricaci\u00f3n de m\u00e1quinas de granulaci\u00f3n de pl\u00e1stico Shuliy. En el video, nuestro gerente de proyecto, Sunny, present\u00f3 las principales m\u00e1quinas de reciclaje en la l\u00ednea de granulaci\u00f3n de pl\u00e1stico, incluyendo una trituradora de pl\u00e1stico, una m\u00e1quina de granulaci\u00f3n de pl\u00e1stico, un tanque de enjuague, una m\u00e1quina de secado y una m\u00e1quina de granulaci\u00f3n de pl\u00e1stico.<\/p>    <figure class=\"wp-block-embed is-type-video is-provider-youtube wp-block-embed-youtube wp-embed-aspect-16-9 wp-has-aspect-ratio\"><div class=\"wp-block-embed__wrapper\"> <iframe loading=\"lazy\" title=\"M\u00e1quina de peletizaci\u00f3n de pl\u00e1stico m\u00e1s vendida | Introducci\u00f3n del granulador de pl\u00e1stico en nuestra f\u00e1brica\" width=\"500\" height=\"281\" src=\"https:\/\/www.youtube.com\/embed\/eXMA0o5JnE0?feature=oembed\" frameborder=\"0\" allow=\"accelerometer; autoplay; clipboard-write; encrypted-media; gyroscope; picture-in-picture; web-share\" referrerpolicy=\"strict-origin-when-cross-origin\" allowfullscreen><\/iframe> <\/div><\/figure>","protected":false},"excerpt":{"rendered":"<p>The video shows the plastic pelletizing line for PP PE bags and the PET bottle crushing and washing line. The machines can be chosen by customers according to their demands. We provide high-quality machines as well as one-stop plastic recycling solutions such as on-site installation and after-sales service. The video shows shuliy plastic granulating machine [&hellip;]<\/p>\n","protected":false},"author":1,"featured_media":0,"parent":0,"menu_order":0,"comment_status":"closed","ping_status":"closed","template":"","meta":{"_kad_blocks_custom_css":"","_kad_blocks_head_custom_js":"","_kad_blocks_body_custom_js":"","_kad_blocks_footer_custom_js":"","footnotes":""},"class_list":["post-6633","page","type-page","status-publish","hentry"],"taxonomy_info":[],"featured_image_src_large":false,"author_info":{"display_name":"Ella","author_link":"https:\/\/www.recycle-plant.com\/es\/author\/admin\/"},"comment_info":0,"_links":{"self":[{"href":"https:\/\/www.recycle-plant.com\/es\/wp-json\/wp\/v2\/pages\/6633","targetHints":{"allow":["GET"]}}],"collection":[{"href":"https:\/\/www.recycle-plant.com\/es\/wp-json\/wp\/v2\/pages"}],"about":[{"href":"https:\/\/www.recycle-plant.com\/es\/wp-json\/wp\/v2\/types\/page"}],"author":[{"embeddable":true,"href":"https:\/\/www.recycle-plant.com\/es\/wp-json\/wp\/v2\/users\/1"}],"replies":[{"embeddable":true,"href":"https:\/\/www.recycle-plant.com\/es\/wp-json\/wp\/v2\/comments?post=6633"}],"version-history":[{"count":0,"href":"https:\/\/www.recycle-plant.com\/es\/wp-json\/wp\/v2\/pages\/6633\/revisions"}],"wp:attachment":[{"href":"https:\/\/www.recycle-plant.com\/es\/wp-json\/wp\/v2\/media?parent=6633"}],"curies":[{"name":"wp","href":"https:\/\/api.w.org\/{rel}","templated":true}]}}