{"id":6642,"date":"2023-03-10T10:22:10","date_gmt":"2023-03-10T10:22:10","guid":{"rendered":"https:\/\/www.recycle-plant.com\/?page_id=6642"},"modified":"2024-07-30T17:53:46","modified_gmt":"2024-07-30T09:53:46","slug":"company-profile","status":"publish","type":"page","link":"https:\/\/www.recycle-plant.com\/es\/company-profile\/","title":{"rendered":"Perfil de la empresa"},"content":{"rendered":"<h2 class=\"wp-block-heading\">Acerca de Shuliy<\/h2>    <figure class=\"wp-block-image size-large\"><img loading=\"lazy\" decoding=\"async\" width=\"1024\" height=\"536\" src=\"https:\/\/www.recycle-plant.com\/wp-content\/uploads\/2022\/03\/shuliy-machinery-factory-1024x536.jpg\" alt=\"\" class=\"wp-image-5797\" srcset=\"https:\/\/www.recycle-plant.com\/wp-content\/uploads\/2022\/03\/shuliy-machinery-factory-1024x536.jpg 1024w, https:\/\/www.recycle-plant.com\/wp-content\/uploads\/2022\/03\/shuliy-machinery-factory-300x157.jpg 300w, https:\/\/www.recycle-plant.com\/wp-content\/uploads\/2022\/03\/shuliy-machinery-factory-768x402.jpg 768w, https:\/\/www.recycle-plant.com\/wp-content\/uploads\/2022\/03\/shuliy-machinery-factory.jpg 1352w\" sizes=\"auto, (max-width: 1024px) 100vw, 1024px\" \/><\/figure>    <p>Shuliy Group Co., Ltd. es una empresa de maquinaria ambiental, integramos desarrollo, fabricaci\u00f3n y venta, concentr\u00e1ndonos en producir la mejor maquinaria de protecci\u00f3n ambiental para nuestros clientes globales.<\/p>    <p>Shuliy Group es responsable de la promoci\u00f3n de soluciones de regeneraci\u00f3n de recursos, reciclaje de pl\u00e1sticos, fabricaci\u00f3n de equipos de reciclaje de neum\u00e1ticos y granulaci\u00f3n en el mercado global.<\/p>    <p>Nos fundamos en 2011 y siempre hemos insistido en proporcionar a los clientes soluciones integradas de reciclaje de residuos, incluyendo el reciclaje de pl\u00e1sticos, neum\u00e1ticos y caucho. Hasta ahora, Shuliy ha ayudado a innumerables clientes a tener \u00e9xito y establecer sus propios negocios de reciclaje.<\/p>    <h2 class=\"wp-block-heading\">Lo que hacemos<\/h2>    <div class=\"wp-block-media-text alignwide is-stacked-on-mobile\"><figure class=\"wp-block-media-text__media\"><img loading=\"lazy\" decoding=\"async\" width=\"720\" height=\"405\" src=\"https:\/\/www.recycle-plant.com\/wp-content\/uploads\/2023\/03\/PET-bottle-washing-line.jpg\" alt=\"\" class=\"wp-image-6644 size-full\"><\/figure><div class=\"wp-block-media-text__content\"> <h3 class=\"wp-block-heading\">Productos<\/h3>    <p class=\"translation-block\">En la actualidad, los principales productos desarrollados y vendidos por Shuliy son las plantas de granulaci\u00f3n de pl\u00e1stico\/neum\u00e1ticos usados<strong><a href=\"https:\/\/www.recycle-plant.com\/es\/plastic-film-recycling-production-line\/\"> granulating plants<\/a><\/strong>, plantas de lavado de botellas PET y proyectos de fabricaci\u00f3n de tuber\u00edas de pl\u00e1stico. Todos los productos se utilizan principalmente en el reciclaje de pl\u00e1stico\/neum\u00e1ticos usados, la producci\u00f3n de objetos de pl\u00e1stico y otras industrias. Las pastillas de pl\u00e1stico generadas se pueden utilizar directamente en la l\u00ednea de producci\u00f3n de tuber\u00edas de pl\u00e1stico. Los gr\u00e1nulos de pl\u00e1stico\/caucho se pueden utilizar como productos de alto valor para la venta secundaria. De esta manera, los inversores pueden obtener un alto beneficio. Al mismo tiempo, puede resolver los problemas medioambientales cada vez m\u00e1s prominentes.<\/p> <\/div><\/div>    <div class=\"wp-block-media-text alignwide has-media-on-the-right is-stacked-on-mobile\"><div class=\"wp-block-media-text__content\"> <h3 class=\"wp-block-heading\">Soluciones<\/h3>    <p class=\"translation-block\">Con el desarrollo del mercado global y las demandas de los clientes, Shuliy se ha transformado gradualmente de un proveedor de equipos individuales a un proveedor de soluciones integradas. En los \u00faltimos a\u00f1os, hemos dise\u00f1ado con \u00e9xito m\u00e1s de 30<a href=\"https:\/\/www.recycle-plant.com\/es\/plastic-pelletizing-solution\/\"> <strong>soluciones de peletizaci\u00f3n de pl\u00e1stico<\/strong><\/a><strong>, <\/strong>personalizado m\u00e1s de 20 soluciones de reciclaje para el reciclaje de neum\u00e1ticos usados, y proporcionado las 10 principales soluciones de producci\u00f3n de tuber\u00edas de pl\u00e1stico, etc.<\/p>    <p>En el dise\u00f1o de soluciones integradas, podemos proporcionar an\u00e1lisis de viabilidad del proyecto, selecci\u00f3n de equipos, entrega log\u00edstica, dise\u00f1o de distribuci\u00f3n, instalaci\u00f3n y operaci\u00f3n, capacitaci\u00f3n de m\u00e1quinas y otros servicios. Shuliy Group ofrece a los clientes soluciones integrales y garantiza el \u00e9xito del cliente.<\/p> <\/div><figure class=\"wp-block-media-text__media\"><img loading=\"lazy\" decoding=\"async\" width=\"720\" height=\"540\" src=\"https:\/\/www.recycle-plant.com\/wp-content\/uploads\/2023\/03\/solution.jpg\" alt=\"\" class=\"wp-image-6651 size-full\"><\/figure><\/div>    <h2 class=\"wp-block-heading\">Preguntas frecuentes de Shuliy<\/h2>   <div id=\"rank-math-faq\" class=\"rank-math-block\"> <div class=\"rank-math-list\"> <div id=\"faq-question-1722332005381\" class=\"rank-math-list-item\"> <h3 class=\"rank-math-question\">\u00bfEres una empresa comercial o un fabricante de m\u00e1quinas?<\/h3> <div class=\"rank-math-answer\">  <p>Somos un fabricante de m\u00e1quinas de reciclaje de pl\u00e1stico en China.<\/p>  <\/div> <\/div> <div id=\"faq-question-1722332096471\" class=\"rank-math-list-item\"> <h3 class=\"rank-math-question\">\u00bfTienes alguna garant\u00eda o respaldo si compro tu m\u00e1quina?<\/h3> <div class=\"rank-math-answer\">  <p>Despu\u00e9s de realizar su pedido, el tiempo de entrega es de 20 a 25 d\u00edas, la garant\u00eda de todas nuestras m\u00e1quinas de reciclaje es de 1 a\u00f1o. Despu\u00e9s de un a\u00f1o, proporcionaremos las piezas de repuesto de la m\u00e1quina al precio m\u00e1s bajo y una gu\u00eda t\u00e9cnica gratuita.<\/p>  <\/div> <\/div> <div id=\"faq-question-1722332371525\" class=\"rank-math-list-item\"> <h3 class=\"rank-math-question\">\u00bfC\u00f3mo puedo instalar mi m\u00e1quina, es dif\u00edcil?<\/h3> <div class=\"rank-math-answer\">  <p>Shuliy te enviar\u00e1 el manual de instrucciones y un video seg\u00fan el cual puedes instalar la m\u00e1quina. En caso de una l\u00ednea de reciclaje de producci\u00f3n grande, podemos organizar que nuestro ingeniero venga a tu f\u00e1brica y \u00e9l ense\u00f1ar\u00e1 a tus trabajadores c\u00f3mo instalar la m\u00e1quina. <\/p>  <\/div> <\/div> <div id=\"faq-question-1722332556048\" class=\"rank-math-list-item\"> <h3 class=\"rank-math-question\">\u00bfQu\u00e9 se puede hacer si nuestra m\u00e1quina deja de funcionar repentinamente?<\/h3> <div class=\"rank-math-answer\">  <p>Estamos comprometidos con la calidad de nuestras m\u00e1quinas. Tambi\u00e9n tendremos suficientes piezas de repuesto para uso de emergencia desde el principio. Te aconsejaremos que compres piezas de desgaste adicionales. Adem\u00e1s, siempre puedes contactar con el negocio anterior para explicar la situaci\u00f3n y te daremos la soluci\u00f3n.<\/p>  <\/div> <\/div> <div id=\"faq-question-1722332810584\" class=\"rank-math-list-item\"> <h3 class=\"rank-math-question\">\u00bfC\u00f3mo mantener mi m\u00e1quina de reciclaje?<\/h3> <div class=\"rank-math-answer\">  <p>Le enviaremos instrucciones y videos de mantenimiento de la m\u00e1quina para explicar c\u00f3mo resolver problemas de mantenimiento de la m\u00e1quina. Por cierto, puede contactarnos y grabaremos videos instructivos en vivo para ayudarle.<\/p>  <\/div> <\/div> <div id=\"faq-question-1722332976580\" class=\"rank-math-list-item\"> <h3 class=\"rank-math-question\">\u00bfCu\u00e1ndo me responder\u00e1s? <\/h3> <div class=\"rank-math-answer\">  <p>Shuliy proporciona servicio t\u00e9cnico las 24 horas. Puedes contactarnos en cualquier momento.<\/p>  <\/div> <\/div> <\/div> <\/div>   <h2 class=\"wp-block-heading\">Servicio<\/h2>    <ul class=\"wp-block-list\"> <li>Servicio en l\u00ednea. Puede contactarnos en cualquier momento y nuestro proyecto profesional le enviar\u00e1 los detalles de la m\u00e1quina en 24 horas. <\/li>    <li>Soluci\u00f3n proporcionada. Proporcionamos dibujos de dise\u00f1o en 3D, servicios personalizados y preparaci\u00f3n t\u00e9cnica.<\/li>    <li>Suministro de piezas de repuesto. Todas las piezas de repuesto de la maquinaria de reciclaje se pueden comprar en Shuliy Group.<\/li>    <li>Instalaci\u00f3n y capacitaci\u00f3n. Shuliy Group proporciona servicios de instalaci\u00f3n, capacitaci\u00f3n y seguimiento. <\/li>    <li>Pruebas de muestras. Podemos probar muestras de los clientes y analizar la viabilidad del proyecto y la rentabilidad para nuestros clientes.<\/li> <\/ul>    <h2 class=\"wp-block-heading\">Cultura de la empresa<\/h2>    <ul class=\"wp-block-list\"> <li>Nuestra misi\u00f3n: Dejar que las m\u00e1quinas chinas cambien cada rinc\u00f3n del mundo.<\/li>    <li>Nuestra visi\u00f3n: Aumentar el valor para los clientes y proporcionar crecimiento para los empleados.<\/li>    <li>Nuestros valores: Integridad, gratitud, altruismo, energ\u00eda positiva, abrazar el cambio y esp\u00edritu de equipo.<\/li> <\/ul>    <h2 class=\"wp-block-heading\">Perspectivas<\/h2>    <p>Shuliy Group es una empresa con visi\u00f3n de futuro, estamos haciendo un esfuerzo para que las m\u00e1quinas chinas cambien cada rinc\u00f3n del mundo. Nunca dejamos de desarrollar e innovar nuestra tecnolog\u00eda y equipo.<\/p>    <p>Shuliy ahora busca cualquier oportunidad en los cambios del mundo que guiar\u00e1n el camino hacia el futuro. Con el problema ambiental y la creciente atenci\u00f3n del mundo hacia la contaminaci\u00f3n por pl\u00e1sticos, tenemos razones para creer que los productos que desarrollamos y producimos ser\u00e1n utilizados en todo el mundo en las pr\u00f3ximas d\u00e9cadas.<\/p>","protected":false},"excerpt":{"rendered":"<p>About Shuliy Shuliy Group Co.,Ltd. is an environmental machinery company, we integrate development, manufacturing, and selling, concentrating on producing the best environmental protection machinery for our global customers. Shuliy Group is responsible for the promotion of resource regeneration solutions, plastic, tire recycling and granulating equipment manufacturing in the global market. We are founded in 2011 [&hellip;]<\/p>\n","protected":false},"author":1,"featured_media":0,"parent":0,"menu_order":0,"comment_status":"closed","ping_status":"closed","template":"","meta":{"_kad_blocks_custom_css":"","_kad_blocks_head_custom_js":"","_kad_blocks_body_custom_js":"","_kad_blocks_footer_custom_js":"","footnotes":""},"class_list":["post-6642","page","type-page","status-publish","hentry"],"taxonomy_info":[],"featured_image_src_large":false,"author_info":{"display_name":"Ella","author_link":"https:\/\/www.recycle-plant.com\/es\/author\/admin\/"},"comment_info":0,"_links":{"self":[{"href":"https:\/\/www.recycle-plant.com\/es\/wp-json\/wp\/v2\/pages\/6642","targetHints":{"allow":["GET"]}}],"collection":[{"href":"https:\/\/www.recycle-plant.com\/es\/wp-json\/wp\/v2\/pages"}],"about":[{"href":"https:\/\/www.recycle-plant.com\/es\/wp-json\/wp\/v2\/types\/page"}],"author":[{"embeddable":true,"href":"https:\/\/www.recycle-plant.com\/es\/wp-json\/wp\/v2\/users\/1"}],"replies":[{"embeddable":true,"href":"https:\/\/www.recycle-plant.com\/es\/wp-json\/wp\/v2\/comments?post=6642"}],"version-history":[{"count":0,"href":"https:\/\/www.recycle-plant.com\/es\/wp-json\/wp\/v2\/pages\/6642\/revisions"}],"wp:attachment":[{"href":"https:\/\/www.recycle-plant.com\/es\/wp-json\/wp\/v2\/media?parent=6642"}],"curies":[{"name":"wp","href":"https:\/\/api.w.org\/{rel}","templated":true}]}}