{"id":6655,"date":"2023-03-15T03:43:08","date_gmt":"2023-03-15T03:43:08","guid":{"rendered":"https:\/\/www.recycle-plant.com\/?page_id=6655"},"modified":"2025-03-31T09:56:09","modified_gmt":"2025-03-31T01:56:09","slug":"plastic-pelletizing-solution","status":"publish","type":"page","link":"https:\/\/www.recycle-plant.com\/es\/plastic-pelletizing-solution\/","title":{"rendered":"Soluci\u00f3n de peletizado de pl\u00e1stico"},"content":{"rendered":"<p>Shuliy proporciona una soluci\u00f3n integral de peletizado de pl\u00e1stico para el reciclaje postindustrial (reciclaje interno) y el reciclaje postconsumo. La m\u00e1quina de peletizado puede procesar varios tipos de materiales, incluyendo PP, HDPE, LDPE, LLDPE, PVC, EPS, EPE, ABS, PS, etc.<\/p>    <h2 class=\"wp-block-heading\">Materiales reciclables de pl\u00e1stico<\/h2>    <figure class=\"wp-block-table white-space-nowrap\"><table class=\"has-fixed-layout\"><tbody><tr><td>Material reciclable<\/td><td>Aplicaci\u00f3n<\/td><td>Tipo de material<\/td><\/tr><tr><td><strong><a href=\"https:\/\/www.recycle-plant.com\/es\/how-do-you-recycle-polypropylene-bags.html\">Pel\u00edcula de PP PE<\/a><\/strong><\/td><td>rollos de pel\u00edcula, recortes de pel\u00edcula, bolsas, recortes de bolsas de camiseta, <a href=\"https:\/\/www.recycle-plant.com\/es\/status-of-recycling-and-treatment-of-used-agricultural-film.html\"><strong>Pel\u00edcula agr\u00edcola<\/strong><\/a><\/td><td>PP PE<\/td><\/tr><tr><td><strong><a href=\"https:\/\/www.recycle-plant.com\/es\/plastic-regrind-recycling.html\">Regrano de pl\u00e1stico<\/a><\/strong><\/td><td>Recortes de moldeo por inyecci\u00f3n, productos moldeados por inyecci\u00f3n como botellas, contenedores, piezas de autom\u00f3viles, parachoques de coches, residuos el\u00e9ctricos, juguetes y otros pl\u00e1sticos duros.<\/td><td>HDPE, LDPE, PP, PS, ABS, PVC<\/td><\/tr><tr><td><strong><a href=\"https:\/\/www.recycle-plant.com\/es\/thermoformed-material-recycling.html\">Pl\u00e1stico termoformado<\/a><\/strong><\/td><td>materiales de construcci\u00f3n, palets, envases de alimentos, empaques m\u00e9dicos, piezas automotrices, cajas de env\u00edo, bandejas, tazas, juguetes, envases tipo clamshell<\/td><td>HDPE, LDPE, PP, PS o ABS<\/td><\/tr><tr><td><strong><a href=\"https:\/\/www.recycle-plant.com\/es\/pp-raffia-recycling-introduction.html\">Bolsa de rafia de PP<\/a><\/strong><\/td><td>empaques, bolsas de almacenamiento, cercas, redes para jardiner\u00eda,<\/td><td>Polipropileno (PP)<\/td><\/tr><tr><td><strong><a href=\"https:\/\/www.recycle-plant.com\/es\/stretch-film-recycling.html\">Film estirable<\/a><\/strong><\/td><td>film de conservaci\u00f3n de alimentos, rollo de film estirable<\/td><td>Polietileno lineal de baja densidad (LLDPE), polietileno de baja densidad (LDPE)<\/td><\/tr><tr><td><strong><a href=\"https:\/\/www.recycle-plant.com\/es\/shrink-wrap-recycling.html\">Film retr\u00e1ctil <\/a><\/strong><\/td><td>film de embalaje durante el almacenamiento y env\u00edo<\/td><td>polietileno (PE)<\/td><\/tr><tr><td><strong><a href=\"https:\/\/www.recycle-plant.com\/es\/drip-tape-recycling.html\">tuber\u00eda de agricultura<\/a><\/strong><\/td><td>tape de goteo, tuber\u00eda de riego suave<\/td><td>polietileno de alta densidad (HDPE), (LDPE)<\/td><\/tr><tr><td><strong><a href=\"https:\/\/www.recycle-plant.com\/es\/laminated-film-recycling.html\">pel\u00edcula laminada<\/a><\/strong><\/td><td>envases de alimentos, bebidas y productos farmac\u00e9uticos<\/td><td>BOPP, CPP, OPP, HDPE, LDPE, LLPDE o EVA<\/td><\/tr><\/tbody><\/table><\/figure>    <h2 class=\"wp-block-heading\">Configuraci\u00f3n de la l\u00ednea de granulaci\u00f3n de pl\u00e1stico reciclado<\/h2>    <figure class=\"wp-block-embed is-type-video is-provider-youtube wp-block-embed-youtube wp-embed-aspect-16-9 wp-has-aspect-ratio\"><div class=\"wp-block-embed__wrapper\"> <iframe loading=\"lazy\" title=\"L\u00ednea de pelletizado de pl\u00e1stico | M\u00e1quina para hacer gr\u00e1nulos de pl\u00e1stico\" width=\"500\" height=\"281\" src=\"https:\/\/www.youtube.com\/embed\/y4KcSJAz04E?feature=oembed\" frameborder=\"0\" allow=\"accelerometer; autoplay; clipboard-write; encrypted-media; gyroscope; picture-in-picture; web-share\" referrerpolicy=\"strict-origin-when-cross-origin\" allowfullscreen><\/iframe> <\/div><\/figure>    <h2 class=\"wp-block-heading\">\u00bfC\u00f3mo ayudaremos a los clientes a iniciar una planta de peletizaci\u00f3n?<\/h2>    <ul class=\"wp-block-list\"> <li>Consulta personalizada. Despu\u00e9s de recibir las consultas de nuestros clientes, nuestro gerente de proyecto se pondr\u00e1 en contacto con ellos lo antes posible. Confirmaremos las materias primas de los clientes y su producci\u00f3n esperada. Seg\u00fan esos datos b\u00e1sicos, les recomendaremos m\u00e1quinas granuladoras de pl\u00e1stico.<\/li> <\/ul>    <ul class=\"wp-block-list\"> <li>Determina el plan. Nuestro gerente de producto configurar\u00e1 el plan de peletizaci\u00f3n de pl\u00e1stico de manera razonable de acuerdo a tus necesidades y presupuesto. Dise\u00f1amos dibujos para los requisitos especiales de la m\u00e1quina y finalmente confirmamos el plan de peletizaci\u00f3n con el cliente.<\/li> <\/ul>    <ul class=\"wp-block-list\"> <li>Entrega y transporte. Una vez que todo el <a href=\"https:\/\/www.recycle-plant.com\/es\/plastic-film-recycling-production-line\/\">l\u00ednea de pelletizado de pl\u00e1stico<\/a> se construye, organizaremos un cami\u00f3n especial para entregarlo al pa\u00eds del cliente dentro del tiempo acordado.<\/li> <\/ul>    <ul class=\"wp-block-list\"> <li>Instalaci\u00f3n y formaci\u00f3n. Enviaremos a nuestro equipo t\u00e9cnico profesional al sitio para la instalaci\u00f3n y puesta en marcha del pelletizador de pl\u00e1stico. El equipo t\u00e9cnico capacitar\u00e1 sobre c\u00f3mo utilizar correctamente el pelletizador de pl\u00e1stico hasta que toda la planta de pelletizaci\u00f3n de pl\u00e1stico est\u00e9 en producci\u00f3n estable.<\/li> <\/ul>    <h2 class=\"wp-block-heading\">Trituraci\u00f3n y lavado personalizados para pre-granulaci\u00f3n<\/h2>    <div class=\"wp-block-media-text alignwide has-media-on-the-right is-stacked-on-mobile\"><div class=\"wp-block-media-text__content\"> <p>Las m\u00e1quinas de trituraci\u00f3n y lavado de pl\u00e1stico son muy flexibles en el proceso de reciclaje, el Grupo Shuliy recomendar\u00e1 a cada uno de nuestros clientes las m\u00e1quinas m\u00e1s adecuadas despu\u00e9s de conocer la demanda y la condici\u00f3n real.<\/p>    <p>Por ejemplo, la parte de trituraci\u00f3n y lavado adecuada est\u00e1 equipada con un triturador de pl\u00e1stico, un tanque de lavado de pl\u00e1stico, una m\u00e1quina secadora vertical y una secadora horizontal. El dibujo en 3D fue dise\u00f1ado por nuestro gerente de proyecto Sunny para nuestro cliente de Arabia Saudita. Sus materias primas son tambores y contenedores de PP duro desechados.   <\/p> <\/div><figure class=\"wp-block-media-text__media\"><img loading=\"lazy\" decoding=\"async\" width=\"720\" height=\"540\" src=\"https:\/\/www.recycle-plant.com\/wp-content\/uploads\/2023\/03\/PET-bottle-washing-plant.jpg\" alt=\"planta de trituraci\u00f3n y lavado\" class=\"wp-image-6643 size-full\"\/><\/figure><\/div>    <div class=\"wp-block-media-text alignwide is-stacked-on-mobile\"><figure class=\"wp-block-media-text__media\"><img loading=\"lazy\" decoding=\"async\" width=\"720\" height=\"405\" src=\"https:\/\/www.recycle-plant.com\/wp-content\/uploads\/2023\/03\/PET-bottle-washing-line.jpg\" alt=\"L\u00ednea de lavado de PP PE\" class=\"wp-image-6644 size-full\"\/><\/figure><div class=\"wp-block-media-text__content\"> <p>Este es un dibujo en 3D dise\u00f1ado para nuestro cliente en Nigeria, esta l\u00ednea de lavado de reciclaje est\u00e1 equipada con un tanque de lavado m\u00e1s y un deshidratador vertical m\u00e1s. <\/p>    <p>Sunny dise\u00f1\u00f3 dos conjuntos de equipos de limpieza para lavar pel\u00edculas de PP desechadas. Debido a que la materia prima est\u00e1 sucia y la producci\u00f3n es grande, un conjunto adicional de las m\u00e1quinas de lavado puede garantizar la limpieza de la materia prima y el efecto final de granulaci\u00f3n.<\/p> <\/div><\/div>    <h2 class=\"wp-block-heading\">Caracter\u00edsticas \u00fanicas de la l\u00ednea de peletizaci\u00f3n de pl\u00e1stico Shuliy<\/h2>    <ul class=\"wp-block-list\"> <li>La larga vida \u00fatil del <a href=\"https:\/\/www.recycle-plant.com\/es\/plastic-pelletizing-machine-4.html\">m\u00e1quina de pelletizaci\u00f3n de pl\u00e1stico<\/a>. Nuestras m\u00e1quinas para la peletizaci\u00f3n de pl\u00e1stico son a prueba de \u00f3xido y duraderas. Podemos garantizar una larga vida \u00fatil para la peletizaci\u00f3n de pl\u00e1stico.<\/li>    <li>La baja tasa de fallos en operaci\u00f3n. Shuliy cuenta con un equipo de dise\u00f1o de m\u00e1quinas profesional. El proceso de fabricaci\u00f3n de las m\u00e1quinas es preciso y la tasa de fallos es muy baja.<\/li>    <li>Liderando ventas y experiencia. Shuliy, como uno de los fabricantes de pelletizadoras de pl\u00e1stico m\u00e1s confiables en China, tenemos una gran capacidad para exportar nuestras m\u00e1quinas a todo el mundo. Hasta ahora, Shuliy tiene clientes de Arabia Saudita, Egipto, Hungr\u00eda, Uganda, Nigeria, Kenia, Etiop\u00eda, Alemania y otros pa\u00edses, y ha sido ampliamente reconocido por nuestros clientes.<\/li>    <li>La m\u00e1quina granuladora de pl\u00e1stico es ecol\u00f3gica. Las aguas residuales, gases y lodos de la l\u00ednea de reciclaje de granulaci\u00f3n de pl\u00e1stico se descargan de manera segura. Por ejemplo, los humos del proceso de granulaci\u00f3n de pl\u00e1stico se filtran a trav\u00e9s de un sistema especial.<a href=\"https:\/\/www.recycle-plant.com\/es\/waste-gas-filter.html\"> equipo de eliminaci\u00f3n de polvo<\/a> antes de ser descargado.<\/li> <\/ul>    <h2 class=\"wp-block-heading\">Env\u00edos de l\u00ednea de granulaci\u00f3n de pl\u00e1stico<\/h2>    <figure class=\"wp-block-gallery has-nested-images columns-default is-cropped wp-block-gallery-2 is-layout-flex wp-block-gallery-is-layout-flex\"> <figure class=\"wp-block-image size-large\"><img loading=\"lazy\" decoding=\"async\" width=\"720\" height=\"540\" data-id=\"6364\" src=\"https:\/\/www.recycle-plant.com\/wp-content\/uploads\/2019\/11\/plastic-granulator-machne-for-sale1.jpg\" alt=\"\" class=\"wp-image-6364\" srcset=\"https:\/\/www.recycle-plant.com\/wp-content\/uploads\/2019\/11\/plastic-granulator-machne-for-sale1.jpg 720w, https:\/\/www.recycle-plant.com\/wp-content\/uploads\/2019\/11\/plastic-granulator-machne-for-sale1-300x225.jpg 300w\" sizes=\"auto, (max-width: 720px) 100vw, 720px\" \/><\/figure>    <figure class=\"wp-block-image size-large\"><img loading=\"lazy\" decoding=\"async\" width=\"720\" height=\"540\" data-id=\"6363\" src=\"https:\/\/www.recycle-plant.com\/wp-content\/uploads\/2019\/11\/plastic-granulator-machine-Saudi-Arabia1.jpg\" alt=\"\" class=\"wp-image-6363\" srcset=\"https:\/\/www.recycle-plant.com\/wp-content\/uploads\/2019\/11\/plastic-granulator-machine-Saudi-Arabia1.jpg 720w, https:\/\/www.recycle-plant.com\/wp-content\/uploads\/2019\/11\/plastic-granulator-machine-Saudi-Arabia1-300x225.jpg 300w\" sizes=\"auto, (max-width: 720px) 100vw, 720px\" \/><\/figure>    <figure class=\"wp-block-image size-large\"><img loading=\"lazy\" decoding=\"async\" width=\"720\" height=\"540\" data-id=\"6313\" src=\"https:\/\/www.recycle-plant.com\/wp-content\/uploads\/2022\/11\/plastic-recycling-machine-sent-to-Kenya_1.jpg\" alt=\"\" class=\"wp-image-6313\" srcset=\"https:\/\/www.recycle-plant.com\/wp-content\/uploads\/2022\/11\/plastic-recycling-machine-sent-to-Kenya_1.jpg 720w, https:\/\/www.recycle-plant.com\/wp-content\/uploads\/2022\/11\/plastic-recycling-machine-sent-to-Kenya_1-300x225.jpg 300w\" sizes=\"auto, (max-width: 720px) 100vw, 720px\" \/><\/figure>    <figure class=\"wp-block-image size-large\"><img loading=\"lazy\" decoding=\"async\" width=\"720\" height=\"540\" data-id=\"6314\" src=\"https:\/\/www.recycle-plant.com\/wp-content\/uploads\/2022\/11\/plastic-recycling-machine-shipped-to-Kenya_1.jpg\" alt=\"\" class=\"wp-image-6314\" srcset=\"https:\/\/www.recycle-plant.com\/wp-content\/uploads\/2022\/11\/plastic-recycling-machine-shipped-to-Kenya_1.jpg 720w, https:\/\/www.recycle-plant.com\/wp-content\/uploads\/2022\/11\/plastic-recycling-machine-shipped-to-Kenya_1-300x225.jpg 300w\" sizes=\"auto, (max-width: 720px) 100vw, 720px\" \/><\/figure>    <figure class=\"wp-block-image size-large\"><img loading=\"lazy\" decoding=\"async\" width=\"720\" height=\"540\" data-id=\"6300\" src=\"https:\/\/www.recycle-plant.com\/wp-content\/uploads\/2022\/11\/plastic-recycling-plants-in-Kenya_1.jpg\" alt=\"plantas de reciclaje de pl\u00e1stico en Kenia\" class=\"wp-image-6300\" srcset=\"https:\/\/www.recycle-plant.com\/wp-content\/uploads\/2022\/11\/plastic-recycling-plants-in-Kenya_1.jpg 720w, https:\/\/www.recycle-plant.com\/wp-content\/uploads\/2022\/11\/plastic-recycling-plants-in-Kenya_1-300x225.jpg 300w\" sizes=\"auto, (max-width: 720px) 100vw, 720px\" \/><\/figure>    <figure class=\"wp-block-image size-large\"><img loading=\"lazy\" decoding=\"async\" width=\"720\" height=\"540\" data-id=\"6285\" src=\"https:\/\/www.recycle-plant.com\/wp-content\/uploads\/2022\/11\/conveyor.jpg\" alt=\"\" class=\"wp-image-6285\" srcset=\"https:\/\/www.recycle-plant.com\/wp-content\/uploads\/2022\/11\/conveyor.jpg 720w, https:\/\/www.recycle-plant.com\/wp-content\/uploads\/2022\/11\/conveyor-300x225.jpg 300w\" sizes=\"auto, (max-width: 720px) 100vw, 720px\" \/><\/figure> <\/figure>    <p>Aparte de la l\u00ednea de pelletizado de pl\u00e1stico PP PE, Shuliy tambi\u00e9n ofrece una l\u00ednea de pelletizado de espuma de pl\u00e1stico EPS EPE. Si los clientes tienen una gran cantidad de espumas de pl\u00e1stico, podemos proporcionar producci\u00f3n personalizada para ellos. Si tiene alguna pregunta sobre nuestra m\u00e1quina granuladora de pl\u00e1stico, deje su mensaje en cualquier momento.<\/p>","protected":false},"excerpt":{"rendered":"<p>Shuliy provides comprehensive plastic pelletizing solution for post-industrial recycling(in-house recycling) and post-consumer recycling. The pelletizing machine can process various material types, including PP, HDPE, LDPE, LLDPE, PVC, EPS, EPE, ABS, PS, etc. Plastic recycle materials Recycle material Application Material type PP PE film film rolls, film scraps, bags, t-shirt bag cut-offs, agriculture film PP PE [&hellip;]<\/p>\n","protected":false},"author":1,"featured_media":6651,"parent":0,"menu_order":0,"comment_status":"closed","ping_status":"closed","template":"","meta":{"_kad_blocks_custom_css":"","_kad_blocks_head_custom_js":"","_kad_blocks_body_custom_js":"","_kad_blocks_footer_custom_js":"","footnotes":""},"class_list":["post-6655","page","type-page","status-publish","has-post-thumbnail","hentry"],"taxonomy_info":[],"featured_image_src_large":["https:\/\/www.recycle-plant.com\/wp-content\/uploads\/2023\/03\/solution.jpg",720,540,false],"author_info":{"display_name":"Ella","author_link":"https:\/\/www.recycle-plant.com\/es\/author\/admin\/"},"comment_info":0,"_links":{"self":[{"href":"https:\/\/www.recycle-plant.com\/es\/wp-json\/wp\/v2\/pages\/6655","targetHints":{"allow":["GET"]}}],"collection":[{"href":"https:\/\/www.recycle-plant.com\/es\/wp-json\/wp\/v2\/pages"}],"about":[{"href":"https:\/\/www.recycle-plant.com\/es\/wp-json\/wp\/v2\/types\/page"}],"author":[{"embeddable":true,"href":"https:\/\/www.recycle-plant.com\/es\/wp-json\/wp\/v2\/users\/1"}],"replies":[{"embeddable":true,"href":"https:\/\/www.recycle-plant.com\/es\/wp-json\/wp\/v2\/comments?post=6655"}],"version-history":[{"count":0,"href":"https:\/\/www.recycle-plant.com\/es\/wp-json\/wp\/v2\/pages\/6655\/revisions"}],"wp:featuredmedia":[{"embeddable":true,"href":"https:\/\/www.recycle-plant.com\/es\/wp-json\/wp\/v2\/media\/6651"}],"wp:attachment":[{"href":"https:\/\/www.recycle-plant.com\/es\/wp-json\/wp\/v2\/media?parent=6655"}],"curies":[{"name":"wp","href":"https:\/\/api.w.org\/{rel}","templated":true}]}}