{"id":6675,"date":"2023-03-17T07:35:16","date_gmt":"2023-03-17T07:35:16","guid":{"rendered":"https:\/\/www.recycle-plant.com\/?page_id=6675"},"modified":"2024-06-17T17:57:08","modified_gmt":"2024-06-17T09:57:08","slug":"pet-bottle-washing-line-solution","status":"publish","type":"page","link":"https:\/\/www.recycle-plant.com\/es\/pet-bottle-washing-line-solution\/","title":{"rendered":"Soluci\u00f3n de l\u00ednea de lavado de botellas de PET"},"content":{"rendered":"<p>El pl\u00e1stico PET es una opci\u00f3n de embalaje sostenible y el tipo principal de pl\u00e1stico, siempre se utiliza para botellas de bebidas debido a su excelente resistencia qu\u00edmica a materiales org\u00e1nicos y agua, as\u00ed como su alta relaci\u00f3n resistencia-peso.<\/p>    <p>Adem\u00e1s, el PET es la opci\u00f3n preferida para las botellas de pl\u00e1stico porque es 100% reciclable y altamente sostenible. Las escamas de PET reciclado reciben una gran popularidad en el mercado internacional y tienen una eficiencia econ\u00f3mica relativamente alta.<\/p>    <p>Por lo tanto, el PET vale mucho la pena reciclarlo. Despu\u00e9s de ser recicladas, las escamas de PET limpias pueden convertirse en nuevos productos, lo que reducir\u00e1 la contaminaci\u00f3n ambiental y generar\u00e1 beneficios para los recicladores de pl\u00e1sticos.<\/p>    <h2 class=\"wp-block-heading\">L\u00ednea de lavado de botellas PET Shuliy<\/h2>    <p>Shuliy Group es un famoso fabricante de m\u00e1quinas de reciclaje de botellas de PET en China, hemos producido soluciones de reciclaje de botellas de PET y m\u00e1quinas de trituraci\u00f3n y lavado de botellas de pl\u00e1stico de buena calidad. El siguiente video es el video en 3D de la planta de lavado y reciclaje de PET.<\/p>    <figure class=\"wp-block-embed is-type-video is-provider-youtube wp-block-embed-youtube wp-embed-aspect-16-9 wp-has-aspect-ratio\"><div class=\"wp-block-embed__wrapper\"> <iframe loading=\"lazy\" title=\"Video 3D de la l\u00ednea de reciclaje de botellas PET | \u00bfC\u00f3mo reciclar botellas de pl\u00e1stico desechadas?\" width=\"500\" height=\"281\" src=\"https:\/\/www.youtube.com\/embed\/Beev9uxidkE?start=19&#038;feature=oembed\" frameborder=\"0\" allow=\"accelerometer; autoplay; clipboard-write; encrypted-media; gyroscope; picture-in-picture; web-share\" referrerpolicy=\"strict-origin-when-cross-origin\" allowfullscreen><\/iframe> <\/div><\/figure>    <h2 class=\"wp-block-heading\">Proceso de la l\u00ednea de lavado de botellas PET <\/h2>    <p>En primer lugar, las etiquetas de las botellas de pl\u00e1stico PET desechadas deben ser separadas, luego las botellas de PET se trituran en copos, las tapas de PP se separan utilizando las diferentes densidades del material de PP y PET en agua. Luego, el PET se lava a\u00fan m\u00e1s con tanques de lavado de pl\u00e1stico y tanques de lavado en caliente. Finalmente, se utiliza una m\u00e1quina de deshidrataci\u00f3n de pl\u00e1stico para secar los copos de botella.<\/p>    <h2 class=\"wp-block-heading\">Producto final de las m\u00e1quinas de reciclaje de botellas de pl\u00e1stico<\/h2>    <p class=\"translation-block\">Las escamas de botellas de PET recicladas procesadas de la <strong><a href=\"https:\/\/www.recycle-plant.com\/es\/plastic-bottle-recycling-line\/\">l\u00ednea de reciclaje de botellas de PET<\/a><\/strong> se clasifican principalmente en tres grados de calidad: humedad, contenido de PVC y viscosidad caracter\u00edstica. Las escamas de botellas de PET procesadas por la l\u00ednea de reciclaje de botellas de PET de Shuliy pueden alcanzar el est\u00e1ndar de grado correspondiente, y tales escamas de PET pueden tener un alto beneficio.<\/p>    <figure class=\"wp-block-gallery has-nested-images columns-default is-cropped wp-block-gallery-2 is-layout-flex wp-block-gallery-is-layout-flex\"> <figure class=\"wp-block-image size-large\"><img loading=\"lazy\" decoding=\"async\" width=\"720\" height=\"540\" data-id=\"6399\" src=\"https:\/\/www.recycle-plant.com\/wp-content\/uploads\/2022\/12\/clean-PET-flakes-are-the-final-products-of-plastic-bottle-reycling-line.jpg\" alt=\"Los copos de PET limpios son los productos finales de la l\u00ednea de reciclaje de botellas de pl\u00e1stico\" class=\"wp-image-6399\" srcset=\"https:\/\/www.recycle-plant.com\/wp-content\/uploads\/2022\/12\/clean-PET-flakes-are-the-final-products-of-plastic-bottle-reycling-line.jpg 720w, https:\/\/www.recycle-plant.com\/wp-content\/uploads\/2022\/12\/clean-PET-flakes-are-the-final-products-of-plastic-bottle-reycling-line-300x225.jpg 300w\" sizes=\"auto, (max-width: 720px) 100vw, 720px\" \/><figcaption class=\"wp-element-caption\">escamas de PET limpias <\/figcaption><\/figure>    <figure class=\"wp-block-image size-large\"><img loading=\"lazy\" decoding=\"async\" width=\"720\" height=\"540\" data-id=\"6009\" src=\"https:\/\/www.recycle-plant.com\/wp-content\/uploads\/2022\/06\/recycled-PET-flakes.jpg\" alt=\"escamas de PET recicladas\" class=\"wp-image-6009\" srcset=\"https:\/\/www.recycle-plant.com\/wp-content\/uploads\/2022\/06\/recycled-PET-flakes.jpg 720w, https:\/\/www.recycle-plant.com\/wp-content\/uploads\/2022\/06\/recycled-PET-flakes-300x225.jpg 300w\" sizes=\"auto, (max-width: 720px) 100vw, 720px\" \/><figcaption class=\"wp-element-caption\">escamas de PET recicladas<\/figcaption><\/figure> <\/figure>    <h2 class=\"wp-block-heading\">Entrega de la planta de lavado de botellas PET<\/h2>    <figure class=\"wp-block-gallery has-nested-images columns-default is-cropped wp-block-gallery-3 is-layout-flex wp-block-gallery-is-layout-flex\"> <figure class=\"wp-block-image size-large\"><img loading=\"lazy\" decoding=\"async\" width=\"540\" height=\"720\" data-id=\"6434\" src=\"https:\/\/www.recycle-plant.com\/wp-content\/uploads\/2019\/11\/PET-bottle-washing-plant-1.jpg\" alt=\"planta de lavado de botellas de PET\" class=\"wp-image-6434\" srcset=\"https:\/\/www.recycle-plant.com\/wp-content\/uploads\/2019\/11\/PET-bottle-washing-plant-1.jpg 540w, https:\/\/www.recycle-plant.com\/wp-content\/uploads\/2019\/11\/PET-bottle-washing-plant-1-225x300.jpg 225w\" sizes=\"auto, (max-width: 540px) 100vw, 540px\" \/><figcaption class=\"wp-element-caption\">Planta de lavado de botellas de PET enviada a Mozambique<\/figcaption><\/figure>    <figure class=\"wp-block-image size-large\"><img loading=\"lazy\" decoding=\"async\" width=\"540\" height=\"720\" data-id=\"6435\" src=\"https:\/\/www.recycle-plant.com\/wp-content\/uploads\/2019\/11\/PET-bottle-washing-plant-shipped-to-Mozambique1.jpg\" alt=\"Planta de lavado de botellas PET enviada a Mozambique\" class=\"wp-image-6435\" srcset=\"https:\/\/www.recycle-plant.com\/wp-content\/uploads\/2019\/11\/PET-bottle-washing-plant-shipped-to-Mozambique1.jpg 540w, https:\/\/www.recycle-plant.com\/wp-content\/uploads\/2019\/11\/PET-bottle-washing-plant-shipped-to-Mozambique1-225x300.jpg 225w\" sizes=\"auto, (max-width: 540px) 100vw, 540px\" \/><figcaption class=\"wp-element-caption\">L\u00ednea de lavado de botellas de PET enviada a Mozambique<\/figcaption><\/figure>    <figure class=\"wp-block-image size-large\"><img loading=\"lazy\" decoding=\"async\" width=\"720\" height=\"540\" data-id=\"6369\" src=\"https:\/\/www.recycle-plant.com\/wp-content\/uploads\/2019\/11\/plastic-granulator1.jpg\" alt=\"\" class=\"wp-image-6369\" srcset=\"https:\/\/www.recycle-plant.com\/wp-content\/uploads\/2019\/11\/plastic-granulator1.jpg 720w, https:\/\/www.recycle-plant.com\/wp-content\/uploads\/2019\/11\/plastic-granulator1-300x225.jpg 300w\" sizes=\"auto, (max-width: 720px) 100vw, 720px\" \/><figcaption class=\"wp-element-caption\">L\u00ednea de reciclaje de botellas de PET enviada a Jap\u00f3n<\/figcaption><\/figure>    <figure class=\"wp-block-image size-large\"><img loading=\"lazy\" decoding=\"async\" width=\"720\" height=\"540\" data-id=\"6363\" src=\"https:\/\/www.recycle-plant.com\/wp-content\/uploads\/2019\/11\/plastic-granulator-machine-Saudi-Arabia1.jpg\" alt=\"\" class=\"wp-image-6363\" srcset=\"https:\/\/www.recycle-plant.com\/wp-content\/uploads\/2019\/11\/plastic-granulator-machine-Saudi-Arabia1.jpg 720w, https:\/\/www.recycle-plant.com\/wp-content\/uploads\/2019\/11\/plastic-granulator-machine-Saudi-Arabia1-300x225.jpg 300w\" sizes=\"auto, (max-width: 720px) 100vw, 720px\" \/><figcaption class=\"wp-element-caption\">L\u00ednea de lavado de botellas de PET enviada a Nigeria<\/figcaption><\/figure>    <figure class=\"wp-block-image size-large\"><img loading=\"lazy\" decoding=\"async\" width=\"540\" height=\"720\" data-id=\"6287\" src=\"https:\/\/www.recycle-plant.com\/wp-content\/uploads\/2022\/11\/loading-and-delivery.jpg\" alt=\"\" class=\"wp-image-6287\" srcset=\"https:\/\/www.recycle-plant.com\/wp-content\/uploads\/2022\/11\/loading-and-delivery.jpg 540w, https:\/\/www.recycle-plant.com\/wp-content\/uploads\/2022\/11\/loading-and-delivery-225x300.jpg 225w\" sizes=\"auto, (max-width: 540px) 100vw, 540px\" \/><figcaption class=\"wp-element-caption\">L\u00ednea de lavado de botellas de PET enviada a Congo<\/figcaption><\/figure>    <figure class=\"wp-block-image size-large\"><img loading=\"lazy\" decoding=\"async\" width=\"540\" height=\"720\" data-id=\"5905\" src=\"https:\/\/www.recycle-plant.com\/wp-content\/uploads\/2022\/05\/plastic-washing-recycling-machine-sent-to-Kenya.jpg\" alt=\"\" class=\"wp-image-5905\" srcset=\"https:\/\/www.recycle-plant.com\/wp-content\/uploads\/2022\/05\/plastic-washing-recycling-machine-sent-to-Kenya.jpg 540w, https:\/\/www.recycle-plant.com\/wp-content\/uploads\/2022\/05\/plastic-washing-recycling-machine-sent-to-Kenya-225x300.jpg 225w\" sizes=\"auto, (max-width: 540px) 100vw, 540px\" \/><figcaption class=\"wp-element-caption\">m\u00e1quina de reciclaje de lavado de pl\u00e1stico enviada a Kenia<\/figcaption><\/figure> <\/figure>","protected":false},"excerpt":{"rendered":"<p>PET plastic is a sustainable packaging option and the primary type of plastic, it is always used for beverage bottles for its excellent chemical resistance to organic materials and water and its high strength-to-weight ratio. Moreover, PET is the preferred choice for plastic bottles because it is 100% recyclable and highly sustainable. Recycled PET flakes [&hellip;]<\/p>\n","protected":false},"author":1,"featured_media":0,"parent":0,"menu_order":0,"comment_status":"closed","ping_status":"closed","template":"","meta":{"_kad_blocks_custom_css":"","_kad_blocks_head_custom_js":"","_kad_blocks_body_custom_js":"","_kad_blocks_footer_custom_js":"","footnotes":""},"class_list":["post-6675","page","type-page","status-publish","hentry"],"taxonomy_info":[],"featured_image_src_large":false,"author_info":{"display_name":"Ella","author_link":"https:\/\/www.recycle-plant.com\/es\/author\/admin\/"},"comment_info":0,"_links":{"self":[{"href":"https:\/\/www.recycle-plant.com\/es\/wp-json\/wp\/v2\/pages\/6675","targetHints":{"allow":["GET"]}}],"collection":[{"href":"https:\/\/www.recycle-plant.com\/es\/wp-json\/wp\/v2\/pages"}],"about":[{"href":"https:\/\/www.recycle-plant.com\/es\/wp-json\/wp\/v2\/types\/page"}],"author":[{"embeddable":true,"href":"https:\/\/www.recycle-plant.com\/es\/wp-json\/wp\/v2\/users\/1"}],"replies":[{"embeddable":true,"href":"https:\/\/www.recycle-plant.com\/es\/wp-json\/wp\/v2\/comments?post=6675"}],"version-history":[{"count":0,"href":"https:\/\/www.recycle-plant.com\/es\/wp-json\/wp\/v2\/pages\/6675\/revisions"}],"wp:attachment":[{"href":"https:\/\/www.recycle-plant.com\/es\/wp-json\/wp\/v2\/media?parent=6675"}],"curies":[{"name":"wp","href":"https:\/\/api.w.org\/{rel}","templated":true}]}}