{"id":6693,"date":"2023-03-20T08:25:06","date_gmt":"2023-03-20T08:25:06","guid":{"rendered":"https:\/\/www.recycle-plant.com\/?page_id=6693"},"modified":"2023-03-20T09:30:57","modified_gmt":"2023-03-20T09:30:57","slug":"technical-support","status":"publish","type":"page","link":"https:\/\/www.recycle-plant.com\/es\/technical-support\/","title":{"rendered":"Soporte T\u00e9cnico"},"content":{"rendered":"<p>Shuliy es un fabricante de m\u00e1quinas de reciclaje de pl\u00e1stico con un fuerte soporte t\u00e9cnico que incluye equipos de fabricaci\u00f3n de calidad, excelentes desarrolladores t\u00e9cnicos y personal profesional de fabricaci\u00f3n y ventas. Por lo tanto, podemos ayudar a clientes globales a proporcionar m\u00e1quinas de reciclaje de pl\u00e1stico de alta calidad y ofrecer soluciones de reciclaje de pl\u00e1stico. Podemos proporcionar soporte t\u00e9cnico profesional y un excelente servicio antes y despu\u00e9s de la venta.<\/p>    <h2 class=\"wp-block-heading\">Comunicaci\u00f3n en l\u00ednea para resolver problemas<\/h2>    <p>Despu\u00e9s de entender las necesidades del cliente, los gerentes de proyecto profesionales de Shuliy recomendar\u00e1n la m\u00e1quina m\u00e1s adecuada seg\u00fan la demanda de los clientes. Si la materia prima del cliente es especial o tiene requisitos para las funciones de la m\u00e1quina, organizaremos personal t\u00e9cnico profesional para hacer todo lo posible para satisfacer las necesidades personalizadas especiales del cliente.<\/p>    <p>Despu\u00e9s de que el cliente reciba la m\u00e1quina de granulaci\u00f3n de pl\u00e1stico y otros equipos, Shuliy cuenta con un equipo t\u00e9cnico profesional de postventa listo para resolver los problemas de instalaci\u00f3n y puesta en marcha de la m\u00e1quina. Si el problema es com\u00fan y f\u00e1cil de resolver, guiaremos al cliente para que utilice la m\u00e1quina correctamente a trav\u00e9s de un video en l\u00ednea. En t\u00e9rminos generales, estos son problemas relacionados con m\u00e1quinas peque\u00f1as, como la instalaci\u00f3n de trituradoras de pl\u00e1stico, m\u00e1quinas de deshidrataci\u00f3n, etc.<\/p>    <figure class=\"wp-block-image aligncenter size-large\"><img loading=\"lazy\" decoding=\"async\" width=\"720\" height=\"540\" src=\"https:\/\/www.recycle-plant.com\/wp-content\/uploads\/2023\/03\/design-drawing.jpg\" alt=\"dibujo de dise\u00f1o\" class=\"wp-image-6701\" srcset=\"https:\/\/www.recycle-plant.com\/wp-content\/uploads\/2023\/03\/design-drawing.jpg 720w, https:\/\/www.recycle-plant.com\/wp-content\/uploads\/2023\/03\/design-drawing-300x225.jpg 300w\" sizes=\"auto, (max-width: 720px) 100vw, 720px\" \/><figcaption class=\"wp-element-caption\">dise\u00f1o de plano de planta de pelletizado de pl\u00e1stico para clientes <\/figcaption><\/figure>    <h2 class=\"wp-block-heading\">Instalaci\u00f3n y puesta en marcha a bordo<\/h2>    <p class=\"translation-block\">Para problemas de gran envergadura con la <a href=\"https:\/\/www.recycle-plant.com\/es\/plastic-film-recycling-production-line\/\">l\u00ednea de peletizaci\u00f3n de pl\u00e1stico<\/a>, como la prueba de la m\u00e1quina granuladora de pl\u00e1stico, la capacitaci\u00f3n de los trabajadores de la l\u00ednea y la coordinaci\u00f3n de los diversos pasos de alimentaci\u00f3n, trituraci\u00f3n y peletizaci\u00f3n, etc., para estos problemas dif\u00edciles, Shuliy Group organizar\u00e1 un operador t\u00e9cnico que dirigir\u00e1 un equipo t\u00e9cnico a la planta de reciclaje de pl\u00e1stico del cliente para ayudar al cliente a completar la instalaci\u00f3n de toda la l\u00ednea de peletizaci\u00f3n de pl\u00e1stico.<\/p>    <p>Las siguientes im\u00e1genes muestran a nuestro operador t\u00e9cnico Paul yendo a la f\u00e1brica de nuestro cliente en Arabia Saudita. El cliente compr\u00f3 una l\u00ednea completa de granulaci\u00f3n de pl\u00e1stico, la producci\u00f3n de esa l\u00ednea es de 1 tonelada por hora, lo cual es una capacidad considerable para una f\u00e1brica de peletizaci\u00f3n de pl\u00e1stico. El cliente en Arabia Saudita no puede extruir pellets de pl\u00e1stico, pidi\u00f3 ayuda al Grupo Shuliy. Despu\u00e9s de que Paul lleg\u00f3 a su f\u00e1brica y revis\u00f3 la m\u00e1quina de granulaci\u00f3n de pl\u00e1stico, supo que el problema era la conexi\u00f3n incorrecta de los cables y el valor incorrecto de la configuraci\u00f3n del arrancador. <\/p>    <p>El equipo de tecnolog\u00eda de Shuliy estuvo en Arabia Saudita durante aproximadamente un mes, ayudaron a nuestros clientes a instalar con \u00e9xito la m\u00e1quina de granulaci\u00f3n de pl\u00e1stico y fabricaron excelentes gr\u00e1nulos de pl\u00e1stico de alta calidad y buena apariencia, que tienen un alto valor y beneficio en el mercado. <\/p>    <figure class=\"wp-block-gallery has-nested-images columns-default is-cropped wp-block-gallery-2 is-layout-flex wp-block-gallery-is-layout-flex\"> <figure class=\"wp-block-image size-large\"><img loading=\"lazy\" decoding=\"async\" width=\"720\" height=\"540\" data-id=\"6508\" src=\"https:\/\/www.recycle-plant.com\/wp-content\/uploads\/2023\/01\/plastic-pellet-cutter-and-storage-bin1.jpg\" alt=\"\" class=\"wp-image-6508\" srcset=\"https:\/\/www.recycle-plant.com\/wp-content\/uploads\/2023\/01\/plastic-pellet-cutter-and-storage-bin1.jpg 720w, https:\/\/www.recycle-plant.com\/wp-content\/uploads\/2023\/01\/plastic-pellet-cutter-and-storage-bin1-300x225.jpg 300w\" sizes=\"auto, (max-width: 720px) 100vw, 720px\" \/><figcaption class=\"wp-element-caption\">f\u00e1brica de granulaci\u00f3n de reciclaje en Arabia Saudita<\/figcaption><\/figure>    <figure class=\"wp-block-image size-large\"><img loading=\"lazy\" decoding=\"async\" width=\"720\" height=\"540\" data-id=\"6510\" src=\"https:\/\/www.recycle-plant.com\/wp-content\/uploads\/2023\/01\/plastic-pelletizing-plant-21.jpg\" alt=\"\" class=\"wp-image-6510\" srcset=\"https:\/\/www.recycle-plant.com\/wp-content\/uploads\/2023\/01\/plastic-pelletizing-plant-21.jpg 720w, https:\/\/www.recycle-plant.com\/wp-content\/uploads\/2023\/01\/plastic-pelletizing-plant-21-300x225.jpg 300w\" sizes=\"auto, (max-width: 720px) 100vw, 720px\" \/><figcaption class=\"wp-element-caption\">\u00a1gran cooperaci\u00f3n! <\/figcaption><\/figure> <\/figure>    <figure class=\"wp-block-gallery has-nested-images columns-default is-cropped wp-block-gallery-3 is-layout-flex wp-block-gallery-is-layout-flex\"> <figure class=\"wp-block-image size-large\"><img loading=\"lazy\" decoding=\"async\" width=\"720\" height=\"540\" data-id=\"6511\" src=\"https:\/\/www.recycle-plant.com\/wp-content\/uploads\/2023\/01\/Plastic-recycling-factory-Suadi-Arabia1.jpg\" alt=\"Planta de pelletizaci\u00f3n de pl\u00e1stico\" class=\"wp-image-6511\" srcset=\"https:\/\/www.recycle-plant.com\/wp-content\/uploads\/2023\/01\/Plastic-recycling-factory-Suadi-Arabia1.jpg 720w, https:\/\/www.recycle-plant.com\/wp-content\/uploads\/2023\/01\/Plastic-recycling-factory-Suadi-Arabia1-300x225.jpg 300w\" sizes=\"auto, (max-width: 720px) 100vw, 720px\" \/><figcaption class=\"wp-element-caption\">p<br><br>planta de peletizaci\u00f3n de pl\u00e1stico<\/figcaption><\/figure>    <figure class=\"wp-block-image size-large\"><img loading=\"lazy\" decoding=\"async\" width=\"720\" height=\"540\" data-id=\"6506\" src=\"https:\/\/www.recycle-plant.com\/wp-content\/uploads\/2023\/01\/plastic-pelletizing-plant1.jpg\" alt=\"\" class=\"wp-image-6506\" srcset=\"https:\/\/www.recycle-plant.com\/wp-content\/uploads\/2023\/01\/plastic-pelletizing-plant1.jpg 720w, https:\/\/www.recycle-plant.com\/wp-content\/uploads\/2023\/01\/plastic-pelletizing-plant1-300x225.jpg 300w\" sizes=\"auto, (max-width: 720px) 100vw, 720px\" \/><figcaption class=\"wp-element-caption\">instalaci\u00f3n exitosa de m\u00e1quina de granulaci\u00f3n de pl\u00e1stico<\/figcaption><\/figure> <\/figure>","protected":false},"excerpt":{"rendered":"<p>Shuliy is a plastic recycling machine manufacturer with strong technical support including quality manufacturing equipment, excellent technical developers, and professional manufacturing and sales staff. Therefore, we are able to help q global customers to provide high-quality plastic recycling machines and offering plastic recycling solutions. We can provide professional technical support and excellent should pre and [&hellip;]<\/p>\n","protected":false},"author":1,"featured_media":0,"parent":0,"menu_order":0,"comment_status":"closed","ping_status":"closed","template":"","meta":{"_kad_blocks_custom_css":"","_kad_blocks_head_custom_js":"","_kad_blocks_body_custom_js":"","_kad_blocks_footer_custom_js":"","footnotes":""},"class_list":["post-6693","page","type-page","status-publish","hentry"],"taxonomy_info":[],"featured_image_src_large":false,"author_info":{"display_name":"Ella","author_link":"https:\/\/www.recycle-plant.com\/es\/author\/admin\/"},"comment_info":0,"_links":{"self":[{"href":"https:\/\/www.recycle-plant.com\/es\/wp-json\/wp\/v2\/pages\/6693","targetHints":{"allow":["GET"]}}],"collection":[{"href":"https:\/\/www.recycle-plant.com\/es\/wp-json\/wp\/v2\/pages"}],"about":[{"href":"https:\/\/www.recycle-plant.com\/es\/wp-json\/wp\/v2\/types\/page"}],"author":[{"embeddable":true,"href":"https:\/\/www.recycle-plant.com\/es\/wp-json\/wp\/v2\/users\/1"}],"replies":[{"embeddable":true,"href":"https:\/\/www.recycle-plant.com\/es\/wp-json\/wp\/v2\/comments?post=6693"}],"version-history":[{"count":0,"href":"https:\/\/www.recycle-plant.com\/es\/wp-json\/wp\/v2\/pages\/6693\/revisions"}],"wp:attachment":[{"href":"https:\/\/www.recycle-plant.com\/es\/wp-json\/wp\/v2\/media?parent=6693"}],"curies":[{"name":"wp","href":"https:\/\/api.w.org\/{rel}","templated":true}]}}