{"id":6700,"date":"2023-03-21T10:03:04","date_gmt":"2023-03-21T02:03:04","guid":{"rendered":"https:\/\/www.recycle-plant.com\/?page_id=6700"},"modified":"2023-03-22T11:21:15","modified_gmt":"2023-03-22T03:21:15","slug":"welcome-customer-visit","status":"publish","type":"page","link":"https:\/\/www.recycle-plant.com\/es\/welcome-customer-visit\/","title":{"rendered":"Bienvenido a la visita del cliente"},"content":{"rendered":"<p>Shuliy da la bienvenida a nuestros clientes para que visiten nuestra empresa. Muchos de nuestros clientes toman la iniciativa de venir y ver el sitio antes de comprar la m\u00e1quina. Nuestro gerente de cuentas organizar\u00e1 el alojamiento en el hotel para nuestros clientes con antelaci\u00f3n seg\u00fan su horario y luego los llevar\u00e1 a visitar nuestra empresa.<\/p>    <h2 class=\"wp-block-heading\">Tiempo de placer con los clientes<\/h2>    <p>Todos los clientes visitantes fueron recibidos calurosamente, y nuestros principales l\u00edderes y los gerentes de proyecto m\u00e1s profesionales vinieron a hablar con los clientes e hicieron todo lo posible para satisfacer todas sus necesidades. Las im\u00e1genes a continuaci\u00f3n muestran a los clientes que han comprado equipos de reciclaje de pl\u00e1stico Shuliy y estamos felices de ayudarles a iniciar su propio negocio de reciclaje rentable.<\/p>    <figure class=\"wp-block-gallery has-nested-images columns-default is-cropped wp-block-gallery-2 is-layout-flex wp-block-gallery-is-layout-flex\"> <figure class=\"wp-block-image size-large\"><img loading=\"lazy\" decoding=\"async\" width=\"720\" height=\"540\" data-id=\"6707\" src=\"https:\/\/www.recycle-plant.com\/wp-content\/uploads\/2023\/03\/Shuliy-Group-and-our-customer.jpg\" alt=\"\" class=\"wp-image-6707\" srcset=\"https:\/\/www.recycle-plant.com\/wp-content\/uploads\/2023\/03\/Shuliy-Group-and-our-customer.jpg 720w, https:\/\/www.recycle-plant.com\/wp-content\/uploads\/2023\/03\/Shuliy-Group-and-our-customer-300x225.jpg 300w\" sizes=\"auto, (max-width: 720px) 100vw, 720px\" \/><\/figure>    <figure class=\"wp-block-image size-large\"><img loading=\"lazy\" decoding=\"async\" width=\"720\" height=\"540\" data-id=\"6708\" src=\"https:\/\/www.recycle-plant.com\/wp-content\/uploads\/2023\/03\/Shuliy-project-manager-and-our-customers.jpg\" alt=\"\" class=\"wp-image-6708\" srcset=\"https:\/\/www.recycle-plant.com\/wp-content\/uploads\/2023\/03\/Shuliy-project-manager-and-our-customers.jpg 720w, https:\/\/www.recycle-plant.com\/wp-content\/uploads\/2023\/03\/Shuliy-project-manager-and-our-customers-300x225.jpg 300w\" sizes=\"auto, (max-width: 720px) 100vw, 720px\" \/><\/figure> <\/figure>    <figure class=\"wp-block-gallery has-nested-images columns-default is-cropped wp-block-gallery-3 is-layout-flex wp-block-gallery-is-layout-flex\"> <figure class=\"wp-block-image size-large\"><img loading=\"lazy\" decoding=\"async\" width=\"720\" height=\"528\" data-id=\"6706\" src=\"https:\/\/www.recycle-plant.com\/wp-content\/uploads\/2023\/03\/Shuliy-and-foreign-customers.jpg\" alt=\"\" class=\"wp-image-6706\" srcset=\"https:\/\/www.recycle-plant.com\/wp-content\/uploads\/2023\/03\/Shuliy-and-foreign-customers.jpg 720w, https:\/\/www.recycle-plant.com\/wp-content\/uploads\/2023\/03\/Shuliy-and-foreign-customers-300x220.jpg 300w\" sizes=\"auto, (max-width: 720px) 100vw, 720px\" \/><\/figure>    <figure class=\"wp-block-image size-large\"><img loading=\"lazy\" decoding=\"async\" width=\"720\" height=\"540\" data-id=\"6704\" src=\"https:\/\/www.recycle-plant.com\/wp-content\/uploads\/2023\/03\/customers-and-our-sales-manager.jpg\" alt=\"\" class=\"wp-image-6704\" srcset=\"https:\/\/www.recycle-plant.com\/wp-content\/uploads\/2023\/03\/customers-and-our-sales-manager.jpg 720w, https:\/\/www.recycle-plant.com\/wp-content\/uploads\/2023\/03\/customers-and-our-sales-manager-300x225.jpg 300w\" sizes=\"auto, (max-width: 720px) 100vw, 720px\" \/><\/figure> <\/figure>    <h2 class=\"wp-block-heading\">\u00bfC\u00f3mo recibimos a nuestros clientes?<\/h2>    <h3 class=\"wp-block-heading\">Preparaci\u00f3n <\/h3>    <p>Despu\u00e9s de recibir la informaci\u00f3n sobre la visita del cliente, el gerente de proyecto responder\u00e1 al cliente por correo electr\u00f3nico o tel\u00e9fono lo antes posible. Expresaremos la bienvenida a la visita del cliente, luego preguntaremos el n\u00famero de visitantes y si necesitan ser recogidos en coche en el momento de la visita, para facilitar todos los arreglos para la visita.<\/p>    <p>Despu\u00e9s de recibir la informaci\u00f3n del cliente, Shuliy Group har\u00e1 todos los arreglos lo antes posible, como enviar una solicitud de coche, elaborar una carta de contacto para la visita del cliente, preparar muestras, folletos de introducci\u00f3n de productos, etc. Planificaremos al gerente o l\u00edder del equipo que acompa\u00f1ar\u00e1 la recepci\u00f3n, haremos el proceso de visita, hablaremos sobre el contenido y esperamos alcanzar el objetivo.<\/p>    <h3 class=\"wp-block-heading\">Proceso de recepci\u00f3n<\/h3>    <p>Recibiremos a nuestros clientes en el aeropuerto seg\u00fan su hora de llegada a China. Si el equipaje del cliente es inc\u00f3modo de llevar, enviaremos al cliente al hotel para dejar primero el equipaje.<\/p>    <p>Despu\u00e9s de llegar a la empresa, prepararemos el ambiente m\u00e1s c\u00f3modo para que el cliente hable con antelaci\u00f3n, con fruta y caf\u00e9 preparados previamente.<\/p>    <p>Durante la conversaci\u00f3n, el vendedor resolver\u00e1 las preguntas del cliente sobre el funcionamiento de la m\u00e1quina, el precio, etc. a tiempo. Despu\u00e9s de eso, haremos un recorrido por nuestra f\u00e1brica y mostraremos muestras.<\/p>    <h3 class=\"wp-block-heading\">Despu\u00e9s de la visita<\/h3>    <p>Al final de la visita, el Grupo Shuliy agradecer\u00e1 a nuestros clientes por su apoyo a nuestra empresa y productos, y definitivamente mantendremos un estricto control de calidad y proporcionaremos un servicio de calidad a nuestros clientes.<\/p>    <p>Organizar la devoluci\u00f3n del cliente. Si el cliente va directamente al aeropuerto, lo enviaremos al aeropuerto; si el cliente tiene que ir a otro destino a continuaci\u00f3n, organizaremos un veh\u00edculo y proporcionaremos al cliente un plan de ruta \u00edntimo.<\/p>","protected":false},"excerpt":{"rendered":"<p>Shuliy welcomes our customers to visit our company. Many of our customers take the initiative to come and see the site before they buy the machine. Our account manager will arrange hotel accommodation for our customers in advance according to their schedule and then lead them to visit our company. Pleasure time with customers All [&hellip;]<\/p>\n","protected":false},"author":1,"featured_media":6705,"parent":0,"menu_order":0,"comment_status":"closed","ping_status":"closed","template":"","meta":{"_kad_blocks_custom_css":"","_kad_blocks_head_custom_js":"","_kad_blocks_body_custom_js":"","_kad_blocks_footer_custom_js":"","footnotes":""},"class_list":["post-6700","page","type-page","status-publish","has-post-thumbnail","hentry"],"taxonomy_info":[],"featured_image_src_large":["https:\/\/www.recycle-plant.com\/wp-content\/uploads\/2023\/03\/photo-with-customers.jpg",704,540,false],"author_info":{"display_name":"Ella","author_link":"https:\/\/www.recycle-plant.com\/es\/author\/admin\/"},"comment_info":0,"_links":{"self":[{"href":"https:\/\/www.recycle-plant.com\/es\/wp-json\/wp\/v2\/pages\/6700","targetHints":{"allow":["GET"]}}],"collection":[{"href":"https:\/\/www.recycle-plant.com\/es\/wp-json\/wp\/v2\/pages"}],"about":[{"href":"https:\/\/www.recycle-plant.com\/es\/wp-json\/wp\/v2\/types\/page"}],"author":[{"embeddable":true,"href":"https:\/\/www.recycle-plant.com\/es\/wp-json\/wp\/v2\/users\/1"}],"replies":[{"embeddable":true,"href":"https:\/\/www.recycle-plant.com\/es\/wp-json\/wp\/v2\/comments?post=6700"}],"version-history":[{"count":0,"href":"https:\/\/www.recycle-plant.com\/es\/wp-json\/wp\/v2\/pages\/6700\/revisions"}],"wp:featuredmedia":[{"embeddable":true,"href":"https:\/\/www.recycle-plant.com\/es\/wp-json\/wp\/v2\/media\/6705"}],"wp:attachment":[{"href":"https:\/\/www.recycle-plant.com\/es\/wp-json\/wp\/v2\/media?parent=6700"}],"curies":[{"name":"wp","href":"https:\/\/api.w.org\/{rel}","templated":true}]}}