{"id":6718,"date":"2023-03-21T15:26:28","date_gmt":"2023-03-21T07:26:28","guid":{"rendered":"https:\/\/www.recycle-plant.com\/?page_id=6718"},"modified":"2023-03-21T15:26:31","modified_gmt":"2023-03-21T07:26:31","slug":"waste-tire-recycling-project","status":"publish","type":"page","link":"https:\/\/www.recycle-plant.com\/es\/waste-tire-recycling-project\/","title":{"rendered":"Proyecto de reciclaje de neum\u00e1ticos usados"},"content":{"rendered":"<p>Shuliy dise\u00f1\u00f3 el sistema de reciclaje y eliminaci\u00f3n de neum\u00e1ticos usados, que incluye trituraci\u00f3n de neum\u00e1ticos, separaci\u00f3n de alambre de acero, eliminaci\u00f3n de hierro, separaci\u00f3n de fibras y otros equipos de eliminaci\u00f3n, y tambi\u00e9n se pueden agregar equipos de procesamiento adicionales como peletizadoras, molinos, etc., y finalmente se pueden obtener gr\u00e1nulos de goma de alta calidad o polvo de goma.<\/p>    <h2 class=\"wp-block-heading\">L\u00ednea de granulaci\u00f3n de neum\u00e1ticos usados<\/h2>    <p>Los neum\u00e1ticos de desecho se producen en todo el mundo en cada momento. Provienen de autom\u00f3viles de uso dom\u00e9stico y de varios veh\u00edculos de trabajo. La composici\u00f3n de los neum\u00e1ticos de desecho incluye caucho, acero, negro de carb\u00f3n y una variedad de productos qu\u00edmicos, por lo tanto, los neum\u00e1ticos de desecho tambi\u00e9n se conocen como una \"mina de oro negro\". Y el reciclaje de neum\u00e1ticos de desecho es un negocio maduro y rentable. El uso de neum\u00e1ticos de desecho para hacer combustible derivado de neum\u00e1ticos (TDF), gr\u00e1nulos de caucho, polvo de caucho y refinaci\u00f3n de aceite craqueado son algunas aplicaciones representativas del reciclaje.<\/p>    <p>El Grupo Shuliy ha dise\u00f1ado soluciones especializadas para el procesamiento de neum\u00e1ticos usados para manejar todo tipo de neum\u00e1ticos, incluidos neum\u00e1ticos de autom\u00f3viles, neum\u00e1ticos de camiones, neum\u00e1ticos sesgados, neum\u00e1ticos radiales, neum\u00e1ticos neum\u00e1ticos, neum\u00e1ticos s\u00f3lidos, etc. La m\u00e1quina de reciclaje de neum\u00e1ticos usados los tritura, separa los alambres de acero, luego elimina el hierro y separa las fibras. El equipo de reciclaje de neum\u00e1ticos usados puede ayudar a los usuarios a obtener polvo de caucho de mayor pureza, gr\u00e1nulos de caucho, alambre de acero, etc., lo que es m\u00e1s rentable que vender neum\u00e1ticos usados directamente.<\/p>    <figure class=\"wp-block-gallery aligncenter has-nested-images columns-default is-cropped wp-block-gallery-2 is-layout-flex wp-block-gallery-is-layout-flex\"> <figure class=\"wp-block-image size-full\"><img loading=\"lazy\" decoding=\"async\" width=\"720\" height=\"540\" data-id=\"6467\" src=\"https:\/\/www.recycle-plant.com\/wp-content\/uploads\/2023\/01\/automatic-rubber-powder-production-line1.jpg\" alt=\"l\u00ednea de producci\u00f3n autom\u00e1tica de polvo de caucho\" class=\"wp-image-6467\" srcset=\"https:\/\/www.recycle-plant.com\/wp-content\/uploads\/2023\/01\/automatic-rubber-powder-production-line1.jpg 720w, https:\/\/www.recycle-plant.com\/wp-content\/uploads\/2023\/01\/automatic-rubber-powder-production-line1-300x225.jpg 300w\" sizes=\"auto, (max-width: 720px) 100vw, 720px\" \/><figcaption class=\"wp-element-caption\">l\u00ednea de producci\u00f3n autom\u00e1tica de polvo de caucho<\/figcaption><\/figure>    <figure class=\"wp-block-image size-full\"><img loading=\"lazy\" decoding=\"async\" width=\"720\" height=\"540\" data-id=\"4489\" src=\"https:\/\/www.recycle-plant.com\/wp-content\/uploads\/2021\/05\/Rubber-powder-production-line.jpg\" alt=\"L\u00ednea de producci\u00f3n de polvo de caucho\" class=\"wp-image-4489\" srcset=\"https:\/\/www.recycle-plant.com\/wp-content\/uploads\/2021\/05\/Rubber-powder-production-line.jpg 720w, https:\/\/www.recycle-plant.com\/wp-content\/uploads\/2021\/05\/Rubber-powder-production-line-300x225.jpg 300w\" sizes=\"auto, (max-width: 720px) 100vw, 720px\" \/><figcaption class=\"wp-element-caption\">L\u00ednea de producci\u00f3n de polvo de goma semiautom\u00e1tica<\/figcaption><\/figure> <\/figure>    <h2 class=\"wp-block-heading\">Productos que puedes obtener de la l\u00ednea de reciclaje de neum\u00e1ticos<\/h2>    <figure class=\"wp-block-image aligncenter size-full\"><img loading=\"lazy\" decoding=\"async\" width=\"720\" height=\"540\" src=\"https:\/\/www.recycle-plant.com\/wp-content\/uploads\/2023\/03\/waste-tire-recycling-project.jpg\" alt=\"Proyecto de reciclaje de neum\u00e1ticos usados\" class=\"wp-image-6721\" srcset=\"https:\/\/www.recycle-plant.com\/wp-content\/uploads\/2023\/03\/waste-tire-recycling-project.jpg 720w, https:\/\/www.recycle-plant.com\/wp-content\/uploads\/2023\/03\/waste-tire-recycling-project-300x225.jpg 300w\" sizes=\"auto, (max-width: 720px) 100vw, 720px\" \/><figcaption class=\"wp-element-caption\">Proyecto de reciclaje de neum\u00e1ticos usados<\/figcaption><\/figure>    <h2 class=\"wp-block-heading\">Ventajas del proyecto de reciclaje de neum\u00e1ticos usados de Shuliy<\/h2>    <ul class=\"wp-block-list\"> <li>La l\u00ednea de reciclaje de neum\u00e1ticos adopta una m\u00e1quina de alta calidad, que incluye una m\u00e1quina trituradora de neum\u00e1ticos usados, un tamiz vibrante y un separador de alambre de bead con una mayor eficiencia de procesamiento. Shuliy Group proporciona plantas de reciclaje de neum\u00e1ticos autom\u00e1ticas y semiautom\u00e1ticas para plantas de reciclaje de neum\u00e1ticos a peque\u00f1a escala.<\/li>    <li>De acuerdo con los diferentes requisitos de tama\u00f1o de part\u00edcula de descarga, se pueden combinar el separador de alambre de acero, el rompedora de goma, el granulador, el separador de fibra, el molino y otros equipos, la configuraci\u00f3n de la l\u00ednea de producci\u00f3n es flexible.<\/li>    <li>La operaci\u00f3n autom\u00e1tica de la l\u00ednea de producci\u00f3n de polvo de caucho totalmente autom\u00e1tica puede ahorrar mano de obra y tiempo, y mejorar la estabilidad de trabajo del sistema.<\/li> <\/ul>","protected":false},"excerpt":{"rendered":"<p>Shuliy designed the waste tire recycling and disposal system, including tire shredding, steel wire separation, iron removal, fiber separation and other disposal equipment, and can also add further processing equipment such as pelletizers, grinders, etc., and finally can obtain high-quality rubber granules or rubber powder. Waste tire granulating line Scrap tires are produced every moment [&hellip;]<\/p>\n","protected":false},"author":1,"featured_media":0,"parent":0,"menu_order":0,"comment_status":"closed","ping_status":"closed","template":"","meta":{"_kad_blocks_custom_css":"","_kad_blocks_head_custom_js":"","_kad_blocks_body_custom_js":"","_kad_blocks_footer_custom_js":"","footnotes":""},"class_list":["post-6718","page","type-page","status-publish","hentry"],"taxonomy_info":[],"featured_image_src_large":false,"author_info":{"display_name":"Ella","author_link":"https:\/\/www.recycle-plant.com\/es\/author\/admin\/"},"comment_info":0,"_links":{"self":[{"href":"https:\/\/www.recycle-plant.com\/es\/wp-json\/wp\/v2\/pages\/6718","targetHints":{"allow":["GET"]}}],"collection":[{"href":"https:\/\/www.recycle-plant.com\/es\/wp-json\/wp\/v2\/pages"}],"about":[{"href":"https:\/\/www.recycle-plant.com\/es\/wp-json\/wp\/v2\/types\/page"}],"author":[{"embeddable":true,"href":"https:\/\/www.recycle-plant.com\/es\/wp-json\/wp\/v2\/users\/1"}],"replies":[{"embeddable":true,"href":"https:\/\/www.recycle-plant.com\/es\/wp-json\/wp\/v2\/comments?post=6718"}],"version-history":[{"count":0,"href":"https:\/\/www.recycle-plant.com\/es\/wp-json\/wp\/v2\/pages\/6718\/revisions"}],"wp:attachment":[{"href":"https:\/\/www.recycle-plant.com\/es\/wp-json\/wp\/v2\/media?parent=6718"}],"curies":[{"name":"wp","href":"https:\/\/api.w.org\/{rel}","templated":true}]}}