{"id":6728,"date":"2023-03-22T14:52:15","date_gmt":"2023-03-22T06:52:15","guid":{"rendered":"https:\/\/www.recycle-plant.com\/?page_id=6728"},"modified":"2023-03-22T14:52:40","modified_gmt":"2023-03-22T06:52:40","slug":"plastic-tube-manufacturing-process","status":"publish","type":"page","link":"https:\/\/www.recycle-plant.com\/es\/plastic-tube-manufacturing-process\/","title":{"rendered":"Proceso de fabricaci\u00f3n de tubos de pl\u00e1stico"},"content":{"rendered":"<p>Los tubos de pl\u00e1stico son un componente esencial en muchas industrias, desde el embalaje hasta los dispositivos m\u00e9dicos. Son flexibles, ligeros y se pueden personalizar para cumplir con diversos requisitos. Sin embargo, el proceso de fabricaci\u00f3n de tubos de pl\u00e1stico es complejo, requiriendo un alto nivel de precisi\u00f3n, experiencia y equipo profesional.<\/p>    <h2 class=\"wp-block-heading\">Materiales comunes de tuber\u00eda de pl\u00e1stico<\/h2>    <p>Cloruro de polivinilo (PVC): El PVC es un material pl\u00e1stico popular utilizado en la fabricaci\u00f3n de tuber\u00edas debido a su durabilidad, resistencia qu\u00edmica y bajo costo. Se utiliza com\u00fanmente en sistemas de suministro de agua y drenaje, sistemas de riego y conductos el\u00e9ctricos.<\/p>    <p>Polietileno de alta densidad (PEAD): El PEAD es un material termopl\u00e1stico que se utiliza com\u00fanmente en la fabricaci\u00f3n de tuber\u00edas debido a su alta resistencia, durabilidad y resistencia a productos qu\u00edmicos y rayos UV. Se utiliza en sistemas de suministro de agua, sistemas de distribuci\u00f3n de gas y sistemas de drenaje.<\/p>    <p>Polipropileno (PP): El PP es un material termopl\u00e1stico que se utiliza com\u00fanmente en la fabricaci\u00f3n de tuber\u00edas debido a su alta resistencia a productos qu\u00edmicos y al calor. Se utiliza en sistemas de suministro de agua, transporte de productos qu\u00edmicos y sistemas de alcantarillado.<\/p>    <h2 class=\"wp-block-heading\">M\u00e1quina de fabricaci\u00f3n de tuber\u00edas de pl\u00e1stico Shuliy<\/h2>    <p class=\"translation-block\">Shuliy Group proporciona la<a href=\"https:\/\/www.recycle-plant.com\/es\/plastic-pipe-making-machine.html\"> l\u00ednea de producci\u00f3n de tuber\u00edas de pl\u00e1stico<\/a> completa y las m\u00e1quinas relacionadas. Nuestros tubos de pl\u00e1stico se fabrican mediante el proceso de extrusi\u00f3n, que es el m\u00e9todo m\u00e1s com\u00fan para fabricar tubos de pl\u00e1stico. Implica fundir materias primas termopl\u00e1sticas y forzarlas a trav\u00e9s de una matriz para crear un tubo continuo. Este proceso est\u00e1 altamente automatizado, lo que garantiza una calidad de tubo constante y una eficiencia de producci\u00f3n.<\/p>    <figure class=\"wp-block-image size-full\"><img loading=\"lazy\" decoding=\"async\" width=\"720\" height=\"540\" src=\"https:\/\/www.recycle-plant.com\/wp-content\/uploads\/2022\/06\/plastic-pipe-production-line.jpg\" alt=\"l\u00ednea de producci\u00f3n de tuber\u00edas de pl\u00e1stico\" class=\"wp-image-6051\" srcset=\"https:\/\/www.recycle-plant.com\/wp-content\/uploads\/2022\/06\/plastic-pipe-production-line.jpg 720w, https:\/\/www.recycle-plant.com\/wp-content\/uploads\/2022\/06\/plastic-pipe-production-line-300x225.jpg 300w\" sizes=\"auto, (max-width: 720px) 100vw, 720px\" \/><figcaption class=\"wp-element-caption\">l\u00ednea de producci\u00f3n de tuber\u00edas de pl\u00e1stico<\/figcaption><\/figure>    <h2 class=\"wp-block-heading\">Elige Shuliy, obt\u00e9n las tuber\u00edas de pl\u00e1stico que deseas<\/h2>    <figure class=\"wp-block-gallery has-nested-images columns-default is-cropped wp-block-gallery-2 is-layout-flex wp-block-gallery-is-layout-flex\"> <figure class=\"wp-block-image size-large\"><img loading=\"lazy\" decoding=\"async\" width=\"720\" height=\"540\" data-id=\"6048\" src=\"https:\/\/www.recycle-plant.com\/wp-content\/uploads\/2022\/06\/PVC-pipes.jpg\" alt=\"tuber\u00edas de PVC\" class=\"wp-image-6048\" srcset=\"https:\/\/www.recycle-plant.com\/wp-content\/uploads\/2022\/06\/PVC-pipes.jpg 720w, https:\/\/www.recycle-plant.com\/wp-content\/uploads\/2022\/06\/PVC-pipes-300x225.jpg 300w\" sizes=\"auto, (max-width: 720px) 100vw, 720px\" \/><\/figure>    <figure class=\"wp-block-image size-large\"><img loading=\"lazy\" decoding=\"async\" width=\"720\" height=\"540\" data-id=\"6047\" src=\"https:\/\/www.recycle-plant.com\/wp-content\/uploads\/2022\/06\/products-of-plastic-pipe-production-line.jpg\" alt=\"productos de la l\u00ednea de producci\u00f3n de tuber\u00edas de pl\u00e1stico\" class=\"wp-image-6047\" srcset=\"https:\/\/www.recycle-plant.com\/wp-content\/uploads\/2022\/06\/products-of-plastic-pipe-production-line.jpg 720w, https:\/\/www.recycle-plant.com\/wp-content\/uploads\/2022\/06\/products-of-plastic-pipe-production-line-300x225.jpg 300w\" sizes=\"auto, (max-width: 720px) 100vw, 720px\" \/><\/figure> <\/figure>    <p>El proceso de fabricaci\u00f3n de tubos de pl\u00e1stico es complejo, pero tambi\u00e9n es altamente eficiente y vers\u00e1til. Al utilizar m\u00e1quinas y t\u00e9cnicas avanzadas para la fabricaci\u00f3n de tubos de pl\u00e1stico, los fabricantes pueden crear tubos que cumplen con requisitos espec\u00edficos de resistencia, flexibilidad y resistencia qu\u00edmica. <\/p>    <p>Si est\u00e1 buscando un proveedor confiable de m\u00e1quinas para la fabricaci\u00f3n de tuber\u00edas de pl\u00e1stico, aseg\u00farese de elegir un fabricante con experiencia en t\u00e9cnicas de extrusi\u00f3n, moldeo y acabado. Creemos que elegir Shuliy Group es su mejor opci\u00f3n. Si est\u00e1 interesado, puede dejar su requerimiento en nuestro formulario de mensajes. Nuestro gerente de proyectos profesional se pondr\u00e1 en contacto con usted pronto.<\/p>","protected":false},"excerpt":{"rendered":"<p>Plastic tubes are an essential component in many industries, from packaging to medical devices. They are flexible, lightweight, and can be customized to meet various requirements. However, the plastic pipe manufacturing process is complex, requiring a high level of precision, expertise and professional equipment. Common materials of plastic pipe Polyvinyl chloride (PVC): PVC is a [&hellip;]<\/p>\n","protected":false},"author":1,"featured_media":0,"parent":0,"menu_order":0,"comment_status":"closed","ping_status":"closed","template":"","meta":{"_kad_blocks_custom_css":"","_kad_blocks_head_custom_js":"","_kad_blocks_body_custom_js":"","_kad_blocks_footer_custom_js":"","footnotes":""},"class_list":["post-6728","page","type-page","status-publish","hentry"],"taxonomy_info":[],"featured_image_src_large":false,"author_info":{"display_name":"Ella","author_link":"https:\/\/www.recycle-plant.com\/es\/author\/admin\/"},"comment_info":0,"_links":{"self":[{"href":"https:\/\/www.recycle-plant.com\/es\/wp-json\/wp\/v2\/pages\/6728","targetHints":{"allow":["GET"]}}],"collection":[{"href":"https:\/\/www.recycle-plant.com\/es\/wp-json\/wp\/v2\/pages"}],"about":[{"href":"https:\/\/www.recycle-plant.com\/es\/wp-json\/wp\/v2\/types\/page"}],"author":[{"embeddable":true,"href":"https:\/\/www.recycle-plant.com\/es\/wp-json\/wp\/v2\/users\/1"}],"replies":[{"embeddable":true,"href":"https:\/\/www.recycle-plant.com\/es\/wp-json\/wp\/v2\/comments?post=6728"}],"version-history":[{"count":0,"href":"https:\/\/www.recycle-plant.com\/es\/wp-json\/wp\/v2\/pages\/6728\/revisions"}],"wp:attachment":[{"href":"https:\/\/www.recycle-plant.com\/es\/wp-json\/wp\/v2\/media?parent=6728"}],"curies":[{"name":"wp","href":"https:\/\/api.w.org\/{rel}","templated":true}]}}