{"id":6612,"date":"2023-03-08T09:48:08","date_gmt":"2023-03-08T09:48:08","guid":{"rendered":"https:\/\/www.recycle-plant.com\/?page_id=6612"},"modified":"2023-03-09T08:32:59","modified_gmt":"2023-03-09T08:32:59","slug":"shuliy-groups-global-customers","status":"publish","type":"page","link":"https:\/\/www.recycle-plant.com\/fr\/shuliy-groups-global-customers\/","title":{"rendered":"Clients mondiaux du groupe Shuliy"},"content":{"rendered":"<p>La machine de granulation en plastique Shuliy, la machine de recyclage des bouteilles en PET et la machine de recyclage des pneus usag\u00e9s ont \u00e9t\u00e9 export\u00e9es et install\u00e9es dans plus de 50 pays, y compris :<\/p>    <p>Asie : Arabie Saoudite, Japon, Sri Lanka, Kazakhstan, Malaisie,<\/p>    <p>Afrique : S\u00e9n\u00e9gal, Ghana, Nig\u00e9ria, Ouganda, Kenya, Tanzanie, Mozambique, \u00c9thiopie, Congo<\/p>    <p>Europe : Kosovo, Royaume-Uni, Allemagne, Hongrie, Roumanie, <\/p>    <p>Am\u00e9rique du Nord : Am\u00e9rique, Jama\u00efque<\/p>    <h2 class=\"wp-block-heading\">Site de livraison<\/h2>    <p>Avant l'exp\u00e9dition de la machine, nos ing\u00e9nieurs v\u00e9rifieront soigneusement les machines et la quantit\u00e9 des accessoires. Nous enverrons le sch\u00e9ma d'exp\u00e9dition de la machine et la vid\u00e9o au client en temps voulu, afin que le client puisse conna\u00eetre la situation du transport de la machine \u00e0 tout moment.<\/p>    <figure class=\"wp-block-gallery has-nested-images columns-default is-cropped wp-block-gallery-2 is-layout-flex wp-block-gallery-is-layout-flex\"> <figure class=\"wp-block-image size-large\"><img loading=\"lazy\" decoding=\"async\" width=\"540\" height=\"720\" data-id=\"6490\" src=\"https:\/\/www.recycle-plant.com\/wp-content\/uploads\/2023\/01\/Plastic-granulator-shipped-to-Mozambique1.jpg\" alt=\"Granulateur plastique exp\u00e9di\u00e9 au Mozambique\" class=\"wp-image-6490\" srcset=\"https:\/\/www.recycle-plant.com\/wp-content\/uploads\/2023\/01\/Plastic-granulator-shipped-to-Mozambique1.jpg 540w, https:\/\/www.recycle-plant.com\/wp-content\/uploads\/2023\/01\/Plastic-granulator-shipped-to-Mozambique1-225x300.jpg 225w\" sizes=\"auto, (max-width: 540px) 100vw, 540px\" \/><figcaption class=\"wp-element-caption\">Granulateur plastique exp\u00e9di\u00e9 au Mozambique<\/figcaption><\/figure>    <figure class=\"wp-block-image size-large\"><img loading=\"lazy\" decoding=\"async\" width=\"540\" height=\"720\" data-id=\"6440\" src=\"https:\/\/www.recycle-plant.com\/wp-content\/uploads\/2019\/11\/PET-bottle-washing-machines1.jpg\" alt=\"\" class=\"wp-image-6440\" srcset=\"https:\/\/www.recycle-plant.com\/wp-content\/uploads\/2019\/11\/PET-bottle-washing-machines1.jpg 540w, https:\/\/www.recycle-plant.com\/wp-content\/uploads\/2019\/11\/PET-bottle-washing-machines1-225x300.jpg 225w\" sizes=\"auto, (max-width: 540px) 100vw, 540px\" \/><figcaption class=\"wp-element-caption\">Ligne de recyclage de bouteilles en PET envoy\u00e9e au Mozambique<\/figcaption><\/figure>    <figure class=\"wp-block-image size-large\"><img loading=\"lazy\" decoding=\"async\" width=\"540\" height=\"720\" data-id=\"6288\" src=\"https:\/\/www.recycle-plant.com\/wp-content\/uploads\/2022\/11\/shipment.jpg\" alt=\"Exp\u00e9dition de presse \u00e0 balles en plastique\" class=\"wp-image-6288\" srcset=\"https:\/\/www.recycle-plant.com\/wp-content\/uploads\/2022\/11\/shipment.jpg 540w, https:\/\/www.recycle-plant.com\/wp-content\/uploads\/2022\/11\/shipment-225x300.jpg 225w\" sizes=\"auto, (max-width: 540px) 100vw, 540px\" \/><figcaption class=\"wp-element-caption\">Exp\u00e9dition de presse \u00e0 balles en plastique vers le Ghana<\/figcaption><\/figure>    <figure class=\"wp-block-image size-large\"><img loading=\"lazy\" decoding=\"async\" width=\"540\" height=\"720\" data-id=\"6282\" src=\"https:\/\/www.recycle-plant.com\/wp-content\/uploads\/2022\/11\/plastic-pelletizers.jpg\" alt=\"granulateurs de plastique\" class=\"wp-image-6282\" srcset=\"https:\/\/www.recycle-plant.com\/wp-content\/uploads\/2022\/11\/plastic-pelletizers.jpg 540w, https:\/\/www.recycle-plant.com\/wp-content\/uploads\/2022\/11\/plastic-pelletizers-225x300.jpg 225w\" sizes=\"auto, (max-width: 540px) 100vw, 540px\" \/><figcaption class=\"wp-element-caption\">granulateurs de plastique envoy\u00e9s en \u00c9thiopie<\/figcaption><\/figure>    <figure class=\"wp-block-image size-large\"><img loading=\"lazy\" decoding=\"async\" width=\"540\" height=\"720\" data-id=\"6173\" src=\"https:\/\/www.recycle-plant.com\/wp-content\/uploads\/2022\/10\/loading-and-delivery1.jpg\" alt=\"chargement et livraison\" class=\"wp-image-6173\" srcset=\"https:\/\/www.recycle-plant.com\/wp-content\/uploads\/2022\/10\/loading-and-delivery1.jpg 540w, https:\/\/www.recycle-plant.com\/wp-content\/uploads\/2022\/10\/loading-and-delivery1-225x300.jpg 225w\" sizes=\"auto, (max-width: 540px) 100vw, 540px\" \/><figcaption class=\"wp-element-caption\">chargement et livraison<\/figcaption><\/figure>    <figure class=\"wp-block-image size-large\"><img loading=\"lazy\" decoding=\"async\" width=\"540\" height=\"720\" data-id=\"6172\" src=\"https:\/\/www.recycle-plant.com\/wp-content\/uploads\/2022\/10\/loading1.jpg\" alt=\"\" class=\"wp-image-6172\" srcset=\"https:\/\/www.recycle-plant.com\/wp-content\/uploads\/2022\/10\/loading1.jpg 540w, https:\/\/www.recycle-plant.com\/wp-content\/uploads\/2022\/10\/loading1-225x300.jpg 225w\" sizes=\"auto, (max-width: 540px) 100vw, 540px\" \/><figcaption class=\"wp-element-caption\">ligne de granulation de plastique exp\u00e9di\u00e9e en Arabie Saoudite<\/figcaption><\/figure> <\/figure>    <h2 class=\"wp-block-heading\">Installation sur site du client<\/h2>    <p>Shuliy fournit des services d'installation, de formation \u00e0 la mise en service et de suivi. La photo suivante a \u00e9t\u00e9 prise par nos clients d'Arabie Saoudite dans leur usine locale de recyclage de plastique. Le client a achet\u00e9 une ligne compl\u00e8te de granulation de plastique aupr\u00e8s de Shuliy, afin de l'aider \u00e0 installer la ligne de granulation, Shuliy a organis\u00e9 l'envoi de notre \u00e9quipe d'ing\u00e9nieurs en Arabie Saoudite. <\/p>    <figure class=\"wp-block-image size-full\"><img loading=\"lazy\" decoding=\"async\" width=\"720\" height=\"540\" src=\"https:\/\/www.recycle-plant.com\/wp-content\/uploads\/2023\/01\/plastic-pelletizing-plant1.jpg\" alt=\"\" class=\"wp-image-6506\" srcset=\"https:\/\/www.recycle-plant.com\/wp-content\/uploads\/2023\/01\/plastic-pelletizing-plant1.jpg 720w, https:\/\/www.recycle-plant.com\/wp-content\/uploads\/2023\/01\/plastic-pelletizing-plant1-300x225.jpg 300w\" sizes=\"auto, (max-width: 720px) 100vw, 720px\" \/><\/figure>    <h2 class=\"wp-block-heading\">Retour d'exp\u00e9rience de nos clients \u00e0 l'international<\/h2>    <h3 class=\"wp-block-heading\">Vid\u00e9o de retour d'exp\u00e9rience du client du Kenya<\/h3>    <figure class=\"wp-block-embed is-type-video is-provider-youtube wp-block-embed-youtube wp-embed-aspect-16-9 wp-has-aspect-ratio\"><div class=\"wp-block-embed__wrapper\"> <iframe loading=\"lazy\" title=\"Retour d&#039;exp\u00e9rience sur la machine \u00e0 pelletiser le plastique au Kenya | Machine \u00e0 pelletiser le plastique\" width=\"500\" height=\"281\" src=\"https:\/\/www.youtube.com\/embed\/xBZN9RXEWh0?feature=oembed\" frameborder=\"0\" allow=\"accelerometer; autoplay; clipboard-write; encrypted-media; gyroscope; picture-in-picture; web-share\" referrerpolicy=\"strict-origin-when-cross-origin\" allowfullscreen><\/iframe> <\/div><\/figure>    <h3 class=\"wp-block-heading\">Coop\u00e9ration r\u00e9ussie avec des clients au Mozambique et en Malaisie<\/h3>    <figure class=\"wp-block-gallery has-nested-images columns-default is-cropped wp-block-gallery-3 is-layout-flex wp-block-gallery-is-layout-flex\"> <figure class=\"wp-block-image size-large\"><img loading=\"lazy\" decoding=\"async\" width=\"720\" height=\"540\" data-id=\"6433\" src=\"https:\/\/www.recycle-plant.com\/wp-content\/uploads\/2019\/11\/cooperition-with-customer1.jpg\" alt=\"\" class=\"wp-image-6433\" srcset=\"https:\/\/www.recycle-plant.com\/wp-content\/uploads\/2019\/11\/cooperition-with-customer1.jpg 720w, https:\/\/www.recycle-plant.com\/wp-content\/uploads\/2019\/11\/cooperition-with-customer1-300x225.jpg 300w\" sizes=\"auto, (max-width: 720px) 100vw, 720px\" \/><\/figure>    <figure class=\"wp-block-image size-large\"><img loading=\"lazy\" decoding=\"async\" width=\"720\" height=\"540\" data-id=\"6378\" src=\"https:\/\/www.recycle-plant.com\/wp-content\/uploads\/2022\/12\/chat-records1.jpg\" alt=\"\" class=\"wp-image-6378\" srcset=\"https:\/\/www.recycle-plant.com\/wp-content\/uploads\/2022\/12\/chat-records1.jpg 720w, https:\/\/www.recycle-plant.com\/wp-content\/uploads\/2022\/12\/chat-records1-300x225.jpg 300w\" sizes=\"auto, (max-width: 720px) 100vw, 720px\" \/><\/figure> <\/figure>","protected":false},"excerpt":{"rendered":"<p>Shuliy plastic granulating machine, PET bottle recycling machine, and waste tire recycling machine have been exported and installed in more than 50 countries including: Asia: Saudi Arabia, Japan, Sri Lanka, Kazakhstan\uff0c Malaysia\uff0c Africa: Senegal, Ghana, Nigeria, Uganda, Kenya, Tanzania, Mozambique, Ethiopia, Congo Europe: Kosovo, United Kingdom, Germany, Hungary, Romania, North America: America, Jamaica Delivery site [&hellip;]<\/p>\n","protected":false},"author":1,"featured_media":0,"parent":0,"menu_order":0,"comment_status":"closed","ping_status":"closed","template":"","meta":{"_kad_blocks_custom_css":"","_kad_blocks_head_custom_js":"","_kad_blocks_body_custom_js":"","_kad_blocks_footer_custom_js":"","footnotes":""},"class_list":["post-6612","page","type-page","status-publish","hentry"],"taxonomy_info":[],"featured_image_src_large":false,"author_info":{"display_name":"Ella","author_link":"https:\/\/www.recycle-plant.com\/fr\/author\/admin\/"},"comment_info":0,"_links":{"self":[{"href":"https:\/\/www.recycle-plant.com\/fr\/wp-json\/wp\/v2\/pages\/6612","targetHints":{"allow":["GET"]}}],"collection":[{"href":"https:\/\/www.recycle-plant.com\/fr\/wp-json\/wp\/v2\/pages"}],"about":[{"href":"https:\/\/www.recycle-plant.com\/fr\/wp-json\/wp\/v2\/types\/page"}],"author":[{"embeddable":true,"href":"https:\/\/www.recycle-plant.com\/fr\/wp-json\/wp\/v2\/users\/1"}],"replies":[{"embeddable":true,"href":"https:\/\/www.recycle-plant.com\/fr\/wp-json\/wp\/v2\/comments?post=6612"}],"version-history":[{"count":0,"href":"https:\/\/www.recycle-plant.com\/fr\/wp-json\/wp\/v2\/pages\/6612\/revisions"}],"wp:attachment":[{"href":"https:\/\/www.recycle-plant.com\/fr\/wp-json\/wp\/v2\/media?parent=6612"}],"curies":[{"name":"wp","href":"https:\/\/api.w.org\/{rel}","templated":true}]}}