{"id":6633,"date":"2023-03-09T09:51:23","date_gmt":"2023-03-09T09:51:23","guid":{"rendered":"https:\/\/www.recycle-plant.com\/?page_id=6633"},"modified":"2023-03-09T09:51:24","modified_gmt":"2023-03-09T09:51:24","slug":"shuliy-factory-overview","status":"publish","type":"page","link":"https:\/\/www.recycle-plant.com\/fr\/shuliy-factory-overview\/","title":{"rendered":"Aper\u00e7u de l'usine Shuliy"},"content":{"rendered":"<p>La vid\u00e9o montre la ligne de granulation plastique pour les sacs en PP et PE ainsi que la ligne de broyage et de lavage des bouteilles en PET. Les machines peuvent \u00eatre choisies par les clients en fonction de leurs besoins. Nous fournissons des machines de haute qualit\u00e9 ainsi que des solutions de recyclage plastique cl\u00e9 en main telles que l'installation sur site et le service apr\u00e8s-vente.<\/p>    <figure class=\"wp-block-embed is-type-video is-provider-youtube wp-block-embed-youtube wp-embed-aspect-16-9 wp-has-aspect-ratio\"><div class=\"wp-block-embed__wrapper\"> <iframe loading=\"lazy\" title=\"\u00c0 quoi ressemble notre usine de recyclage du plastique ? | Visite de l&#039;usine de machines de recyclage du plastique\" width=\"500\" height=\"281\" src=\"https:\/\/www.youtube.com\/embed\/U9f70oCR5A8?feature=oembed\" frameborder=\"0\" allow=\"accelerometer; autoplay; clipboard-write; encrypted-media; gyroscope; picture-in-picture; web-share\" referrerpolicy=\"strict-origin-when-cross-origin\" allowfullscreen><\/iframe> <\/div><\/figure>    <p>La vid\u00e9o montre l'usine de fabrication de machines \u00e0 granuler en plastique Shuliy. Dans la vid\u00e9o, notre chef de projet, Sunny, pr\u00e9sente les principales machines de recyclage de la ligne de granulation plastique, y compris un broyeur de plastique, une machine \u00e0 granuler en plastique, un r\u00e9servoir de rin\u00e7age, une machine de s\u00e9chage et une machine \u00e0 granuler en plastique.<\/p>    <figure class=\"wp-block-embed is-type-video is-provider-youtube wp-block-embed-youtube wp-embed-aspect-16-9 wp-has-aspect-ratio\"><div class=\"wp-block-embed__wrapper\"> <iframe loading=\"lazy\" title=\"Machine de granulation plastique la plus vendue | Introduction du granulateur plastique dans notre usine\" width=\"500\" height=\"281\" src=\"https:\/\/www.youtube.com\/embed\/eXMA0o5JnE0?feature=oembed\" frameborder=\"0\" allow=\"accelerometer; autoplay; clipboard-write; encrypted-media; gyroscope; picture-in-picture; web-share\" referrerpolicy=\"strict-origin-when-cross-origin\" allowfullscreen><\/iframe> <\/div><\/figure>","protected":false},"excerpt":{"rendered":"<p>The video shows the plastic pelletizing line for PP PE bags and the PET bottle crushing and washing line. The machines can be chosen by customers according to their demands. We provide high-quality machines as well as one-stop plastic recycling solutions such as on-site installation and after-sales service. The video shows shuliy plastic granulating machine [&hellip;]<\/p>\n","protected":false},"author":1,"featured_media":0,"parent":0,"menu_order":0,"comment_status":"closed","ping_status":"closed","template":"","meta":{"_kad_blocks_custom_css":"","_kad_blocks_head_custom_js":"","_kad_blocks_body_custom_js":"","_kad_blocks_footer_custom_js":"","footnotes":""},"class_list":["post-6633","page","type-page","status-publish","hentry"],"taxonomy_info":[],"featured_image_src_large":false,"author_info":{"display_name":"Ella","author_link":"https:\/\/www.recycle-plant.com\/fr\/author\/admin\/"},"comment_info":0,"_links":{"self":[{"href":"https:\/\/www.recycle-plant.com\/fr\/wp-json\/wp\/v2\/pages\/6633","targetHints":{"allow":["GET"]}}],"collection":[{"href":"https:\/\/www.recycle-plant.com\/fr\/wp-json\/wp\/v2\/pages"}],"about":[{"href":"https:\/\/www.recycle-plant.com\/fr\/wp-json\/wp\/v2\/types\/page"}],"author":[{"embeddable":true,"href":"https:\/\/www.recycle-plant.com\/fr\/wp-json\/wp\/v2\/users\/1"}],"replies":[{"embeddable":true,"href":"https:\/\/www.recycle-plant.com\/fr\/wp-json\/wp\/v2\/comments?post=6633"}],"version-history":[{"count":0,"href":"https:\/\/www.recycle-plant.com\/fr\/wp-json\/wp\/v2\/pages\/6633\/revisions"}],"wp:attachment":[{"href":"https:\/\/www.recycle-plant.com\/fr\/wp-json\/wp\/v2\/media?parent=6633"}],"curies":[{"name":"wp","href":"https:\/\/api.w.org\/{rel}","templated":true}]}}