{"id":6655,"date":"2023-03-15T03:43:08","date_gmt":"2023-03-15T03:43:08","guid":{"rendered":"https:\/\/www.recycle-plant.com\/?page_id=6655"},"modified":"2025-03-31T09:56:09","modified_gmt":"2025-03-31T01:56:09","slug":"plastic-pelletizing-solution","status":"publish","type":"page","link":"https:\/\/www.recycle-plant.com\/fr\/plastic-pelletizing-solution\/","title":{"rendered":"Solution de granulation plastique"},"content":{"rendered":"<p>Shuliy fournit une solution compl\u00e8te de granulation plastique pour le recyclage post-industriel (recyclage en interne) et le recyclage post-consommation. La machine \u00e0 granuler peut traiter divers types de mat\u00e9riaux, y compris le PP, le HDPE, le LDPE, le LLDPE, le PVC, l'EPS, l'EPE, l'ABS, le PS, etc.<\/p>    <h2 class=\"wp-block-heading\">Mat\u00e9riaux plastiques recycl\u00e9s<\/h2>    <figure class=\"wp-block-table white-space-nowrap\"><table class=\"has-fixed-layout\"><tbody><tr><td>Mat\u00e9riau recycl\u00e9<\/td><td>Application<\/td><td>Type de mat\u00e9riau<\/td><\/tr><tr><td><strong><a href=\"https:\/\/www.recycle-plant.com\/fr\/how-do-you-recycle-polypropylene-bags.html\">Film PP PE<\/a><\/strong><\/td><td>rouleaux de film, chutes de film, sacs, chutes de sacs en t-shirt, <a href=\"https:\/\/www.recycle-plant.com\/fr\/status-of-recycling-and-treatment-of-used-agricultural-film.html\"><strong>Film agricole<\/strong><\/a><\/td><td>PP PE<\/td><\/tr><tr><td><strong><a href=\"https:\/\/www.recycle-plant.com\/fr\/plastic-regrind-recycling.html\">Regranul\u00e9 plastique<\/a><\/strong><\/td><td>Chutes de moulage par injection, produits moul\u00e9s par injection tels que des bouteilles, des conteneurs, des pi\u00e8ces automobiles, des pare-chocs de voiture, des d\u00e9chets \u00e9lectriques, des jouets et d'autres plastiques durs.<\/td><td>HDPE, LDPE, PP, PS, ABS, PVC<\/td><\/tr><tr><td><strong><a href=\"https:\/\/www.recycle-plant.com\/fr\/thermoformed-material-recycling.html\">Plastique thermoform\u00e9<\/a><\/strong><\/td><td>mat\u00e9riaux de construction, palettes, conteneurs alimentaires, emballages m\u00e9dicaux, pi\u00e8ces automobiles, caisses d'exp\u00e9dition, plateaux, tasses, jouets, conteneurs en clamshell<\/td><td>HDPE, LDPE, PP, PS ou ABS<\/td><\/tr><tr><td><strong><a href=\"https:\/\/www.recycle-plant.com\/fr\/pp-raffia-recycling-introduction.html\">Sac en toile de PP<\/a><\/strong><\/td><td>emballage, sac de stockage, cl\u00f4tures, filets pour le jardinage,<\/td><td>Polypropyl\u00e8ne (PP)<\/td><\/tr><tr><td><strong><a href=\"https:\/\/www.recycle-plant.com\/fr\/stretch-film-recycling.html\">Film \u00e9tirable<\/a><\/strong><\/td><td>film de conservation des aliments, rouleau de film \u00e9tirable<\/td><td>Poly\u00e9thyl\u00e8ne lin\u00e9aire basse densit\u00e9 (LLDPE), poly\u00e9thyl\u00e8ne basse densit\u00e9 (LDPE)<\/td><\/tr><tr><td><strong><a href=\"https:\/\/www.recycle-plant.com\/fr\/shrink-wrap-recycling.html\">Film r\u00e9tractable <\/a><\/strong><\/td><td>film d'emballage pendant le stockage et l'exp\u00e9dition<\/td><td>poly\u00e9thyl\u00e8ne (PE)<\/td><\/tr><tr><td><strong><a href=\"https:\/\/www.recycle-plant.com\/fr\/drip-tape-recycling.html\">tuyau d'agriculture<\/a><\/strong><\/td><td>tape de goutte, tuyau d'irrigation souple<\/td><td>poly\u00e9thyl\u00e8ne haute densit\u00e9 (HDPE), (LDPE)<\/td><\/tr><tr><td><strong><a href=\"https:\/\/www.recycle-plant.com\/fr\/laminated-film-recycling.html\">film lamin\u00e9<\/a><\/strong><\/td><td>emballage alimentaire, de boissons et de produits pharmaceutiques<\/td><td>BOPP, CPP, OPP, HDPE, LDPE, LLPDE ou EVA<\/td><\/tr><\/tbody><\/table><\/figure>    <h2 class=\"wp-block-heading\">Configuration de la ligne de granulation de plastique recycl\u00e9<\/h2>    <figure class=\"wp-block-embed is-type-video is-provider-youtube wp-block-embed-youtube wp-embed-aspect-16-9 wp-has-aspect-ratio\"><div class=\"wp-block-embed__wrapper\"> <iframe loading=\"lazy\" title=\"Ligne de granulation plastique | Machine de fabrication de granul\u00e9s plastiques\" width=\"500\" height=\"281\" src=\"https:\/\/www.youtube.com\/embed\/y4KcSJAz04E?feature=oembed\" frameborder=\"0\" allow=\"accelerometer; autoplay; clipboard-write; encrypted-media; gyroscope; picture-in-picture; web-share\" referrerpolicy=\"strict-origin-when-cross-origin\" allowfullscreen><\/iframe> <\/div><\/figure>    <h2 class=\"wp-block-heading\">Comment allons-nous aider les clients \u00e0 d\u00e9marrer une usine de granulation?<\/h2>    <ul class=\"wp-block-list\"> <li>Consultation personnalis\u00e9e. Apr\u00e8s avoir re\u00e7u les demandes de nos clients, notre chef de projet contactera les clients d\u00e8s que possible. Nous confirmerons les mati\u00e8res premi\u00e8res des clients et leur production attendue. En fonction de ces donn\u00e9es de base, nous leur recommanderons des machines \u00e0 granuler en plastique.<\/li> <\/ul>    <ul class=\"wp-block-list\"> <li>D\u00e9terminez le plan. Notre chef de produit configurera le plan de granulation plastique de mani\u00e8re raisonnable en fonction de vos besoins et de votre budget. Nous concevons des dessins pour les exigences sp\u00e9ciales de la machine et confirmons finalement le plan de granulation avec le client.<\/li> <\/ul>    <ul class=\"wp-block-list\"> <li>Livraison et transport. Une fois que l'ensemble <a href=\"https:\/\/www.recycle-plant.com\/fr\/plastic-film-recycling-production-line\/\">ligne de granulation plastique<\/a> est construit, nous organiserons un camion sp\u00e9cial pour le livrer dans le pays du client dans le d\u00e9lai convenu.<\/li> <\/ul>    <ul class=\"wp-block-list\"> <li>Installation et formation. Nous enverrons notre \u00e9quipe technique professionnelle sur le site pour l'installation et la mise en service du granulateur plastique. L'\u00e9quipe technique formera \u00e0 l'utilisation correcte du granulateur plastique jusqu'\u00e0 ce que l'ensemble de l'usine de granulation plastique soit mise en production stable.<\/li> <\/ul>    <h2 class=\"wp-block-heading\">Broyage et lavage personnalis\u00e9s pour le pr\u00e9-granulage<\/h2>    <div class=\"wp-block-media-text alignwide has-media-on-the-right is-stacked-on-mobile\"><div class=\"wp-block-media-text__content\"> <p>Les machines de broyage et de lavage du plastique sont tr\u00e8s flexibles dans le processus de recyclage. Le groupe Shuliy recommandera \u00e0 chacun de nos clients les machines les plus adapt\u00e9es apr\u00e8s avoir pris connaissance de la demande et des conditions r\u00e9elles.<\/p>    <p>Par exemple, la partie de concassage et de lavage est \u00e9quip\u00e9e d'un broyeur plastique, d'un r\u00e9servoir de lavage plastique, d'une machine de s\u00e9chage verticale et d'un s\u00e9choir horizontal. Le dessin 3D a \u00e9t\u00e9 con\u00e7u par notre chef de projet Sunny pour notre client d'Arabie Saoudite. Leurs mati\u00e8res premi\u00e8res sont des f\u00fbts et des conteneurs en PP dur usag\u00e9s.   <\/p> <\/div><figure class=\"wp-block-media-text__media\"><img loading=\"lazy\" decoding=\"async\" width=\"720\" height=\"540\" src=\"https:\/\/www.recycle-plant.com\/wp-content\/uploads\/2023\/03\/PET-bottle-washing-plant.jpg\" alt=\"usine de broyage et de lavage\" class=\"wp-image-6643 size-full\"\/><\/figure><\/div>    <div class=\"wp-block-media-text alignwide is-stacked-on-mobile\"><figure class=\"wp-block-media-text__media\"><img loading=\"lazy\" decoding=\"async\" width=\"720\" height=\"405\" src=\"https:\/\/www.recycle-plant.com\/wp-content\/uploads\/2023\/03\/PET-bottle-washing-line.jpg\" alt=\"Ligne de lavage PP PE\" class=\"wp-image-6644 size-full\"\/><\/figure><div class=\"wp-block-media-text__content\"> <p>Ceci est un dessin 3D con\u00e7u pour notre client au Nigeria, cette ligne de lavage de recyclage est \u00e9quip\u00e9e d'un r\u00e9servoir de lavage suppl\u00e9mentaire et d'un d\u00e9shydrateur vertical suppl\u00e9mentaire. <\/p>    <p>Sunny a con\u00e7u deux ensembles d'\u00e9quipements de nettoyage pour laver les films en PP usag\u00e9s. Comme la mati\u00e8re premi\u00e8re est sale et que la production est importante, un ensemble suppl\u00e9mentaire de machines \u00e0 laver peut garantir la propret\u00e9 de la mati\u00e8re premi\u00e8re et l'effet de granulation final.<\/p> <\/div><\/div>    <h2 class=\"wp-block-heading\">Caract\u00e9ristiques uniques de la ligne de granulation de plastique Shuliy<\/h2>    <ul class=\"wp-block-list\"> <li>La longue dur\u00e9e de vie du <a href=\"https:\/\/www.recycle-plant.com\/fr\/plastic-pelletizing-machine-4.html\">machine de granulation plastique<\/a>. Nos machines pour la granulation de plastique sont r\u00e9sistantes \u00e0 la rouille et durables. Nous pouvons garantir une longue dur\u00e9e de vie pour la granulation de plastique.<\/li>    <li>Le faible taux de d\u00e9faillance en fonctionnement. Shuliy dispose d'une \u00e9quipe de conception de machines professionnelle. Le processus de fabrication des machines est pr\u00e9cis et le taux de d\u00e9faillance est tr\u00e8s bas.<\/li>    <li>Leader des ventes et de l'exp\u00e9rience. Shuliy, en tant que l'un des fabricants de granulateurs en plastique fiables en Chine, a une forte capacit\u00e9 \u00e0 exporter nos machines dans le monde entier. Jusqu'\u00e0 pr\u00e9sent, Shuliy a des clients d'Arabie Saoudite, d'\u00c9gypte, de Hongrie, d'Ouganda, du Nig\u00e9ria, du Kenya, d'\u00c9thiopie, d'Allemagne et d'autres pays et a \u00e9t\u00e9 largement reconnu par nos clients.<\/li>    <li>La machine \u00e0 granuler le plastique est \u00e9cologique. Les eaux us\u00e9es, les gaz et les boues de la ligne de recyclage de granulation de plastique sont tous \u00e9vacu\u00e9s en toute s\u00e9curit\u00e9. Par exemple, les fum\u00e9es du processus de granulation de plastique sont filtr\u00e9es \u00e0 travers des filtres sp\u00e9ciaux.<a href=\"https:\/\/www.recycle-plant.com\/fr\/waste-gas-filter.html\"> \u00e9quipement de d\u00e9poussi\u00e9rage<\/a> avant d'\u00eatre d\u00e9charg\u00e9.<\/li> <\/ul>    <h2 class=\"wp-block-heading\">Exp\u00e9ditions de ligne de granulation de plastique<\/h2>    <figure class=\"wp-block-gallery has-nested-images columns-default is-cropped wp-block-gallery-2 is-layout-flex wp-block-gallery-is-layout-flex\"> <figure class=\"wp-block-image size-large\"><img loading=\"lazy\" decoding=\"async\" width=\"720\" height=\"540\" data-id=\"6364\" src=\"https:\/\/www.recycle-plant.com\/wp-content\/uploads\/2019\/11\/plastic-granulator-machne-for-sale1.jpg\" alt=\"\" class=\"wp-image-6364\" srcset=\"https:\/\/www.recycle-plant.com\/wp-content\/uploads\/2019\/11\/plastic-granulator-machne-for-sale1.jpg 720w, https:\/\/www.recycle-plant.com\/wp-content\/uploads\/2019\/11\/plastic-granulator-machne-for-sale1-300x225.jpg 300w\" sizes=\"auto, (max-width: 720px) 100vw, 720px\" \/><\/figure>    <figure class=\"wp-block-image size-large\"><img loading=\"lazy\" decoding=\"async\" width=\"720\" height=\"540\" data-id=\"6363\" src=\"https:\/\/www.recycle-plant.com\/wp-content\/uploads\/2019\/11\/plastic-granulator-machine-Saudi-Arabia1.jpg\" alt=\"\" class=\"wp-image-6363\" srcset=\"https:\/\/www.recycle-plant.com\/wp-content\/uploads\/2019\/11\/plastic-granulator-machine-Saudi-Arabia1.jpg 720w, https:\/\/www.recycle-plant.com\/wp-content\/uploads\/2019\/11\/plastic-granulator-machine-Saudi-Arabia1-300x225.jpg 300w\" sizes=\"auto, (max-width: 720px) 100vw, 720px\" \/><\/figure>    <figure class=\"wp-block-image size-large\"><img loading=\"lazy\" decoding=\"async\" width=\"720\" height=\"540\" data-id=\"6313\" src=\"https:\/\/www.recycle-plant.com\/wp-content\/uploads\/2022\/11\/plastic-recycling-machine-sent-to-Kenya_1.jpg\" alt=\"\" class=\"wp-image-6313\" srcset=\"https:\/\/www.recycle-plant.com\/wp-content\/uploads\/2022\/11\/plastic-recycling-machine-sent-to-Kenya_1.jpg 720w, https:\/\/www.recycle-plant.com\/wp-content\/uploads\/2022\/11\/plastic-recycling-machine-sent-to-Kenya_1-300x225.jpg 300w\" sizes=\"auto, (max-width: 720px) 100vw, 720px\" \/><\/figure>    <figure class=\"wp-block-image size-large\"><img loading=\"lazy\" decoding=\"async\" width=\"720\" height=\"540\" data-id=\"6314\" src=\"https:\/\/www.recycle-plant.com\/wp-content\/uploads\/2022\/11\/plastic-recycling-machine-shipped-to-Kenya_1.jpg\" alt=\"\" class=\"wp-image-6314\" srcset=\"https:\/\/www.recycle-plant.com\/wp-content\/uploads\/2022\/11\/plastic-recycling-machine-shipped-to-Kenya_1.jpg 720w, https:\/\/www.recycle-plant.com\/wp-content\/uploads\/2022\/11\/plastic-recycling-machine-shipped-to-Kenya_1-300x225.jpg 300w\" sizes=\"auto, (max-width: 720px) 100vw, 720px\" \/><\/figure>    <figure class=\"wp-block-image size-large\"><img loading=\"lazy\" decoding=\"async\" width=\"720\" height=\"540\" data-id=\"6300\" src=\"https:\/\/www.recycle-plant.com\/wp-content\/uploads\/2022\/11\/plastic-recycling-plants-in-Kenya_1.jpg\" alt=\"usines de recyclage du plastique au Kenya\" class=\"wp-image-6300\" srcset=\"https:\/\/www.recycle-plant.com\/wp-content\/uploads\/2022\/11\/plastic-recycling-plants-in-Kenya_1.jpg 720w, https:\/\/www.recycle-plant.com\/wp-content\/uploads\/2022\/11\/plastic-recycling-plants-in-Kenya_1-300x225.jpg 300w\" sizes=\"auto, (max-width: 720px) 100vw, 720px\" \/><\/figure>    <figure class=\"wp-block-image size-large\"><img loading=\"lazy\" decoding=\"async\" width=\"720\" height=\"540\" data-id=\"6285\" src=\"https:\/\/www.recycle-plant.com\/wp-content\/uploads\/2022\/11\/conveyor.jpg\" alt=\"\" class=\"wp-image-6285\" srcset=\"https:\/\/www.recycle-plant.com\/wp-content\/uploads\/2022\/11\/conveyor.jpg 720w, https:\/\/www.recycle-plant.com\/wp-content\/uploads\/2022\/11\/conveyor-300x225.jpg 300w\" sizes=\"auto, (max-width: 720px) 100vw, 720px\" \/><\/figure> <\/figure>    <p>En plus de la ligne de granulation de pellets en plastique PP PE, Shuliy propose \u00e9galement une ligne de granulation de pellets en mousse plastique EPS EPE. Si les clients ont beaucoup de mousses plastiques, nous sommes en mesure de leur fournir une production sur mesure. Si vous avez des questions sur notre machine \u00e0 granuler le plastique, laissez votre message \u00e0 tout moment.<\/p>","protected":false},"excerpt":{"rendered":"<p>Shuliy provides comprehensive plastic pelletizing solution for post-industrial recycling(in-house recycling) and post-consumer recycling. The pelletizing machine can process various material types, including PP, HDPE, LDPE, LLDPE, PVC, EPS, EPE, ABS, PS, etc. Plastic recycle materials Recycle material Application Material type PP PE film film rolls, film scraps, bags, t-shirt bag cut-offs, agriculture film PP PE [&hellip;]<\/p>\n","protected":false},"author":1,"featured_media":6651,"parent":0,"menu_order":0,"comment_status":"closed","ping_status":"closed","template":"","meta":{"_kad_blocks_custom_css":"","_kad_blocks_head_custom_js":"","_kad_blocks_body_custom_js":"","_kad_blocks_footer_custom_js":"","footnotes":""},"class_list":["post-6655","page","type-page","status-publish","has-post-thumbnail","hentry"],"taxonomy_info":[],"featured_image_src_large":["https:\/\/www.recycle-plant.com\/wp-content\/uploads\/2023\/03\/solution.jpg",720,540,false],"author_info":{"display_name":"Ella","author_link":"https:\/\/www.recycle-plant.com\/fr\/author\/admin\/"},"comment_info":0,"_links":{"self":[{"href":"https:\/\/www.recycle-plant.com\/fr\/wp-json\/wp\/v2\/pages\/6655","targetHints":{"allow":["GET"]}}],"collection":[{"href":"https:\/\/www.recycle-plant.com\/fr\/wp-json\/wp\/v2\/pages"}],"about":[{"href":"https:\/\/www.recycle-plant.com\/fr\/wp-json\/wp\/v2\/types\/page"}],"author":[{"embeddable":true,"href":"https:\/\/www.recycle-plant.com\/fr\/wp-json\/wp\/v2\/users\/1"}],"replies":[{"embeddable":true,"href":"https:\/\/www.recycle-plant.com\/fr\/wp-json\/wp\/v2\/comments?post=6655"}],"version-history":[{"count":0,"href":"https:\/\/www.recycle-plant.com\/fr\/wp-json\/wp\/v2\/pages\/6655\/revisions"}],"wp:featuredmedia":[{"embeddable":true,"href":"https:\/\/www.recycle-plant.com\/fr\/wp-json\/wp\/v2\/media\/6651"}],"wp:attachment":[{"href":"https:\/\/www.recycle-plant.com\/fr\/wp-json\/wp\/v2\/media?parent=6655"}],"curies":[{"name":"wp","href":"https:\/\/api.w.org\/{rel}","templated":true}]}}