{"id":6693,"date":"2023-03-20T08:25:06","date_gmt":"2023-03-20T08:25:06","guid":{"rendered":"https:\/\/www.recycle-plant.com\/?page_id=6693"},"modified":"2023-03-20T09:30:57","modified_gmt":"2023-03-20T09:30:57","slug":"technical-support","status":"publish","type":"page","link":"https:\/\/www.recycle-plant.com\/fr\/technical-support\/","title":{"rendered":"Support technique"},"content":{"rendered":"<p>Shuliy est un fabricant de machines de recyclage des plastiques avec un fort soutien technique, y compris des \u00e9quipements de fabrication de qualit\u00e9, d'excellents d\u00e9veloppeurs techniques et un personnel de fabrication et de vente professionnel. Par cons\u00e9quent, nous sommes en mesure d'aider des clients du monde entier \u00e0 fournir des machines de recyclage des plastiques de haute qualit\u00e9 et \u00e0 offrir des solutions de recyclage des plastiques. Nous pouvons fournir un soutien technique professionnel et un excellent service avant et apr\u00e8s-vente.<\/p>    <h2 class=\"wp-block-heading\">Communication en ligne pour r\u00e9soudre des probl\u00e8mes<\/h2>    <p>Apr\u00e8s avoir compris les besoins du client, les chefs de projet professionnels de Shuliy recommanderont la machine la plus adapt\u00e9e en fonction de la demande des clients. Si la mati\u00e8re premi\u00e8re du client est sp\u00e9ciale ou a des exigences concernant les fonctions de la machine, nous organiserons des techniciens professionnels pour faire de leur mieux afin de r\u00e9pondre aux besoins personnalis\u00e9s sp\u00e9ciaux du client.<\/p>    <p>Apr\u00e8s que le client ait re\u00e7u la machine de granulation plastique et d'autres \u00e9quipements, Shuliy dispose d'une \u00e9quipe technique apr\u00e8s-vente professionnelle pr\u00eate \u00e0 r\u00e9soudre les probl\u00e8mes d'installation et de mise en service de la machine. Si le probl\u00e8me est courant et facile \u00e0 r\u00e9soudre, nous guiderons le client pour utiliser correctement la machine via une vid\u00e9o en ligne. En g\u00e9n\u00e9ral, il s'agit de probl\u00e8mes li\u00e9s \u00e0 de petites machines, comme l'installation de broyeurs de plastique, de machines de d\u00e9shydratation, etc.<\/p>    <figure class=\"wp-block-image aligncenter size-large\"><img loading=\"lazy\" decoding=\"async\" width=\"720\" height=\"540\" src=\"https:\/\/www.recycle-plant.com\/wp-content\/uploads\/2023\/03\/design-drawing.jpg\" alt=\"dessin de conception\" class=\"wp-image-6701\" srcset=\"https:\/\/www.recycle-plant.com\/wp-content\/uploads\/2023\/03\/design-drawing.jpg 720w, https:\/\/www.recycle-plant.com\/wp-content\/uploads\/2023\/03\/design-drawing-300x225.jpg 300w\" sizes=\"auto, (max-width: 720px) 100vw, 720px\" \/><figcaption class=\"wp-element-caption\">dessin d'une usine de granulation de plastique pour les clients <\/figcaption><\/figure>    <h2 class=\"wp-block-heading\">Installation et mise en service \u00e0 bord<\/h2>    <p class=\"translation-block\">Pour les probl\u00e8mes importants de <a href=\"https:\/\/www.recycle-plant.com\/fr\/plastic-film-recycling-production-line\/\">ligne de granulation de plastique<\/a>, tels que les tests de la machine de granulation de plastique, la formation des ouvriers de ligne et la coordination des diff\u00e9rentes \u00e9tapes d'alimentation, de broyage et de granulation, etc., pour ces probl\u00e8mes difficiles, Shuliy Group organisera un op\u00e9rateur technique qui dirigera une \u00e9quipe technique dans l'usine de recyclage de plastique du client pour aider le client \u00e0 terminer l'installation de l'ensemble de la ligne de granulation de plastique.<\/p>    <p>Les images suivantes montrent notre op\u00e9rateur technique Paul se rendant \u00e0 l'usine de notre client en Arabie Saoudite. Le client a achet\u00e9 une ligne compl\u00e8te de granulation de plastique, dont la capacit\u00e9 de production est de 1 tonne par heure, ce qui repr\u00e9sente une capacit\u00e9 consid\u00e9rable pour une usine de pelletisation de plastique. Le client en Arabie Saoudite ne peut pas extruder des granul\u00e9s de plastique, il a demand\u00e9 de l'aide au groupe Shuliy. Apr\u00e8s l'arriv\u00e9e de Paul \u00e0 son usine et avoir v\u00e9rifi\u00e9 la machine de granulation de plastique, il a compris que le probl\u00e8me \u00e9tait une mauvaise connexion des fils et une mauvaise valeur de r\u00e9glage du d\u00e9marreur. <\/p>    <p>L'\u00e9quipe de technologie Shuliy est rest\u00e9e en Arabie Saoudite pendant environ un mois, elle a aid\u00e9 nos clients \u00e0 installer avec succ\u00e8s la machine \u00e0 granuler le plastique et a fabriqu\u00e9 d'excellents granul\u00e9s plastiques de haute qualit\u00e9 et esth\u00e9tiques, qui ont une grande valeur et un bon profit sur le march\u00e9. <\/p>    <figure class=\"wp-block-gallery has-nested-images columns-default is-cropped wp-block-gallery-2 is-layout-flex wp-block-gallery-is-layout-flex\"> <figure class=\"wp-block-image size-large\"><img loading=\"lazy\" decoding=\"async\" width=\"720\" height=\"540\" data-id=\"6508\" src=\"https:\/\/www.recycle-plant.com\/wp-content\/uploads\/2023\/01\/plastic-pellet-cutter-and-storage-bin1.jpg\" alt=\"\" class=\"wp-image-6508\" srcset=\"https:\/\/www.recycle-plant.com\/wp-content\/uploads\/2023\/01\/plastic-pellet-cutter-and-storage-bin1.jpg 720w, https:\/\/www.recycle-plant.com\/wp-content\/uploads\/2023\/01\/plastic-pellet-cutter-and-storage-bin1-300x225.jpg 300w\" sizes=\"auto, (max-width: 720px) 100vw, 720px\" \/><figcaption class=\"wp-element-caption\">usine de granulation de recyclage en Arabie Saoudite<\/figcaption><\/figure>    <figure class=\"wp-block-image size-large\"><img loading=\"lazy\" decoding=\"async\" width=\"720\" height=\"540\" data-id=\"6510\" src=\"https:\/\/www.recycle-plant.com\/wp-content\/uploads\/2023\/01\/plastic-pelletizing-plant-21.jpg\" alt=\"\" class=\"wp-image-6510\" srcset=\"https:\/\/www.recycle-plant.com\/wp-content\/uploads\/2023\/01\/plastic-pelletizing-plant-21.jpg 720w, https:\/\/www.recycle-plant.com\/wp-content\/uploads\/2023\/01\/plastic-pelletizing-plant-21-300x225.jpg 300w\" sizes=\"auto, (max-width: 720px) 100vw, 720px\" \/><figcaption class=\"wp-element-caption\">grande coop\u00e9ration ! <\/figcaption><\/figure> <\/figure>    <figure class=\"wp-block-gallery has-nested-images columns-default is-cropped wp-block-gallery-3 is-layout-flex wp-block-gallery-is-layout-flex\"> <figure class=\"wp-block-image size-large\"><img loading=\"lazy\" decoding=\"async\" width=\"720\" height=\"540\" data-id=\"6511\" src=\"https:\/\/www.recycle-plant.com\/wp-content\/uploads\/2023\/01\/Plastic-recycling-factory-Suadi-Arabia1.jpg\" alt=\"Usine de granulation plastique\" class=\"wp-image-6511\" srcset=\"https:\/\/www.recycle-plant.com\/wp-content\/uploads\/2023\/01\/Plastic-recycling-factory-Suadi-Arabia1.jpg 720w, https:\/\/www.recycle-plant.com\/wp-content\/uploads\/2023\/01\/Plastic-recycling-factory-Suadi-Arabia1-300x225.jpg 300w\" sizes=\"auto, (max-width: 720px) 100vw, 720px\" \/><figcaption class=\"wp-element-caption\">p<br><br>usine de granulation de plastique<\/figcaption><\/figure>    <figure class=\"wp-block-image size-large\"><img loading=\"lazy\" decoding=\"async\" width=\"720\" height=\"540\" data-id=\"6506\" src=\"https:\/\/www.recycle-plant.com\/wp-content\/uploads\/2023\/01\/plastic-pelletizing-plant1.jpg\" alt=\"\" class=\"wp-image-6506\" srcset=\"https:\/\/www.recycle-plant.com\/wp-content\/uploads\/2023\/01\/plastic-pelletizing-plant1.jpg 720w, https:\/\/www.recycle-plant.com\/wp-content\/uploads\/2023\/01\/plastic-pelletizing-plant1-300x225.jpg 300w\" sizes=\"auto, (max-width: 720px) 100vw, 720px\" \/><figcaption class=\"wp-element-caption\">installation r\u00e9ussie de la machine de granulation de plastique<\/figcaption><\/figure> <\/figure>","protected":false},"excerpt":{"rendered":"<p>Shuliy is a plastic recycling machine manufacturer with strong technical support including quality manufacturing equipment, excellent technical developers, and professional manufacturing and sales staff. Therefore, we are able to help q global customers to provide high-quality plastic recycling machines and offering plastic recycling solutions. We can provide professional technical support and excellent should pre and [&hellip;]<\/p>\n","protected":false},"author":1,"featured_media":0,"parent":0,"menu_order":0,"comment_status":"closed","ping_status":"closed","template":"","meta":{"_kad_blocks_custom_css":"","_kad_blocks_head_custom_js":"","_kad_blocks_body_custom_js":"","_kad_blocks_footer_custom_js":"","footnotes":""},"class_list":["post-6693","page","type-page","status-publish","hentry"],"taxonomy_info":[],"featured_image_src_large":false,"author_info":{"display_name":"Ella","author_link":"https:\/\/www.recycle-plant.com\/fr\/author\/admin\/"},"comment_info":0,"_links":{"self":[{"href":"https:\/\/www.recycle-plant.com\/fr\/wp-json\/wp\/v2\/pages\/6693","targetHints":{"allow":["GET"]}}],"collection":[{"href":"https:\/\/www.recycle-plant.com\/fr\/wp-json\/wp\/v2\/pages"}],"about":[{"href":"https:\/\/www.recycle-plant.com\/fr\/wp-json\/wp\/v2\/types\/page"}],"author":[{"embeddable":true,"href":"https:\/\/www.recycle-plant.com\/fr\/wp-json\/wp\/v2\/users\/1"}],"replies":[{"embeddable":true,"href":"https:\/\/www.recycle-plant.com\/fr\/wp-json\/wp\/v2\/comments?post=6693"}],"version-history":[{"count":0,"href":"https:\/\/www.recycle-plant.com\/fr\/wp-json\/wp\/v2\/pages\/6693\/revisions"}],"wp:attachment":[{"href":"https:\/\/www.recycle-plant.com\/fr\/wp-json\/wp\/v2\/media?parent=6693"}],"curies":[{"name":"wp","href":"https:\/\/api.w.org\/{rel}","templated":true}]}}