{"id":6700,"date":"2023-03-21T10:03:04","date_gmt":"2023-03-21T02:03:04","guid":{"rendered":"https:\/\/www.recycle-plant.com\/?page_id=6700"},"modified":"2023-03-22T11:21:15","modified_gmt":"2023-03-22T03:21:15","slug":"welcome-customer-visit","status":"publish","type":"page","link":"https:\/\/www.recycle-plant.com\/fr\/welcome-customer-visit\/","title":{"rendered":"Bienvenue aux visites des clients"},"content":{"rendered":"<p>Shuliy accueille nos clients pour visiter notre entreprise. Beaucoup de nos clients prennent l'initiative de venir voir le site avant d'acheter la machine. Notre responsable de compte organisera \u00e0 l'avance l'h\u00e9bergement \u00e0 l'h\u00f4tel pour nos clients en fonction de leur emploi du temps, puis les conduira \u00e0 visiter notre entreprise.<\/p>    <h2 class=\"wp-block-heading\">Temps de plaisir avec les clients<\/h2>    <p>Tous les clients visiteurs ont \u00e9t\u00e9 chaleureusement accueillis, et nos principaux dirigeants ainsi que nos chefs de projet les plus professionnels sont venus parler aux clients et ont fait de leur mieux pour r\u00e9pondre \u00e0 tous leurs besoins. Les images ci-dessous montrent des clients qui ont achet\u00e9 des \u00e9quipements de recyclage en plastique Shuliy et nous sommes heureux de les aider \u00e0 d\u00e9marrer leur propre entreprise de recyclage rentable.<\/p>    <figure class=\"wp-block-gallery has-nested-images columns-default is-cropped wp-block-gallery-2 is-layout-flex wp-block-gallery-is-layout-flex\"> <figure class=\"wp-block-image size-large\"><img loading=\"lazy\" decoding=\"async\" width=\"720\" height=\"540\" data-id=\"6707\" src=\"https:\/\/www.recycle-plant.com\/wp-content\/uploads\/2023\/03\/Shuliy-Group-and-our-customer.jpg\" alt=\"\" class=\"wp-image-6707\" srcset=\"https:\/\/www.recycle-plant.com\/wp-content\/uploads\/2023\/03\/Shuliy-Group-and-our-customer.jpg 720w, https:\/\/www.recycle-plant.com\/wp-content\/uploads\/2023\/03\/Shuliy-Group-and-our-customer-300x225.jpg 300w\" sizes=\"auto, (max-width: 720px) 100vw, 720px\" \/><\/figure>    <figure class=\"wp-block-image size-large\"><img loading=\"lazy\" decoding=\"async\" width=\"720\" height=\"540\" data-id=\"6708\" src=\"https:\/\/www.recycle-plant.com\/wp-content\/uploads\/2023\/03\/Shuliy-project-manager-and-our-customers.jpg\" alt=\"\" class=\"wp-image-6708\" srcset=\"https:\/\/www.recycle-plant.com\/wp-content\/uploads\/2023\/03\/Shuliy-project-manager-and-our-customers.jpg 720w, https:\/\/www.recycle-plant.com\/wp-content\/uploads\/2023\/03\/Shuliy-project-manager-and-our-customers-300x225.jpg 300w\" sizes=\"auto, (max-width: 720px) 100vw, 720px\" \/><\/figure> <\/figure>    <figure class=\"wp-block-gallery has-nested-images columns-default is-cropped wp-block-gallery-3 is-layout-flex wp-block-gallery-is-layout-flex\"> <figure class=\"wp-block-image size-large\"><img loading=\"lazy\" decoding=\"async\" width=\"720\" height=\"528\" data-id=\"6706\" src=\"https:\/\/www.recycle-plant.com\/wp-content\/uploads\/2023\/03\/Shuliy-and-foreign-customers.jpg\" alt=\"\" class=\"wp-image-6706\" srcset=\"https:\/\/www.recycle-plant.com\/wp-content\/uploads\/2023\/03\/Shuliy-and-foreign-customers.jpg 720w, https:\/\/www.recycle-plant.com\/wp-content\/uploads\/2023\/03\/Shuliy-and-foreign-customers-300x220.jpg 300w\" sizes=\"auto, (max-width: 720px) 100vw, 720px\" \/><\/figure>    <figure class=\"wp-block-image size-large\"><img loading=\"lazy\" decoding=\"async\" width=\"720\" height=\"540\" data-id=\"6704\" src=\"https:\/\/www.recycle-plant.com\/wp-content\/uploads\/2023\/03\/customers-and-our-sales-manager.jpg\" alt=\"\" class=\"wp-image-6704\" srcset=\"https:\/\/www.recycle-plant.com\/wp-content\/uploads\/2023\/03\/customers-and-our-sales-manager.jpg 720w, https:\/\/www.recycle-plant.com\/wp-content\/uploads\/2023\/03\/customers-and-our-sales-manager-300x225.jpg 300w\" sizes=\"auto, (max-width: 720px) 100vw, 720px\" \/><\/figure> <\/figure>    <h2 class=\"wp-block-heading\">Comment avons-nous accueilli nos clients ?<\/h2>    <h3 class=\"wp-block-heading\">Pr\u00e9paration <\/h3>    <p>Apr\u00e8s avoir re\u00e7u les informations concernant la visite du client, le chef de projet r\u00e9pondra au client par e-mail ou par t\u00e9l\u00e9phone d\u00e8s que possible. Nous exprimerons notre accueil pour la visite du client, puis nous demanderons le nombre de visiteurs et s'ils ont besoin d'\u00eatre pris en charge par voiture au moment de la visite, afin de faciliter tous les arrangements pour la visite.<\/p>    <p>Apr\u00e8s avoir re\u00e7u les informations du client, le groupe Shuliy fera tous les arrangements d\u00e8s que possible, tels que l'envoi d'une demande de voiture, la r\u00e9daction d'une lettre de contact pour la visite du client, la pr\u00e9paration d'\u00e9chantillons, de brochures de pr\u00e9sentation des produits, etc. Nous planifierons le responsable ou le chef d'\u00e9quipe qui accompagnera la r\u00e9ception, organisera le processus de visite, discutera du contenu et esp\u00e9rera atteindre l'objectif.<\/p>    <h3 class=\"wp-block-heading\">Processus de r\u00e9ception<\/h3>    <p>Nous accueillerons nos clients \u00e0 l'a\u00e9roport en fonction de leur heure d'arriv\u00e9e en Chine. Si les bagages du client sont encombrants, nous enverrons le client \u00e0 l'h\u00f4tel pour d\u00e9poser les bagages d'abord.<\/p>    <p>Apr\u00e8s \u00eatre arriv\u00e9 \u00e0 l'entreprise, nous pr\u00e9parerons l'environnement le plus confortable pour que le client puisse discuter \u00e0 l'avance, avec des fruits et du caf\u00e9 pr\u00e9par\u00e9s au pr\u00e9alable.<\/p>    <p>Au cours de la conversation, le vendeur r\u00e9pondra aux questions du client concernant le fonctionnement de la machine, le prix, etc. en temps voulu. Apr\u00e8s cela, nous ferons une visite de notre usine et fournirons des \u00e9chantillons.<\/p>    <h3 class=\"wp-block-heading\">Apr\u00e8s la visite<\/h3>    <p>\u00c0 la fin de la visite, le groupe Shuliy remerciera nos clients pour leur soutien \u00e0 notre entreprise et \u00e0 nos produits, et nous veillerons \u00e0 maintenir un contr\u00f4le qualit\u00e9 strict et \u00e0 fournir un service de qualit\u00e9 \u00e0 nos clients.<\/p>    <p>Organisez le retour du client. Si le client se rend directement \u00e0 l'a\u00e9roport, nous l'enverrons \u00e0 l'a\u00e9roport, si le client doit se rendre \u00e0 une autre destination ensuite, nous organiserons un v\u00e9hicule et fournirons au client un plan de route d\u00e9taill\u00e9.<\/p>","protected":false},"excerpt":{"rendered":"<p>Shuliy welcomes our customers to visit our company. Many of our customers take the initiative to come and see the site before they buy the machine. Our account manager will arrange hotel accommodation for our customers in advance according to their schedule and then lead them to visit our company. Pleasure time with customers All [&hellip;]<\/p>\n","protected":false},"author":1,"featured_media":6705,"parent":0,"menu_order":0,"comment_status":"closed","ping_status":"closed","template":"","meta":{"_kad_blocks_custom_css":"","_kad_blocks_head_custom_js":"","_kad_blocks_body_custom_js":"","_kad_blocks_footer_custom_js":"","footnotes":""},"class_list":["post-6700","page","type-page","status-publish","has-post-thumbnail","hentry"],"taxonomy_info":[],"featured_image_src_large":["https:\/\/www.recycle-plant.com\/wp-content\/uploads\/2023\/03\/photo-with-customers.jpg",704,540,false],"author_info":{"display_name":"Ella","author_link":"https:\/\/www.recycle-plant.com\/fr\/author\/admin\/"},"comment_info":0,"_links":{"self":[{"href":"https:\/\/www.recycle-plant.com\/fr\/wp-json\/wp\/v2\/pages\/6700","targetHints":{"allow":["GET"]}}],"collection":[{"href":"https:\/\/www.recycle-plant.com\/fr\/wp-json\/wp\/v2\/pages"}],"about":[{"href":"https:\/\/www.recycle-plant.com\/fr\/wp-json\/wp\/v2\/types\/page"}],"author":[{"embeddable":true,"href":"https:\/\/www.recycle-plant.com\/fr\/wp-json\/wp\/v2\/users\/1"}],"replies":[{"embeddable":true,"href":"https:\/\/www.recycle-plant.com\/fr\/wp-json\/wp\/v2\/comments?post=6700"}],"version-history":[{"count":0,"href":"https:\/\/www.recycle-plant.com\/fr\/wp-json\/wp\/v2\/pages\/6700\/revisions"}],"wp:featuredmedia":[{"embeddable":true,"href":"https:\/\/www.recycle-plant.com\/fr\/wp-json\/wp\/v2\/media\/6705"}],"wp:attachment":[{"href":"https:\/\/www.recycle-plant.com\/fr\/wp-json\/wp\/v2\/media?parent=6700"}],"curies":[{"name":"wp","href":"https:\/\/api.w.org\/{rel}","templated":true}]}}