{"id":6718,"date":"2023-03-21T15:26:28","date_gmt":"2023-03-21T07:26:28","guid":{"rendered":"https:\/\/www.recycle-plant.com\/?page_id=6718"},"modified":"2023-03-21T15:26:31","modified_gmt":"2023-03-21T07:26:31","slug":"waste-tire-recycling-project","status":"publish","type":"page","link":"https:\/\/www.recycle-plant.com\/fr\/waste-tire-recycling-project\/","title":{"rendered":"Projet de recyclage de pneus usag\u00e9s"},"content":{"rendered":"<p>Shuliy a con\u00e7u le syst\u00e8me de recyclage et d'\u00e9limination des pneus usag\u00e9s, y compris le d\u00e9chiquetage des pneus, la s\u00e9paration des fils d'acier, l'\u00e9limination du fer, la s\u00e9paration des fibres et d'autres \u00e9quipements d'\u00e9limination, et peut \u00e9galement ajouter des \u00e9quipements de traitement suppl\u00e9mentaires tels que des granulateurs, des broyeurs, etc., et peut finalement obtenir des granul\u00e9s de caoutchouc de haute qualit\u00e9 ou de la poudre de caoutchouc.<\/p>    <h2 class=\"wp-block-heading\">Ligne de granulation de pneus usag\u00e9s<\/h2>    <p>Les pneus usag\u00e9s sont produits \u00e0 chaque instant dans le monde entier. Ils proviennent de voitures de particulier et de divers v\u00e9hicules de travail. La composition des pneus usag\u00e9s comprend du caoutchouc, de l'acier, du noir de carbone et une vari\u00e9t\u00e9 de produits chimiques, c'est pourquoi les pneus usag\u00e9s sont \u00e9galement connus sous le nom de \"mine d'or noire\". Le recyclage des pneus usag\u00e9s est une activit\u00e9 mature et rentable. L'utilisation de pneus usag\u00e9s pour fabriquer du combustible d\u00e9riv\u00e9 de pneus (TDF), des granul\u00e9s de caoutchouc, de la poudre de caoutchouc et le raffinage d'huile craqu\u00e9e sont quelques-unes des applications repr\u00e9sentatives du recyclage.<\/p>    <p>Le groupe Shuliy a con\u00e7u des solutions sp\u00e9cialis\u00e9es pour le traitement des pneus usag\u00e9s afin de g\u00e9rer tous les types de pneus usag\u00e9s, y compris les pneus de voiture, les pneus de camion, les pneus bias, les pneus radiaux, les pneus pneumatiques, les pneus pleins, etc. La machine de recyclage des pneus usag\u00e9s les d\u00e9chire, s\u00e9pare les fils d'acier, puis \u00e9limine le fer et s\u00e9pare les fibres. L'\u00e9quipement de recyclage des pneus usag\u00e9s peut aider les utilisateurs \u00e0 obtenir une poudre de caoutchouc, des granul\u00e9s de caoutchouc, des fils d'acier, etc., d'une puret\u00e9 plus \u00e9lev\u00e9e, ce qui est plus rentable que de vendre directement des pneus usag\u00e9s.<\/p>    <figure class=\"wp-block-gallery aligncenter has-nested-images columns-default is-cropped wp-block-gallery-2 is-layout-flex wp-block-gallery-is-layout-flex\"> <figure class=\"wp-block-image size-full\"><img loading=\"lazy\" decoding=\"async\" width=\"720\" height=\"540\" data-id=\"6467\" src=\"https:\/\/www.recycle-plant.com\/wp-content\/uploads\/2023\/01\/automatic-rubber-powder-production-line1.jpg\" alt=\"ligne de production de poudre de caoutchouc automatique\" class=\"wp-image-6467\" srcset=\"https:\/\/www.recycle-plant.com\/wp-content\/uploads\/2023\/01\/automatic-rubber-powder-production-line1.jpg 720w, https:\/\/www.recycle-plant.com\/wp-content\/uploads\/2023\/01\/automatic-rubber-powder-production-line1-300x225.jpg 300w\" sizes=\"auto, (max-width: 720px) 100vw, 720px\" \/><figcaption class=\"wp-element-caption\">ligne de production de poudre de caoutchouc automatique<\/figcaption><\/figure>    <figure class=\"wp-block-image size-full\"><img loading=\"lazy\" decoding=\"async\" width=\"720\" height=\"540\" data-id=\"4489\" src=\"https:\/\/www.recycle-plant.com\/wp-content\/uploads\/2021\/05\/Rubber-powder-production-line.jpg\" alt=\"Ligne de production de poudre de caoutchouc\" class=\"wp-image-4489\" srcset=\"https:\/\/www.recycle-plant.com\/wp-content\/uploads\/2021\/05\/Rubber-powder-production-line.jpg 720w, https:\/\/www.recycle-plant.com\/wp-content\/uploads\/2021\/05\/Rubber-powder-production-line-300x225.jpg 300w\" sizes=\"auto, (max-width: 720px) 100vw, 720px\" \/><figcaption class=\"wp-element-caption\">ligne de production de poudre de caoutchouc semi-automatique<\/figcaption><\/figure> <\/figure>    <h2 class=\"wp-block-heading\">Produits que vous pouvez obtenir \u00e0 partir de la ligne de recyclage de pneus<\/h2>    <figure class=\"wp-block-image aligncenter size-full\"><img loading=\"lazy\" decoding=\"async\" width=\"720\" height=\"540\" src=\"https:\/\/www.recycle-plant.com\/wp-content\/uploads\/2023\/03\/waste-tire-recycling-project.jpg\" alt=\"Projet de recyclage de pneus usag\u00e9s\" class=\"wp-image-6721\" srcset=\"https:\/\/www.recycle-plant.com\/wp-content\/uploads\/2023\/03\/waste-tire-recycling-project.jpg 720w, https:\/\/www.recycle-plant.com\/wp-content\/uploads\/2023\/03\/waste-tire-recycling-project-300x225.jpg 300w\" sizes=\"auto, (max-width: 720px) 100vw, 720px\" \/><figcaption class=\"wp-element-caption\">Projet de recyclage de pneus usag\u00e9s<\/figcaption><\/figure>    <h2 class=\"wp-block-heading\">Avantages du projet de recyclage de pneus usag\u00e9s de Shuliy<\/h2>    <ul class=\"wp-block-list\"> <li>La ligne de recyclage des pneus adopte une machine de haute qualit\u00e9, comprenant une machine de d\u00e9chiquetage des pneus usag\u00e9s, un crible vibrant et un s\u00e9parateur de fil de fer avec une efficacit\u00e9 de traitement sup\u00e9rieure. Le groupe Shuliy propose des usines de recyclage de pneus de type automatique et semi-automatique pour le recyclage de pneus \u00e0 petite \u00e9chelle.<\/li>    <li>Selon les diff\u00e9rentes exigences de taille des particules de d\u00e9charge, le s\u00e9parateur en fil d'acier, le casseur en caoutchouc, le granulateur, le s\u00e9parateur de fibres, le moulin et d'autres \u00e9quipements peuvent \u00eatre combin\u00e9s, la configuration de la ligne de production est flexible.<\/li>    <li>Le fonctionnement automatique de la ligne de production de poudre de caoutchouc enti\u00e8rement automatique peut \u00e9conomiser de la main-d'\u0153uvre et du temps et am\u00e9liorer la stabilit\u00e9 de fonctionnement du syst\u00e8me.<\/li> <\/ul>","protected":false},"excerpt":{"rendered":"<p>Shuliy designed the waste tire recycling and disposal system, including tire shredding, steel wire separation, iron removal, fiber separation and other disposal equipment, and can also add further processing equipment such as pelletizers, grinders, etc., and finally can obtain high-quality rubber granules or rubber powder. Waste tire granulating line Scrap tires are produced every moment [&hellip;]<\/p>\n","protected":false},"author":1,"featured_media":0,"parent":0,"menu_order":0,"comment_status":"closed","ping_status":"closed","template":"","meta":{"_kad_blocks_custom_css":"","_kad_blocks_head_custom_js":"","_kad_blocks_body_custom_js":"","_kad_blocks_footer_custom_js":"","footnotes":""},"class_list":["post-6718","page","type-page","status-publish","hentry"],"taxonomy_info":[],"featured_image_src_large":false,"author_info":{"display_name":"Ella","author_link":"https:\/\/www.recycle-plant.com\/fr\/author\/admin\/"},"comment_info":0,"_links":{"self":[{"href":"https:\/\/www.recycle-plant.com\/fr\/wp-json\/wp\/v2\/pages\/6718","targetHints":{"allow":["GET"]}}],"collection":[{"href":"https:\/\/www.recycle-plant.com\/fr\/wp-json\/wp\/v2\/pages"}],"about":[{"href":"https:\/\/www.recycle-plant.com\/fr\/wp-json\/wp\/v2\/types\/page"}],"author":[{"embeddable":true,"href":"https:\/\/www.recycle-plant.com\/fr\/wp-json\/wp\/v2\/users\/1"}],"replies":[{"embeddable":true,"href":"https:\/\/www.recycle-plant.com\/fr\/wp-json\/wp\/v2\/comments?post=6718"}],"version-history":[{"count":0,"href":"https:\/\/www.recycle-plant.com\/fr\/wp-json\/wp\/v2\/pages\/6718\/revisions"}],"wp:attachment":[{"href":"https:\/\/www.recycle-plant.com\/fr\/wp-json\/wp\/v2\/media?parent=6718"}],"curies":[{"name":"wp","href":"https:\/\/api.w.org\/{rel}","templated":true}]}}