{"id":6728,"date":"2023-03-22T14:52:15","date_gmt":"2023-03-22T06:52:15","guid":{"rendered":"https:\/\/www.recycle-plant.com\/?page_id=6728"},"modified":"2023-03-22T14:52:40","modified_gmt":"2023-03-22T06:52:40","slug":"plastic-tube-manufacturing-process","status":"publish","type":"page","link":"https:\/\/www.recycle-plant.com\/fr\/plastic-tube-manufacturing-process\/","title":{"rendered":"Processus de fabrication de tubes en plastique"},"content":{"rendered":"<p>Les tubes en plastique sont un \u00e9l\u00e9ment essentiel dans de nombreuses industries, allant de l'emballage aux dispositifs m\u00e9dicaux. Ils sont flexibles, l\u00e9gers et peuvent \u00eatre personnalis\u00e9s pour r\u00e9pondre \u00e0 diverses exigences. Cependant, le processus de fabrication des tuyaux en plastique est complexe, n\u00e9cessitant un haut niveau de pr\u00e9cision, d'expertise et d'\u00e9quipement professionnel.<\/p>    <h2 class=\"wp-block-heading\">Mat\u00e9riaux courants des tuyaux en plastique<\/h2>    <p>Chlorure de polyvinyle (PVC) : Le PVC est un mat\u00e9riau plastique populaire utilis\u00e9 dans la fabrication de tuyaux en raison de sa durabilit\u00e9, de sa r\u00e9sistance chimique et de son faible co\u00fbt. Il est couramment utilis\u00e9 dans les syst\u00e8mes d'approvisionnement en eau et d'\u00e9vacuation, les syst\u00e8mes d'irrigation et les conduits \u00e9lectriques.<\/p>    <p>Poly\u00e9thyl\u00e8ne haute densit\u00e9 (PEHD) : Le PEHD est un mat\u00e9riau thermoplastique couramment utilis\u00e9 dans la fabrication de tuyaux en raison de sa grande r\u00e9sistance, de sa durabilit\u00e9 et de sa r\u00e9sistance aux produits chimiques et aux rayons UV. Il est utilis\u00e9 dans les syst\u00e8mes d'approvisionnement en eau, les syst\u00e8mes de distribution de gaz et les syst\u00e8mes de drainage.<\/p>    <p>Polypropyl\u00e8ne (PP) : Le PP est un mat\u00e9riau thermoplastique couramment utilis\u00e9 dans la fabrication de tuyaux en raison de sa haute r\u00e9sistance aux produits chimiques et \u00e0 la chaleur. Il est utilis\u00e9 dans les syst\u00e8mes d'approvisionnement en eau, le transport de produits chimiques et les syst\u00e8mes d'\u00e9gouts.<\/p>    <h2 class=\"wp-block-heading\">Machine de fabrication de tuyaux en plastique Shuliy<\/h2>    <p class=\"translation-block\">Shuliy Group fournit l\u2019ensemble<a href=\"https:\/\/www.recycle-plant.com\/fr\/plastic-pipe-making-machine.html\"> ligne de production de tubes plastiques<\/a> et les machines associ\u00e9es. Nos tubes plastiques sont fabriqu\u00e9s par extrusion, qui est la m\u00e9thode la plus courante pour la fabrication de tubes plastiques. Cela implique de faire fondre des mat\u00e9riaux thermoplastiques bruts et de les forcer \u00e0 travers une fili\u00e8re pour cr\u00e9er un tube continu. Ce proc\u00e9d\u00e9 est fortement automatis\u00e9, ce qui garantit une qualit\u00e9 de tube et une efficacit\u00e9 de production constantes.<\/p>    <figure class=\"wp-block-image size-full\"><img loading=\"lazy\" decoding=\"async\" width=\"720\" height=\"540\" src=\"https:\/\/www.recycle-plant.com\/wp-content\/uploads\/2022\/06\/plastic-pipe-production-line.jpg\" alt=\"ligne de production de tuyaux en plastique\" class=\"wp-image-6051\" srcset=\"https:\/\/www.recycle-plant.com\/wp-content\/uploads\/2022\/06\/plastic-pipe-production-line.jpg 720w, https:\/\/www.recycle-plant.com\/wp-content\/uploads\/2022\/06\/plastic-pipe-production-line-300x225.jpg 300w\" sizes=\"auto, (max-width: 720px) 100vw, 720px\" \/><figcaption class=\"wp-element-caption\">ligne de production de tuyaux en plastique<\/figcaption><\/figure>    <h2 class=\"wp-block-heading\">Choisissez Shuliy, obtenez les tuyaux en plastique que vous souhaitez<\/h2>    <figure class=\"wp-block-gallery has-nested-images columns-default is-cropped wp-block-gallery-2 is-layout-flex wp-block-gallery-is-layout-flex\"> <figure class=\"wp-block-image size-large\"><img loading=\"lazy\" decoding=\"async\" width=\"720\" height=\"540\" data-id=\"6048\" src=\"https:\/\/www.recycle-plant.com\/wp-content\/uploads\/2022\/06\/PVC-pipes.jpg\" alt=\"tuyaux en PVC\" class=\"wp-image-6048\" srcset=\"https:\/\/www.recycle-plant.com\/wp-content\/uploads\/2022\/06\/PVC-pipes.jpg 720w, https:\/\/www.recycle-plant.com\/wp-content\/uploads\/2022\/06\/PVC-pipes-300x225.jpg 300w\" sizes=\"auto, (max-width: 720px) 100vw, 720px\" \/><\/figure>    <figure class=\"wp-block-image size-large\"><img loading=\"lazy\" decoding=\"async\" width=\"720\" height=\"540\" data-id=\"6047\" src=\"https:\/\/www.recycle-plant.com\/wp-content\/uploads\/2022\/06\/products-of-plastic-pipe-production-line.jpg\" alt=\"produits de la ligne de production de tuyaux en plastique\" class=\"wp-image-6047\" srcset=\"https:\/\/www.recycle-plant.com\/wp-content\/uploads\/2022\/06\/products-of-plastic-pipe-production-line.jpg 720w, https:\/\/www.recycle-plant.com\/wp-content\/uploads\/2022\/06\/products-of-plastic-pipe-production-line-300x225.jpg 300w\" sizes=\"auto, (max-width: 720px) 100vw, 720px\" \/><\/figure> <\/figure>    <p>Le processus de fabrication des tubes en plastique est complexe, mais il est \u00e9galement tr\u00e8s efficace et polyvalent. En utilisant des machines et des techniques avanc\u00e9es de fabrication de tuyaux en plastique, les fabricants peuvent cr\u00e9er des tubes qui r\u00e9pondent \u00e0 des exigences sp\u00e9cifiques en mati\u00e8re de r\u00e9sistance, de flexibilit\u00e9 et de r\u00e9sistance chimique. <\/p>    <p>Si vous recherchez un fournisseur fiable de machines de fabrication de tuyaux en plastique, assurez-vous de choisir un fabricant ayant une expertise en extrusion, moulage et techniques de finition. Nous croyons que choisir le groupe Shuliy est votre meilleure option. Si vous \u00eates int\u00e9ress\u00e9, vous pouvez laisser votre demande sur notre formulaire de message. Notre chef de projet professionnel vous contactera bient\u00f4t.<\/p>","protected":false},"excerpt":{"rendered":"<p>Plastic tubes are an essential component in many industries, from packaging to medical devices. They are flexible, lightweight, and can be customized to meet various requirements. However, the plastic pipe manufacturing process is complex, requiring a high level of precision, expertise and professional equipment. Common materials of plastic pipe Polyvinyl chloride (PVC): PVC is a [&hellip;]<\/p>\n","protected":false},"author":1,"featured_media":0,"parent":0,"menu_order":0,"comment_status":"closed","ping_status":"closed","template":"","meta":{"_kad_blocks_custom_css":"","_kad_blocks_head_custom_js":"","_kad_blocks_body_custom_js":"","_kad_blocks_footer_custom_js":"","footnotes":""},"class_list":["post-6728","page","type-page","status-publish","hentry"],"taxonomy_info":[],"featured_image_src_large":false,"author_info":{"display_name":"Ella","author_link":"https:\/\/www.recycle-plant.com\/fr\/author\/admin\/"},"comment_info":0,"_links":{"self":[{"href":"https:\/\/www.recycle-plant.com\/fr\/wp-json\/wp\/v2\/pages\/6728","targetHints":{"allow":["GET"]}}],"collection":[{"href":"https:\/\/www.recycle-plant.com\/fr\/wp-json\/wp\/v2\/pages"}],"about":[{"href":"https:\/\/www.recycle-plant.com\/fr\/wp-json\/wp\/v2\/types\/page"}],"author":[{"embeddable":true,"href":"https:\/\/www.recycle-plant.com\/fr\/wp-json\/wp\/v2\/users\/1"}],"replies":[{"embeddable":true,"href":"https:\/\/www.recycle-plant.com\/fr\/wp-json\/wp\/v2\/comments?post=6728"}],"version-history":[{"count":0,"href":"https:\/\/www.recycle-plant.com\/fr\/wp-json\/wp\/v2\/pages\/6728\/revisions"}],"wp:attachment":[{"href":"https:\/\/www.recycle-plant.com\/fr\/wp-json\/wp\/v2\/media?parent=6728"}],"curies":[{"name":"wp","href":"https:\/\/api.w.org\/{rel}","templated":true}]}}