{"id":6536,"date":"2018-10-17T06:10:23","date_gmt":"2018-10-17T06:10:23","guid":{"rendered":"https:\/\/www.recycle-plant.com\/?page_id=5"},"modified":"2024-03-11T17:07:32","modified_gmt":"2024-03-11T09:07:32","slug":"about-us","status":"publish","type":"page","link":"https:\/\/www.recycle-plant.com\/pt\/about-us\/","title":{"rendered":"Sobre N\u00f3s"},"content":{"rendered":"<h2 class=\"wp-block-heading\">Quem Somos<\/h2>    <p>A Zhengzhou Shuliy Machinery Co., Ltd \u00e9 uma empresa bem conhecida que integra pesquisa cient\u00edfica, desenvolvimento, design, fabrica\u00e7\u00e3o e vendas como um todo. Est\u00e1 localizada na Zona de Desenvolvimento Econ\u00f4mico e Tecnol\u00f3gico de Zhengzhou, que \u00e9 um centro comercial e econ\u00f4mico, atuando principalmente na importa\u00e7\u00e3o e exporta\u00e7\u00e3o de equipamentos mec\u00e2nicos. Aqui, conta com mais de 300 funcion\u00e1rios, todos motivados pela alegria de trabalhar como uma fam\u00edlia.<\/p>    <figure class=\"wp-block-image aligncenter size-large\"><img decoding=\"async\" src=\"https:\/\/www.recycle-plant.com\/wp-content\/uploads\/2022\/03\/shuliy-machinery-factory-720x377.jpg\" alt=\"\" class=\"wp-image-5797\"><\/figure>    <h2 class=\"wp-block-heading\">Nossa Capacidade de P&amp;D<\/h2>    <p>Sempre acreditamos firmemente que a tecnologia \u00e9 a principal for\u00e7a produtiva. Guiados por esse conceito, fizemos grandes investimentos na contrata\u00e7\u00e3o de muitos especialistas mec\u00e2nicos excepcionais como nossos consultores, o que nos proporciona uma excelente capacidade de pesquisar e desenvolver novos produtos e melhorar a qualidade das m\u00e1quinas tradicionais.<\/p>    <h2 class=\"wp-block-heading\">Nossos Principais Produtos e Mercado<\/h2>    <p class=\"translation-block\">Nossos principais produtos incluem uma <a href=\"https:\/\/www.recycle-plant.com\/pt\/plastic-pelletizing-machine-2.html\">m\u00e1quina granuladora de pl\u00e1stico<\/a> e uma <a href=\"https:\/\/www.recycle-plant.com\/pt\/plastic-film-recycling-production-line\/\">linha de produ\u00e7\u00e3o de granula\u00e7\u00e3o de pl\u00e1stico<\/a> completa, que pode reciclar materiais PP\/PE\/LDPE\/PVC. Al\u00e9m disso, tamb\u00e9m somos profissionais na fabrica\u00e7\u00e3o de m\u00e1quinas de reciclagem de garrafas PET e fornecemos a voc\u00ea uma <a href=\"https:\/\/www.recycle-plant.com\/pt\/plastic-bottle-recycling-line\/\">linha completa de tritura\u00e7\u00e3o e lavagem de garrafas PET<\/a>.<\/p>    <p>Nos \u00faltimos anos, nossas m\u00e1quinas de reciclagem t\u00eam desfrutado de grande popularidade nos mercados da \u00c1frica e da \u00c1sia, como Nig\u00e9ria, Qu\u00eania, \u00c1frica do Sul, Gana, Congo, Eti\u00f3pia, Nam\u00edbia, Marrocos, Botsuana, Zimb\u00e1bue, Uganda, Arg\u00e9lia, Ar\u00e1bia Saudita e Camar\u00f5es.<\/p>    <figure class=\"wp-block-image aligncenter size-full\"><img loading=\"lazy\" decoding=\"async\" width=\"720\" height=\"540\" src=\"https:\/\/www.recycle-plant.com\/wp-content\/uploads\/2023\/01\/plastic-pelletizing-plant1.jpg\" alt=\"\" class=\"wp-image-6506\" srcset=\"https:\/\/www.recycle-plant.com\/wp-content\/uploads\/2023\/01\/plastic-pelletizing-plant1.jpg 720w, https:\/\/www.recycle-plant.com\/wp-content\/uploads\/2023\/01\/plastic-pelletizing-plant1-300x225.jpg 300w\" sizes=\"auto, (max-width: 720px) 100vw, 720px\" \/><figcaption class=\"wp-element-caption\">nosso cliente na Ar\u00e1bia Saudita e nosso engenheiro<\/figcaption><\/figure>    <h2 class=\"wp-block-heading\">Nosso Controle de Qualidade e Servi\u00e7o<\/h2>    <p>N\u00f3s sempre buscamos a excel\u00eancia. Gra\u00e7as a uma for\u00e7a de trabalho bem treinada, um rigoroso sistema de garantia de qualidade, gest\u00e3o otimizada de todo o processo de produ\u00e7\u00e3o e sistemas de servi\u00e7o p\u00f3s-venda perfeitos, nossos produtos e servi\u00e7os s\u00e3o altamente elogiados por clientes nacionais e internacionais. Com base no princ\u00edpio de ser orientado pela qualidade, boa reputa\u00e7\u00e3o e clientes em primeiro lugar, temos a f\u00e9 de criar produtos de alta qualidade entre as ind\u00fastrias relevantes e fazer um grande desempenho por gera\u00e7\u00f5es. <\/p>    <p>Estamos profundamente dedicados a fornecer produtos de qualidade premium e um servi\u00e7o satisfat\u00f3rio a todos os clientes e esperamos uma coopera\u00e7\u00e3o sincera com eles para um futuro brilhante. Nossa empresa tem como objetivo inovar na pr\u00e1tica e fornecer uma garantia confi\u00e1vel da produ\u00e7\u00e3o \u00e0 venda.<\/p>","protected":false},"excerpt":{"rendered":"<p>Who Are We Zhengzhou Shuliy Machinery Co., Ltd is a well-known enterprise that integrates scientific research, development, design, manufacturing, and sales as a whole. It is located in Zhengzhou Economic and Technological Development Zone, which is a commercial and economic center, mainly engaging in the import and export of mechanical equipment. Here is empowered with [&hellip;]<\/p>\n","protected":false},"author":1,"featured_media":0,"parent":0,"menu_order":0,"comment_status":"open","ping_status":"closed","template":"","meta":{"_kad_blocks_custom_css":"","_kad_blocks_head_custom_js":"","_kad_blocks_body_custom_js":"","_kad_blocks_footer_custom_js":"","footnotes":""},"class_list":["post-6536","page","type-page","status-publish","hentry"],"taxonomy_info":[],"featured_image_src_large":false,"author_info":{"display_name":"Ella","author_link":"https:\/\/www.recycle-plant.com\/pt\/author\/admin\/"},"comment_info":8,"_links":{"self":[{"href":"https:\/\/www.recycle-plant.com\/pt\/wp-json\/wp\/v2\/pages\/6536","targetHints":{"allow":["GET"]}}],"collection":[{"href":"https:\/\/www.recycle-plant.com\/pt\/wp-json\/wp\/v2\/pages"}],"about":[{"href":"https:\/\/www.recycle-plant.com\/pt\/wp-json\/wp\/v2\/types\/page"}],"author":[{"embeddable":true,"href":"https:\/\/www.recycle-plant.com\/pt\/wp-json\/wp\/v2\/users\/1"}],"replies":[{"embeddable":true,"href":"https:\/\/www.recycle-plant.com\/pt\/wp-json\/wp\/v2\/comments?post=6536"}],"version-history":[{"count":0,"href":"https:\/\/www.recycle-plant.com\/pt\/wp-json\/wp\/v2\/pages\/6536\/revisions"}],"wp:attachment":[{"href":"https:\/\/www.recycle-plant.com\/pt\/wp-json\/wp\/v2\/media?parent=6536"}],"curies":[{"name":"wp","href":"https:\/\/api.w.org\/{rel}","templated":true}]}}