{"id":6612,"date":"2023-03-08T09:48:08","date_gmt":"2023-03-08T09:48:08","guid":{"rendered":"https:\/\/www.recycle-plant.com\/?page_id=6612"},"modified":"2023-03-09T08:32:59","modified_gmt":"2023-03-09T08:32:59","slug":"shuliy-groups-global-customers","status":"publish","type":"page","link":"https:\/\/www.recycle-plant.com\/pt\/shuliy-groups-global-customers\/","title":{"rendered":"Clientes Globais do Grupo Shuliy"},"content":{"rendered":"<p>A m\u00e1quina de granula\u00e7\u00e3o de pl\u00e1stico Shuliy, a m\u00e1quina de reciclagem de garrafas PET e a m\u00e1quina de reciclagem de pneus usados foram exportadas e instaladas em mais de 50 pa\u00edses, incluindo:<\/p>    <p>\u00c1sia: Ar\u00e1bia Saudita, Jap\u00e3o, Sri Lanka, Cazaquist\u00e3o, Mal\u00e1sia,<\/p>    <p>\u00c1frica: Senegal, Gana, Nig\u00e9ria, Uganda, Qu\u00eania, Tanz\u00e2nia, Mo\u00e7ambique, Eti\u00f3pia, Congo<\/p>    <p>Europa: Kosovo, Reino Unido, Alemanha, Hungria, Rom\u00eania, <\/p>    <p>Am\u00e9rica do Norte: Am\u00e9rica, Jamaica<\/p>    <h2 class=\"wp-block-heading\">Local de entrega<\/h2>    <p>Antes do envio da m\u00e1quina, nossos engenheiros verificar\u00e3o cuidadosamente as m\u00e1quinas e a quantidade de acess\u00f3rios. Enviaremos o diagrama e o v\u00eddeo do envio da m\u00e1quina ao cliente a tempo, para que o cliente possa saber a situa\u00e7\u00e3o do transporte da m\u00e1quina a qualquer momento.<\/p>    <figure class=\"wp-block-gallery has-nested-images columns-default is-cropped wp-block-gallery-2 is-layout-flex wp-block-gallery-is-layout-flex\"> <figure class=\"wp-block-image size-large\"><img loading=\"lazy\" decoding=\"async\" width=\"540\" height=\"720\" data-id=\"6490\" src=\"https:\/\/www.recycle-plant.com\/wp-content\/uploads\/2023\/01\/Plastic-granulator-shipped-to-Mozambique1.jpg\" alt=\"Granulador de pl\u00e1stico enviado para Mo\u00e7ambique\" class=\"wp-image-6490\" srcset=\"https:\/\/www.recycle-plant.com\/wp-content\/uploads\/2023\/01\/Plastic-granulator-shipped-to-Mozambique1.jpg 540w, https:\/\/www.recycle-plant.com\/wp-content\/uploads\/2023\/01\/Plastic-granulator-shipped-to-Mozambique1-225x300.jpg 225w\" sizes=\"auto, (max-width: 540px) 100vw, 540px\" \/><figcaption class=\"wp-element-caption\">granulador de pl\u00e1stico enviado para Mo\u00e7ambique<\/figcaption><\/figure>    <figure class=\"wp-block-image size-large\"><img loading=\"lazy\" decoding=\"async\" width=\"540\" height=\"720\" data-id=\"6440\" src=\"https:\/\/www.recycle-plant.com\/wp-content\/uploads\/2019\/11\/PET-bottle-washing-machines1.jpg\" alt=\"\" class=\"wp-image-6440\" srcset=\"https:\/\/www.recycle-plant.com\/wp-content\/uploads\/2019\/11\/PET-bottle-washing-machines1.jpg 540w, https:\/\/www.recycle-plant.com\/wp-content\/uploads\/2019\/11\/PET-bottle-washing-machines1-225x300.jpg 225w\" sizes=\"auto, (max-width: 540px) 100vw, 540px\" \/><figcaption class=\"wp-element-caption\">linha de reciclagem de garrafas PET enviada para Mo\u00e7ambique<\/figcaption><\/figure>    <figure class=\"wp-block-image size-large\"><img loading=\"lazy\" decoding=\"async\" width=\"540\" height=\"720\" data-id=\"6288\" src=\"https:\/\/www.recycle-plant.com\/wp-content\/uploads\/2022\/11\/shipment.jpg\" alt=\"envio de prensa de pl\u00e1stico\" class=\"wp-image-6288\" srcset=\"https:\/\/www.recycle-plant.com\/wp-content\/uploads\/2022\/11\/shipment.jpg 540w, https:\/\/www.recycle-plant.com\/wp-content\/uploads\/2022\/11\/shipment-225x300.jpg 225w\" sizes=\"auto, (max-width: 540px) 100vw, 540px\" \/><figcaption class=\"wp-element-caption\">envio de prensa de pl\u00e1stico para Gana<\/figcaption><\/figure>    <figure class=\"wp-block-image size-large\"><img loading=\"lazy\" decoding=\"async\" width=\"540\" height=\"720\" data-id=\"6282\" src=\"https:\/\/www.recycle-plant.com\/wp-content\/uploads\/2022\/11\/plastic-pelletizers.jpg\" alt=\"pelletizadores de pl\u00e1stico\" class=\"wp-image-6282\" srcset=\"https:\/\/www.recycle-plant.com\/wp-content\/uploads\/2022\/11\/plastic-pelletizers.jpg 540w, https:\/\/www.recycle-plant.com\/wp-content\/uploads\/2022\/11\/plastic-pelletizers-225x300.jpg 225w\" sizes=\"auto, (max-width: 540px) 100vw, 540px\" \/><figcaption class=\"wp-element-caption\">pelletizadores de pl\u00e1stico enviados para a Eti\u00f3pia<\/figcaption><\/figure>    <figure class=\"wp-block-image size-large\"><img loading=\"lazy\" decoding=\"async\" width=\"540\" height=\"720\" data-id=\"6173\" src=\"https:\/\/www.recycle-plant.com\/wp-content\/uploads\/2022\/10\/loading-and-delivery1.jpg\" alt=\"carregamento e entrega\" class=\"wp-image-6173\" srcset=\"https:\/\/www.recycle-plant.com\/wp-content\/uploads\/2022\/10\/loading-and-delivery1.jpg 540w, https:\/\/www.recycle-plant.com\/wp-content\/uploads\/2022\/10\/loading-and-delivery1-225x300.jpg 225w\" sizes=\"auto, (max-width: 540px) 100vw, 540px\" \/><figcaption class=\"wp-element-caption\">carregamento e entrega<\/figcaption><\/figure>    <figure class=\"wp-block-image size-large\"><img loading=\"lazy\" decoding=\"async\" width=\"540\" height=\"720\" data-id=\"6172\" src=\"https:\/\/www.recycle-plant.com\/wp-content\/uploads\/2022\/10\/loading1.jpg\" alt=\"\" class=\"wp-image-6172\" srcset=\"https:\/\/www.recycle-plant.com\/wp-content\/uploads\/2022\/10\/loading1.jpg 540w, https:\/\/www.recycle-plant.com\/wp-content\/uploads\/2022\/10\/loading1-225x300.jpg 225w\" sizes=\"auto, (max-width: 540px) 100vw, 540px\" \/><figcaption class=\"wp-element-caption\">linha de granula\u00e7\u00e3o de pl\u00e1stico enviada para a Ar\u00e1bia Saudita<\/figcaption><\/figure> <\/figure>    <h2 class=\"wp-block-heading\">Instala\u00e7\u00e3o no local do cliente<\/h2>    <p>A Shuliy fornece servi\u00e7os de instala\u00e7\u00e3o, treinamento de comissionamento e rastreamento. A imagem a seguir foi tirada por nossos clientes da Ar\u00e1bia Saudita em sua f\u00e1brica local de reciclagem de pl\u00e1stico. O cliente adquiriu uma linha completa de peletiza\u00e7\u00e3o de pl\u00e1stico da Shuliy, e para ajud\u00e1-lo a instalar a linha de peletiza\u00e7\u00e3o, a Shuliy organizou para que nossa equipe de engenharia fosse \u00e0 Ar\u00e1bia Saudita. <\/p>    <figure class=\"wp-block-image size-full\"><img loading=\"lazy\" decoding=\"async\" width=\"720\" height=\"540\" src=\"https:\/\/www.recycle-plant.com\/wp-content\/uploads\/2023\/01\/plastic-pelletizing-plant1.jpg\" alt=\"\" class=\"wp-image-6506\" srcset=\"https:\/\/www.recycle-plant.com\/wp-content\/uploads\/2023\/01\/plastic-pelletizing-plant1.jpg 720w, https:\/\/www.recycle-plant.com\/wp-content\/uploads\/2023\/01\/plastic-pelletizing-plant1-300x225.jpg 300w\" sizes=\"auto, (max-width: 720px) 100vw, 720px\" \/><\/figure>    <h2 class=\"wp-block-heading\">Feedback de nossos clientes globais<\/h2>    <h3 class=\"wp-block-heading\">V\u00eddeo de feedback do cliente do Qu\u00eania<\/h3>    <figure class=\"wp-block-embed is-type-video is-provider-youtube wp-block-embed-youtube wp-embed-aspect-16-9 wp-has-aspect-ratio\"><div class=\"wp-block-embed__wrapper\"> <iframe loading=\"lazy\" title=\"Feedback da m\u00e1quina de pelletiza\u00e7\u00e3o de pl\u00e1stico no Qu\u00eania | M\u00e1quina de pelletiza\u00e7\u00e3o de pl\u00e1stico\" width=\"500\" height=\"281\" src=\"https:\/\/www.youtube.com\/embed\/xBZN9RXEWh0?feature=oembed\" frameborder=\"0\" allow=\"accelerometer; autoplay; clipboard-write; encrypted-media; gyroscope; picture-in-picture; web-share\" referrerpolicy=\"strict-origin-when-cross-origin\" allowfullscreen><\/iframe> <\/div><\/figure>    <h3 class=\"wp-block-heading\">Coopera\u00e7\u00e3o bem-sucedida com clientes em Mo\u00e7ambique e Mal\u00e1sia<\/h3>    <figure class=\"wp-block-gallery has-nested-images columns-default is-cropped wp-block-gallery-3 is-layout-flex wp-block-gallery-is-layout-flex\"> <figure class=\"wp-block-image size-large\"><img loading=\"lazy\" decoding=\"async\" width=\"720\" height=\"540\" data-id=\"6433\" src=\"https:\/\/www.recycle-plant.com\/wp-content\/uploads\/2019\/11\/cooperition-with-customer1.jpg\" alt=\"\" class=\"wp-image-6433\" srcset=\"https:\/\/www.recycle-plant.com\/wp-content\/uploads\/2019\/11\/cooperition-with-customer1.jpg 720w, https:\/\/www.recycle-plant.com\/wp-content\/uploads\/2019\/11\/cooperition-with-customer1-300x225.jpg 300w\" sizes=\"auto, (max-width: 720px) 100vw, 720px\" \/><\/figure>    <figure class=\"wp-block-image size-large\"><img loading=\"lazy\" decoding=\"async\" width=\"720\" height=\"540\" data-id=\"6378\" src=\"https:\/\/www.recycle-plant.com\/wp-content\/uploads\/2022\/12\/chat-records1.jpg\" alt=\"\" class=\"wp-image-6378\" srcset=\"https:\/\/www.recycle-plant.com\/wp-content\/uploads\/2022\/12\/chat-records1.jpg 720w, https:\/\/www.recycle-plant.com\/wp-content\/uploads\/2022\/12\/chat-records1-300x225.jpg 300w\" sizes=\"auto, (max-width: 720px) 100vw, 720px\" \/><\/figure> <\/figure>","protected":false},"excerpt":{"rendered":"<p>Shuliy plastic granulating machine, PET bottle recycling machine, and waste tire recycling machine have been exported and installed in more than 50 countries including: Asia: Saudi Arabia, Japan, Sri Lanka, Kazakhstan\uff0c Malaysia\uff0c Africa: Senegal, Ghana, Nigeria, Uganda, Kenya, Tanzania, Mozambique, Ethiopia, Congo Europe: Kosovo, United Kingdom, Germany, Hungary, Romania, North America: America, Jamaica Delivery site [&hellip;]<\/p>\n","protected":false},"author":1,"featured_media":0,"parent":0,"menu_order":0,"comment_status":"closed","ping_status":"closed","template":"","meta":{"_kad_blocks_custom_css":"","_kad_blocks_head_custom_js":"","_kad_blocks_body_custom_js":"","_kad_blocks_footer_custom_js":"","footnotes":""},"class_list":["post-6612","page","type-page","status-publish","hentry"],"taxonomy_info":[],"featured_image_src_large":false,"author_info":{"display_name":"Ella","author_link":"https:\/\/www.recycle-plant.com\/pt\/author\/admin\/"},"comment_info":0,"_links":{"self":[{"href":"https:\/\/www.recycle-plant.com\/pt\/wp-json\/wp\/v2\/pages\/6612","targetHints":{"allow":["GET"]}}],"collection":[{"href":"https:\/\/www.recycle-plant.com\/pt\/wp-json\/wp\/v2\/pages"}],"about":[{"href":"https:\/\/www.recycle-plant.com\/pt\/wp-json\/wp\/v2\/types\/page"}],"author":[{"embeddable":true,"href":"https:\/\/www.recycle-plant.com\/pt\/wp-json\/wp\/v2\/users\/1"}],"replies":[{"embeddable":true,"href":"https:\/\/www.recycle-plant.com\/pt\/wp-json\/wp\/v2\/comments?post=6612"}],"version-history":[{"count":0,"href":"https:\/\/www.recycle-plant.com\/pt\/wp-json\/wp\/v2\/pages\/6612\/revisions"}],"wp:attachment":[{"href":"https:\/\/www.recycle-plant.com\/pt\/wp-json\/wp\/v2\/media?parent=6612"}],"curies":[{"name":"wp","href":"https:\/\/api.w.org\/{rel}","templated":true}]}}