{"id":6633,"date":"2023-03-09T09:51:23","date_gmt":"2023-03-09T09:51:23","guid":{"rendered":"https:\/\/www.recycle-plant.com\/?page_id=6633"},"modified":"2023-03-09T09:51:24","modified_gmt":"2023-03-09T09:51:24","slug":"shuliy-factory-overview","status":"publish","type":"page","link":"https:\/\/www.recycle-plant.com\/pt\/shuliy-factory-overview\/","title":{"rendered":"Vis\u00e3o Geral da F\u00e1brica Shuliy"},"content":{"rendered":"<p>O v\u00eddeo mostra a linha de pelletiza\u00e7\u00e3o de pl\u00e1stico para sacos de PP e PE e a linha de tritura\u00e7\u00e3o e lavagem de garrafas PET. As m\u00e1quinas podem ser escolhidas pelos clientes de acordo com suas necessidades. Oferecemos m\u00e1quinas de alta qualidade, bem como solu\u00e7\u00f5es completas de reciclagem de pl\u00e1stico, como instala\u00e7\u00e3o no local e servi\u00e7o p\u00f3s-venda.<\/p>    <figure class=\"wp-block-embed is-type-video is-provider-youtube wp-block-embed-youtube wp-embed-aspect-16-9 wp-has-aspect-ratio\"><div class=\"wp-block-embed__wrapper\"> <iframe loading=\"lazy\" title=\"Como \u00e9 a nossa f\u00e1brica de reciclagem de pl\u00e1stico? | Tour pela f\u00e1brica de m\u00e1quinas de reciclagem de pl\u00e1stico\" width=\"500\" height=\"281\" src=\"https:\/\/www.youtube.com\/embed\/U9f70oCR5A8?feature=oembed\" frameborder=\"0\" allow=\"accelerometer; autoplay; clipboard-write; encrypted-media; gyroscope; picture-in-picture; web-share\" referrerpolicy=\"strict-origin-when-cross-origin\" allowfullscreen><\/iframe> <\/div><\/figure>    <p>O v\u00eddeo mostra a f\u00e1brica de fabrica\u00e7\u00e3o de m\u00e1quinas de granula\u00e7\u00e3o de pl\u00e1stico da Shuliy. No v\u00eddeo, nosso gerente de projeto, Sunny, apresentou as principais m\u00e1quinas de reciclagem na linha de granula\u00e7\u00e3o de pl\u00e1stico, incluindo um triturador de pl\u00e1stico, m\u00e1quina de granula\u00e7\u00e3o de pl\u00e1stico, tanque de lavagem, m\u00e1quina de secagem e m\u00e1quina de granula\u00e7\u00e3o de pl\u00e1stico.<\/p>    <figure class=\"wp-block-embed is-type-video is-provider-youtube wp-block-embed-youtube wp-embed-aspect-16-9 wp-has-aspect-ratio\"><div class=\"wp-block-embed__wrapper\"> <iframe loading=\"lazy\" title=\"M\u00e1quina de Pelotiza\u00e7\u00e3o de Pl\u00e1stico Mais Vendida | Introdu\u00e7\u00e3o ao Granulador de Pl\u00e1stico em Nossa F\u00e1brica\" width=\"500\" height=\"281\" src=\"https:\/\/www.youtube.com\/embed\/eXMA0o5JnE0?feature=oembed\" frameborder=\"0\" allow=\"accelerometer; autoplay; clipboard-write; encrypted-media; gyroscope; picture-in-picture; web-share\" referrerpolicy=\"strict-origin-when-cross-origin\" allowfullscreen><\/iframe> <\/div><\/figure>","protected":false},"excerpt":{"rendered":"<p>The video shows the plastic pelletizing line for PP PE bags and the PET bottle crushing and washing line. The machines can be chosen by customers according to their demands. We provide high-quality machines as well as one-stop plastic recycling solutions such as on-site installation and after-sales service. The video shows shuliy plastic granulating machine [&hellip;]<\/p>\n","protected":false},"author":1,"featured_media":0,"parent":0,"menu_order":0,"comment_status":"closed","ping_status":"closed","template":"","meta":{"_kad_blocks_custom_css":"","_kad_blocks_head_custom_js":"","_kad_blocks_body_custom_js":"","_kad_blocks_footer_custom_js":"","footnotes":""},"class_list":["post-6633","page","type-page","status-publish","hentry"],"taxonomy_info":[],"featured_image_src_large":false,"author_info":{"display_name":"Ella","author_link":"https:\/\/www.recycle-plant.com\/pt\/author\/admin\/"},"comment_info":0,"_links":{"self":[{"href":"https:\/\/www.recycle-plant.com\/pt\/wp-json\/wp\/v2\/pages\/6633","targetHints":{"allow":["GET"]}}],"collection":[{"href":"https:\/\/www.recycle-plant.com\/pt\/wp-json\/wp\/v2\/pages"}],"about":[{"href":"https:\/\/www.recycle-plant.com\/pt\/wp-json\/wp\/v2\/types\/page"}],"author":[{"embeddable":true,"href":"https:\/\/www.recycle-plant.com\/pt\/wp-json\/wp\/v2\/users\/1"}],"replies":[{"embeddable":true,"href":"https:\/\/www.recycle-plant.com\/pt\/wp-json\/wp\/v2\/comments?post=6633"}],"version-history":[{"count":0,"href":"https:\/\/www.recycle-plant.com\/pt\/wp-json\/wp\/v2\/pages\/6633\/revisions"}],"wp:attachment":[{"href":"https:\/\/www.recycle-plant.com\/pt\/wp-json\/wp\/v2\/media?parent=6633"}],"curies":[{"name":"wp","href":"https:\/\/api.w.org\/{rel}","templated":true}]}}