{"id":6675,"date":"2023-03-17T07:35:16","date_gmt":"2023-03-17T07:35:16","guid":{"rendered":"https:\/\/www.recycle-plant.com\/?page_id=6675"},"modified":"2024-06-17T17:57:08","modified_gmt":"2024-06-17T09:57:08","slug":"pet-bottle-washing-line-solution","status":"publish","type":"page","link":"https:\/\/www.recycle-plant.com\/pt\/pet-bottle-washing-line-solution\/","title":{"rendered":"Solu\u00e7\u00e3o de Linha de Lavagem de Garrafas PET"},"content":{"rendered":"<p>O pl\u00e1stico PET \u00e9 uma op\u00e7\u00e3o de embalagem sustent\u00e1vel e o principal tipo de pl\u00e1stico, sendo sempre utilizado para garrafas de bebidas devido \u00e0 sua excelente resist\u00eancia qu\u00edmica a materiais org\u00e2nicos e \u00e1gua, al\u00e9m de sua alta rela\u00e7\u00e3o resist\u00eancia-peso.<\/p>    <p>Al\u00e9m disso, o PET \u00e9 a escolha preferida para garrafas pl\u00e1sticas porque \u00e9 100% recicl\u00e1vel e altamente sustent\u00e1vel. Flocos de PET reciclado recebem alta popularidade no mercado internacional e t\u00eam uma efici\u00eancia econ\u00f4mica relativamente alta.<\/p>    <p>Portanto, o PET vale muito a pena ser reciclado. Ap\u00f3s ser reciclado, as flocos de PET limpos podem ser transformados em novos produtos, o que reduzir\u00e1 a polui\u00e7\u00e3o ambiental e gerar\u00e1 lucros para os recicladores de pl\u00e1sticos.<\/p>    <h2 class=\"wp-block-heading\">Linha de lavagem de garrafas PET Shuliy<\/h2>    <p>O Shuliy Group \u00e9 um famoso fabricante de m\u00e1quinas de reciclagem de garrafas PET na China, produzimos solu\u00e7\u00f5es de reciclagem de garrafas PET e m\u00e1quinas de esmagamento e lavagem de garrafas pl\u00e1sticas de boa qualidade. O v\u00eddeo a seguir \u00e9 o v\u00eddeo 3D da planta de lavagem e reciclagem de PET.<\/p>    <figure class=\"wp-block-embed is-type-video is-provider-youtube wp-block-embed-youtube wp-embed-aspect-16-9 wp-has-aspect-ratio\"><div class=\"wp-block-embed__wrapper\"> <iframe loading=\"lazy\" title=\"V\u00eddeo 3D da linha de reciclagem de garrafas PET | Como reciclar garrafas pl\u00e1sticas descartadas?\" width=\"500\" height=\"281\" src=\"https:\/\/www.youtube.com\/embed\/Beev9uxidkE?start=19&#038;feature=oembed\" frameborder=\"0\" allow=\"accelerometer; autoplay; clipboard-write; encrypted-media; gyroscope; picture-in-picture; web-share\" referrerpolicy=\"strict-origin-when-cross-origin\" allowfullscreen><\/iframe> <\/div><\/figure>    <h2 class=\"wp-block-heading\">Processo da linha de lavagem de garrafas PET <\/h2>    <p>Primeiramente, os r\u00f3tulos das garrafas pl\u00e1sticas de PET devem ser separados, em seguida, as garrafas de PET s\u00e3o trituradas em flocos, as tampas de PP s\u00e3o separadas usando as diferentes densidades do material de PP e PET na \u00e1gua. Depois, o PET \u00e9 lavado ainda mais com tanques de lavagem de pl\u00e1stico e tanques de lavagem a quente. Finalmente, utiliza-se uma m\u00e1quina de desidrata\u00e7\u00e3o de pl\u00e1stico para secar os flocos de garrafa.<\/p>    <h2 class=\"wp-block-heading\">Produto final das m\u00e1quinas de reciclagem de garrafas pl\u00e1sticas<\/h2>    <p class=\"translation-block\">Os flocos de garrafa PET reciclados processados da <strong><a href=\"https:\/\/www.recycle-plant.com\/pt\/plastic-bottle-recycling-line\/\">linha de reciclagem de garrafas PET<\/a><\/strong> s\u00e3o classificados principalmente em tr\u00eas graus de qualidade: umidade, teor de PVC e viscosidade caracter\u00edstica. Os flocos de garrafa PET processados pela linha de reciclagem de garrafas PET da Shuliy podem atingir o padr\u00e3o de grau correspondente, e esses flocos de PET podem ter um alto lucro.<\/p>    <figure class=\"wp-block-gallery has-nested-images columns-default is-cropped wp-block-gallery-2 is-layout-flex wp-block-gallery-is-layout-flex\"> <figure class=\"wp-block-image size-large\"><img loading=\"lazy\" decoding=\"async\" width=\"720\" height=\"540\" data-id=\"6399\" src=\"https:\/\/www.recycle-plant.com\/wp-content\/uploads\/2022\/12\/clean-PET-flakes-are-the-final-products-of-plastic-bottle-reycling-line.jpg\" alt=\"Flocos de PET limpos s\u00e3o os produtos finais da linha de reciclagem de garrafas pl\u00e1sticas\" class=\"wp-image-6399\" srcset=\"https:\/\/www.recycle-plant.com\/wp-content\/uploads\/2022\/12\/clean-PET-flakes-are-the-final-products-of-plastic-bottle-reycling-line.jpg 720w, https:\/\/www.recycle-plant.com\/wp-content\/uploads\/2022\/12\/clean-PET-flakes-are-the-final-products-of-plastic-bottle-reycling-line-300x225.jpg 300w\" sizes=\"auto, (max-width: 720px) 100vw, 720px\" \/><figcaption class=\"wp-element-caption\">flocos de PET limpos <\/figcaption><\/figure>    <figure class=\"wp-block-image size-large\"><img loading=\"lazy\" decoding=\"async\" width=\"720\" height=\"540\" data-id=\"6009\" src=\"https:\/\/www.recycle-plant.com\/wp-content\/uploads\/2022\/06\/recycled-PET-flakes.jpg\" alt=\"flocos de PET reciclados\" class=\"wp-image-6009\" srcset=\"https:\/\/www.recycle-plant.com\/wp-content\/uploads\/2022\/06\/recycled-PET-flakes.jpg 720w, https:\/\/www.recycle-plant.com\/wp-content\/uploads\/2022\/06\/recycled-PET-flakes-300x225.jpg 300w\" sizes=\"auto, (max-width: 720px) 100vw, 720px\" \/><figcaption class=\"wp-element-caption\">flocos de PET reciclados<\/figcaption><\/figure> <\/figure>    <h2 class=\"wp-block-heading\">Entrega da planta de lavagem de garrafas de PET<\/h2>    <figure class=\"wp-block-gallery has-nested-images columns-default is-cropped wp-block-gallery-3 is-layout-flex wp-block-gallery-is-layout-flex\"> <figure class=\"wp-block-image size-large\"><img loading=\"lazy\" decoding=\"async\" width=\"540\" height=\"720\" data-id=\"6434\" src=\"https:\/\/www.recycle-plant.com\/wp-content\/uploads\/2019\/11\/PET-bottle-washing-plant-1.jpg\" alt=\"Planta de lavagem de garrafas PET\" class=\"wp-image-6434\" srcset=\"https:\/\/www.recycle-plant.com\/wp-content\/uploads\/2019\/11\/PET-bottle-washing-plant-1.jpg 540w, https:\/\/www.recycle-plant.com\/wp-content\/uploads\/2019\/11\/PET-bottle-washing-plant-1-225x300.jpg 225w\" sizes=\"auto, (max-width: 540px) 100vw, 540px\" \/><figcaption class=\"wp-element-caption\">Planta de lavagem de garrafas de PET enviada para Mo\u00e7ambique<\/figcaption><\/figure>    <figure class=\"wp-block-image size-large\"><img loading=\"lazy\" decoding=\"async\" width=\"540\" height=\"720\" data-id=\"6435\" src=\"https:\/\/www.recycle-plant.com\/wp-content\/uploads\/2019\/11\/PET-bottle-washing-plant-shipped-to-Mozambique1.jpg\" alt=\"Planta de lavagem de garrafas PET enviada para Mo\u00e7ambique\" class=\"wp-image-6435\" srcset=\"https:\/\/www.recycle-plant.com\/wp-content\/uploads\/2019\/11\/PET-bottle-washing-plant-shipped-to-Mozambique1.jpg 540w, https:\/\/www.recycle-plant.com\/wp-content\/uploads\/2019\/11\/PET-bottle-washing-plant-shipped-to-Mozambique1-225x300.jpg 225w\" sizes=\"auto, (max-width: 540px) 100vw, 540px\" \/><figcaption class=\"wp-element-caption\">Linha de lavagem de garrafas de PET enviada para Mo\u00e7ambique<\/figcaption><\/figure>    <figure class=\"wp-block-image size-large\"><img loading=\"lazy\" decoding=\"async\" width=\"720\" height=\"540\" data-id=\"6369\" src=\"https:\/\/www.recycle-plant.com\/wp-content\/uploads\/2019\/11\/plastic-granulator1.jpg\" alt=\"\" class=\"wp-image-6369\" srcset=\"https:\/\/www.recycle-plant.com\/wp-content\/uploads\/2019\/11\/plastic-granulator1.jpg 720w, https:\/\/www.recycle-plant.com\/wp-content\/uploads\/2019\/11\/plastic-granulator1-300x225.jpg 300w\" sizes=\"auto, (max-width: 720px) 100vw, 720px\" \/><figcaption class=\"wp-element-caption\">Linha de reciclagem de garrafas de PET enviada para o Jap\u00e3o<\/figcaption><\/figure>    <figure class=\"wp-block-image size-large\"><img loading=\"lazy\" decoding=\"async\" width=\"720\" height=\"540\" data-id=\"6363\" src=\"https:\/\/www.recycle-plant.com\/wp-content\/uploads\/2019\/11\/plastic-granulator-machine-Saudi-Arabia1.jpg\" alt=\"\" class=\"wp-image-6363\" srcset=\"https:\/\/www.recycle-plant.com\/wp-content\/uploads\/2019\/11\/plastic-granulator-machine-Saudi-Arabia1.jpg 720w, https:\/\/www.recycle-plant.com\/wp-content\/uploads\/2019\/11\/plastic-granulator-machine-Saudi-Arabia1-300x225.jpg 300w\" sizes=\"auto, (max-width: 720px) 100vw, 720px\" \/><figcaption class=\"wp-element-caption\">Linha de lavagem de garrafas PET enviada para a Nig\u00e9ria<\/figcaption><\/figure>    <figure class=\"wp-block-image size-large\"><img loading=\"lazy\" decoding=\"async\" width=\"540\" height=\"720\" data-id=\"6287\" src=\"https:\/\/www.recycle-plant.com\/wp-content\/uploads\/2022\/11\/loading-and-delivery.jpg\" alt=\"\" class=\"wp-image-6287\" srcset=\"https:\/\/www.recycle-plant.com\/wp-content\/uploads\/2022\/11\/loading-and-delivery.jpg 540w, https:\/\/www.recycle-plant.com\/wp-content\/uploads\/2022\/11\/loading-and-delivery-225x300.jpg 225w\" sizes=\"auto, (max-width: 540px) 100vw, 540px\" \/><figcaption class=\"wp-element-caption\">Linha de lavagem de garrafas PET enviada para o Congo<\/figcaption><\/figure>    <figure class=\"wp-block-image size-large\"><img loading=\"lazy\" decoding=\"async\" width=\"540\" height=\"720\" data-id=\"5905\" src=\"https:\/\/www.recycle-plant.com\/wp-content\/uploads\/2022\/05\/plastic-washing-recycling-machine-sent-to-Kenya.jpg\" alt=\"\" class=\"wp-image-5905\" srcset=\"https:\/\/www.recycle-plant.com\/wp-content\/uploads\/2022\/05\/plastic-washing-recycling-machine-sent-to-Kenya.jpg 540w, https:\/\/www.recycle-plant.com\/wp-content\/uploads\/2022\/05\/plastic-washing-recycling-machine-sent-to-Kenya-225x300.jpg 225w\" sizes=\"auto, (max-width: 540px) 100vw, 540px\" \/><figcaption class=\"wp-element-caption\">M\u00e1quina de reciclagem de lavagem de pl\u00e1stico enviada para o Qu\u00eania<\/figcaption><\/figure> <\/figure>","protected":false},"excerpt":{"rendered":"<p>PET plastic is a sustainable packaging option and the primary type of plastic, it is always used for beverage bottles for its excellent chemical resistance to organic materials and water and its high strength-to-weight ratio. Moreover, PET is the preferred choice for plastic bottles because it is 100% recyclable and highly sustainable. Recycled PET flakes [&hellip;]<\/p>\n","protected":false},"author":1,"featured_media":0,"parent":0,"menu_order":0,"comment_status":"closed","ping_status":"closed","template":"","meta":{"_kad_blocks_custom_css":"","_kad_blocks_head_custom_js":"","_kad_blocks_body_custom_js":"","_kad_blocks_footer_custom_js":"","footnotes":""},"class_list":["post-6675","page","type-page","status-publish","hentry"],"taxonomy_info":[],"featured_image_src_large":false,"author_info":{"display_name":"Ella","author_link":"https:\/\/www.recycle-plant.com\/pt\/author\/admin\/"},"comment_info":0,"_links":{"self":[{"href":"https:\/\/www.recycle-plant.com\/pt\/wp-json\/wp\/v2\/pages\/6675","targetHints":{"allow":["GET"]}}],"collection":[{"href":"https:\/\/www.recycle-plant.com\/pt\/wp-json\/wp\/v2\/pages"}],"about":[{"href":"https:\/\/www.recycle-plant.com\/pt\/wp-json\/wp\/v2\/types\/page"}],"author":[{"embeddable":true,"href":"https:\/\/www.recycle-plant.com\/pt\/wp-json\/wp\/v2\/users\/1"}],"replies":[{"embeddable":true,"href":"https:\/\/www.recycle-plant.com\/pt\/wp-json\/wp\/v2\/comments?post=6675"}],"version-history":[{"count":0,"href":"https:\/\/www.recycle-plant.com\/pt\/wp-json\/wp\/v2\/pages\/6675\/revisions"}],"wp:attachment":[{"href":"https:\/\/www.recycle-plant.com\/pt\/wp-json\/wp\/v2\/media?parent=6675"}],"curies":[{"name":"wp","href":"https:\/\/api.w.org\/{rel}","templated":true}]}}