{"id":6693,"date":"2023-03-20T08:25:06","date_gmt":"2023-03-20T08:25:06","guid":{"rendered":"https:\/\/www.recycle-plant.com\/?page_id=6693"},"modified":"2023-03-20T09:30:57","modified_gmt":"2023-03-20T09:30:57","slug":"technical-support","status":"publish","type":"page","link":"https:\/\/www.recycle-plant.com\/pt\/technical-support\/","title":{"rendered":"Suporte T\u00e9cnico"},"content":{"rendered":"<p>A Shuliy \u00e9 um fabricante de m\u00e1quinas de reciclagem de pl\u00e1stico com forte suporte t\u00e9cnico, incluindo equipamentos de fabrica\u00e7\u00e3o de qualidade, excelentes desenvolvedores t\u00e9cnicos e uma equipe profissional de fabrica\u00e7\u00e3o e vendas. Portanto, somos capazes de ajudar clientes globais a fornecer m\u00e1quinas de reciclagem de pl\u00e1stico de alta qualidade e oferecer solu\u00e7\u00f5es de reciclagem de pl\u00e1stico. Podemos fornecer suporte t\u00e9cnico profissional e um excelente servi\u00e7o de pr\u00e9 e p\u00f3s-venda.<\/p>    <h2 class=\"wp-block-heading\">Comunica\u00e7\u00e3o online para resolver problemas<\/h2>    <p>Ap\u00f3s entender as necessidades do cliente, os gerentes de projeto profissionais da Shuliy recomendar\u00e3o a m\u00e1quina mais adequada de acordo com a demanda dos clientes. Se a mat\u00e9ria-prima do cliente for especial ou tiver requisitos para as fun\u00e7\u00f5es da m\u00e1quina, organizaremos para que pessoal t\u00e9cnico profissional se esforce ao m\u00e1ximo para atender \u00e0s necessidades personalizadas especiais do cliente.<\/p>    <p>Ap\u00f3s o cliente receber a m\u00e1quina de granula\u00e7\u00e3o de pl\u00e1stico e outros equipamentos, a Shuliy conta com uma equipe t\u00e9cnica profissional de p\u00f3s-venda pronta para resolver os problemas de instala\u00e7\u00e3o e comissionamento da m\u00e1quina. Se o problema for comum e f\u00e1cil de resolver, iremos orientar o cliente a usar a m\u00e1quina corretamente atrav\u00e9s de um v\u00eddeo online. De modo geral, esses s\u00e3o problemas relacionados a m\u00e1quinas pequenas, como a instala\u00e7\u00e3o de trituradores de pl\u00e1stico, m\u00e1quinas de desidrata\u00e7\u00e3o, etc.<\/p>    <figure class=\"wp-block-image aligncenter size-large\"><img loading=\"lazy\" decoding=\"async\" width=\"720\" height=\"540\" src=\"https:\/\/www.recycle-plant.com\/wp-content\/uploads\/2023\/03\/design-drawing.jpg\" alt=\"desenho de projeto\" class=\"wp-image-6701\" srcset=\"https:\/\/www.recycle-plant.com\/wp-content\/uploads\/2023\/03\/design-drawing.jpg 720w, https:\/\/www.recycle-plant.com\/wp-content\/uploads\/2023\/03\/design-drawing-300x225.jpg 300w\" sizes=\"auto, (max-width: 720px) 100vw, 720px\" \/><figcaption class=\"wp-element-caption\">desenho de planta de pelotiza\u00e7\u00e3o de pl\u00e1stico para clientes <\/figcaption><\/figure>    <h2 class=\"wp-block-heading\">Instala\u00e7\u00e3o e comissionamento a bordo<\/h2>    <p class=\"translation-block\">Para grandes problemas com a linha de peletiza\u00e7\u00e3o de pl\u00e1stico, como teste da m\u00e1quina granuladora de pl\u00e1stico, treinamento de trabalhadores da linha e coordena\u00e7\u00e3o das v\u00e1rias etapas de alimenta\u00e7\u00e3o, tritura\u00e7\u00e3o e peletiza\u00e7\u00e3o, etc., para esses problemas dif\u00edceis, o Shuliy Group providenciar\u00e1 um operador t\u00e9cnico que liderar\u00e1 uma equipe t\u00e9cnica \u00e0 planta de reciclagem de pl\u00e1stico do cliente para ajudar o cliente a concluir a instala\u00e7\u00e3o de toda a linha de peletiza\u00e7\u00e3o de pl\u00e1stico.<\/p>    <p>As seguintes imagens mostram nosso operador t\u00e9cnico Paul indo para a f\u00e1brica de nosso cliente na Ar\u00e1bia Saudita. O cliente adquiriu uma linha completa de granula\u00e7\u00e3o de pl\u00e1stico, cuja produ\u00e7\u00e3o \u00e9 de 1 tonelada por hora, o que \u00e9 uma capacidade consider\u00e1vel para uma f\u00e1brica de peletiza\u00e7\u00e3o de pl\u00e1stico. O cliente na Ar\u00e1bia Saudita n\u00e3o consegue extrudar pellets de pl\u00e1stico, ele pediu ajuda ao Shuliy Group. Depois que Paul chegou \u00e0 sua f\u00e1brica e verificou a m\u00e1quina de granula\u00e7\u00e3o de pl\u00e1stico, ele percebeu que o problema era a conex\u00e3o de fios errada e o valor incorreto da configura\u00e7\u00e3o do motor de partida. <\/p>    <p>A equipe de tecnologia da Shuliy ficou na Ar\u00e1bia Saudita por cerca de um m\u00eas, ajudou nossos clientes a instalar a m\u00e1quina de granula\u00e7\u00e3o de pl\u00e1stico com sucesso e fabricou excelentes gr\u00e2nulos de pl\u00e1stico de alta qualidade e boa apar\u00eancia, que t\u00eam um alto valor e lucro no mercado. <\/p>    <figure class=\"wp-block-gallery has-nested-images columns-default is-cropped wp-block-gallery-2 is-layout-flex wp-block-gallery-is-layout-flex\"> <figure class=\"wp-block-image size-large\"><img loading=\"lazy\" decoding=\"async\" width=\"720\" height=\"540\" data-id=\"6508\" src=\"https:\/\/www.recycle-plant.com\/wp-content\/uploads\/2023\/01\/plastic-pellet-cutter-and-storage-bin1.jpg\" alt=\"\" class=\"wp-image-6508\" srcset=\"https:\/\/www.recycle-plant.com\/wp-content\/uploads\/2023\/01\/plastic-pellet-cutter-and-storage-bin1.jpg 720w, https:\/\/www.recycle-plant.com\/wp-content\/uploads\/2023\/01\/plastic-pellet-cutter-and-storage-bin1-300x225.jpg 300w\" sizes=\"auto, (max-width: 720px) 100vw, 720px\" \/><figcaption class=\"wp-element-caption\">f\u00e1brica de granula\u00e7\u00e3o de reciclagem na Ar\u00e1bia Saudita<\/figcaption><\/figure>    <figure class=\"wp-block-image size-large\"><img loading=\"lazy\" decoding=\"async\" width=\"720\" height=\"540\" data-id=\"6510\" src=\"https:\/\/www.recycle-plant.com\/wp-content\/uploads\/2023\/01\/plastic-pelletizing-plant-21.jpg\" alt=\"\" class=\"wp-image-6510\" srcset=\"https:\/\/www.recycle-plant.com\/wp-content\/uploads\/2023\/01\/plastic-pelletizing-plant-21.jpg 720w, https:\/\/www.recycle-plant.com\/wp-content\/uploads\/2023\/01\/plastic-pelletizing-plant-21-300x225.jpg 300w\" sizes=\"auto, (max-width: 720px) 100vw, 720px\" \/><figcaption class=\"wp-element-caption\">grande coopera\u00e7\u00e3o! <\/figcaption><\/figure> <\/figure>    <figure class=\"wp-block-gallery has-nested-images columns-default is-cropped wp-block-gallery-3 is-layout-flex wp-block-gallery-is-layout-flex\"> <figure class=\"wp-block-image size-large\"><img loading=\"lazy\" decoding=\"async\" width=\"720\" height=\"540\" data-id=\"6511\" src=\"https:\/\/www.recycle-plant.com\/wp-content\/uploads\/2023\/01\/Plastic-recycling-factory-Suadi-Arabia1.jpg\" alt=\"Planta de peletiza\u00e7\u00e3o de pl\u00e1stico\" class=\"wp-image-6511\" srcset=\"https:\/\/www.recycle-plant.com\/wp-content\/uploads\/2023\/01\/Plastic-recycling-factory-Suadi-Arabia1.jpg 720w, https:\/\/www.recycle-plant.com\/wp-content\/uploads\/2023\/01\/Plastic-recycling-factory-Suadi-Arabia1-300x225.jpg 300w\" sizes=\"auto, (max-width: 720px) 100vw, 720px\" \/><figcaption class=\"wp-element-caption\">p<br><br>planta de pelotiza\u00e7\u00e3o de pl\u00e1stico<\/figcaption><\/figure>    <figure class=\"wp-block-image size-large\"><img loading=\"lazy\" decoding=\"async\" width=\"720\" height=\"540\" data-id=\"6506\" src=\"https:\/\/www.recycle-plant.com\/wp-content\/uploads\/2023\/01\/plastic-pelletizing-plant1.jpg\" alt=\"\" class=\"wp-image-6506\" srcset=\"https:\/\/www.recycle-plant.com\/wp-content\/uploads\/2023\/01\/plastic-pelletizing-plant1.jpg 720w, https:\/\/www.recycle-plant.com\/wp-content\/uploads\/2023\/01\/plastic-pelletizing-plant1-300x225.jpg 300w\" sizes=\"auto, (max-width: 720px) 100vw, 720px\" \/><figcaption class=\"wp-element-caption\">instala\u00e7\u00e3o bem-sucedida da m\u00e1quina de granula\u00e7\u00e3o de pl\u00e1stico<\/figcaption><\/figure> <\/figure>","protected":false},"excerpt":{"rendered":"<p>Shuliy is a plastic recycling machine manufacturer with strong technical support including quality manufacturing equipment, excellent technical developers, and professional manufacturing and sales staff. Therefore, we are able to help q global customers to provide high-quality plastic recycling machines and offering plastic recycling solutions. We can provide professional technical support and excellent should pre and [&hellip;]<\/p>\n","protected":false},"author":1,"featured_media":0,"parent":0,"menu_order":0,"comment_status":"closed","ping_status":"closed","template":"","meta":{"_kad_blocks_custom_css":"","_kad_blocks_head_custom_js":"","_kad_blocks_body_custom_js":"","_kad_blocks_footer_custom_js":"","footnotes":""},"class_list":["post-6693","page","type-page","status-publish","hentry"],"taxonomy_info":[],"featured_image_src_large":false,"author_info":{"display_name":"Ella","author_link":"https:\/\/www.recycle-plant.com\/pt\/author\/admin\/"},"comment_info":0,"_links":{"self":[{"href":"https:\/\/www.recycle-plant.com\/pt\/wp-json\/wp\/v2\/pages\/6693","targetHints":{"allow":["GET"]}}],"collection":[{"href":"https:\/\/www.recycle-plant.com\/pt\/wp-json\/wp\/v2\/pages"}],"about":[{"href":"https:\/\/www.recycle-plant.com\/pt\/wp-json\/wp\/v2\/types\/page"}],"author":[{"embeddable":true,"href":"https:\/\/www.recycle-plant.com\/pt\/wp-json\/wp\/v2\/users\/1"}],"replies":[{"embeddable":true,"href":"https:\/\/www.recycle-plant.com\/pt\/wp-json\/wp\/v2\/comments?post=6693"}],"version-history":[{"count":0,"href":"https:\/\/www.recycle-plant.com\/pt\/wp-json\/wp\/v2\/pages\/6693\/revisions"}],"wp:attachment":[{"href":"https:\/\/www.recycle-plant.com\/pt\/wp-json\/wp\/v2\/media?parent=6693"}],"curies":[{"name":"wp","href":"https:\/\/api.w.org\/{rel}","templated":true}]}}