{"id":6700,"date":"2023-03-21T10:03:04","date_gmt":"2023-03-21T02:03:04","guid":{"rendered":"https:\/\/www.recycle-plant.com\/?page_id=6700"},"modified":"2023-03-22T11:21:15","modified_gmt":"2023-03-22T03:21:15","slug":"welcome-customer-visit","status":"publish","type":"page","link":"https:\/\/www.recycle-plant.com\/pt\/welcome-customer-visit\/","title":{"rendered":"Bem-vindo \u00e0 visita do cliente"},"content":{"rendered":"<p>A Shuliy d\u00e1 as boas-vindas aos nossos clientes para visitar nossa empresa. Muitos de nossos clientes tomam a iniciativa de vir e ver o local antes de comprar a m\u00e1quina. Nosso gerente de contas ir\u00e1 organizar a acomoda\u00e7\u00e3o em hotel para nossos clientes com anteced\u00eancia, de acordo com sua programa\u00e7\u00e3o, e depois os levar\u00e1 para visitar nossa empresa.<\/p>    <h2 class=\"wp-block-heading\">Tempo de prazer com os clientes<\/h2>    <p>Todos os clientes visitantes foram recebidos calorosamente, e nossos principais l\u00edderes e os gerentes de projeto mais profissionais vieram conversar com os clientes e se esfor\u00e7aram ao m\u00e1ximo para atender a todas as suas necessidades. As fotos abaixo mostram clientes que adquiriram equipamentos de reciclagem de pl\u00e1stico da Shuliy e estamos felizes em ajud\u00e1-los a iniciar seu pr\u00f3prio neg\u00f3cio de reciclagem lucrativo.<\/p>    <figure class=\"wp-block-gallery has-nested-images columns-default is-cropped wp-block-gallery-2 is-layout-flex wp-block-gallery-is-layout-flex\"> <figure class=\"wp-block-image size-large\"><img loading=\"lazy\" decoding=\"async\" width=\"720\" height=\"540\" data-id=\"6707\" src=\"https:\/\/www.recycle-plant.com\/wp-content\/uploads\/2023\/03\/Shuliy-Group-and-our-customer.jpg\" alt=\"\" class=\"wp-image-6707\" srcset=\"https:\/\/www.recycle-plant.com\/wp-content\/uploads\/2023\/03\/Shuliy-Group-and-our-customer.jpg 720w, https:\/\/www.recycle-plant.com\/wp-content\/uploads\/2023\/03\/Shuliy-Group-and-our-customer-300x225.jpg 300w\" sizes=\"auto, (max-width: 720px) 100vw, 720px\" \/><\/figure>    <figure class=\"wp-block-image size-large\"><img loading=\"lazy\" decoding=\"async\" width=\"720\" height=\"540\" data-id=\"6708\" src=\"https:\/\/www.recycle-plant.com\/wp-content\/uploads\/2023\/03\/Shuliy-project-manager-and-our-customers.jpg\" alt=\"\" class=\"wp-image-6708\" srcset=\"https:\/\/www.recycle-plant.com\/wp-content\/uploads\/2023\/03\/Shuliy-project-manager-and-our-customers.jpg 720w, https:\/\/www.recycle-plant.com\/wp-content\/uploads\/2023\/03\/Shuliy-project-manager-and-our-customers-300x225.jpg 300w\" sizes=\"auto, (max-width: 720px) 100vw, 720px\" \/><\/figure> <\/figure>    <figure class=\"wp-block-gallery has-nested-images columns-default is-cropped wp-block-gallery-3 is-layout-flex wp-block-gallery-is-layout-flex\"> <figure class=\"wp-block-image size-large\"><img loading=\"lazy\" decoding=\"async\" width=\"720\" height=\"528\" data-id=\"6706\" src=\"https:\/\/www.recycle-plant.com\/wp-content\/uploads\/2023\/03\/Shuliy-and-foreign-customers.jpg\" alt=\"\" class=\"wp-image-6706\" srcset=\"https:\/\/www.recycle-plant.com\/wp-content\/uploads\/2023\/03\/Shuliy-and-foreign-customers.jpg 720w, https:\/\/www.recycle-plant.com\/wp-content\/uploads\/2023\/03\/Shuliy-and-foreign-customers-300x220.jpg 300w\" sizes=\"auto, (max-width: 720px) 100vw, 720px\" \/><\/figure>    <figure class=\"wp-block-image size-large\"><img loading=\"lazy\" decoding=\"async\" width=\"720\" height=\"540\" data-id=\"6704\" src=\"https:\/\/www.recycle-plant.com\/wp-content\/uploads\/2023\/03\/customers-and-our-sales-manager.jpg\" alt=\"\" class=\"wp-image-6704\" srcset=\"https:\/\/www.recycle-plant.com\/wp-content\/uploads\/2023\/03\/customers-and-our-sales-manager.jpg 720w, https:\/\/www.recycle-plant.com\/wp-content\/uploads\/2023\/03\/customers-and-our-sales-manager-300x225.jpg 300w\" sizes=\"auto, (max-width: 720px) 100vw, 720px\" \/><\/figure> <\/figure>    <h2 class=\"wp-block-heading\">Como recebemos nossos clientes?<\/h2>    <h3 class=\"wp-block-heading\">Prepara\u00e7\u00e3o <\/h3>    <p>Ap\u00f3s receber as informa\u00e7\u00f5es sobre a visita do cliente, o gerente de projeto responder\u00e1 ao cliente por e-mail ou telefone o mais r\u00e1pido poss\u00edvel. N\u00f3s expressaremos as boas-vindas \u00e0 visita do cliente, em seguida, perguntaremos o n\u00famero de visitantes e se eles precisam ser buscados de carro no momento da visita, para facilitar todos os arranjos para a visita.<\/p>    <p>Ap\u00f3s receber as informa\u00e7\u00f5es do cliente, o Grupo Shuliy far\u00e1 todos os arranjos o mais r\u00e1pido poss\u00edvel, como enviar um pedido de carro, elaborar uma carta de contato para a visita do cliente, preparar amostras, folhetos de apresenta\u00e7\u00e3o de produtos, etc. N\u00f3s planejaremos o gerente ou l\u00edder da equipe que acompanhar\u00e1 a recep\u00e7\u00e3o, far\u00e1 o processo de visita, conversar\u00e1 sobre o conte\u00fado e esperamos alcan\u00e7ar o objetivo.<\/p>    <h3 class=\"wp-block-heading\">Processo de recep\u00e7\u00e3o<\/h3>    <p>Receberemos nossos clientes no aeroporto de acordo com o hor\u00e1rio de chegada deles na China. Se a bagagem do cliente for inconveniente para levar, enviaremos o cliente para o hotel para deixar a bagagem primeiro.<\/p>    <p>Ap\u00f3s chegar \u00e0 empresa, iremos preparar o ambiente mais confort\u00e1vel para o cliente conversar com anteced\u00eancia, com frutas e caf\u00e9 preparados previamente.<\/p>    <p>Durante a conversa, o vendedor ir\u00e1 resolver as d\u00favidas do cliente sobre a fun\u00e7\u00e3o da m\u00e1quina, pre\u00e7o, etc. a tempo. Depois disso, faremos uma visita \u00e0 nossa f\u00e1brica e mostraremos amostras.<\/p>    <h3 class=\"wp-block-heading\">Ap\u00f3s a visita<\/h3>    <p>No final da visita, o Shuliy Group agradecer\u00e1 aos nossos clientes pelo apoio \u00e0 nossa empresa e produtos, e com certeza manteremos um controle de qualidade rigoroso e forneceremos um servi\u00e7o de qualidade aos nossos clientes.<\/p>    <p>Organize a devolu\u00e7\u00e3o do cliente. Se o cliente for diretamente para o aeroporto, n\u00f3s enviaremos o cliente para o aeroporto; se o cliente tiver que ir para outro destino em seguida, organizaremos um ve\u00edculo e forneceremos ao cliente um plano de rota detalhado.<\/p>","protected":false},"excerpt":{"rendered":"<p>Shuliy welcomes our customers to visit our company. Many of our customers take the initiative to come and see the site before they buy the machine. Our account manager will arrange hotel accommodation for our customers in advance according to their schedule and then lead them to visit our company. Pleasure time with customers All [&hellip;]<\/p>\n","protected":false},"author":1,"featured_media":6705,"parent":0,"menu_order":0,"comment_status":"closed","ping_status":"closed","template":"","meta":{"_kad_blocks_custom_css":"","_kad_blocks_head_custom_js":"","_kad_blocks_body_custom_js":"","_kad_blocks_footer_custom_js":"","footnotes":""},"class_list":["post-6700","page","type-page","status-publish","has-post-thumbnail","hentry"],"taxonomy_info":[],"featured_image_src_large":["https:\/\/www.recycle-plant.com\/wp-content\/uploads\/2023\/03\/photo-with-customers.jpg",704,540,false],"author_info":{"display_name":"Ella","author_link":"https:\/\/www.recycle-plant.com\/pt\/author\/admin\/"},"comment_info":0,"_links":{"self":[{"href":"https:\/\/www.recycle-plant.com\/pt\/wp-json\/wp\/v2\/pages\/6700","targetHints":{"allow":["GET"]}}],"collection":[{"href":"https:\/\/www.recycle-plant.com\/pt\/wp-json\/wp\/v2\/pages"}],"about":[{"href":"https:\/\/www.recycle-plant.com\/pt\/wp-json\/wp\/v2\/types\/page"}],"author":[{"embeddable":true,"href":"https:\/\/www.recycle-plant.com\/pt\/wp-json\/wp\/v2\/users\/1"}],"replies":[{"embeddable":true,"href":"https:\/\/www.recycle-plant.com\/pt\/wp-json\/wp\/v2\/comments?post=6700"}],"version-history":[{"count":0,"href":"https:\/\/www.recycle-plant.com\/pt\/wp-json\/wp\/v2\/pages\/6700\/revisions"}],"wp:featuredmedia":[{"embeddable":true,"href":"https:\/\/www.recycle-plant.com\/pt\/wp-json\/wp\/v2\/media\/6705"}],"wp:attachment":[{"href":"https:\/\/www.recycle-plant.com\/pt\/wp-json\/wp\/v2\/media?parent=6700"}],"curies":[{"name":"wp","href":"https:\/\/api.w.org\/{rel}","templated":true}]}}