{"id":6718,"date":"2023-03-21T15:26:28","date_gmt":"2023-03-21T07:26:28","guid":{"rendered":"https:\/\/www.recycle-plant.com\/?page_id=6718"},"modified":"2023-03-21T15:26:31","modified_gmt":"2023-03-21T07:26:31","slug":"waste-tire-recycling-project","status":"publish","type":"page","link":"https:\/\/www.recycle-plant.com\/pt\/waste-tire-recycling-project\/","title":{"rendered":"Projeto de Reciclagem de Pneus Usados"},"content":{"rendered":"<p>A Shuliy projetou o sistema de reciclagem e descarte de pneus usados, incluindo tritura\u00e7\u00e3o de pneus, separa\u00e7\u00e3o de fios de a\u00e7o, remo\u00e7\u00e3o de ferro, separa\u00e7\u00e3o de fibras e outros equipamentos de descarte, e tamb\u00e9m pode adicionar equipamentos de processamento adicional, como peletizadoras, moedores, etc., e finalmente pode obter gr\u00e2nulos de borracha de alta qualidade ou p\u00f3 de borracha.<\/p>    <h2 class=\"wp-block-heading\">Linha de granula\u00e7\u00e3o de pneus usados<\/h2>    <p>Pneus descartados s\u00e3o produzidos a todo momento ao redor do mundo. Eles se originam de carros de passeio e de v\u00e1rios ve\u00edculos de trabalho. A composi\u00e7\u00e3o dos pneus descartados inclui borracha, a\u00e7o, negro de fumo e uma variedade de produtos qu\u00edmicos, portanto, os pneus descartados tamb\u00e9m s\u00e3o conhecidos como uma \"mina de ouro negra\". E a reciclagem de pneus descartados \u00e9 um neg\u00f3cio maduro e lucrativo. O uso de pneus descartados para fazer combust\u00edvel derivado de pneus (TDF), gr\u00e2nulos de borracha, p\u00f3 de borracha e refino de \u00f3leo craqueado s\u00e3o algumas aplica\u00e7\u00f5es representativas de reciclagem.<\/p>    <p>O Grupo Shuliy projetou solu\u00e7\u00f5es especializadas para o processamento de pneus inserv\u00edveis para lidar com todos os tipos de pneus, incluindo pneus de carro, pneus de caminh\u00e3o, pneus diagonais, pneus radiais, pneus pneum\u00e1ticos, pneus s\u00f3lidos, etc. A m\u00e1quina de reciclagem de pneus inserv\u00edveis os tritura, separa os fios de a\u00e7o, remove o ferro e separa as fibras. O equipamento de reciclagem de pneus inserv\u00edveis pode ajudar os usu\u00e1rios a obter um p\u00f3 de borracha de maior pureza, gr\u00e2nulos de borracha, fios de a\u00e7o, etc., o que \u00e9 mais lucrativo do que vender pneus inserv\u00edveis diretamente.<\/p>    <figure class=\"wp-block-gallery aligncenter has-nested-images columns-default is-cropped wp-block-gallery-2 is-layout-flex wp-block-gallery-is-layout-flex\"> <figure class=\"wp-block-image size-full\"><img loading=\"lazy\" decoding=\"async\" width=\"720\" height=\"540\" data-id=\"6467\" src=\"https:\/\/www.recycle-plant.com\/wp-content\/uploads\/2023\/01\/automatic-rubber-powder-production-line1.jpg\" alt=\"linha de produ\u00e7\u00e3o autom\u00e1tica de p\u00f3 de borracha\" class=\"wp-image-6467\" srcset=\"https:\/\/www.recycle-plant.com\/wp-content\/uploads\/2023\/01\/automatic-rubber-powder-production-line1.jpg 720w, https:\/\/www.recycle-plant.com\/wp-content\/uploads\/2023\/01\/automatic-rubber-powder-production-line1-300x225.jpg 300w\" sizes=\"auto, (max-width: 720px) 100vw, 720px\" \/><figcaption class=\"wp-element-caption\">linha de produ\u00e7\u00e3o autom\u00e1tica de p\u00f3 de borracha<\/figcaption><\/figure>    <figure class=\"wp-block-image size-full\"><img loading=\"lazy\" decoding=\"async\" width=\"720\" height=\"540\" data-id=\"4489\" src=\"https:\/\/www.recycle-plant.com\/wp-content\/uploads\/2021\/05\/Rubber-powder-production-line.jpg\" alt=\"Linha de produ\u00e7\u00e3o de p\u00f3 de borracha\" class=\"wp-image-4489\" srcset=\"https:\/\/www.recycle-plant.com\/wp-content\/uploads\/2021\/05\/Rubber-powder-production-line.jpg 720w, https:\/\/www.recycle-plant.com\/wp-content\/uploads\/2021\/05\/Rubber-powder-production-line-300x225.jpg 300w\" sizes=\"auto, (max-width: 720px) 100vw, 720px\" \/><figcaption class=\"wp-element-caption\">linha de produ\u00e7\u00e3o de p\u00f3 de borracha semi-autom\u00e1tica<\/figcaption><\/figure> <\/figure>    <h2 class=\"wp-block-heading\">Produtos que voc\u00ea pode obter da linha de reciclagem de pneus<\/h2>    <figure class=\"wp-block-image aligncenter size-full\"><img loading=\"lazy\" decoding=\"async\" width=\"720\" height=\"540\" src=\"https:\/\/www.recycle-plant.com\/wp-content\/uploads\/2023\/03\/waste-tire-recycling-project.jpg\" alt=\"Projeto de reciclagem de pneus usados\" class=\"wp-image-6721\" srcset=\"https:\/\/www.recycle-plant.com\/wp-content\/uploads\/2023\/03\/waste-tire-recycling-project.jpg 720w, https:\/\/www.recycle-plant.com\/wp-content\/uploads\/2023\/03\/waste-tire-recycling-project-300x225.jpg 300w\" sizes=\"auto, (max-width: 720px) 100vw, 720px\" \/><figcaption class=\"wp-element-caption\">Projeto de reciclagem de pneus usados<\/figcaption><\/figure>    <h2 class=\"wp-block-heading\">Vantagens do projeto de reciclagem de pneus usados da Shuliy<\/h2>    <ul class=\"wp-block-list\"> <li>A linha de reciclagem de pneus adota uma m\u00e1quina de alta qualidade, incluindo m\u00e1quina de tritura\u00e7\u00e3o de pneus usados, peneira vibrat\u00f3ria e separador de fio de tal\u00e3o com maior efici\u00eancia de processamento. O Grupo Shuliy fornece planta de reciclagem de pneus do tipo autom\u00e1tico e semi-autom\u00e1tico para planta de reciclagem de pneus em pequena escala.<\/li>    <li>De acordo com os diferentes requisitos de tamanho de part\u00edcula de descarga, o separador de fio de a\u00e7o, quebrador de borracha, granulator, separador de fibra, moinho e outros equipamentos podem ser combinados, a configura\u00e7\u00e3o da linha de produ\u00e7\u00e3o \u00e9 flex\u00edvel.<\/li>    <li>A opera\u00e7\u00e3o autom\u00e1tica da linha de produ\u00e7\u00e3o de p\u00f3 de borracha totalmente autom\u00e1tica pode economizar m\u00e3o de obra e tempo e melhorar a estabilidade de trabalho do sistema.<\/li> <\/ul>","protected":false},"excerpt":{"rendered":"<p>Shuliy designed the waste tire recycling and disposal system, including tire shredding, steel wire separation, iron removal, fiber separation and other disposal equipment, and can also add further processing equipment such as pelletizers, grinders, etc., and finally can obtain high-quality rubber granules or rubber powder. Waste tire granulating line Scrap tires are produced every moment [&hellip;]<\/p>\n","protected":false},"author":1,"featured_media":0,"parent":0,"menu_order":0,"comment_status":"closed","ping_status":"closed","template":"","meta":{"_kad_blocks_custom_css":"","_kad_blocks_head_custom_js":"","_kad_blocks_body_custom_js":"","_kad_blocks_footer_custom_js":"","footnotes":""},"class_list":["post-6718","page","type-page","status-publish","hentry"],"taxonomy_info":[],"featured_image_src_large":false,"author_info":{"display_name":"Ella","author_link":"https:\/\/www.recycle-plant.com\/pt\/author\/admin\/"},"comment_info":0,"_links":{"self":[{"href":"https:\/\/www.recycle-plant.com\/pt\/wp-json\/wp\/v2\/pages\/6718","targetHints":{"allow":["GET"]}}],"collection":[{"href":"https:\/\/www.recycle-plant.com\/pt\/wp-json\/wp\/v2\/pages"}],"about":[{"href":"https:\/\/www.recycle-plant.com\/pt\/wp-json\/wp\/v2\/types\/page"}],"author":[{"embeddable":true,"href":"https:\/\/www.recycle-plant.com\/pt\/wp-json\/wp\/v2\/users\/1"}],"replies":[{"embeddable":true,"href":"https:\/\/www.recycle-plant.com\/pt\/wp-json\/wp\/v2\/comments?post=6718"}],"version-history":[{"count":0,"href":"https:\/\/www.recycle-plant.com\/pt\/wp-json\/wp\/v2\/pages\/6718\/revisions"}],"wp:attachment":[{"href":"https:\/\/www.recycle-plant.com\/pt\/wp-json\/wp\/v2\/media?parent=6718"}],"curies":[{"name":"wp","href":"https:\/\/api.w.org\/{rel}","templated":true}]}}