{"id":6728,"date":"2023-03-22T14:52:15","date_gmt":"2023-03-22T06:52:15","guid":{"rendered":"https:\/\/www.recycle-plant.com\/?page_id=6728"},"modified":"2023-03-22T14:52:40","modified_gmt":"2023-03-22T06:52:40","slug":"plastic-tube-manufacturing-process","status":"publish","type":"page","link":"https:\/\/www.recycle-plant.com\/pt\/plastic-tube-manufacturing-process\/","title":{"rendered":"Processo de Fabrica\u00e7\u00e3o de Tubos Pl\u00e1sticos"},"content":{"rendered":"<p>Os tubos de pl\u00e1stico s\u00e3o um componente essencial em muitas ind\u00fastrias, desde embalagens at\u00e9 dispositivos m\u00e9dicos. Eles s\u00e3o flex\u00edveis, leves e podem ser personalizados para atender a v\u00e1rias exig\u00eancias. No entanto, o processo de fabrica\u00e7\u00e3o de tubos de pl\u00e1stico \u00e9 complexo, exigindo um alto n\u00edvel de precis\u00e3o, expertise e equipamentos profissionais.<\/p>    <h2 class=\"wp-block-heading\">Materiais comuns de tubos de pl\u00e1stico<\/h2>    <p>Cloreto de polivinila (PVC): O PVC \u00e9 um material pl\u00e1stico popular utilizado na fabrica\u00e7\u00e3o de tubos devido \u00e0 sua durabilidade, resist\u00eancia qu\u00edmica e baixo custo. \u00c9 comumente utilizado em sistemas de abastecimento de \u00e1gua e drenagem, sistemas de irriga\u00e7\u00e3o e condu\u00edtes el\u00e9tricos.<\/p>    <p>Polietileno de alta densidade (PEAD): O PEAD \u00e9 um material termopl\u00e1stico que \u00e9 comumente utilizado na fabrica\u00e7\u00e3o de tubos devido \u00e0 sua alta resist\u00eancia, durabilidade e resist\u00eancia a produtos qu\u00edmicos e raios UV. \u00c9 utilizado em sistemas de abastecimento de \u00e1gua, sistemas de distribui\u00e7\u00e3o de g\u00e1s e sistemas de drenagem.<\/p>    <p>Polipropileno (PP): O PP \u00e9 um material termopl\u00e1stico que \u00e9 comumente utilizado na fabrica\u00e7\u00e3o de tubos devido \u00e0 sua alta resist\u00eancia a produtos qu\u00edmicos e calor. \u00c9 utilizado em sistemas de abastecimento de \u00e1gua, transporte de produtos qu\u00edmicos e sistemas de esgoto.<\/p>    <h2 class=\"wp-block-heading\">M\u00e1quina de fabrica\u00e7\u00e3o de tubos de pl\u00e1stico Shuliy<\/h2>    <p class=\"translation-block\">Shuliy Group fornece a <a href=\"https:\/\/www.recycle-plant.com\/pt\/plastic-pipe-making-machine.html\">linha de produ\u00e7\u00e3o de tubos de pl\u00e1stico<\/a> completa e m\u00e1quinas relacionadas. Nossos tubos de pl\u00e1stico s\u00e3o feitos pelo processo de extrus\u00e3o, que \u00e9 o m\u00e9todo mais comum para fabricar tubos de pl\u00e1stico. Ele envolve o derretimento de mat\u00e9rias-primas termopl\u00e1sticas e sua passagem atrav\u00e9s de uma matriz para criar um tubo cont\u00ednuo. Este processo \u00e9 altamente automatizado, o que garante a qualidade consistente do tubo e a efici\u00eancia da produ\u00e7\u00e3o.<\/p>    <figure class=\"wp-block-image size-full\"><img loading=\"lazy\" decoding=\"async\" width=\"720\" height=\"540\" src=\"https:\/\/www.recycle-plant.com\/wp-content\/uploads\/2022\/06\/plastic-pipe-production-line.jpg\" alt=\"linha de produ\u00e7\u00e3o de tubos pl\u00e1sticos\" class=\"wp-image-6051\" srcset=\"https:\/\/www.recycle-plant.com\/wp-content\/uploads\/2022\/06\/plastic-pipe-production-line.jpg 720w, https:\/\/www.recycle-plant.com\/wp-content\/uploads\/2022\/06\/plastic-pipe-production-line-300x225.jpg 300w\" sizes=\"auto, (max-width: 720px) 100vw, 720px\" \/><figcaption class=\"wp-element-caption\">linha de produ\u00e7\u00e3o de tubos pl\u00e1sticos<\/figcaption><\/figure>    <h2 class=\"wp-block-heading\">Escolha Shuliy, obtenha os tubos de pl\u00e1stico que voc\u00ea deseja<\/h2>    <figure class=\"wp-block-gallery has-nested-images columns-default is-cropped wp-block-gallery-2 is-layout-flex wp-block-gallery-is-layout-flex\"> <figure class=\"wp-block-image size-large\"><img loading=\"lazy\" decoding=\"async\" width=\"720\" height=\"540\" data-id=\"6048\" src=\"https:\/\/www.recycle-plant.com\/wp-content\/uploads\/2022\/06\/PVC-pipes.jpg\" alt=\"tubos de PVC\" class=\"wp-image-6048\" srcset=\"https:\/\/www.recycle-plant.com\/wp-content\/uploads\/2022\/06\/PVC-pipes.jpg 720w, https:\/\/www.recycle-plant.com\/wp-content\/uploads\/2022\/06\/PVC-pipes-300x225.jpg 300w\" sizes=\"auto, (max-width: 720px) 100vw, 720px\" \/><\/figure>    <figure class=\"wp-block-image size-large\"><img loading=\"lazy\" decoding=\"async\" width=\"720\" height=\"540\" data-id=\"6047\" src=\"https:\/\/www.recycle-plant.com\/wp-content\/uploads\/2022\/06\/products-of-plastic-pipe-production-line.jpg\" alt=\"produtos da linha de produ\u00e7\u00e3o de tubos pl\u00e1sticos\" class=\"wp-image-6047\" srcset=\"https:\/\/www.recycle-plant.com\/wp-content\/uploads\/2022\/06\/products-of-plastic-pipe-production-line.jpg 720w, https:\/\/www.recycle-plant.com\/wp-content\/uploads\/2022\/06\/products-of-plastic-pipe-production-line-300x225.jpg 300w\" sizes=\"auto, (max-width: 720px) 100vw, 720px\" \/><\/figure> <\/figure>    <p>O processo de fabrica\u00e7\u00e3o de tubos pl\u00e1sticos \u00e9 complexo, mas tamb\u00e9m \u00e9 altamente eficiente e vers\u00e1til. Ao usar m\u00e1quinas e t\u00e9cnicas avan\u00e7adas de fabrica\u00e7\u00e3o de tubos pl\u00e1sticos, os fabricantes podem criar tubos que atendem a requisitos espec\u00edficos de resist\u00eancia, flexibilidade e resist\u00eancia qu\u00edmica. <\/p>    <p>Se voc\u00ea est\u00e1 procurando um fornecedor confi\u00e1vel de m\u00e1quinas para fabrica\u00e7\u00e3o de tubos pl\u00e1sticos, certifique-se de escolher um fabricante com experi\u00eancia em t\u00e9cnicas de extrus\u00e3o, moldagem e acabamento. Acreditamos que escolher o Grupo Shuliy \u00e9 a sua melhor op\u00e7\u00e3o. Se estiver interessado, voc\u00ea pode deixar sua solicita\u00e7\u00e3o em nosso formul\u00e1rio de mensagem. Nosso gerente de projeto profissional entrar\u00e1 em contato com voc\u00ea em breve.<\/p>","protected":false},"excerpt":{"rendered":"<p>Plastic tubes are an essential component in many industries, from packaging to medical devices. They are flexible, lightweight, and can be customized to meet various requirements. However, the plastic pipe manufacturing process is complex, requiring a high level of precision, expertise and professional equipment. Common materials of plastic pipe Polyvinyl chloride (PVC): PVC is a [&hellip;]<\/p>\n","protected":false},"author":1,"featured_media":0,"parent":0,"menu_order":0,"comment_status":"closed","ping_status":"closed","template":"","meta":{"_kad_blocks_custom_css":"","_kad_blocks_head_custom_js":"","_kad_blocks_body_custom_js":"","_kad_blocks_footer_custom_js":"","footnotes":""},"class_list":["post-6728","page","type-page","status-publish","hentry"],"taxonomy_info":[],"featured_image_src_large":false,"author_info":{"display_name":"Ella","author_link":"https:\/\/www.recycle-plant.com\/pt\/author\/admin\/"},"comment_info":0,"_links":{"self":[{"href":"https:\/\/www.recycle-plant.com\/pt\/wp-json\/wp\/v2\/pages\/6728","targetHints":{"allow":["GET"]}}],"collection":[{"href":"https:\/\/www.recycle-plant.com\/pt\/wp-json\/wp\/v2\/pages"}],"about":[{"href":"https:\/\/www.recycle-plant.com\/pt\/wp-json\/wp\/v2\/types\/page"}],"author":[{"embeddable":true,"href":"https:\/\/www.recycle-plant.com\/pt\/wp-json\/wp\/v2\/users\/1"}],"replies":[{"embeddable":true,"href":"https:\/\/www.recycle-plant.com\/pt\/wp-json\/wp\/v2\/comments?post=6728"}],"version-history":[{"count":0,"href":"https:\/\/www.recycle-plant.com\/pt\/wp-json\/wp\/v2\/pages\/6728\/revisions"}],"wp:attachment":[{"href":"https:\/\/www.recycle-plant.com\/pt\/wp-json\/wp\/v2\/media?parent=6728"}],"curies":[{"name":"wp","href":"https:\/\/api.w.org\/{rel}","templated":true}]}}