{"id":6536,"date":"2018-10-17T06:10:23","date_gmt":"2018-10-17T06:10:23","guid":{"rendered":"https:\/\/www.recycle-plant.com\/?page_id=5"},"modified":"2024-03-11T17:07:32","modified_gmt":"2024-03-11T09:07:32","slug":"about-us","status":"publish","type":"page","link":"https:\/\/www.recycle-plant.com\/sw\/about-us\/","title":{"rendered":"Om Oss"},"content":{"rendered":"<h2 class=\"wp-block-heading\">Tuna nani<\/h2>    <p>Zhengzhou Shuliy Machinery Co., Ltd ni kampuni maarufu inayounganisha utafiti wa kisayansi, maendeleo, kubuni, utengenezaji, na mauzo kama jumla. Iko katika Eneo la Maendeleo ya Kiuchumi na Kiteknolojia la Zhengzhou, ambalo ni kituo cha kibiashara na kiuchumi, ikihusika hasa na uagizaji na usafirishaji wa vifaa vya mitambo. Hapa kuna wafanyakazi zaidi ya 300 wote wakiwa na motisha ya kufurahia kufanya kazi kama familia.<\/p>    <figure class=\"wp-block-image aligncenter size-large\"><img decoding=\"async\" src=\"https:\/\/www.recycle-plant.com\/wp-content\/uploads\/2022\/03\/shuliy-machinery-factory-720x377.jpg\" alt=\"\" class=\"wp-image-5797\"><\/figure>    <h2 class=\"wp-block-heading\">Uwezo wetu wa R&amp;D<\/h2>    <p>Vi tror alltid fast p\u00e5 att teknologi \u00e4r den prim\u00e4ra produktiva kraften. V\u00e4gledda av ett s\u00e5dant koncept har vi gjort stora investeringar i att anst\u00e4lla m\u00e5nga framst\u00e5ende mekaniska experter som v\u00e5ra konsulter, s\u00e5 vi har en utm\u00e4rkt f\u00f6rm\u00e5ga att forska och utveckla nya produkter och f\u00f6rb\u00e4ttra kvaliteten p\u00e5 traditionell maskinteknik.<\/p>    <h2 class=\"wp-block-heading\">Bidhaa zetu kuu na soko<\/h2>    <p class=\"translation-block\">Bidhaa zetu kuu ni pamoja na <a href=\"https:\/\/www.recycle-plant.com\/sw\/plastic-pellet-making-machine-2.html\">mashine ya kutengeneza pellets za plastiki<\/a> na <a href=\"https:\/\/www.recycle-plant.com\/sw\/plastic-film-recycling-production-line\/\">mstari wa kutengeneza pellets za plastiki<\/a> kamili, ambayo inaweza recyle vifaa vya PP\/PE\/LDPE\/PVC. Zaidi ya hayo, sisi pia ni wataalamu katika kutengeneza mashine za recyle za chupa za PET na tunakupa mstari mzima wa <a href=\"https:\/\/www.recycle-plant.com\/sw\/plastic-bottle-recycling-line\/\">kuvunja na kuosha chupa za PET<\/a>.<\/p>    <p>Katika miaka ya hivi karibuni, mashine zetu za kurejeleza zimepata umaarufu mkubwa katika masoko ya Afrika na Asia, kama vile Nigeria, Kenya, Afrika Kusini, Ghana, Congo, Ethiopia, Namibia, Morocco, Botswana, Zimbabwe, Uganda, Algeria, Saudi Arabia, na Kamerun.<\/p>    <figure class=\"wp-block-image aligncenter size-full\"><img loading=\"lazy\" decoding=\"async\" width=\"720\" height=\"540\" src=\"https:\/\/www.recycle-plant.com\/wp-content\/uploads\/2023\/01\/plastic-pelletizing-plant1.jpg\" alt=\"\" class=\"wp-image-6506\" srcset=\"https:\/\/www.recycle-plant.com\/wp-content\/uploads\/2023\/01\/plastic-pelletizing-plant1.jpg 720w, https:\/\/www.recycle-plant.com\/wp-content\/uploads\/2023\/01\/plastic-pelletizing-plant1-300x225.jpg 300w\" sizes=\"auto, (max-width: 720px) 100vw, 720px\" \/><figcaption class=\"wp-element-caption\">mteja wetu nchini Saudi Arabia na engineer wetu<\/figcaption><\/figure>    <h2 class=\"wp-block-heading\">QC yetu na Huduma<\/h2>    <p>Tunaendelea daima kutafuta ubora. Shukrani kwa wafanyakazi waliofunzwa vizuri, mfumo mkali wa uhakikisho wa ubora, usimamizi ulioimarishwa wa mchakato mzima wa uzalishaji, na mifumo bora ya huduma baada ya mauzo, bidhaa zetu na huduma zinapigiwa debe sana na wateja wa ndani na nje ya nchi. Kulingana na kanuni ya kuwa na ubora kama kipaumbele, sifa nzuri, na wateja kwanza, tunaamini kuunda bidhaa za ubora wa juu kati ya sekta husika na kufanya utendaji mzuri kwa vizazi. <\/p>    <p>Tumejitolea sana kutoa bidhaa za ubora wa juu na huduma inayoridhisha kwa wateja wote na tunatarajia ushirikiano wa dhati nao kwa ajili ya siku zijazo zenye mwangaza. Kampuni yetu inalenga kuleta ubunifu katika mazoezi na kutoa dhamana ya kuaminika kutoka uzalishaji hadi mauzo.<\/p>","protected":false},"excerpt":{"rendered":"<p>Who Are We Zhengzhou Shuliy Machinery Co., Ltd is a well-known enterprise that integrates scientific research, development, design, manufacturing, and sales as a whole. It is located in Zhengzhou Economic and Technological Development Zone, which is a commercial and economic center, mainly engaging in the import and export of mechanical equipment. Here is empowered with [&hellip;]<\/p>\n","protected":false},"author":1,"featured_media":0,"parent":0,"menu_order":0,"comment_status":"open","ping_status":"closed","template":"","meta":{"_kad_blocks_custom_css":"","_kad_blocks_head_custom_js":"","_kad_blocks_body_custom_js":"","_kad_blocks_footer_custom_js":"","footnotes":""},"class_list":["post-6536","page","type-page","status-publish","hentry"],"taxonomy_info":[],"featured_image_src_large":false,"author_info":{"display_name":"Ella","author_link":"https:\/\/www.recycle-plant.com\/sw\/author\/admin\/"},"comment_info":8,"_links":{"self":[{"href":"https:\/\/www.recycle-plant.com\/sw\/wp-json\/wp\/v2\/pages\/6536","targetHints":{"allow":["GET"]}}],"collection":[{"href":"https:\/\/www.recycle-plant.com\/sw\/wp-json\/wp\/v2\/pages"}],"about":[{"href":"https:\/\/www.recycle-plant.com\/sw\/wp-json\/wp\/v2\/types\/page"}],"author":[{"embeddable":true,"href":"https:\/\/www.recycle-plant.com\/sw\/wp-json\/wp\/v2\/users\/1"}],"replies":[{"embeddable":true,"href":"https:\/\/www.recycle-plant.com\/sw\/wp-json\/wp\/v2\/comments?post=6536"}],"version-history":[{"count":0,"href":"https:\/\/www.recycle-plant.com\/sw\/wp-json\/wp\/v2\/pages\/6536\/revisions"}],"wp:attachment":[{"href":"https:\/\/www.recycle-plant.com\/sw\/wp-json\/wp\/v2\/media?parent=6536"}],"curies":[{"name":"wp","href":"https:\/\/api.w.org\/{rel}","templated":true}]}}