{"id":6642,"date":"2023-03-10T10:22:10","date_gmt":"2023-03-10T10:22:10","guid":{"rendered":"https:\/\/www.recycle-plant.com\/?page_id=6642"},"modified":"2024-07-30T17:53:46","modified_gmt":"2024-07-30T09:53:46","slug":"company-profile","status":"publish","type":"page","link":"https:\/\/www.recycle-plant.com\/sw\/company-profile\/","title":{"rendered":"F\u00f6retagsprofil"},"content":{"rendered":"<h2 class=\"wp-block-heading\">Om Shuliy<\/h2>    <figure class=\"wp-block-image size-large\"><img loading=\"lazy\" decoding=\"async\" width=\"1024\" height=\"536\" src=\"https:\/\/www.recycle-plant.com\/wp-content\/uploads\/2022\/03\/shuliy-machinery-factory-1024x536.jpg\" alt=\"\" class=\"wp-image-5797\" srcset=\"https:\/\/www.recycle-plant.com\/wp-content\/uploads\/2022\/03\/shuliy-machinery-factory-1024x536.jpg 1024w, https:\/\/www.recycle-plant.com\/wp-content\/uploads\/2022\/03\/shuliy-machinery-factory-300x157.jpg 300w, https:\/\/www.recycle-plant.com\/wp-content\/uploads\/2022\/03\/shuliy-machinery-factory-768x402.jpg 768w, https:\/\/www.recycle-plant.com\/wp-content\/uploads\/2022\/03\/shuliy-machinery-factory.jpg 1352w\" sizes=\"auto, (max-width: 1024px) 100vw, 1024px\" \/><\/figure>    <p>Shuliy Group Co., Ltd. ni kampuni ya mashine za mazingira, tunajumuisha maendeleo, utengenezaji, na mauzo, tukijikita katika kutengeneza mashine bora za ulinzi wa mazingira kwa wateja wetu wa kimataifa.<\/p>    <p>Shuliy Group inawajibika kwa kukuza suluhisho za urejeleaji wa rasilimali, plastiki, vifaa vya kuchakata matairi na utengenezaji wa vifaa vya granulating katika soko la kimataifa.<\/p>    <p>Vi grundades 2011 och har alltid insisterat p\u00e5 att erbjuda kunderna integrerade l\u00f6sningar f\u00f6r avfallshantering, inklusive \u00e5tervinning av plastavfall, d\u00e4ck och gummi. Hittills har Shuliy hj\u00e4lpt otaliga kunder att lyckas och starta sina egna \u00e5tervinningsf\u00f6retag.<\/p>    <h2 class=\"wp-block-heading\">Vad vi g\u00f6r<\/h2>    <div class=\"wp-block-media-text alignwide is-stacked-on-mobile\"><figure class=\"wp-block-media-text__media\"><img loading=\"lazy\" decoding=\"async\" width=\"720\" height=\"405\" src=\"https:\/\/www.recycle-plant.com\/wp-content\/uploads\/2023\/03\/PET-bottle-washing-line.jpg\" alt=\"\" class=\"wp-image-6644 size-full\"><\/figure><div class=\"wp-block-media-text__content\"> <h3 class=\"wp-block-heading\">Produkter<\/h3>    <p class=\"translation-block\">Kwa sasa, bidhaa kuu zilizoendelezwa na kuuzwa na Shuliy ni mimea ya kusaga taka za plastiki\/matairi<strong><a href=\"https:\/\/www.recycle-plant.com\/sw\/plastic-film-recycling-production-line\/\"> ya kusaga<\/a><\/strong>, kiwanda cha kuosha chupa za PET, na miradi ya utengenezaji wa mabomba ya plastiki. Bidhaa zote hutumiwa sana katika kuchakata tena taka za plastiki\/matairi, utengenezaji wa vitu vya plastiki na tasnia zingine. Pete za plastiki zinazozalishwa zinaweza kutumiwa moja kwa moja kwenye laini ya uzalishaji wa bomba la plastiki. Pete za plastiki\/mpira zinaweza kutumiwa kama bidhaa zenye thamani kubwa kwa uuzaji wa pili. Kwa njia hii, wawekezaji wanaweza kupata faida kubwa. Wakati huo huo, inaweza kutatua shida zinazoendelea za mazingira.<\/p> <\/div><\/div>    <div class=\"wp-block-media-text alignwide has-media-on-the-right is-stacked-on-mobile\"><div class=\"wp-block-media-text__content\"> <h3 class=\"wp-block-heading\">L\u00f6sningar<\/h3>    <p class=\"translation-block\">Pamoja na maendeleo katika soko la kimataifa na mahitaji ya wateja, Shuliy imegeuka polepole kutoka kwa mtoaji wa vifaa mmoja hadi mtoaji wa suluhisho jumuishi. Katika miaka ya hivi karibuni, tumeunda kwa mafanikio suluhisho 30+ za<strong><a href=\"https:\/\/www.recycle-plant.com\/sw\/plastic-pelletizing-solution\/\"> kutengeneza pete za plastiki<\/a><\/strong><strong>, <\/strong>imebuni suluhisho 20+ za kuchakata tena kwa ajili ya kuchakata matairi yaliyotumika, na kutoa suluhisho 10 bora za uzalishaji wa bomba la plastiki, n.k.<\/p>    <p>I utformningen av integrerade l\u00f6sningar kan vi erbjuda projektgenomf\u00f6rbarhetsanalys, utrustningsval, logistikleverans, layoutdesign, installation och drift, maskintr\u00e4ning och andra tj\u00e4nster. Shuliy Group erbjuder kunderna helhetsl\u00f6sningar och s\u00e4kerst\u00e4ller kundens framg\u00e5ng.<\/p> <\/div><figure class=\"wp-block-media-text__media\"><img loading=\"lazy\" decoding=\"async\" width=\"720\" height=\"540\" src=\"https:\/\/www.recycle-plant.com\/wp-content\/uploads\/2023\/03\/solution.jpg\" alt=\"\" class=\"wp-image-6651 size-full\"><\/figure><\/div>    <h2 class=\"wp-block-heading\">Shuliy FAQ<\/h2>   <div id=\"rank-math-faq\" class=\"rank-math-block\"> <div class=\"rank-math-list\"> <div id=\"faq-question-1722332005381\" class=\"rank-math-list-item\"> <h3 class=\"rank-math-question\">Je, wewe ni kampuni ya biashara au mtengenezaji wa mashine?<\/h3> <div class=\"rank-math-answer\">  <p>Sisi ni mtengenezaji wa mashine za kurecycle plastiki nchini China.<\/p>  <\/div> <\/div> <div id=\"faq-question-1722332096471\" class=\"rank-math-list-item\"> <h3 class=\"rank-math-question\">Je, una dhamana au uhakikisho ikiwa nitununue mashine yako?<\/h3> <div class=\"rank-math-answer\">  <p>Efter att du har gjort din best\u00e4llning \u00e4r leveranstiden 20-25 dagar, alla v\u00e5ra \u00e5tervinningsmaskiners garanti \u00e4r 1 \u00e5r. Efter ett \u00e5r kommer vi att tillhandah\u00e5lla reservdelar till maskinen till det l\u00e4gsta priset och en gratis teknisk guide.<\/p>  <\/div> <\/div> <div id=\"faq-question-1722332371525\" class=\"rank-math-list-item\"> <h3 class=\"rank-math-question\">Ninaweza vipi kuisakinisha mashine yangu, je, ni ngumu?<\/h3> <div class=\"rank-math-answer\">  <p>Shuliy atakutumia mwongozo wa maagizo na video ambayo unaweza kufuata ili kuweza kufunga mashine. Ikiwa ni laini kubwa ya uzalishaji wa kurejeleza, tunaweza kupanga mhandisi wetu aje kwenye kiwanda chako na atawafundisha wafanyakazi wako jinsi ya kufunga mashine. <\/p>  <\/div> <\/div> <div id=\"faq-question-1722332556048\" class=\"rank-math-list-item\"> <h3 class=\"rank-math-question\">Nini kinaweza kufanywa ikiwa mashine yetu itasimama kufanya kazi ghafla?<\/h3> <div class=\"rank-math-answer\">  <p>Tumejizatisha ubora wa mashine zetu. Pia tutakuwa na sehemu za akiba za kutosha kwa matumizi ya dharura tangu mwanzo. Tutakushauri ununue sehemu za kuvaa za ziada. Pia, unaweza kila wakati kuwasiliana na biashara ya awali kuelezea hali hiyo na tutakupa suluhisho.<\/p>  <\/div> <\/div> <div id=\"faq-question-1722332810584\" class=\"rank-math-list-item\"> <h3 class=\"rank-math-question\">Ninaweza vipi kudumisha mashine yangu ya recycli?<\/h3> <div class=\"rank-math-answer\">  <p>Tutatumia maelekezo ya matengenezo ya mashine na video za kuelezea jinsi ya kutatua matatizo ya matengenezo ya mashine. Kwa njia, unaweza kutuandikia na tutarekodi video za maelekezo za moja kwa moja ili kukusaidia.<\/p>  <\/div> <\/div> <div id=\"faq-question-1722332976580\" class=\"rank-math-list-item\"> <h3 class=\"rank-math-question\">Nitajibiwa lini? <\/h3> <div class=\"rank-math-answer\">  <p>Shuliy inatoa huduma ya kiufundi masaa 24. Unaweza kuwasiliana nasi wakati wowote.<\/p>  <\/div> <\/div> <\/div> <\/div>   <h2 class=\"wp-block-heading\">Tj\u00e4nst<\/h2>    <ul class=\"wp-block-list\"> <li>Onlinetj\u00e4nst. Du kan kontakta oss n\u00e4r som helst och v\u00e5rt professionella projekt kommer att skicka dig maskindetaljer inom 24 timmar. <\/li>    <li>L\u00f6sning som tillhandah\u00e5lls. Vi tillhandah\u00e5ller 3D-layoutritningar, anpassade tj\u00e4nster och teknisk f\u00f6rberedelse.<\/li>    <li>Reservdelsf\u00f6rs\u00f6rjning. Alla reservdelar till \u00e5tervinningsmaskiner kan k\u00f6pas fr\u00e5n Shuliy Group.<\/li>    <li>Installation och utbildning. Shuliy Group tillhandah\u00e5ller installations-, utbildnings- och uppf\u00f6ljningstj\u00e4nster. <\/li>    <li>Provtestning. Vi kan testa prover fr\u00e5n kunder och analysera projektets genomf\u00f6rbarhet och l\u00f6nsamhet f\u00f6r v\u00e5ra kunder.<\/li> <\/ul>    <h2 class=\"wp-block-heading\">F\u00f6retagskultur<\/h2>    <ul class=\"wp-block-list\"> <li>V\u00e5r mission: L\u00e5t kinesiska maskiner f\u00f6r\u00e4ndra varje h\u00f6rn av v\u00e4rlden.<\/li>    <li>V\u00e5r vision: \u00d6ka v\u00e4rdet f\u00f6r kunder och ge tillv\u00e4xt f\u00f6r anst\u00e4llda.<\/li>    <li>V\u00e5ra v\u00e4rderingar: Integritet, tacksamhet, altruism, positiv energi, omfamna f\u00f6r\u00e4ndring och laganda.<\/li> <\/ul>    <h2 class=\"wp-block-heading\">Utsikter<\/h2>    <p>Shuliy Group ni kampuni inayotazama mbele, tunajitahidi kuruhusu mashine za Kichina kubadilisha kila kona ya dunia. Hatuwahi kusitisha kuendeleza na kubuni teknolojia na vifaa vyetu.<\/p>    <p>Shuliy sasa inatafuta fursa yoyote katika mabadiliko ya ulimwengu ambayo yatapelekea njia ya siku zijazo. Pamoja na tatizo la mazingira na kuongezeka kwa umakini wa ulimwengu juu ya uchafuzi wa plastiki, tuna sababu za kuamini kwamba bidhaa tunazozitengeneza na kuzalisha zitatumika kote ulimwenguni katika miongo ijayo.<\/p>","protected":false},"excerpt":{"rendered":"<p>About Shuliy Shuliy Group Co.,Ltd. is an environmental machinery company, we integrate development, manufacturing, and selling, concentrating on producing the best environmental protection machinery for our global customers. Shuliy Group is responsible for the promotion of resource regeneration solutions, plastic, tire recycling and granulating equipment manufacturing in the global market. We are founded in 2011 [&hellip;]<\/p>\n","protected":false},"author":1,"featured_media":0,"parent":0,"menu_order":0,"comment_status":"closed","ping_status":"closed","template":"","meta":{"_kad_blocks_custom_css":"","_kad_blocks_head_custom_js":"","_kad_blocks_body_custom_js":"","_kad_blocks_footer_custom_js":"","footnotes":""},"class_list":["post-6642","page","type-page","status-publish","hentry"],"taxonomy_info":[],"featured_image_src_large":false,"author_info":{"display_name":"Ella","author_link":"https:\/\/www.recycle-plant.com\/sw\/author\/admin\/"},"comment_info":0,"_links":{"self":[{"href":"https:\/\/www.recycle-plant.com\/sw\/wp-json\/wp\/v2\/pages\/6642","targetHints":{"allow":["GET"]}}],"collection":[{"href":"https:\/\/www.recycle-plant.com\/sw\/wp-json\/wp\/v2\/pages"}],"about":[{"href":"https:\/\/www.recycle-plant.com\/sw\/wp-json\/wp\/v2\/types\/page"}],"author":[{"embeddable":true,"href":"https:\/\/www.recycle-plant.com\/sw\/wp-json\/wp\/v2\/users\/1"}],"replies":[{"embeddable":true,"href":"https:\/\/www.recycle-plant.com\/sw\/wp-json\/wp\/v2\/comments?post=6642"}],"version-history":[{"count":0,"href":"https:\/\/www.recycle-plant.com\/sw\/wp-json\/wp\/v2\/pages\/6642\/revisions"}],"wp:attachment":[{"href":"https:\/\/www.recycle-plant.com\/sw\/wp-json\/wp\/v2\/media?parent=6642"}],"curies":[{"name":"wp","href":"https:\/\/api.w.org\/{rel}","templated":true}]}}