{"id":6655,"date":"2023-03-15T03:43:08","date_gmt":"2023-03-15T03:43:08","guid":{"rendered":"https:\/\/www.recycle-plant.com\/?page_id=6655"},"modified":"2025-03-31T09:56:09","modified_gmt":"2025-03-31T01:56:09","slug":"plastic-pelletizing-solution","status":"publish","type":"page","link":"https:\/\/www.recycle-plant.com\/sw\/plastic-pelletizing-solution\/","title":{"rendered":"L\u00f6sning f\u00f6r plastpelletisering"},"content":{"rendered":"<p>Shuliy inatoa suluhisho kamili la kutengeneza pelleti za plastiki kwa ajili ya urejeleaji wa viwanda (urejeleaji wa ndani) na urejeleaji wa watumiaji baada ya matumizi. Mashine ya kutengeneza pelleti inaweza kushughulikia aina mbalimbali za vifaa, ikiwa ni pamoja na PP, HDPE, LDPE, LLDPE, PVC, EPS, EPE, ABS, PS, n.k.<\/p>    <h2 class=\"wp-block-heading\">Material f\u00f6r plast\u00e5tervinning<\/h2>    <figure class=\"wp-block-table white-space-nowrap\"><table class=\"has-fixed-layout\"><tbody><tr><td>\u00c5tervinningsmaterial<\/td><td>Tumia<\/td><td>Materialtyp<\/td><\/tr><tr><td><strong><a href=\"https:\/\/www.recycle-plant.com\/sw\/how-do-you-recycle-polypropylene-bags.html\">PP PE-film<\/a><\/strong><\/td><td>filmrullar, filmskrot, p\u00e5sar, t-shirtp\u00e5se avsk\u00e4rningar, <a href=\"https:\/\/www.recycle-plant.com\/sw\/status-of-recycling-and-treatment-of-used-agricultural-film.html\"><strong>Jordbruksfilm<\/strong><\/a><\/td><td>PP PE<\/td><\/tr><tr><td><strong><a href=\"https:\/\/www.recycle-plant.com\/sw\/plastic-regrind-recycling.html\">Plastik \u00e5termalning<\/a><\/strong><\/td><td>Uundaji wa sindano, bidhaa zilizotengenezwa kwa sindano kama vile chupa, vyombo, sehemu za magari, bumpers za magari, taka za umeme, vichekesho, na plastiki ngumu nyingine.<\/td><td>HDPE, LDPE, PP, PS, ABS, PVC<\/td><\/tr><tr><td><strong><a href=\"https:\/\/www.recycle-plant.com\/sw\/thermoformed-material-recycling.html\">Plastik iliyotengenezwa kwa njia ya thermoforming<\/a><\/strong><\/td><td>byggmaterial, pallar, matbeh\u00e5llare, medicinsk f\u00f6rpackning, bilkomponenter, fraktl\u00e5dor, brickor, koppar, leksaker, clamshell-beh\u00e5llare<\/td><td>HDPE, LDPE, PP, PS, au ABS<\/td><\/tr><tr><td><strong><a href=\"https:\/\/www.recycle-plant.com\/sw\/pp-raffia-recycling-introduction.html\">Mifuko ya nyuzi za PP<\/a><\/strong><\/td><td>f\u00f6rpackning, lagringsp\u00e5se, st\u00e4ngsel, n\u00e4t f\u00f6r tr\u00e4dg\u00e5rdsarbete,<\/td><td>Polypropen (PP)<\/td><\/tr><tr><td><strong><a href=\"https:\/\/www.recycle-plant.com\/sw\/stretch-film-recycling.html\">Stretchfilm<\/a><\/strong><\/td><td>matf\u00f6rvaringsfilm, stretchfilm rulle<\/td><td>Linj\u00e4ra l\u00e5gdensitetspolyeten (LLDPE), l\u00e5gdensitetspolyeten (LDPE)<\/td><\/tr><tr><td><strong><a href=\"https:\/\/www.recycle-plant.com\/sw\/shrink-wrap-recycling.html\">Shrinkfilm <\/a><\/strong><\/td><td>f\u00f6rpackningsfilm under fraktlagring<\/td><td>polyethelene (PE)<\/td><\/tr><tr><td><strong><a href=\"https:\/\/www.recycle-plant.com\/sw\/drip-tape-recycling.html\">R\u00f6r f\u00f6r jordbruk<\/a><\/strong><\/td><td>Droppband, mjukt bevattningsr\u00f6r<\/td><td>h\u00f6gdensitet polyethelene (HDPE), (LDPE)<\/td><\/tr><tr><td><strong><a href=\"https:\/\/www.recycle-plant.com\/sw\/laminated-film-recycling.html\">Laminerad film<\/a><\/strong><\/td><td>paket f\u00f6r mat, drycker, l\u00e4kemedel<\/td><td>BOPP, CPP, OPP, HDPE, LDPE, LLPDE, eller EVA<\/td><\/tr><\/tbody><\/table><\/figure>    <h2 class=\"wp-block-heading\">Konfiguration av avfallspolymergranuleringslinjen<\/h2>    <figure class=\"wp-block-embed is-type-video is-provider-youtube wp-block-embed-youtube wp-embed-aspect-16-9 wp-has-aspect-ratio\"><div class=\"wp-block-embed__wrapper\"> <iframe loading=\"lazy\" title=\"Linje ya pelletizing ya plastiki | Mashine ya kutengeneza granules za plastiki\" width=\"500\" height=\"281\" src=\"https:\/\/www.youtube.com\/embed\/y4KcSJAz04E?feature=oembed\" frameborder=\"0\" allow=\"accelerometer; autoplay; clipboard-write; encrypted-media; gyroscope; picture-in-picture; web-share\" referrerpolicy=\"strict-origin-when-cross-origin\" allowfullscreen><\/iframe> <\/div><\/figure>    <h2 class=\"wp-block-heading\">Hur kommer vi att hj\u00e4lpa kunder att starta en pelletiseringsanl\u00e4ggning?<\/h2>    <ul class=\"wp-block-list\"> <li>Konsultation anpassad. Efter att vi har mottagit v\u00e5ra kunders f\u00f6rfr\u00e5gningar kommer v\u00e5r projektledare att kontakta kunderna s\u00e5 snart som m\u00f6jligt. Vi kommer att bekr\u00e4fta kundernas r\u00e5material och deras f\u00f6rv\u00e4ntade utg\u00e5ng. Baserat p\u00e5 dessa grundl\u00e4ggande uppgifter kommer vi att rekommendera plastgranulatormaskiner f\u00f6r dem.<\/li> <\/ul>    <ul class=\"wp-block-list\"> <li>Best\u00e4m planen. V\u00e5r produktchef kommer att konfigurera plastpelletiseringsplanen rimligt enligt dina behov och budget. Vi designar ritningar f\u00f6r maskinens speciella krav och bekr\u00e4ftar slutligen pelletiseringsplanen med kunden.<\/li> <\/ul>    <ul class=\"wp-block-list\"> <li>Leverans och transport. N\u00e4r hela <a href=\"https:\/\/www.recycle-plant.com\/sw\/plastic-film-recycling-production-line\/\">linya ya kutengeneza pellet za plastiki<\/a> \u00e4r byggd, kommer vi att ordna en speciell lastbil f\u00f6r att leverera den till kundens land inom den \u00f6verenskomna tiden.<\/li> <\/ul>    <ul class=\"wp-block-list\"> <li>Installation och utbildning. Vi kommer att skicka v\u00e5rt professionella tekniska team till platsen f\u00f6r installation och ig\u00e5ngs\u00e4ttning av plastpelletiseraren. Det tekniska teamet kommer att tr\u00e4na hur man anv\u00e4nder plastpelletiseraren korrekt tills hela plastpelletiseringsanl\u00e4ggningen s\u00e4tts i stabil produktion.<\/li> <\/ul>    <h2 class=\"wp-block-heading\">Anpassad krossning och tv\u00e4ttning f\u00f6r f\u00f6rgranulering<\/h2>    <div class=\"wp-block-media-text alignwide has-media-on-the-right is-stacked-on-mobile\"><div class=\"wp-block-media-text__content\"> <p>Mashine za kusaga na kuosha plastiki ni rahisi sana katika mchakato wa kurejeleza, Kundi la Shuliy litapendekeza kwa kila mmoja wa wateja wetu mashine zinazofaa zaidi baada ya kujifunza mahitaji na hali halisi.<\/p>    <p>Till exempel \u00e4r den r\u00e4tta krossnings- och tv\u00e4ttdelen utrustad med en plastkross, en plasttv\u00e4tttank, en vertikal torkmaskin och en horisontell tork. 3D-ritningen designades av v\u00e5r projektledare Sunny f\u00f6r v\u00e5r kund fr\u00e5n Saudiarabien. Deras r\u00e5material \u00e4r avfallsh\u00e5rda PP-tunnor och beh\u00e5llare.   <\/p> <\/div><figure class=\"wp-block-media-text__media\"><img loading=\"lazy\" decoding=\"async\" width=\"720\" height=\"540\" src=\"https:\/\/www.recycle-plant.com\/wp-content\/uploads\/2023\/03\/PET-bottle-washing-plant.jpg\" alt=\"kross- och tv\u00e4ttanl\u00e4ggning\" class=\"wp-image-6643 size-full\"\/><\/figure><\/div>    <div class=\"wp-block-media-text alignwide is-stacked-on-mobile\"><figure class=\"wp-block-media-text__media\"><img loading=\"lazy\" decoding=\"async\" width=\"720\" height=\"405\" src=\"https:\/\/www.recycle-plant.com\/wp-content\/uploads\/2023\/03\/PET-bottle-washing-line.jpg\" alt=\"PP PE tv\u00e4ttlinje\" class=\"wp-image-6644 size-full\"\/><\/figure><div class=\"wp-block-media-text__content\"> <p>Hii ni mchoro wa 3D ulioandaliwa kwa mteja wetu wa Nigeria, hii laini ya kuosha ya kurejeleza imewekwa na tanki moja zaidi la kuosha na dehidrator mmoja wa wima zaidi. <\/p>    <p>Sunny alitengeneza seti mbili za vifaa vya kusafisha ili kuosha filamu za PP za taka. Kwa sababu malighafi ni chafu na uzalishaji ni mkubwa, seti ya ziada ya mashine za kuosha inaweza kuhakikisha usafi wa malighafi na athari ya mwisho ya granulation.<\/p> <\/div><\/div>    <h2 class=\"wp-block-heading\">Unika egenskaper hos Shuliy plastpelletiseringslinje<\/h2>    <ul class=\"wp-block-list\"> <li>Den l\u00e5nga livsl\u00e4ngden av den <a href=\"https:\/\/www.recycle-plant.com\/sw\/plastic-pelletizing-machine-4.html\">Maskin f\u00f6r pelletisering av plast<\/a>. V\u00e5ra maskiner f\u00f6r plastpelletisering \u00e4r rostfria och h\u00e5llbara. Vi kan garantera en l\u00e5ng livsl\u00e4ngd f\u00f6r plastpelletisering.<\/li>    <li>Den l\u00e5ga felaktighetsgraden i drift. Shuliy har ett professionellt maskindesignteam. Processen f\u00f6r att tillverka maskinerna \u00e4r precis och felaktighetsgraden \u00e4r mycket l\u00e5g.<\/li>    <li>Kiongozi wa mauzo na uzoefu. Shuliy kama mmoja wa watengenezaji wa mashine za plastiki za pelletizer wanaoaminika nchini China, tuna uwezo mkubwa wa kusafirisha mashine zetu duniani kote. Hadi sasa, Shuliy ina wateja kutoka Saudi Arabia, Misri, Hungary, Uganda, Nigeria, Kenya, Ethiopia, Ujerumani na nchi nyingine na imekubaliwa kwa kiasi kikubwa na wateja wetu.<\/li>    <li>Mashine ya granulator ya plastiki ni rafiki wa mazingira. Maji machafu, gesi, na sludge ya laini ya recyling ya granulating plastiki yote yanatolewa salama. Kwa mfano, moshi kutoka kwa mchakato wa granulating plastiki unachujwa kupitia maalum.<a href=\"https:\/\/www.recycle-plant.com\/sw\/waste-gas-filter.html\"> utrustning f\u00f6r dammborttagning<\/a> innan de sl\u00e4pps ut.<\/li> <\/ul>    <h2 class=\"wp-block-heading\">Leveranser av plastgranuleringslinje<\/h2>    <figure class=\"wp-block-gallery has-nested-images columns-default is-cropped wp-block-gallery-2 is-layout-flex wp-block-gallery-is-layout-flex\"> <figure class=\"wp-block-image size-large\"><img loading=\"lazy\" decoding=\"async\" width=\"720\" height=\"540\" data-id=\"6364\" src=\"https:\/\/www.recycle-plant.com\/wp-content\/uploads\/2019\/11\/plastic-granulator-machne-for-sale1.jpg\" alt=\"\" class=\"wp-image-6364\" srcset=\"https:\/\/www.recycle-plant.com\/wp-content\/uploads\/2019\/11\/plastic-granulator-machne-for-sale1.jpg 720w, https:\/\/www.recycle-plant.com\/wp-content\/uploads\/2019\/11\/plastic-granulator-machne-for-sale1-300x225.jpg 300w\" sizes=\"auto, (max-width: 720px) 100vw, 720px\" \/><\/figure>    <figure class=\"wp-block-image size-large\"><img loading=\"lazy\" decoding=\"async\" width=\"720\" height=\"540\" data-id=\"6363\" src=\"https:\/\/www.recycle-plant.com\/wp-content\/uploads\/2019\/11\/plastic-granulator-machine-Saudi-Arabia1.jpg\" alt=\"\" class=\"wp-image-6363\" srcset=\"https:\/\/www.recycle-plant.com\/wp-content\/uploads\/2019\/11\/plastic-granulator-machine-Saudi-Arabia1.jpg 720w, https:\/\/www.recycle-plant.com\/wp-content\/uploads\/2019\/11\/plastic-granulator-machine-Saudi-Arabia1-300x225.jpg 300w\" sizes=\"auto, (max-width: 720px) 100vw, 720px\" \/><\/figure>    <figure class=\"wp-block-image size-large\"><img loading=\"lazy\" decoding=\"async\" width=\"720\" height=\"540\" data-id=\"6313\" src=\"https:\/\/www.recycle-plant.com\/wp-content\/uploads\/2022\/11\/plastic-recycling-machine-sent-to-Kenya_1.jpg\" alt=\"\" class=\"wp-image-6313\" srcset=\"https:\/\/www.recycle-plant.com\/wp-content\/uploads\/2022\/11\/plastic-recycling-machine-sent-to-Kenya_1.jpg 720w, https:\/\/www.recycle-plant.com\/wp-content\/uploads\/2022\/11\/plastic-recycling-machine-sent-to-Kenya_1-300x225.jpg 300w\" sizes=\"auto, (max-width: 720px) 100vw, 720px\" \/><\/figure>    <figure class=\"wp-block-image size-large\"><img loading=\"lazy\" decoding=\"async\" width=\"720\" height=\"540\" data-id=\"6314\" src=\"https:\/\/www.recycle-plant.com\/wp-content\/uploads\/2022\/11\/plastic-recycling-machine-shipped-to-Kenya_1.jpg\" alt=\"\" class=\"wp-image-6314\" srcset=\"https:\/\/www.recycle-plant.com\/wp-content\/uploads\/2022\/11\/plastic-recycling-machine-shipped-to-Kenya_1.jpg 720w, https:\/\/www.recycle-plant.com\/wp-content\/uploads\/2022\/11\/plastic-recycling-machine-shipped-to-Kenya_1-300x225.jpg 300w\" sizes=\"auto, (max-width: 720px) 100vw, 720px\" \/><\/figure>    <figure class=\"wp-block-image size-large\"><img loading=\"lazy\" decoding=\"async\" width=\"720\" height=\"540\" data-id=\"6300\" src=\"https:\/\/www.recycle-plant.com\/wp-content\/uploads\/2022\/11\/plastic-recycling-plants-in-Kenya_1.jpg\" alt=\"mimea ya kusindika plastiki nchini Kenya\" class=\"wp-image-6300\" srcset=\"https:\/\/www.recycle-plant.com\/wp-content\/uploads\/2022\/11\/plastic-recycling-plants-in-Kenya_1.jpg 720w, https:\/\/www.recycle-plant.com\/wp-content\/uploads\/2022\/11\/plastic-recycling-plants-in-Kenya_1-300x225.jpg 300w\" sizes=\"auto, (max-width: 720px) 100vw, 720px\" \/><\/figure>    <figure class=\"wp-block-image size-large\"><img loading=\"lazy\" decoding=\"async\" width=\"720\" height=\"540\" data-id=\"6285\" src=\"https:\/\/www.recycle-plant.com\/wp-content\/uploads\/2022\/11\/conveyor.jpg\" alt=\"\" class=\"wp-image-6285\" srcset=\"https:\/\/www.recycle-plant.com\/wp-content\/uploads\/2022\/11\/conveyor.jpg 720w, https:\/\/www.recycle-plant.com\/wp-content\/uploads\/2022\/11\/conveyor-300x225.jpg 300w\" sizes=\"auto, (max-width: 720px) 100vw, 720px\" \/><\/figure> <\/figure>    <p>F\u00f6rutom PP PE plastpelletiseringslinjen erbjuder Shuliy ocks\u00e5 en EPS EPE plastskumspellettiseringslinje. Om kunder har mycket plastskum kan vi erbjuda anpassad produktion f\u00f6r dem. Om du har n\u00e5gra fr\u00e5gor om v\u00e5r plastgranulatormaskin, l\u00e4mna ditt meddelande n\u00e4r som helst.<\/p>","protected":false},"excerpt":{"rendered":"<p>Shuliy provides comprehensive plastic pelletizing solution for post-industrial recycling(in-house recycling) and post-consumer recycling. The pelletizing machine can process various material types, including PP, HDPE, LDPE, LLDPE, PVC, EPS, EPE, ABS, PS, etc. Plastic recycle materials Recycle material Application Material type PP PE film film rolls, film scraps, bags, t-shirt bag cut-offs, agriculture film PP PE [&hellip;]<\/p>\n","protected":false},"author":1,"featured_media":6651,"parent":0,"menu_order":0,"comment_status":"closed","ping_status":"closed","template":"","meta":{"_kad_blocks_custom_css":"","_kad_blocks_head_custom_js":"","_kad_blocks_body_custom_js":"","_kad_blocks_footer_custom_js":"","footnotes":""},"class_list":["post-6655","page","type-page","status-publish","has-post-thumbnail","hentry"],"taxonomy_info":[],"featured_image_src_large":["https:\/\/www.recycle-plant.com\/wp-content\/uploads\/2023\/03\/solution.jpg",720,540,false],"author_info":{"display_name":"Ella","author_link":"https:\/\/www.recycle-plant.com\/sw\/author\/admin\/"},"comment_info":0,"_links":{"self":[{"href":"https:\/\/www.recycle-plant.com\/sw\/wp-json\/wp\/v2\/pages\/6655","targetHints":{"allow":["GET"]}}],"collection":[{"href":"https:\/\/www.recycle-plant.com\/sw\/wp-json\/wp\/v2\/pages"}],"about":[{"href":"https:\/\/www.recycle-plant.com\/sw\/wp-json\/wp\/v2\/types\/page"}],"author":[{"embeddable":true,"href":"https:\/\/www.recycle-plant.com\/sw\/wp-json\/wp\/v2\/users\/1"}],"replies":[{"embeddable":true,"href":"https:\/\/www.recycle-plant.com\/sw\/wp-json\/wp\/v2\/comments?post=6655"}],"version-history":[{"count":0,"href":"https:\/\/www.recycle-plant.com\/sw\/wp-json\/wp\/v2\/pages\/6655\/revisions"}],"wp:featuredmedia":[{"embeddable":true,"href":"https:\/\/www.recycle-plant.com\/sw\/wp-json\/wp\/v2\/media\/6651"}],"wp:attachment":[{"href":"https:\/\/www.recycle-plant.com\/sw\/wp-json\/wp\/v2\/media?parent=6655"}],"curies":[{"name":"wp","href":"https:\/\/api.w.org\/{rel}","templated":true}]}}