{"id":6675,"date":"2023-03-17T07:35:16","date_gmt":"2023-03-17T07:35:16","guid":{"rendered":"https:\/\/www.recycle-plant.com\/?page_id=6675"},"modified":"2024-06-17T17:57:08","modified_gmt":"2024-06-17T09:57:08","slug":"pet-bottle-washing-line-solution","status":"publish","type":"page","link":"https:\/\/www.recycle-plant.com\/sw\/pet-bottle-washing-line-solution\/","title":{"rendered":"L\u00f6sning f\u00f6r tv\u00e4tt av PET-flaskor"},"content":{"rendered":"<p>Plastik ya PET ni chaguo endelevu la ufungaji na aina kuu ya plastiki, kila wakati hutumika kwa chupa za vinywaji kwa sababu ya upinzani wake mzuri wa kemikali kwa vifaa vya kikaboni na maji na uwiano wake mzuri wa nguvu kwa uzito.<\/p>    <p>Dessutom, PET ni chaguo bora kwa chupa za plastiki kwa sababu ni 100% inayoweza kurejelewa na ni endelevu sana. Vipande vya PET vilivyorejelewa vinapata umaarufu mkubwa katika soko la kimataifa na vina ufanisi wa kiuchumi wa juu.<\/p>    <p>D\u00e4rf\u00f6r \u00e4r PET mycket v\u00e4rt att \u00e5tervinna. Efter att ha \u00e5tervunnits kan de rena PET-flisorna g\u00f6ras till nya produkter, vilket kommer att minska milj\u00f6f\u00f6roreningar och generera vinster f\u00f6r plast\u00e5tervinnare.<\/p>    <h2 class=\"wp-block-heading\">Shuliy PET-flask tv\u00e4ttlinje<\/h2>    <p>Shuliy Group ni mtengenezaji maarufu wa mashine za kurejeleza chupa za PET nchini China, tumetengeneza suluhisho za kurejeleza chupa za PET na mashine za kusaga na kuosha chupa za plastiki za ubora mzuri. Video ifuatayo ni video ya 3D ya kiwanda cha kuosha na kurejeleza PET.<\/p>    <figure class=\"wp-block-embed is-type-video is-provider-youtube wp-block-embed-youtube wp-embed-aspect-16-9 wp-has-aspect-ratio\"><div class=\"wp-block-embed__wrapper\"> <iframe loading=\"lazy\" title=\"3D-video av PET-flask\u00e5tervinningslinje | Hur \u00e5tervinner man plastflaskor?\" width=\"500\" height=\"281\" src=\"https:\/\/www.youtube.com\/embed\/Beev9uxidkE?start=19&#038;feature=oembed\" frameborder=\"0\" allow=\"accelerometer; autoplay; clipboard-write; encrypted-media; gyroscope; picture-in-picture; web-share\" referrerpolicy=\"strict-origin-when-cross-origin\" allowfullscreen><\/iframe> <\/div><\/figure>    <h2 class=\"wp-block-heading\">Processen f\u00f6r PET-flask tv\u00e4ttlinje <\/h2>    <p>F\u00f6rst b\u00f6r etiketterna p\u00e5 avfall PET-plastflaskor separeras, sedan krossas PET-flaskorna till flingor, PP-kapslarna separeras med hj\u00e4lp av de olika densiteterna av pp-material och PET i vatten. D\u00e4refter tv\u00e4ttas PET ytterligare med plasttv\u00e4tttankarna och varma tv\u00e4tttankarna. Slutligen anv\u00e4nds en plastavvattningsmaskin f\u00f6r att torka flaskflingorna.<\/p>    <h2 class=\"wp-block-heading\">Produkta ya mwisho ya mashine za recyling ya chupa za plastiki<\/h2>    <p class=\"translation-block\">De \u00e5tervunna PET-flaskflingorna som bearbetas fr\u00e5n <strong><a href=\"https:\/\/www.recycle-plant.com\/sw\/plastic-bottle-recycling-line\/\">PET-flask\u00e5tervinningslinjen<\/a><\/strong> \u00e4r huvudsakligen klassificerade i tre kvalitetsgrader: fuktighet, PVC-inneh\u00e5ll och karakteristisk viskositet. Shuliy PET-flask\u00e5tervinningslinjes bearbetade flaskflingor kan uppn\u00e5 motsvarande kvalitetsstandard, och s\u00e5dana PET-flingor kan ha h\u00f6g vinst.<\/p>    <figure class=\"wp-block-gallery has-nested-images columns-default is-cropped wp-block-gallery-2 is-layout-flex wp-block-gallery-is-layout-flex\"> <figure class=\"wp-block-image size-large\"><img loading=\"lazy\" decoding=\"async\" width=\"720\" height=\"540\" data-id=\"6399\" src=\"https:\/\/www.recycle-plant.com\/wp-content\/uploads\/2022\/12\/clean-PET-flakes-are-the-final-products-of-plastic-bottle-reycling-line.jpg\" alt=\"Rena PET-flak \u00e4r de slutliga produkterna av \u00e5tervinning av plastflaskor.\" class=\"wp-image-6399\" srcset=\"https:\/\/www.recycle-plant.com\/wp-content\/uploads\/2022\/12\/clean-PET-flakes-are-the-final-products-of-plastic-bottle-reycling-line.jpg 720w, https:\/\/www.recycle-plant.com\/wp-content\/uploads\/2022\/12\/clean-PET-flakes-are-the-final-products-of-plastic-bottle-reycling-line-300x225.jpg 300w\" sizes=\"auto, (max-width: 720px) 100vw, 720px\" \/><figcaption class=\"wp-element-caption\">rena PET-flisor <\/figcaption><\/figure>    <figure class=\"wp-block-image size-large\"><img loading=\"lazy\" decoding=\"async\" width=\"720\" height=\"540\" data-id=\"6009\" src=\"https:\/\/www.recycle-plant.com\/wp-content\/uploads\/2022\/06\/recycled-PET-flakes.jpg\" alt=\"\u00e5tervunna PET-flingor\" class=\"wp-image-6009\" srcset=\"https:\/\/www.recycle-plant.com\/wp-content\/uploads\/2022\/06\/recycled-PET-flakes.jpg 720w, https:\/\/www.recycle-plant.com\/wp-content\/uploads\/2022\/06\/recycled-PET-flakes-300x225.jpg 300w\" sizes=\"auto, (max-width: 720px) 100vw, 720px\" \/><figcaption class=\"wp-element-caption\">\u00e5tervunna PET-flingor<\/figcaption><\/figure> <\/figure>    <h2 class=\"wp-block-heading\">Leverans av PET-flask tv\u00e4ttanl\u00e4ggning<\/h2>    <figure class=\"wp-block-gallery has-nested-images columns-default is-cropped wp-block-gallery-3 is-layout-flex wp-block-gallery-is-layout-flex\"> <figure class=\"wp-block-image size-large\"><img loading=\"lazy\" decoding=\"async\" width=\"540\" height=\"720\" data-id=\"6434\" src=\"https:\/\/www.recycle-plant.com\/wp-content\/uploads\/2019\/11\/PET-bottle-washing-plant-1.jpg\" alt=\"Anl\u00e4ggning f\u00f6r tv\u00e4ttning av PET-flaskor\" class=\"wp-image-6434\" srcset=\"https:\/\/www.recycle-plant.com\/wp-content\/uploads\/2019\/11\/PET-bottle-washing-plant-1.jpg 540w, https:\/\/www.recycle-plant.com\/wp-content\/uploads\/2019\/11\/PET-bottle-washing-plant-1-225x300.jpg 225w\" sizes=\"auto, (max-width: 540px) 100vw, 540px\" \/><figcaption class=\"wp-element-caption\">Kiwanda cha kuosha chupa za PET kimepelekwa Mozambique<\/figcaption><\/figure>    <figure class=\"wp-block-image size-large\"><img loading=\"lazy\" decoding=\"async\" width=\"540\" height=\"720\" data-id=\"6435\" src=\"https:\/\/www.recycle-plant.com\/wp-content\/uploads\/2019\/11\/PET-bottle-washing-plant-shipped-to-Mozambique1.jpg\" alt=\"Kiwanda cha kuosha chupa za PET kimepelekwa Mozambique\" class=\"wp-image-6435\" srcset=\"https:\/\/www.recycle-plant.com\/wp-content\/uploads\/2019\/11\/PET-bottle-washing-plant-shipped-to-Mozambique1.jpg 540w, https:\/\/www.recycle-plant.com\/wp-content\/uploads\/2019\/11\/PET-bottle-washing-plant-shipped-to-Mozambique1-225x300.jpg 225w\" sizes=\"auto, (max-width: 540px) 100vw, 540px\" \/><figcaption class=\"wp-element-caption\">Mstari wa kuosha chupa za PET umepelekwa Mozambique<\/figcaption><\/figure>    <figure class=\"wp-block-image size-large\"><img loading=\"lazy\" decoding=\"async\" width=\"720\" height=\"540\" data-id=\"6369\" src=\"https:\/\/www.recycle-plant.com\/wp-content\/uploads\/2019\/11\/plastic-granulator1.jpg\" alt=\"\" class=\"wp-image-6369\" srcset=\"https:\/\/www.recycle-plant.com\/wp-content\/uploads\/2019\/11\/plastic-granulator1.jpg 720w, https:\/\/www.recycle-plant.com\/wp-content\/uploads\/2019\/11\/plastic-granulator1-300x225.jpg 300w\" sizes=\"auto, (max-width: 720px) 100vw, 720px\" \/><figcaption class=\"wp-element-caption\">Mstari wa kurecycle chupa za PET umepelekwa Japani<\/figcaption><\/figure>    <figure class=\"wp-block-image size-large\"><img loading=\"lazy\" decoding=\"async\" width=\"720\" height=\"540\" data-id=\"6363\" src=\"https:\/\/www.recycle-plant.com\/wp-content\/uploads\/2019\/11\/plastic-granulator-machine-Saudi-Arabia1.jpg\" alt=\"\" class=\"wp-image-6363\" srcset=\"https:\/\/www.recycle-plant.com\/wp-content\/uploads\/2019\/11\/plastic-granulator-machine-Saudi-Arabia1.jpg 720w, https:\/\/www.recycle-plant.com\/wp-content\/uploads\/2019\/11\/plastic-granulator-machine-Saudi-Arabia1-300x225.jpg 300w\" sizes=\"auto, (max-width: 720px) 100vw, 720px\" \/><figcaption class=\"wp-element-caption\">Mstari wa kuosha chupa za PET umepelekwa Nigeria<\/figcaption><\/figure>    <figure class=\"wp-block-image size-large\"><img loading=\"lazy\" decoding=\"async\" width=\"540\" height=\"720\" data-id=\"6287\" src=\"https:\/\/www.recycle-plant.com\/wp-content\/uploads\/2022\/11\/loading-and-delivery.jpg\" alt=\"\" class=\"wp-image-6287\" srcset=\"https:\/\/www.recycle-plant.com\/wp-content\/uploads\/2022\/11\/loading-and-delivery.jpg 540w, https:\/\/www.recycle-plant.com\/wp-content\/uploads\/2022\/11\/loading-and-delivery-225x300.jpg 225w\" sizes=\"auto, (max-width: 540px) 100vw, 540px\" \/><figcaption class=\"wp-element-caption\">Mstari wa kuosha chupa za PET umepelekwa Congo<\/figcaption><\/figure>    <figure class=\"wp-block-image size-large\"><img loading=\"lazy\" decoding=\"async\" width=\"540\" height=\"720\" data-id=\"5905\" src=\"https:\/\/www.recycle-plant.com\/wp-content\/uploads\/2022\/05\/plastic-washing-recycling-machine-sent-to-Kenya.jpg\" alt=\"\" class=\"wp-image-5905\" srcset=\"https:\/\/www.recycle-plant.com\/wp-content\/uploads\/2022\/05\/plastic-washing-recycling-machine-sent-to-Kenya.jpg 540w, https:\/\/www.recycle-plant.com\/wp-content\/uploads\/2022\/05\/plastic-washing-recycling-machine-sent-to-Kenya-225x300.jpg 225w\" sizes=\"auto, (max-width: 540px) 100vw, 540px\" \/><figcaption class=\"wp-element-caption\">maskin f\u00f6r \u00e5tervinning av plasttv\u00e4tt skickad till Kenya<\/figcaption><\/figure> <\/figure>","protected":false},"excerpt":{"rendered":"<p>PET plastic is a sustainable packaging option and the primary type of plastic, it is always used for beverage bottles for its excellent chemical resistance to organic materials and water and its high strength-to-weight ratio. Moreover, PET is the preferred choice for plastic bottles because it is 100% recyclable and highly sustainable. Recycled PET flakes [&hellip;]<\/p>\n","protected":false},"author":1,"featured_media":0,"parent":0,"menu_order":0,"comment_status":"closed","ping_status":"closed","template":"","meta":{"_kad_blocks_custom_css":"","_kad_blocks_head_custom_js":"","_kad_blocks_body_custom_js":"","_kad_blocks_footer_custom_js":"","footnotes":""},"class_list":["post-6675","page","type-page","status-publish","hentry"],"taxonomy_info":[],"featured_image_src_large":false,"author_info":{"display_name":"Ella","author_link":"https:\/\/www.recycle-plant.com\/sw\/author\/admin\/"},"comment_info":0,"_links":{"self":[{"href":"https:\/\/www.recycle-plant.com\/sw\/wp-json\/wp\/v2\/pages\/6675","targetHints":{"allow":["GET"]}}],"collection":[{"href":"https:\/\/www.recycle-plant.com\/sw\/wp-json\/wp\/v2\/pages"}],"about":[{"href":"https:\/\/www.recycle-plant.com\/sw\/wp-json\/wp\/v2\/types\/page"}],"author":[{"embeddable":true,"href":"https:\/\/www.recycle-plant.com\/sw\/wp-json\/wp\/v2\/users\/1"}],"replies":[{"embeddable":true,"href":"https:\/\/www.recycle-plant.com\/sw\/wp-json\/wp\/v2\/comments?post=6675"}],"version-history":[{"count":0,"href":"https:\/\/www.recycle-plant.com\/sw\/wp-json\/wp\/v2\/pages\/6675\/revisions"}],"wp:attachment":[{"href":"https:\/\/www.recycle-plant.com\/sw\/wp-json\/wp\/v2\/media?parent=6675"}],"curies":[{"name":"wp","href":"https:\/\/api.w.org\/{rel}","templated":true}]}}