{"id":6693,"date":"2023-03-20T08:25:06","date_gmt":"2023-03-20T08:25:06","guid":{"rendered":"https:\/\/www.recycle-plant.com\/?page_id=6693"},"modified":"2023-03-20T09:30:57","modified_gmt":"2023-03-20T09:30:57","slug":"technical-support","status":"publish","type":"page","link":"https:\/\/www.recycle-plant.com\/sw\/technical-support\/","title":{"rendered":"Msaada wa Kiufundi"},"content":{"rendered":"<p>Shuliy ni mtengenezaji wa mashine za kurejeleza plastiki mwenye msaada mzuri wa kiufundi ikiwa ni pamoja na vifaa vya utengenezaji wa ubora, wabunifu bora wa kiufundi, na wafanyakazi wa kitaalamu wa utengenezaji na mauzo. Hivyo basi, tunaweza kusaidia wateja wa kimataifa kutoa mashine za kurejeleza plastiki za ubora wa juu na kutoa suluhisho za kurejeleza plastiki. Tunaweza kutoa msaada wa kiufundi wa kitaalamu na huduma bora kabla na baada ya mauzo.<\/p>    <h2 class=\"wp-block-heading\">Kommunikation online f\u00f6r att l\u00f6sa problem<\/h2>    <p>Efter att ha f\u00f6rst\u00e5tt kundens behov kommer Shuliy's professionella projektledare att rekommendera den mest l\u00e4mpliga maskinen enligt kundens efterfr\u00e5gan. Om kundens r\u00e5material \u00e4r speciellt eller har krav p\u00e5 maskinens funktioner, kommer vi att arrangera f\u00f6r professionell teknisk personal att g\u00f6ra sitt b\u00e4sta f\u00f6r att m\u00f6ta kundens speciella anpassade behov.<\/p>    <p>Efter att kunden har mottagit plastgranuleringsmaskinen och annan utrustning har Shuliy ett professionellt tekniskt supportteam redo att l\u00f6sa installations- och drifts\u00e4ttningsproblem f\u00f6r maskinen. Om problemet \u00e4r vanligt och l\u00e4tt att l\u00f6sa, kommer vi att v\u00e4gleda kunden att anv\u00e4nda maskinen korrekt genom en onlinevideo. Generellt sett handlar dessa problem om sm\u00e5 maskiner, s\u00e5som installation av plastkrossar, avvattningsmaskiner, etc.<\/p>    <figure class=\"wp-block-image aligncenter size-large\"><img loading=\"lazy\" decoding=\"async\" width=\"720\" height=\"540\" src=\"https:\/\/www.recycle-plant.com\/wp-content\/uploads\/2023\/03\/design-drawing.jpg\" alt=\"designritning\" class=\"wp-image-6701\" srcset=\"https:\/\/www.recycle-plant.com\/wp-content\/uploads\/2023\/03\/design-drawing.jpg 720w, https:\/\/www.recycle-plant.com\/wp-content\/uploads\/2023\/03\/design-drawing-300x225.jpg 300w\" sizes=\"auto, (max-width: 720px) 100vw, 720px\" \/><figcaption class=\"wp-element-caption\">designa ritning f\u00f6r plastpelletiseringanl\u00e4ggning f\u00f6r kunder <\/figcaption><\/figure>    <h2 class=\"wp-block-heading\">Installation och idrifttagning ombord<\/h2>    <p class=\"translation-block\">Kwa matatizo makubwa ya<a href=\"https:\/\/www.recycle-plant.com\/sw\/plastic-film-recycling-production-line\/\"> mstari wa pelletizing wa plastiki<\/a>, kama vile upimaji wa mashine ya kugandamiza plastiki, mafunzo ya wafanyakazi wa mstari, na uratibu wa hatua mbalimbali za kulisha, kusagwa, na pelletizing, n.k., kwa matatizo haya magumu, Shuliy Group itapanga opereta wa kiufundi ambaye ataongoza timu ya kiufundi kwenye kiwanda cha kusindika tena plastiki cha mteja ili kumsaidia mteja kukamilisha usakinishaji wa mstari mzima wa pelletizing wa plastiki.<\/p>    <p>Bilderna nedan visar v\u00e5r tekniska operat\u00f6r Paul som \u00e5ker till v\u00e5r kunds fabrik i Saudiarabien. Kunden k\u00f6pte en komplett plastgranuleringslinje, kapaciteten f\u00f6r den linjen \u00e4r 1 ton per timme, vilket \u00e4r en betydande kapacitet f\u00f6r en plastpelletiseringsfabrik. Kunden i Saudiarabien kan inte extrudera plastpellets, han bad Shuliy Group om hj\u00e4lp. Efter att Paul anl\u00e4nde till hans fabrik och kontrollerade plastgranuleringsmaskinen, ins\u00e5g han att problemet var felaktig kabelanslutning och fel v\u00e4rde p\u00e5 startinst\u00e4llningen. <\/p>    <p>Timu ya teknolojia ya Shuliy ilikaa Saudi Arabia kwa takriban mwezi mmoja, walisaidia wateja wetu kufunga mashine ya kutengeneza granules za plastiki kwa mafanikio na kutengeneza granules bora za plastiki zenye ubora wa juu na muonekano mzuri, ambazo zina thamani kubwa na faida katika soko. <\/p>    <figure class=\"wp-block-gallery has-nested-images columns-default is-cropped wp-block-gallery-2 is-layout-flex wp-block-gallery-is-layout-flex\"> <figure class=\"wp-block-image size-large\"><img loading=\"lazy\" decoding=\"async\" width=\"720\" height=\"540\" data-id=\"6508\" src=\"https:\/\/www.recycle-plant.com\/wp-content\/uploads\/2023\/01\/plastic-pellet-cutter-and-storage-bin1.jpg\" alt=\"\" class=\"wp-image-6508\" srcset=\"https:\/\/www.recycle-plant.com\/wp-content\/uploads\/2023\/01\/plastic-pellet-cutter-and-storage-bin1.jpg 720w, https:\/\/www.recycle-plant.com\/wp-content\/uploads\/2023\/01\/plastic-pellet-cutter-and-storage-bin1-300x225.jpg 300w\" sizes=\"auto, (max-width: 720px) 100vw, 720px\" \/><figcaption class=\"wp-element-caption\">\u00e5tervinningsgranuleringsfabrik i Saudiarabien<\/figcaption><\/figure>    <figure class=\"wp-block-image size-large\"><img loading=\"lazy\" decoding=\"async\" width=\"720\" height=\"540\" data-id=\"6510\" src=\"https:\/\/www.recycle-plant.com\/wp-content\/uploads\/2023\/01\/plastic-pelletizing-plant-21.jpg\" alt=\"\" class=\"wp-image-6510\" srcset=\"https:\/\/www.recycle-plant.com\/wp-content\/uploads\/2023\/01\/plastic-pelletizing-plant-21.jpg 720w, https:\/\/www.recycle-plant.com\/wp-content\/uploads\/2023\/01\/plastic-pelletizing-plant-21-300x225.jpg 300w\" sizes=\"auto, (max-width: 720px) 100vw, 720px\" \/><figcaption class=\"wp-element-caption\">stort samarbete! <\/figcaption><\/figure> <\/figure>    <figure class=\"wp-block-gallery has-nested-images columns-default is-cropped wp-block-gallery-3 is-layout-flex wp-block-gallery-is-layout-flex\"> <figure class=\"wp-block-image size-large\"><img loading=\"lazy\" decoding=\"async\" width=\"720\" height=\"540\" data-id=\"6511\" src=\"https:\/\/www.recycle-plant.com\/wp-content\/uploads\/2023\/01\/Plastic-recycling-factory-Suadi-Arabia1.jpg\" alt=\"Plast pelletsanl\u00e4ggning\" class=\"wp-image-6511\" srcset=\"https:\/\/www.recycle-plant.com\/wp-content\/uploads\/2023\/01\/Plastic-recycling-factory-Suadi-Arabia1.jpg 720w, https:\/\/www.recycle-plant.com\/wp-content\/uploads\/2023\/01\/Plastic-recycling-factory-Suadi-Arabia1-300x225.jpg 300w\" sizes=\"auto, (max-width: 720px) 100vw, 720px\" \/><figcaption class=\"wp-element-caption\">p<br><br>anl\u00e4ggning f\u00f6r plastpelletisering<\/figcaption><\/figure>    <figure class=\"wp-block-image size-large\"><img loading=\"lazy\" decoding=\"async\" width=\"720\" height=\"540\" data-id=\"6506\" src=\"https:\/\/www.recycle-plant.com\/wp-content\/uploads\/2023\/01\/plastic-pelletizing-plant1.jpg\" alt=\"\" class=\"wp-image-6506\" srcset=\"https:\/\/www.recycle-plant.com\/wp-content\/uploads\/2023\/01\/plastic-pelletizing-plant1.jpg 720w, https:\/\/www.recycle-plant.com\/wp-content\/uploads\/2023\/01\/plastic-pelletizing-plant1-300x225.jpg 300w\" sizes=\"auto, (max-width: 720px) 100vw, 720px\" \/><figcaption class=\"wp-element-caption\">framg\u00e5ngsrik installation av plastgranuleringsmaskin<\/figcaption><\/figure> <\/figure>","protected":false},"excerpt":{"rendered":"<p>Shuliy is a plastic recycling machine manufacturer with strong technical support including quality manufacturing equipment, excellent technical developers, and professional manufacturing and sales staff. Therefore, we are able to help q global customers to provide high-quality plastic recycling machines and offering plastic recycling solutions. We can provide professional technical support and excellent should pre and [&hellip;]<\/p>\n","protected":false},"author":1,"featured_media":0,"parent":0,"menu_order":0,"comment_status":"closed","ping_status":"closed","template":"","meta":{"_kad_blocks_custom_css":"","_kad_blocks_head_custom_js":"","_kad_blocks_body_custom_js":"","_kad_blocks_footer_custom_js":"","footnotes":""},"class_list":["post-6693","page","type-page","status-publish","hentry"],"taxonomy_info":[],"featured_image_src_large":false,"author_info":{"display_name":"Ella","author_link":"https:\/\/www.recycle-plant.com\/sw\/author\/admin\/"},"comment_info":0,"_links":{"self":[{"href":"https:\/\/www.recycle-plant.com\/sw\/wp-json\/wp\/v2\/pages\/6693","targetHints":{"allow":["GET"]}}],"collection":[{"href":"https:\/\/www.recycle-plant.com\/sw\/wp-json\/wp\/v2\/pages"}],"about":[{"href":"https:\/\/www.recycle-plant.com\/sw\/wp-json\/wp\/v2\/types\/page"}],"author":[{"embeddable":true,"href":"https:\/\/www.recycle-plant.com\/sw\/wp-json\/wp\/v2\/users\/1"}],"replies":[{"embeddable":true,"href":"https:\/\/www.recycle-plant.com\/sw\/wp-json\/wp\/v2\/comments?post=6693"}],"version-history":[{"count":0,"href":"https:\/\/www.recycle-plant.com\/sw\/wp-json\/wp\/v2\/pages\/6693\/revisions"}],"wp:attachment":[{"href":"https:\/\/www.recycle-plant.com\/sw\/wp-json\/wp\/v2\/media?parent=6693"}],"curies":[{"name":"wp","href":"https:\/\/api.w.org\/{rel}","templated":true}]}}