{"id":6700,"date":"2023-03-21T10:03:04","date_gmt":"2023-03-21T02:03:04","guid":{"rendered":"https:\/\/www.recycle-plant.com\/?page_id=6700"},"modified":"2023-03-22T11:21:15","modified_gmt":"2023-03-22T03:21:15","slug":"welcome-customer-visit","status":"publish","type":"page","link":"https:\/\/www.recycle-plant.com\/sw\/welcome-customer-visit\/","title":{"rendered":"Karibu mteja kutembelea"},"content":{"rendered":"<p>Shuliy inakaribisha wateja wetu kutembelea kampuni yetu. Wengi wa wateja wetu huchukua hatua ya kuja na kuona eneo kabla ya kununua mashine. Meneja wetu wa akaunti atapanga malazi ya hoteli kwa wateja wetu mapema kulingana na ratiba yao na kisha kuwaongoza kutembelea kampuni yetu.<\/p>    <h2 class=\"wp-block-heading\">Tiden f\u00f6r n\u00f6je med kunder<\/h2>    <p>Wateja wote waliotembelea walikaribishwa kwa moyo mkunjufu, na viongozi wetu wakuu na wasimamizi wa miradi wenye ujuzi walikuja kuzungumza na wateja na kujaribu kadri wawezavyo kukidhi mahitaji yao yote. Picha zilizo hapa chini zinaonyesha wateja ambao wamenunua vifaa vya kurejeleza plastiki vya Shuliy na tunafurahia kuwasaidia kuanzisha biashara yao ya kurejeleza yenye faida.<\/p>    <figure class=\"wp-block-gallery has-nested-images columns-default is-cropped wp-block-gallery-2 is-layout-flex wp-block-gallery-is-layout-flex\"> <figure class=\"wp-block-image size-large\"><img loading=\"lazy\" decoding=\"async\" width=\"720\" height=\"540\" data-id=\"6707\" src=\"https:\/\/www.recycle-plant.com\/wp-content\/uploads\/2023\/03\/Shuliy-Group-and-our-customer.jpg\" alt=\"\" class=\"wp-image-6707\" srcset=\"https:\/\/www.recycle-plant.com\/wp-content\/uploads\/2023\/03\/Shuliy-Group-and-our-customer.jpg 720w, https:\/\/www.recycle-plant.com\/wp-content\/uploads\/2023\/03\/Shuliy-Group-and-our-customer-300x225.jpg 300w\" sizes=\"auto, (max-width: 720px) 100vw, 720px\" \/><\/figure>    <figure class=\"wp-block-image size-large\"><img loading=\"lazy\" decoding=\"async\" width=\"720\" height=\"540\" data-id=\"6708\" src=\"https:\/\/www.recycle-plant.com\/wp-content\/uploads\/2023\/03\/Shuliy-project-manager-and-our-customers.jpg\" alt=\"\" class=\"wp-image-6708\" srcset=\"https:\/\/www.recycle-plant.com\/wp-content\/uploads\/2023\/03\/Shuliy-project-manager-and-our-customers.jpg 720w, https:\/\/www.recycle-plant.com\/wp-content\/uploads\/2023\/03\/Shuliy-project-manager-and-our-customers-300x225.jpg 300w\" sizes=\"auto, (max-width: 720px) 100vw, 720px\" \/><\/figure> <\/figure>    <figure class=\"wp-block-gallery has-nested-images columns-default is-cropped wp-block-gallery-3 is-layout-flex wp-block-gallery-is-layout-flex\"> <figure class=\"wp-block-image size-large\"><img loading=\"lazy\" decoding=\"async\" width=\"720\" height=\"528\" data-id=\"6706\" src=\"https:\/\/www.recycle-plant.com\/wp-content\/uploads\/2023\/03\/Shuliy-and-foreign-customers.jpg\" alt=\"\" class=\"wp-image-6706\" srcset=\"https:\/\/www.recycle-plant.com\/wp-content\/uploads\/2023\/03\/Shuliy-and-foreign-customers.jpg 720w, https:\/\/www.recycle-plant.com\/wp-content\/uploads\/2023\/03\/Shuliy-and-foreign-customers-300x220.jpg 300w\" sizes=\"auto, (max-width: 720px) 100vw, 720px\" \/><\/figure>    <figure class=\"wp-block-image size-large\"><img loading=\"lazy\" decoding=\"async\" width=\"720\" height=\"540\" data-id=\"6704\" src=\"https:\/\/www.recycle-plant.com\/wp-content\/uploads\/2023\/03\/customers-and-our-sales-manager.jpg\" alt=\"\" class=\"wp-image-6704\" srcset=\"https:\/\/www.recycle-plant.com\/wp-content\/uploads\/2023\/03\/customers-and-our-sales-manager.jpg 720w, https:\/\/www.recycle-plant.com\/wp-content\/uploads\/2023\/03\/customers-and-our-sales-manager-300x225.jpg 300w\" sizes=\"auto, (max-width: 720px) 100vw, 720px\" \/><\/figure> <\/figure>    <h2 class=\"wp-block-heading\">Hur tog vi emot v\u00e5ra kunder?<\/h2>    <h3 class=\"wp-block-heading\">F\u00f6rberedelse <\/h3>    <p>Efter att ha mottagit informationen om bes\u00f6ket fr\u00e5n kunden kommer projektledaren att svara kunden via e-post eller telefon s\u00e5 snart som m\u00f6jligt. Vi kommer att uttrycka v\u00e5rt v\u00e4lkomnande av kundens bes\u00f6k, och sedan kommer vi att fr\u00e5ga om antalet bes\u00f6kare och om de beh\u00f6ver bli h\u00e4mtade med bil vid bes\u00f6kstillf\u00e4llet, f\u00f6r att underl\u00e4tta alla arrangemang f\u00f6r bes\u00f6ket.<\/p>    <p>Efter att ha mottagit informationen fr\u00e5n kunden kommer Shuliy Group att g\u00f6ra alla arrangemang s\u00e5 snart som m\u00f6jligt, s\u00e5som att skicka en bilans\u00f6kan, g\u00f6ra ett kontaktbrev f\u00f6r kundens bes\u00f6k, f\u00f6rbereda prover, produktintroduktionsbroschyrer, etc. Vi kommer att planera chefen eller teamledaren som kommer att f\u00f6lja med vid mottagningen, g\u00f6ra bes\u00f6ksprocessen, prata om inneh\u00e5llet och hoppas n\u00e5 m\u00e5let.<\/p>    <h3 class=\"wp-block-heading\">Mottagningsprocess<\/h3>    <p>Tutasubiri wateja wetu uwanjani kulingana na wakati wao wa kuwasili nchini China. Ikiwa mizigo ya mteja ni ngumu kubeba, tutampeleka mteja hotelini kuweka mizigo kwanza.<\/p>    <p>Baada ya kufika katika kampuni, tutatayarisha mazingira mazuri zaidi kwa mteja kuzungumza mapema, huku matunda na kahawa vikiwa vimetayarishwa kabla.<\/p>    <p>Under samtalet kommer f\u00f6rs\u00e4ljaren att l\u00f6sa kundens fr\u00e5gor om maskinens funktion, pris osv. i tid. Efter det kommer vi att ge en rundtur i v\u00e5r fabrik och prover.<\/p>    <h3 class=\"wp-block-heading\">Efter bes\u00f6ket<\/h3>    <p>I mwisho wa ziara, Shuliy Group itawashukuru wateja wetu kwa msaada wao kwa kampuni yetu na bidhaa zetu, na bila shaka tutahakikisha udhibiti mkali wa ubora na kutoa huduma bora kwa wateja wetu.<\/p>    <p>Ordna kundens retur. Om kunden g\u00e5r direkt till flygplatsen, kommer vi att skicka kunden till flygplatsen, om kunden m\u00e5ste \u00e5ka till en annan destination n\u00e4sta, kommer vi att ordna ett fordon och ge kunden en detaljerad ruttplan.<\/p>","protected":false},"excerpt":{"rendered":"<p>Shuliy welcomes our customers to visit our company. Many of our customers take the initiative to come and see the site before they buy the machine. Our account manager will arrange hotel accommodation for our customers in advance according to their schedule and then lead them to visit our company. Pleasure time with customers All [&hellip;]<\/p>\n","protected":false},"author":1,"featured_media":6705,"parent":0,"menu_order":0,"comment_status":"closed","ping_status":"closed","template":"","meta":{"_kad_blocks_custom_css":"","_kad_blocks_head_custom_js":"","_kad_blocks_body_custom_js":"","_kad_blocks_footer_custom_js":"","footnotes":""},"class_list":["post-6700","page","type-page","status-publish","has-post-thumbnail","hentry"],"taxonomy_info":[],"featured_image_src_large":["https:\/\/www.recycle-plant.com\/wp-content\/uploads\/2023\/03\/photo-with-customers.jpg",704,540,false],"author_info":{"display_name":"Ella","author_link":"https:\/\/www.recycle-plant.com\/sw\/author\/admin\/"},"comment_info":0,"_links":{"self":[{"href":"https:\/\/www.recycle-plant.com\/sw\/wp-json\/wp\/v2\/pages\/6700","targetHints":{"allow":["GET"]}}],"collection":[{"href":"https:\/\/www.recycle-plant.com\/sw\/wp-json\/wp\/v2\/pages"}],"about":[{"href":"https:\/\/www.recycle-plant.com\/sw\/wp-json\/wp\/v2\/types\/page"}],"author":[{"embeddable":true,"href":"https:\/\/www.recycle-plant.com\/sw\/wp-json\/wp\/v2\/users\/1"}],"replies":[{"embeddable":true,"href":"https:\/\/www.recycle-plant.com\/sw\/wp-json\/wp\/v2\/comments?post=6700"}],"version-history":[{"count":0,"href":"https:\/\/www.recycle-plant.com\/sw\/wp-json\/wp\/v2\/pages\/6700\/revisions"}],"wp:featuredmedia":[{"embeddable":true,"href":"https:\/\/www.recycle-plant.com\/sw\/wp-json\/wp\/v2\/media\/6705"}],"wp:attachment":[{"href":"https:\/\/www.recycle-plant.com\/sw\/wp-json\/wp\/v2\/media?parent=6700"}],"curies":[{"name":"wp","href":"https:\/\/api.w.org\/{rel}","templated":true}]}}