{"id":6728,"date":"2023-03-22T14:52:15","date_gmt":"2023-03-22T06:52:15","guid":{"rendered":"https:\/\/www.recycle-plant.com\/?page_id=6728"},"modified":"2023-03-22T14:52:40","modified_gmt":"2023-03-22T06:52:40","slug":"plastic-tube-manufacturing-process","status":"publish","type":"page","link":"https:\/\/www.recycle-plant.com\/sw\/plastic-tube-manufacturing-process\/","title":{"rendered":"Tillverkningsprocess f\u00f6r plasttuber"},"content":{"rendered":"<p>Plastiktuber \u00e4r en viktig komponent inom m\u00e5nga industrier, fr\u00e5n f\u00f6rpackningar till medicinska apparater. De \u00e4r flexibla, l\u00e4tta och kan anpassas f\u00f6r att m\u00f6ta olika krav. Men tillverkningsprocessen f\u00f6r plastledningar \u00e4r komplex och kr\u00e4ver en h\u00f6g niv\u00e5 av precision, expertis och professionell utrustning.<\/p>    <h2 class=\"wp-block-heading\">Vanliga material f\u00f6r plastpipor<\/h2>    <p>Polivinylklorid (PVC): PVC ni nyenzo maarufu ya plastiki inayotumika katika utengenezaji wa mabomba kutokana na uimara wake, upinzani wa kemikali, na gharama yake ya chini. Inatumika mara nyingi katika mifumo ya usambazaji wa maji na mifumo ya mifereji, mifumo ya umwagiliaji, na nyaya za umeme.<\/p>    <p>Polyethilini ya wiani wa juu (HDPE): HDPE ni nyenzo ya thermoplastic ambayo hutumiwa sana katika utengenezaji wa mabomba kutokana na nguvu zake kubwa, kudumu, na upinzani kwa kemikali na mionzi ya UV. Inatumika katika mifumo ya usambazaji wa maji, mifumo ya usambazaji wa gesi, na mifumo ya mifereji.<\/p>    <p>Polypropen (PP): PP \u00e4r ett termoplastiskt material som vanligtvis anv\u00e4nds vid tillverkning av r\u00f6r p\u00e5 grund av sin h\u00f6ga motst\u00e5ndskraft mot kemikalier och v\u00e4rme. Det anv\u00e4nds i vattentillf\u00f6rselssystem, kemikalietransport och avloppssystem.<\/p>    <h2 class=\"wp-block-heading\">Shuliy plastpipstillverkningsmaskin<\/h2>    <p class=\"translation-block\">Shuliy Group tillhandah\u00e5ller den kompletta<a href=\"https:\/\/www.recycle-plant.com\/sw\/plastic-pipe-making-machine.html\"> produktionslinjen f\u00f6r plastpipor<\/a> och relaterade maskiner. V\u00e5ra plastslangar tillverkas genom extruderingsprocessen, som \u00e4r den vanligaste metoden f\u00f6r att tillverka plastslangar. Den involverar sm\u00e4ltning av r\u00e5a termoplastiska material och tvingar dem genom en form f\u00f6r att skapa en kontinuerlig slang. Denna process \u00e4r starkt automatiserad, vilket s\u00e4kerst\u00e4ller konsekvent slangkvalitet och produktions effektivitet.<\/p>    <figure class=\"wp-block-image size-full\"><img loading=\"lazy\" decoding=\"async\" width=\"720\" height=\"540\" src=\"https:\/\/www.recycle-plant.com\/wp-content\/uploads\/2022\/06\/plastic-pipe-production-line.jpg\" alt=\"plast r\u00f6rproduktionslinje\" class=\"wp-image-6051\" srcset=\"https:\/\/www.recycle-plant.com\/wp-content\/uploads\/2022\/06\/plastic-pipe-production-line.jpg 720w, https:\/\/www.recycle-plant.com\/wp-content\/uploads\/2022\/06\/plastic-pipe-production-line-300x225.jpg 300w\" sizes=\"auto, (max-width: 720px) 100vw, 720px\" \/><figcaption class=\"wp-element-caption\">plast r\u00f6rproduktionslinje<\/figcaption><\/figure>    <h2 class=\"wp-block-heading\">V\u00e4lj Shuliy, f\u00e5 de plastpipor du vill ha<\/h2>    <figure class=\"wp-block-gallery has-nested-images columns-default is-cropped wp-block-gallery-2 is-layout-flex wp-block-gallery-is-layout-flex\"> <figure class=\"wp-block-image size-large\"><img loading=\"lazy\" decoding=\"async\" width=\"720\" height=\"540\" data-id=\"6048\" src=\"https:\/\/www.recycle-plant.com\/wp-content\/uploads\/2022\/06\/PVC-pipes.jpg\" alt=\"PVC-r\u00f6r\" class=\"wp-image-6048\" srcset=\"https:\/\/www.recycle-plant.com\/wp-content\/uploads\/2022\/06\/PVC-pipes.jpg 720w, https:\/\/www.recycle-plant.com\/wp-content\/uploads\/2022\/06\/PVC-pipes-300x225.jpg 300w\" sizes=\"auto, (max-width: 720px) 100vw, 720px\" \/><\/figure>    <figure class=\"wp-block-image size-large\"><img loading=\"lazy\" decoding=\"async\" width=\"720\" height=\"540\" data-id=\"6047\" src=\"https:\/\/www.recycle-plant.com\/wp-content\/uploads\/2022\/06\/products-of-plastic-pipe-production-line.jpg\" alt=\"produkter av plast r\u00f6rproduktionslinje\" class=\"wp-image-6047\" srcset=\"https:\/\/www.recycle-plant.com\/wp-content\/uploads\/2022\/06\/products-of-plastic-pipe-production-line.jpg 720w, https:\/\/www.recycle-plant.com\/wp-content\/uploads\/2022\/06\/products-of-plastic-pipe-production-line-300x225.jpg 300w\" sizes=\"auto, (max-width: 720px) 100vw, 720px\" \/><\/figure> <\/figure>    <p>Mchakato wa utengenezaji wa mabomba ya plastiki ni mgumu, lakini pia ni wa ufanisi mkubwa na una uwezo wa kubadilika. Kwa kutumia mashine na mbinu za kisasa za kutengeneza mabomba ya plastiki, watengenezaji wanaweza kuunda mabomba yanayokidhi mahitaji maalum ya nguvu, kubadilika, na upinzani wa kemikali. <\/p>    <p>Om du letar efter en p\u00e5litlig leverant\u00f6r av maskiner f\u00f6r tillverkning av plastpipor, se till att v\u00e4lja en tillverkare med expertis inom extrudering, formning och efterbehandlingstekniker. Vi tror att valet av Shuliy Group \u00e4r ditt b\u00e4sta alternativ. Om du \u00e4r intresserad kan du l\u00e4mna dina krav i v\u00e5rt meddelandeformul\u00e4r. V\u00e5r professionella projektledare kommer att kontakta dig snart.<\/p>","protected":false},"excerpt":{"rendered":"<p>Plastic tubes are an essential component in many industries, from packaging to medical devices. They are flexible, lightweight, and can be customized to meet various requirements. However, the plastic pipe manufacturing process is complex, requiring a high level of precision, expertise and professional equipment. Common materials of plastic pipe Polyvinyl chloride (PVC): PVC is a [&hellip;]<\/p>\n","protected":false},"author":1,"featured_media":0,"parent":0,"menu_order":0,"comment_status":"closed","ping_status":"closed","template":"","meta":{"_kad_blocks_custom_css":"","_kad_blocks_head_custom_js":"","_kad_blocks_body_custom_js":"","_kad_blocks_footer_custom_js":"","footnotes":""},"class_list":["post-6728","page","type-page","status-publish","hentry"],"taxonomy_info":[],"featured_image_src_large":false,"author_info":{"display_name":"Ella","author_link":"https:\/\/www.recycle-plant.com\/sw\/author\/admin\/"},"comment_info":0,"_links":{"self":[{"href":"https:\/\/www.recycle-plant.com\/sw\/wp-json\/wp\/v2\/pages\/6728","targetHints":{"allow":["GET"]}}],"collection":[{"href":"https:\/\/www.recycle-plant.com\/sw\/wp-json\/wp\/v2\/pages"}],"about":[{"href":"https:\/\/www.recycle-plant.com\/sw\/wp-json\/wp\/v2\/types\/page"}],"author":[{"embeddable":true,"href":"https:\/\/www.recycle-plant.com\/sw\/wp-json\/wp\/v2\/users\/1"}],"replies":[{"embeddable":true,"href":"https:\/\/www.recycle-plant.com\/sw\/wp-json\/wp\/v2\/comments?post=6728"}],"version-history":[{"count":0,"href":"https:\/\/www.recycle-plant.com\/sw\/wp-json\/wp\/v2\/pages\/6728\/revisions"}],"wp:attachment":[{"href":"https:\/\/www.recycle-plant.com\/sw\/wp-json\/wp\/v2\/media?parent=6728"}],"curies":[{"name":"wp","href":"https:\/\/api.w.org\/{rel}","templated":true}]}}