{"id":6536,"date":"2018-10-17T06:10:23","date_gmt":"2018-10-17T06:10:23","guid":{"rendered":"https:\/\/www.recycle-plant.com\/?page_id=5"},"modified":"2024-03-11T17:07:32","modified_gmt":"2024-03-11T09:07:32","slug":"about-us","status":"publish","type":"page","link":"https:\/\/www.recycle-plant.com\/tr\/about-us\/","title":{"rendered":"Hakk\u0131m\u0131zda"},"content":{"rendered":"<h2 class=\"wp-block-heading\">Biz Kimiz<\/h2>    <p>Zhengzhou Shuliy Makine Sanayi ve Ticaret A.\u015e., bilimsel ara\u015ft\u0131rma, geli\u015ftirme, tasar\u0131m, \u00fcretim ve sat\u0131\u015f\u0131n bir b\u00fct\u00fcn olarak entegre edildi\u011fi tan\u0131nm\u0131\u015f bir i\u015fletmedir. Zhengzhou Ekonomik ve Teknolojik Geli\u015fme B\u00f6lgesi'nde yer almaktad\u0131r; buras\u0131 ticari ve ekonomik bir merkezdir ve esas olarak mekanik ekipmanlar\u0131n ithalat ve ihracat\u0131yla ilgilenmektedir. Burada, aile gibi \u00e7al\u0131\u015fman\u0131n mutlulu\u011fuyla motive olmu\u015f 300'den fazla \u00e7al\u0131\u015fan bulunmaktad\u0131r.<\/p>    <figure class=\"wp-block-image aligncenter size-large\"><img decoding=\"async\" src=\"https:\/\/www.recycle-plant.com\/wp-content\/uploads\/2022\/03\/shuliy-machinery-factory-720x377.jpg\" alt=\"\" class=\"wp-image-5797\"><\/figure>    <h2 class=\"wp-block-heading\">Ar-Ge Yeteneklerimiz<\/h2>    <p>Her zaman teknolojinin birincil \u00fcretken g\u00fc\u00e7 oldu\u011funa s\u0131k\u0131 bir \u015fekilde inan\u0131yoruz. Bu anlay\u0131\u015fla, bir\u00e7ok \u00f6nde gelen mekanik uzman\u0131 dan\u0131\u015fman olarak i\u015fe almak i\u00e7in b\u00fcy\u00fck yat\u0131r\u0131mlar yapt\u0131k, bu sayede yeni \u00fcr\u00fcnler ara\u015ft\u0131rma ve geli\u015ftirme ile geleneksel makinelerin kalitesini art\u0131rma konusunda m\u00fckemmel bir yetene\u011fe sahibiz.<\/p>    <h2 class=\"wp-block-heading\">Ana \u00dcr\u00fcnlerimiz ve Pazar\u0131m\u0131z<\/h2>    <p class=\"translation-block\">Ana \u00fcr\u00fcnlerimiz aras\u0131nda <a href=\"https:\/\/www.recycle-plant.com\/tr\/plastic-pellet-making-machine-2.html\">plastik pelet makinesi<\/a> ve tam bir <a href=\"https:\/\/www.recycle-plant.com\/tr\/plastic-film-recycling-production-line\/\">plastik peletleme hatt\u0131<\/a> bulunmaktad\u0131r. Bu makineler PP\/PE\/LDPE\/PVC malzemeleri geri d\u00f6n\u00fc\u015ft\u00fcrebilmektedir. Ayr\u0131ca, PET \u015fi\u015fe geri d\u00f6n\u00fc\u015f\u00fcm makineleri \u00fcretiminde de profesyoneliz ve size tam bir <a href=\"https:\/\/www.recycle-plant.com\/tr\/plastic-bottle-recycling-line\/\">PET \u015fi\u015fe k\u0131rma ve y\u0131kama hatt\u0131<\/a> sunmaktay\u0131z.<\/p>    <p>Son y\u0131llarda, geri d\u00f6n\u00fc\u015f\u00fcm makinelerimiz Nijerya, Kenya, G\u00fcney Afrika, Gana, Kongo, Etiyopya, Namibya, Fas, Botsvana, Zimbabve, Uganda, Cezayir, Suudi Arabistan ve Kamerun gibi Afrika ve Asya pazarlar\u0131nda b\u00fcy\u00fck pop\u00fclarite kazand\u0131.<\/p>    <figure class=\"wp-block-image aligncenter size-full\"><img loading=\"lazy\" decoding=\"async\" width=\"720\" height=\"540\" src=\"https:\/\/www.recycle-plant.com\/wp-content\/uploads\/2023\/01\/plastic-pelletizing-plant1.jpg\" alt=\"\" class=\"wp-image-6506\" srcset=\"https:\/\/www.recycle-plant.com\/wp-content\/uploads\/2023\/01\/plastic-pelletizing-plant1.jpg 720w, https:\/\/www.recycle-plant.com\/wp-content\/uploads\/2023\/01\/plastic-pelletizing-plant1-300x225.jpg 300w\" sizes=\"auto, (max-width: 720px) 100vw, 720px\" \/><figcaption class=\"wp-element-caption\">Suudi Arabistan'daki m\u00fc\u015fterimiz ve m\u00fchendisimiz<\/figcaption><\/figure>    <h2 class=\"wp-block-heading\">Kalite Kontrol ve Hizmetimiz<\/h2>    <p>Her zaman m\u00fckemmellik i\u00e7in \u00e7aba g\u00f6steriyoruz. \u0130yi e\u011fitimli bir i\u015f g\u00fcc\u00fc, s\u0131k\u0131 bir kalite g\u00fcvence sistemi, t\u00fcm \u00fcretim s\u00fcrecinin optimize y\u00f6netimi ve m\u00fckemmel sat\u0131\u015f sonras\u0131 hizmet sistemleri sayesinde, \u00fcr\u00fcnlerimiz ve hizmetlerimiz hem yurti\u00e7indeki hem de yurtd\u0131\u015f\u0131ndaki m\u00fc\u015fteriler taraf\u0131ndan y\u00fcksek takdir g\u00f6r\u00fcyor. Kalite odakl\u0131 olma, iyi bir \u00fcne sahip olma ve m\u00fc\u015fteri odakl\u0131l\u0131k ilkelerine dayanarak, ilgili sekt\u00f6rlerde y\u00fcksek kaliteli \u00fcr\u00fcnler yaratma ve uzun y\u0131llar boyunca b\u00fcy\u00fck bir performans sergileme inanc\u0131n\u0131 ta\u015f\u0131yoruz. <\/p>    <p>T\u00fcm m\u00fc\u015fterilere y\u00fcksek kaliteli \u00fcr\u00fcnler ve tatmin edici hizmet sunmaya b\u00fcy\u00fck bir \u00f6zveriyle ba\u011fl\u0131y\u0131z ve onlarla parlak bir gelecek i\u00e7in samimi i\u015fbirli\u011fi yapmay\u0131 d\u00f6rt g\u00f6zle bekliyoruz. \u015eirketimiz, uygulamada yenilik yapmay\u0131 ve \u00fcretimden sat\u0131\u015fa kadar g\u00fcvenilir bir garanti sunmay\u0131 hedeflemektedir.<\/p>","protected":false},"excerpt":{"rendered":"<p>Who Are We Zhengzhou Shuliy Machinery Co., Ltd is a well-known enterprise that integrates scientific research, development, design, manufacturing, and sales as a whole. It is located in Zhengzhou Economic and Technological Development Zone, which is a commercial and economic center, mainly engaging in the import and export of mechanical equipment. Here is empowered with [&hellip;]<\/p>\n","protected":false},"author":1,"featured_media":0,"parent":0,"menu_order":0,"comment_status":"open","ping_status":"closed","template":"","meta":{"_kad_blocks_custom_css":"","_kad_blocks_head_custom_js":"","_kad_blocks_body_custom_js":"","_kad_blocks_footer_custom_js":"","footnotes":""},"class_list":["post-6536","page","type-page","status-publish","hentry"],"taxonomy_info":[],"featured_image_src_large":false,"author_info":{"display_name":"Ella","author_link":"https:\/\/www.recycle-plant.com\/tr\/author\/admin\/"},"comment_info":8,"_links":{"self":[{"href":"https:\/\/www.recycle-plant.com\/tr\/wp-json\/wp\/v2\/pages\/6536","targetHints":{"allow":["GET"]}}],"collection":[{"href":"https:\/\/www.recycle-plant.com\/tr\/wp-json\/wp\/v2\/pages"}],"about":[{"href":"https:\/\/www.recycle-plant.com\/tr\/wp-json\/wp\/v2\/types\/page"}],"author":[{"embeddable":true,"href":"https:\/\/www.recycle-plant.com\/tr\/wp-json\/wp\/v2\/users\/1"}],"replies":[{"embeddable":true,"href":"https:\/\/www.recycle-plant.com\/tr\/wp-json\/wp\/v2\/comments?post=6536"}],"version-history":[{"count":0,"href":"https:\/\/www.recycle-plant.com\/tr\/wp-json\/wp\/v2\/pages\/6536\/revisions"}],"wp:attachment":[{"href":"https:\/\/www.recycle-plant.com\/tr\/wp-json\/wp\/v2\/media?parent=6536"}],"curies":[{"name":"wp","href":"https:\/\/api.w.org\/{rel}","templated":true}]}}