{"id":6612,"date":"2023-03-08T09:48:08","date_gmt":"2023-03-08T09:48:08","guid":{"rendered":"https:\/\/www.recycle-plant.com\/?page_id=6612"},"modified":"2023-03-09T08:32:59","modified_gmt":"2023-03-09T08:32:59","slug":"shuliy-groups-global-customers","status":"publish","type":"page","link":"https:\/\/www.recycle-plant.com\/tr\/shuliy-groups-global-customers\/","title":{"rendered":"Shuliy Grubu'nun K\u00fcresel M\u00fc\u015fterileri"},"content":{"rendered":"<p>Shuliy plastik gran\u00fclleme makinesi, PET \u015fi\u015fe geri d\u00f6n\u00fc\u015f\u00fcm makinesi ve at\u0131k lastik geri d\u00f6n\u00fc\u015f\u00fcm makinesi, a\u015fa\u011f\u0131dakiler de dahil olmak \u00fczere 50'den fazla \u00fclkeye ihra\u00e7 edilmi\u015ftir ve kurulmu\u015ftur:<\/p>    <p>Asya: Suudi Arabistan, Japonya, Sri Lanka, Kazakistan, Malezya,<\/p>    <p>Afrika: Senegal, Gana, Nijerya, Uganda, Kenya, Tanzanya, Mozambik, Etiyopya, Kongo<\/p>    <p>Avrupa: Kosova, Birle\u015fik Krall\u0131k, Almanya, Macaristan, Romanya, <\/p>    <p>Kuzey Amerika: Amerika, Jamaika<\/p>    <h2 class=\"wp-block-heading\">Teslimat yeri<\/h2>    <p>Makine sevkiyat\u0131ndan \u00f6nce m\u00fchendislerimiz makineleri ve aksesuarlar\u0131n miktar\u0131n\u0131 dikkatlice kontrol edecekler. M\u00fc\u015fteriye makine sevkiyat diyagram\u0131 ve videosunu zaman\u0131nda g\u00f6nderece\u011fiz, b\u00f6ylece m\u00fc\u015fteri makine ta\u015f\u0131nma durumunu her zaman bilebilir.<\/p>    <figure class=\"wp-block-gallery has-nested-images columns-default is-cropped wp-block-gallery-2 is-layout-flex wp-block-gallery-is-layout-flex\"> <figure class=\"wp-block-image size-large\"><img loading=\"lazy\" decoding=\"async\" width=\"540\" height=\"720\" data-id=\"6490\" src=\"https:\/\/www.recycle-plant.com\/wp-content\/uploads\/2023\/01\/Plastic-granulator-shipped-to-Mozambique1.jpg\" alt=\"Mozambik&#039;e g\u00f6nderilen plastik gran\u00fclat\u00f6r\" class=\"wp-image-6490\" srcset=\"https:\/\/www.recycle-plant.com\/wp-content\/uploads\/2023\/01\/Plastic-granulator-shipped-to-Mozambique1.jpg 540w, https:\/\/www.recycle-plant.com\/wp-content\/uploads\/2023\/01\/Plastic-granulator-shipped-to-Mozambique1-225x300.jpg 225w\" sizes=\"auto, (max-width: 540px) 100vw, 540px\" \/><figcaption class=\"wp-element-caption\">Mozambik'e g\u00f6nderilen plastik gran\u00fclat\u00f6r<\/figcaption><\/figure>    <figure class=\"wp-block-image size-large\"><img loading=\"lazy\" decoding=\"async\" width=\"540\" height=\"720\" data-id=\"6440\" src=\"https:\/\/www.recycle-plant.com\/wp-content\/uploads\/2019\/11\/PET-bottle-washing-machines1.jpg\" alt=\"\" class=\"wp-image-6440\" srcset=\"https:\/\/www.recycle-plant.com\/wp-content\/uploads\/2019\/11\/PET-bottle-washing-machines1.jpg 540w, https:\/\/www.recycle-plant.com\/wp-content\/uploads\/2019\/11\/PET-bottle-washing-machines1-225x300.jpg 225w\" sizes=\"auto, (max-width: 540px) 100vw, 540px\" \/><figcaption class=\"wp-element-caption\">Mozambik'e g\u00f6nderilen PET \u015fi\u015fe geri d\u00f6n\u00fc\u015f\u00fcm hatt\u0131<\/figcaption><\/figure>    <figure class=\"wp-block-image size-large\"><img loading=\"lazy\" decoding=\"async\" width=\"540\" height=\"720\" data-id=\"6288\" src=\"https:\/\/www.recycle-plant.com\/wp-content\/uploads\/2022\/11\/shipment.jpg\" alt=\"plastik balya makinesi g\u00f6nderimi\" class=\"wp-image-6288\" srcset=\"https:\/\/www.recycle-plant.com\/wp-content\/uploads\/2022\/11\/shipment.jpg 540w, https:\/\/www.recycle-plant.com\/wp-content\/uploads\/2022\/11\/shipment-225x300.jpg 225w\" sizes=\"auto, (max-width: 540px) 100vw, 540px\" \/><figcaption class=\"wp-element-caption\">Gana'ya g\u00f6nderilen plastik balya makinesi<\/figcaption><\/figure>    <figure class=\"wp-block-image size-large\"><img loading=\"lazy\" decoding=\"async\" width=\"540\" height=\"720\" data-id=\"6282\" src=\"https:\/\/www.recycle-plant.com\/wp-content\/uploads\/2022\/11\/plastic-pelletizers.jpg\" alt=\"plastik peletleyiciler\" class=\"wp-image-6282\" srcset=\"https:\/\/www.recycle-plant.com\/wp-content\/uploads\/2022\/11\/plastic-pelletizers.jpg 540w, https:\/\/www.recycle-plant.com\/wp-content\/uploads\/2022\/11\/plastic-pelletizers-225x300.jpg 225w\" sizes=\"auto, (max-width: 540px) 100vw, 540px\" \/><figcaption class=\"wp-element-caption\">Etiyopya'ya g\u00f6nderilen plastik peletleme makineleri<\/figcaption><\/figure>    <figure class=\"wp-block-image size-large\"><img loading=\"lazy\" decoding=\"async\" width=\"540\" height=\"720\" data-id=\"6173\" src=\"https:\/\/www.recycle-plant.com\/wp-content\/uploads\/2022\/10\/loading-and-delivery1.jpg\" alt=\"y\u00fckleme ve teslimat\" class=\"wp-image-6173\" srcset=\"https:\/\/www.recycle-plant.com\/wp-content\/uploads\/2022\/10\/loading-and-delivery1.jpg 540w, https:\/\/www.recycle-plant.com\/wp-content\/uploads\/2022\/10\/loading-and-delivery1-225x300.jpg 225w\" sizes=\"auto, (max-width: 540px) 100vw, 540px\" \/><figcaption class=\"wp-element-caption\">y\u00fckleme ve teslimat<\/figcaption><\/figure>    <figure class=\"wp-block-image size-large\"><img loading=\"lazy\" decoding=\"async\" width=\"540\" height=\"720\" data-id=\"6172\" src=\"https:\/\/www.recycle-plant.com\/wp-content\/uploads\/2022\/10\/loading1.jpg\" alt=\"\" class=\"wp-image-6172\" srcset=\"https:\/\/www.recycle-plant.com\/wp-content\/uploads\/2022\/10\/loading1.jpg 540w, https:\/\/www.recycle-plant.com\/wp-content\/uploads\/2022\/10\/loading1-225x300.jpg 225w\" sizes=\"auto, (max-width: 540px) 100vw, 540px\" \/><figcaption class=\"wp-element-caption\">Suudi Arabistan'a g\u00f6nderilen plastik gran\u00fclleme hatt\u0131<\/figcaption><\/figure> <\/figure>    <h2 class=\"wp-block-heading\">M\u00fc\u015fterinin yerinde kurulumu<\/h2>    <p>Shuliy, kurulum, devreye alma e\u011fitimi ve takip hizmetleri sunmaktad\u0131r. A\u015fa\u011f\u0131daki resim, Suudi Arabistan'daki m\u00fc\u015fterilerimiz taraf\u0131ndan yerel plastik geri d\u00f6n\u00fc\u015f\u00fcm fabrikalar\u0131nda \u00e7ekilmi\u015ftir. M\u00fc\u015fteri, Shuliy'den tam bir plastik peletleme hatt\u0131 sat\u0131n ald\u0131 ve peletleme hatt\u0131n\u0131 kurmas\u0131na yard\u0131mc\u0131 olmak i\u00e7in Shuliy, m\u00fchendislik ekibimizi Suudi Arabistan'a g\u00f6ndermeyi ayarlad\u0131. <\/p>    <figure class=\"wp-block-image size-full\"><img loading=\"lazy\" decoding=\"async\" width=\"720\" height=\"540\" src=\"https:\/\/www.recycle-plant.com\/wp-content\/uploads\/2023\/01\/plastic-pelletizing-plant1.jpg\" alt=\"\" class=\"wp-image-6506\" srcset=\"https:\/\/www.recycle-plant.com\/wp-content\/uploads\/2023\/01\/plastic-pelletizing-plant1.jpg 720w, https:\/\/www.recycle-plant.com\/wp-content\/uploads\/2023\/01\/plastic-pelletizing-plant1-300x225.jpg 300w\" sizes=\"auto, (max-width: 720px) 100vw, 720px\" \/><\/figure>    <h2 class=\"wp-block-heading\">K\u00fcresel m\u00fc\u015fterilerimizden gelen geri bildirim<\/h2>    <h3 class=\"wp-block-heading\">Kenya m\u00fc\u015fterisinden gelen geri bildirim videosu<\/h3>    <figure class=\"wp-block-embed is-type-video is-provider-youtube wp-block-embed-youtube wp-embed-aspect-16-9 wp-has-aspect-ratio\"><div class=\"wp-block-embed__wrapper\"> <iframe loading=\"lazy\" title=\"Kenya&#039;daki plastik peletleme makinesi ile ilgili geri bildirim | Plastik peletleme makinesi\" width=\"500\" height=\"281\" src=\"https:\/\/www.youtube.com\/embed\/xBZN9RXEWh0?feature=oembed\" frameborder=\"0\" allow=\"accelerometer; autoplay; clipboard-write; encrypted-media; gyroscope; picture-in-picture; web-share\" referrerpolicy=\"strict-origin-when-cross-origin\" allowfullscreen><\/iframe> <\/div><\/figure>    <h3 class=\"wp-block-heading\">Mozambik ve Malezya'daki m\u00fc\u015fterilerle ba\u015far\u0131l\u0131 i\u015fbirli\u011fi<\/h3>    <figure class=\"wp-block-gallery has-nested-images columns-default is-cropped wp-block-gallery-3 is-layout-flex wp-block-gallery-is-layout-flex\"> <figure class=\"wp-block-image size-large\"><img loading=\"lazy\" decoding=\"async\" width=\"720\" height=\"540\" data-id=\"6433\" src=\"https:\/\/www.recycle-plant.com\/wp-content\/uploads\/2019\/11\/cooperition-with-customer1.jpg\" alt=\"\" class=\"wp-image-6433\" srcset=\"https:\/\/www.recycle-plant.com\/wp-content\/uploads\/2019\/11\/cooperition-with-customer1.jpg 720w, https:\/\/www.recycle-plant.com\/wp-content\/uploads\/2019\/11\/cooperition-with-customer1-300x225.jpg 300w\" sizes=\"auto, (max-width: 720px) 100vw, 720px\" \/><\/figure>    <figure class=\"wp-block-image size-large\"><img loading=\"lazy\" decoding=\"async\" width=\"720\" height=\"540\" data-id=\"6378\" src=\"https:\/\/www.recycle-plant.com\/wp-content\/uploads\/2022\/12\/chat-records1.jpg\" alt=\"\" class=\"wp-image-6378\" srcset=\"https:\/\/www.recycle-plant.com\/wp-content\/uploads\/2022\/12\/chat-records1.jpg 720w, https:\/\/www.recycle-plant.com\/wp-content\/uploads\/2022\/12\/chat-records1-300x225.jpg 300w\" sizes=\"auto, (max-width: 720px) 100vw, 720px\" \/><\/figure> <\/figure>","protected":false},"excerpt":{"rendered":"<p>Shuliy plastic granulating machine, PET bottle recycling machine, and waste tire recycling machine have been exported and installed in more than 50 countries including: Asia: Saudi Arabia, Japan, Sri Lanka, Kazakhstan\uff0c Malaysia\uff0c Africa: Senegal, Ghana, Nigeria, Uganda, Kenya, Tanzania, Mozambique, Ethiopia, Congo Europe: Kosovo, United Kingdom, Germany, Hungary, Romania, North America: America, Jamaica Delivery site [&hellip;]<\/p>\n","protected":false},"author":1,"featured_media":0,"parent":0,"menu_order":0,"comment_status":"closed","ping_status":"closed","template":"","meta":{"_kad_blocks_custom_css":"","_kad_blocks_head_custom_js":"","_kad_blocks_body_custom_js":"","_kad_blocks_footer_custom_js":"","footnotes":""},"class_list":["post-6612","page","type-page","status-publish","hentry"],"taxonomy_info":[],"featured_image_src_large":false,"author_info":{"display_name":"Ella","author_link":"https:\/\/www.recycle-plant.com\/tr\/author\/admin\/"},"comment_info":0,"_links":{"self":[{"href":"https:\/\/www.recycle-plant.com\/tr\/wp-json\/wp\/v2\/pages\/6612","targetHints":{"allow":["GET"]}}],"collection":[{"href":"https:\/\/www.recycle-plant.com\/tr\/wp-json\/wp\/v2\/pages"}],"about":[{"href":"https:\/\/www.recycle-plant.com\/tr\/wp-json\/wp\/v2\/types\/page"}],"author":[{"embeddable":true,"href":"https:\/\/www.recycle-plant.com\/tr\/wp-json\/wp\/v2\/users\/1"}],"replies":[{"embeddable":true,"href":"https:\/\/www.recycle-plant.com\/tr\/wp-json\/wp\/v2\/comments?post=6612"}],"version-history":[{"count":0,"href":"https:\/\/www.recycle-plant.com\/tr\/wp-json\/wp\/v2\/pages\/6612\/revisions"}],"wp:attachment":[{"href":"https:\/\/www.recycle-plant.com\/tr\/wp-json\/wp\/v2\/media?parent=6612"}],"curies":[{"name":"wp","href":"https:\/\/api.w.org\/{rel}","templated":true}]}}