{"id":6633,"date":"2023-03-09T09:51:23","date_gmt":"2023-03-09T09:51:23","guid":{"rendered":"https:\/\/www.recycle-plant.com\/?page_id=6633"},"modified":"2023-03-09T09:51:24","modified_gmt":"2023-03-09T09:51:24","slug":"shuliy-factory-overview","status":"publish","type":"page","link":"https:\/\/www.recycle-plant.com\/tr\/shuliy-factory-overview\/","title":{"rendered":"Shuliy Fabrika Genel G\u00f6r\u00fcn\u00fcm\u00fc"},"content":{"rendered":"<p>Video, PP PE torbalar i\u00e7in plastik peletleme hatt\u0131n\u0131 ve PET \u015fi\u015fe ezme ve y\u0131kama hatt\u0131n\u0131 g\u00f6stermektedir. M\u00fc\u015fteriler, taleplerine g\u00f6re makineleri se\u00e7ebilirler. Y\u00fcksek kaliteli makineler sunman\u0131n yan\u0131 s\u0131ra, yerinde kurulum ve sat\u0131\u015f sonras\u0131 hizmet gibi tek durak plastik geri d\u00f6n\u00fc\u015f\u00fcm \u00e7\u00f6z\u00fcmleri de sa\u011fl\u0131yoruz.<\/p>    <figure class=\"wp-block-embed is-type-video is-provider-youtube wp-block-embed-youtube wp-embed-aspect-16-9 wp-has-aspect-ratio\"><div class=\"wp-block-embed__wrapper\"> <iframe loading=\"lazy\" title=\"Plastik geri d\u00f6n\u00fc\u015f\u00fcm fabrikam\u0131z nas\u0131l g\u00f6r\u00fcn\u00fcyor? | Plastik geri d\u00f6n\u00fc\u015f\u00fcm makineleri fabrika turu\" width=\"500\" height=\"281\" src=\"https:\/\/www.youtube.com\/embed\/U9f70oCR5A8?feature=oembed\" frameborder=\"0\" allow=\"accelerometer; autoplay; clipboard-write; encrypted-media; gyroscope; picture-in-picture; web-share\" referrerpolicy=\"strict-origin-when-cross-origin\" allowfullscreen><\/iframe> <\/div><\/figure>    <p>Video, shuliy plastik gran\u00fclleme makinesi \u00fcretim fabrikas\u0131n\u0131 g\u00f6steriyor. Videoda, proje y\u00f6neticimiz Sunny, plastik gran\u00fclleme hatt\u0131ndaki ana geri d\u00f6n\u00fc\u015f\u00fcm makinelerini tan\u0131tt\u0131; bunlar aras\u0131nda plastik k\u0131r\u0131c\u0131, plastik gran\u00fclat\u00f6r makinesi, durulama tank\u0131, kurutma makinesi ve plastik gran\u00fclat\u00f6r makinesi bulunmaktad\u0131r.<\/p>    <figure class=\"wp-block-embed is-type-video is-provider-youtube wp-block-embed-youtube wp-embed-aspect-16-9 wp-has-aspect-ratio\"><div class=\"wp-block-embed__wrapper\"> <iframe loading=\"lazy\" title=\"En \u00c7ok Satan Plastik Peletleme Makinesi | Fabrikam\u0131zda Plastik Gran\u00fclat\u00f6r Tan\u0131t\u0131m\u0131\" width=\"500\" height=\"281\" src=\"https:\/\/www.youtube.com\/embed\/eXMA0o5JnE0?feature=oembed\" frameborder=\"0\" allow=\"accelerometer; autoplay; clipboard-write; encrypted-media; gyroscope; picture-in-picture; web-share\" referrerpolicy=\"strict-origin-when-cross-origin\" allowfullscreen><\/iframe> <\/div><\/figure>","protected":false},"excerpt":{"rendered":"<p>The video shows the plastic pelletizing line for PP PE bags and the PET bottle crushing and washing line. The machines can be chosen by customers according to their demands. We provide high-quality machines as well as one-stop plastic recycling solutions such as on-site installation and after-sales service. The video shows shuliy plastic granulating machine [&hellip;]<\/p>\n","protected":false},"author":1,"featured_media":0,"parent":0,"menu_order":0,"comment_status":"closed","ping_status":"closed","template":"","meta":{"_kad_blocks_custom_css":"","_kad_blocks_head_custom_js":"","_kad_blocks_body_custom_js":"","_kad_blocks_footer_custom_js":"","footnotes":""},"class_list":["post-6633","page","type-page","status-publish","hentry"],"taxonomy_info":[],"featured_image_src_large":false,"author_info":{"display_name":"Ella","author_link":"https:\/\/www.recycle-plant.com\/tr\/author\/admin\/"},"comment_info":0,"_links":{"self":[{"href":"https:\/\/www.recycle-plant.com\/tr\/wp-json\/wp\/v2\/pages\/6633","targetHints":{"allow":["GET"]}}],"collection":[{"href":"https:\/\/www.recycle-plant.com\/tr\/wp-json\/wp\/v2\/pages"}],"about":[{"href":"https:\/\/www.recycle-plant.com\/tr\/wp-json\/wp\/v2\/types\/page"}],"author":[{"embeddable":true,"href":"https:\/\/www.recycle-plant.com\/tr\/wp-json\/wp\/v2\/users\/1"}],"replies":[{"embeddable":true,"href":"https:\/\/www.recycle-plant.com\/tr\/wp-json\/wp\/v2\/comments?post=6633"}],"version-history":[{"count":0,"href":"https:\/\/www.recycle-plant.com\/tr\/wp-json\/wp\/v2\/pages\/6633\/revisions"}],"wp:attachment":[{"href":"https:\/\/www.recycle-plant.com\/tr\/wp-json\/wp\/v2\/media?parent=6633"}],"curies":[{"name":"wp","href":"https:\/\/api.w.org\/{rel}","templated":true}]}}