{"id":6655,"date":"2023-03-15T03:43:08","date_gmt":"2023-03-15T03:43:08","guid":{"rendered":"https:\/\/www.recycle-plant.com\/?page_id=6655"},"modified":"2025-03-31T09:56:09","modified_gmt":"2025-03-31T01:56:09","slug":"plastic-pelletizing-solution","status":"publish","type":"page","link":"https:\/\/www.recycle-plant.com\/tr\/plastic-pelletizing-solution\/","title":{"rendered":"Plastik Peletleme \u00c7\u00f6z\u00fcm\u00fc"},"content":{"rendered":"<p>Shuliy, end\u00fcstriyel at\u0131k geri d\u00f6n\u00fc\u015f\u00fcm\u00fc (i\u00e7 geri d\u00f6n\u00fc\u015f\u00fcm) ve t\u00fcketici sonras\u0131 geri d\u00f6n\u00fc\u015f\u00fcm i\u00e7in kapsaml\u0131 plastik peletleme \u00e7\u00f6z\u00fcmleri sunmaktad\u0131r. Peletleme makinesi, PP, HDPE, LDPE, LLDPE, PVC, EPS, EPE, ABS, PS gibi \u00e7e\u015fitli malzeme t\u00fcrlerini i\u015fleyebilir.<\/p>    <h2 class=\"wp-block-heading\">Plastik geri d\u00f6n\u00fc\u015f\u00fcm malzemeleri<\/h2>    <figure class=\"wp-block-table white-space-nowrap\"><table class=\"has-fixed-layout\"><tbody><tr><td>Geri d\u00f6n\u00fc\u015f\u00fcm malzemesi<\/td><td>Uygulama<\/td><td>Malzeme t\u00fcr\u00fc<\/td><\/tr><tr><td><strong><a href=\"https:\/\/www.recycle-plant.com\/tr\/how-do-you-recycle-polypropylene-bags.html\">PP PE film<\/a><\/strong><\/td><td>film makaralar\u0131, film at\u0131klar\u0131, torbalar, ti\u015f\u00f6rt torbas\u0131 kesimleri, <a href=\"https:\/\/www.recycle-plant.com\/tr\/status-of-recycling-and-treatment-of-used-agricultural-film.html\"><strong>Tar\u0131m filmi<\/strong><\/a><\/td><td>PP PE<\/td><\/tr><tr><td><strong><a href=\"https:\/\/www.recycle-plant.com\/tr\/plastic-regrind-recycling.html\">Plastik yeniden \u00f6\u011f\u00fctme<\/a><\/strong><\/td><td>Enjeksiyon kal\u0131plama at\u0131klar\u0131, \u015fi\u015feler, kaplar, otomotiv par\u00e7alar\u0131, araba tamponlar\u0131, elektrikli at\u0131klar, oyuncaklar ve di\u011fer sert plastikler gibi enjeksiyon kal\u0131plama \u00fcr\u00fcnleri<\/td><td>HDPE, LDPE, PP, PS, ABS, PVC<\/td><\/tr><tr><td><strong><a href=\"https:\/\/www.recycle-plant.com\/tr\/thermoformed-material-recycling.html\">Termoform edilmi\u015f plastik<\/a><\/strong><\/td><td>in\u015faat malzemeleri, paletler, g\u0131da kaplar\u0131, medikal ambalaj, otomotiv par\u00e7alar\u0131, nakliye kutular\u0131, tepsiler, kupalar, oyuncaklar, kabuklu kaplar<\/td><td>HDPE, LDPE, PP, PS veya ABS<\/td><\/tr><tr><td><strong><a href=\"https:\/\/www.recycle-plant.com\/tr\/pp-raffia-recycling-introduction.html\">PP rafya dokuma \u00e7antas\u0131<\/a><\/strong><\/td><td>ambalajlama, depolama torbas\u0131, \u00e7it, bah\u00e7ecilik i\u00e7in a\u011flar,<\/td><td>Polipropilen (PP)<\/td><\/tr><tr><td><strong><a href=\"https:\/\/www.recycle-plant.com\/tr\/stretch-film-recycling.html\">Germe filmi<\/a><\/strong><\/td><td>g\u0131da koruma filmi, germe film rulosu<\/td><td>Lineer d\u00fc\u015f\u00fck yo\u011funluklu polietilen (LLDPE), d\u00fc\u015f\u00fck yo\u011funluklu polietilen (LDPE)<\/td><\/tr><tr><td><strong><a href=\"https:\/\/www.recycle-plant.com\/tr\/shrink-wrap-recycling.html\">Daralma filmi <\/a><\/strong><\/td><td>nakliye depolama s\u0131ras\u0131nda ambalaj filmi<\/td><td>polietilen (PE)<\/td><\/tr><tr><td><strong><a href=\"https:\/\/www.recycle-plant.com\/tr\/drip-tape-recycling.html\">Tar\u0131m borusu<\/a><\/strong><\/td><td>Damla band\u0131, yumu\u015fak sulama borusu<\/td><td>y\u00fcksek yo\u011funluklu polietilen (HDPE), (LDPE)<\/td><\/tr><tr><td><strong><a href=\"https:\/\/www.recycle-plant.com\/tr\/laminated-film-recycling.html\">Laminat film<\/a><\/strong><\/td><td>g\u0131da, i\u00e7ecekler, ila\u00e7 ambalajlama<\/td><td>BOPP, CPP, OPP, HDPE, LDPE, LLPDE veya EVA<\/td><\/tr><\/tbody><\/table><\/figure>    <h2 class=\"wp-block-heading\">At\u0131k plastik gran\u00fclleme hatt\u0131n\u0131n konfig\u00fcrasyonu<\/h2>    <figure class=\"wp-block-embed is-type-video is-provider-youtube wp-block-embed-youtube wp-embed-aspect-16-9 wp-has-aspect-ratio\"><div class=\"wp-block-embed__wrapper\"> <iframe loading=\"lazy\" title=\"Plastik peletleme hatt\u0131 | Plastik gran\u00fcl yapma makinesi\" width=\"500\" height=\"281\" src=\"https:\/\/www.youtube.com\/embed\/y4KcSJAz04E?feature=oembed\" frameborder=\"0\" allow=\"accelerometer; autoplay; clipboard-write; encrypted-media; gyroscope; picture-in-picture; web-share\" referrerpolicy=\"strict-origin-when-cross-origin\" allowfullscreen><\/iframe> <\/div><\/figure>    <h2 class=\"wp-block-heading\">M\u00fc\u015fterilere peletleme tesisi kurmalar\u0131nda nas\u0131l yard\u0131mc\u0131 olaca\u011f\u0131z?<\/h2>    <ul class=\"wp-block-list\"> <li>\u00d6zelle\u015ftirilmi\u015f dan\u0131\u015fmanl\u0131k. M\u00fc\u015fterilerimizin taleplerini ald\u0131ktan sonra, proje y\u00f6neticimiz m\u00fc\u015fterilerle en k\u0131sa s\u00fcrede ileti\u015fime ge\u00e7ecektir. M\u00fc\u015fterilerin hammadde ve beklenen \u00e7\u0131kt\u0131lar\u0131 onaylanacakt\u0131r. Bu temel verilere g\u00f6re, onlara plastik gran\u00fclat\u00f6r makineleri \u00f6nerece\u011fiz.<\/li> <\/ul>    <ul class=\"wp-block-list\"> <li>Plan\u0131 belirleyin. \u00dcr\u00fcn y\u00f6neticimiz, ihtiya\u00e7lar\u0131n\u0131za ve b\u00fct\u00e7enize g\u00f6re plastik peletleme plan\u0131n\u0131 makul bir \u015fekilde yap\u0131land\u0131racakt\u0131r. Makinenin \u00f6zel gereksinimleri i\u00e7in \u00e7izimler tasarl\u0131yoruz ve nihayetinde peletleme plan\u0131n\u0131 m\u00fc\u015fteri ile onayl\u0131yoruz.<\/li> <\/ul>    <ul class=\"wp-block-list\"> <li>Teslimat ve ta\u015f\u0131mac\u0131l\u0131k. T\u00fcm <a href=\"https:\/\/www.recycle-plant.com\/tr\/plastic-film-recycling-production-line\/\">plastik peletleme hatt\u0131<\/a> kuruldu\u011funda, belirlenen s\u00fcre i\u00e7inde m\u00fc\u015fterinin \u00fclkesine teslim etmek i\u00e7in \u00f6zel bir kamyon ayarlayaca\u011f\u0131z.<\/li> <\/ul>    <ul class=\"wp-block-list\"> <li>Kurulum ve e\u011fitim. Plastik peletleme makinesinin kurulumu ve devreye al\u0131nmas\u0131 i\u00e7in profesyonel teknik ekibimizi sahaya g\u00f6nderece\u011fiz. Teknik ekip, t\u00fcm plastik peletleme tesisinin istikrarl\u0131 bir \u00fcretime ge\u00e7ene kadar plastik peletleme makinesinin nas\u0131l do\u011fru bir \u015fekilde kullan\u0131laca\u011f\u0131n\u0131 e\u011fitecektir.<\/li> <\/ul>    <h2 class=\"wp-block-heading\">\u00d6n gran\u00fclleme i\u00e7in \u00f6zelle\u015ftirilmi\u015f ezme ve y\u0131kama<\/h2>    <div class=\"wp-block-media-text alignwide has-media-on-the-right is-stacked-on-mobile\"><div class=\"wp-block-media-text__content\"> <p>Plastik ezme ve y\u0131kama makineleri geri d\u00f6n\u00fc\u015f\u00fcm s\u00fcrecinde \u00e7ok esnektir, Shuliy Grubu her bir m\u00fc\u015fterimizin talebini ve mevcut durumunu \u00f6\u011frendikten sonra en uygun makineleri \u00f6nerecektir.<\/p>    <p>\u00d6rne\u011fin, do\u011fru ezme ve y\u0131kama k\u0131sm\u0131 bir plastik k\u0131r\u0131c\u0131, bir plastik y\u0131kama tank\u0131, bir dikey kurutma makinesi ve bir yatay kurutucu ile donat\u0131lm\u0131\u015ft\u0131r. 3D \u00e7izim, Suudi Arabistan'dan gelen m\u00fc\u015fterimiz i\u00e7in proje y\u00f6neticimiz Sunny taraf\u0131ndan tasarland\u0131. Ham maddeleri at\u0131k sert PP varilleri ve konteynerlerdir.   <\/p> <\/div><figure class=\"wp-block-media-text__media\"><img loading=\"lazy\" decoding=\"async\" width=\"720\" height=\"540\" src=\"https:\/\/www.recycle-plant.com\/wp-content\/uploads\/2023\/03\/PET-bottle-washing-plant.jpg\" alt=\"ezme ve y\u0131kama tesisi\" class=\"wp-image-6643 size-full\"\/><\/figure><\/div>    <div class=\"wp-block-media-text alignwide is-stacked-on-mobile\"><figure class=\"wp-block-media-text__media\"><img loading=\"lazy\" decoding=\"async\" width=\"720\" height=\"405\" src=\"https:\/\/www.recycle-plant.com\/wp-content\/uploads\/2023\/03\/PET-bottle-washing-line.jpg\" alt=\"PP PE y\u0131kama hatt\u0131\" class=\"wp-image-6644 size-full\"\/><\/figure><div class=\"wp-block-media-text__content\"> <p>Bu, Nijerya m\u00fc\u015fterimiz i\u00e7in tasarlanm\u0131\u015f bir 3D \u00e7izimdir, bu geri d\u00f6n\u00fc\u015f\u00fcm y\u0131kama hatt\u0131 bir y\u0131kama tank\u0131 ve bir dikey susuzla\u015ft\u0131r\u0131c\u0131 ile donat\u0131lm\u0131\u015ft\u0131r. <\/p>    <p>Sunny, at\u0131k PP filmleri y\u0131kamak i\u00e7in iki set temizlik ekipman\u0131 tasarlad\u0131. Hammadde kirli oldu\u011fu ve \u00fcretim b\u00fcy\u00fck oldu\u011fu i\u00e7in, ek bir y\u0131kama makinesi seti, hammadde temizli\u011fini ve nihai gran\u00fclasyon etkisini sa\u011flamak i\u00e7in g\u00fcvence verebilir.<\/p> <\/div><\/div>    <h2 class=\"wp-block-heading\">Shuliy plastik peletleme hatt\u0131n\u0131n benzersiz \u00f6zellikleri<\/h2>    <ul class=\"wp-block-list\"> <li>Uzun hizmet \u00f6mr\u00fc <a href=\"https:\/\/www.recycle-plant.com\/tr\/plastic-pelletizing-machine-4.html\">plastik peletleme makinesi<\/a>. Plastik peletleme makinelerimiz paslanmaz ve dayan\u0131kl\u0131d\u0131r. Plastik peletleme i\u00e7in uzun bir hizmet \u00f6mr\u00fc garanti edebiliriz.<\/li>    <li>\u0130\u015flemdeki d\u00fc\u015f\u00fck ar\u0131za oran\u0131. Shuliy, profesyonel bir makine tasar\u0131m ekibine sahiptir. Makinelerin yap\u0131m s\u00fcreci hassas olup, ar\u0131za oran\u0131 \u00e7ok d\u00fc\u015f\u00fckt\u00fcr.<\/li>    <li>Sat\u0131\u015f ve deneyim liderli\u011fi. Shuliy, \u00c7in'in g\u00fcvenilir plastik pelet \u00fcreticilerinden biri olarak, makinelerimizi d\u00fcnya genelinde ihra\u00e7 etme konusunda g\u00fc\u00e7l\u00fc bir yetene\u011fe sahibiz. \u015eu ana kadar, Shuliy'in Suudi Arabistan, M\u0131s\u0131r, Macaristan, Uganda, Nijerya, Kenya, Etiyopya, Almanya ve di\u011fer \u00fclkelerden m\u00fc\u015fterileri bulunmaktad\u0131r ve m\u00fc\u015fterilerimiz taraf\u0131ndan geni\u015f \u00e7apta tan\u0131nmaktad\u0131r.<\/li>    <li>Plastik gran\u00fclat\u00f6r makinesi \u00e7evre dostudur. Plastik gran\u00fclleme geri d\u00f6n\u00fc\u015f\u00fcm hatt\u0131n\u0131n at\u0131k suyu, gaz\u0131 ve \u00e7amuru g\u00fcvenli bir \u015fekilde de\u015farj edilir. \u00d6rne\u011fin, plastik gran\u00fclleme s\u00fcrecinden \u00e7\u0131kan dumanlar \u00f6zel filtrelerden ge\u00e7irilir.<a href=\"https:\/\/www.recycle-plant.com\/tr\/waste-gas-filter.html\"> toz giderme ekipmanlar\u0131<\/a> bo\u015falt\u0131lmadan \u00f6nce.<\/li> <\/ul>    <h2 class=\"wp-block-heading\">plastik gran\u00fclleme hatt\u0131 sevkiyatlar\u0131<\/h2>    <figure class=\"wp-block-gallery has-nested-images columns-default is-cropped wp-block-gallery-2 is-layout-flex wp-block-gallery-is-layout-flex\"> <figure class=\"wp-block-image size-large\"><img loading=\"lazy\" decoding=\"async\" width=\"720\" height=\"540\" data-id=\"6364\" src=\"https:\/\/www.recycle-plant.com\/wp-content\/uploads\/2019\/11\/plastic-granulator-machne-for-sale1.jpg\" alt=\"\" class=\"wp-image-6364\" srcset=\"https:\/\/www.recycle-plant.com\/wp-content\/uploads\/2019\/11\/plastic-granulator-machne-for-sale1.jpg 720w, https:\/\/www.recycle-plant.com\/wp-content\/uploads\/2019\/11\/plastic-granulator-machne-for-sale1-300x225.jpg 300w\" sizes=\"auto, (max-width: 720px) 100vw, 720px\" \/><\/figure>    <figure class=\"wp-block-image size-large\"><img loading=\"lazy\" decoding=\"async\" width=\"720\" height=\"540\" data-id=\"6363\" src=\"https:\/\/www.recycle-plant.com\/wp-content\/uploads\/2019\/11\/plastic-granulator-machine-Saudi-Arabia1.jpg\" alt=\"\" class=\"wp-image-6363\" srcset=\"https:\/\/www.recycle-plant.com\/wp-content\/uploads\/2019\/11\/plastic-granulator-machine-Saudi-Arabia1.jpg 720w, https:\/\/www.recycle-plant.com\/wp-content\/uploads\/2019\/11\/plastic-granulator-machine-Saudi-Arabia1-300x225.jpg 300w\" sizes=\"auto, (max-width: 720px) 100vw, 720px\" \/><\/figure>    <figure class=\"wp-block-image size-large\"><img loading=\"lazy\" decoding=\"async\" width=\"720\" height=\"540\" data-id=\"6313\" src=\"https:\/\/www.recycle-plant.com\/wp-content\/uploads\/2022\/11\/plastic-recycling-machine-sent-to-Kenya_1.jpg\" alt=\"\" class=\"wp-image-6313\" srcset=\"https:\/\/www.recycle-plant.com\/wp-content\/uploads\/2022\/11\/plastic-recycling-machine-sent-to-Kenya_1.jpg 720w, https:\/\/www.recycle-plant.com\/wp-content\/uploads\/2022\/11\/plastic-recycling-machine-sent-to-Kenya_1-300x225.jpg 300w\" sizes=\"auto, (max-width: 720px) 100vw, 720px\" \/><\/figure>    <figure class=\"wp-block-image size-large\"><img loading=\"lazy\" decoding=\"async\" width=\"720\" height=\"540\" data-id=\"6314\" src=\"https:\/\/www.recycle-plant.com\/wp-content\/uploads\/2022\/11\/plastic-recycling-machine-shipped-to-Kenya_1.jpg\" alt=\"\" class=\"wp-image-6314\" srcset=\"https:\/\/www.recycle-plant.com\/wp-content\/uploads\/2022\/11\/plastic-recycling-machine-shipped-to-Kenya_1.jpg 720w, https:\/\/www.recycle-plant.com\/wp-content\/uploads\/2022\/11\/plastic-recycling-machine-shipped-to-Kenya_1-300x225.jpg 300w\" sizes=\"auto, (max-width: 720px) 100vw, 720px\" \/><\/figure>    <figure class=\"wp-block-image size-large\"><img loading=\"lazy\" decoding=\"async\" width=\"720\" height=\"540\" data-id=\"6300\" src=\"https:\/\/www.recycle-plant.com\/wp-content\/uploads\/2022\/11\/plastic-recycling-plants-in-Kenya_1.jpg\" alt=\"Kenya&#039;daki plastik geri d\u00f6n\u00fc\u015f\u00fcm tesisleri\" class=\"wp-image-6300\" srcset=\"https:\/\/www.recycle-plant.com\/wp-content\/uploads\/2022\/11\/plastic-recycling-plants-in-Kenya_1.jpg 720w, https:\/\/www.recycle-plant.com\/wp-content\/uploads\/2022\/11\/plastic-recycling-plants-in-Kenya_1-300x225.jpg 300w\" sizes=\"auto, (max-width: 720px) 100vw, 720px\" \/><\/figure>    <figure class=\"wp-block-image size-large\"><img loading=\"lazy\" decoding=\"async\" width=\"720\" height=\"540\" data-id=\"6285\" src=\"https:\/\/www.recycle-plant.com\/wp-content\/uploads\/2022\/11\/conveyor.jpg\" alt=\"\" class=\"wp-image-6285\" srcset=\"https:\/\/www.recycle-plant.com\/wp-content\/uploads\/2022\/11\/conveyor.jpg 720w, https:\/\/www.recycle-plant.com\/wp-content\/uploads\/2022\/11\/conveyor-300x225.jpg 300w\" sizes=\"auto, (max-width: 720px) 100vw, 720px\" \/><\/figure> <\/figure>    <p>PP PE plastik peletleme hatt\u0131 d\u0131\u015f\u0131nda, Shuliy ayr\u0131ca bir EPS EPE plastik k\u00f6p\u00fck peletleme hatt\u0131 da sa\u011flamaktad\u0131r. M\u00fc\u015fterilerin bol miktarda plastik k\u00f6p\u00fc\u011f\u00fc varsa, onlara \u00f6zel \u00fcretim sa\u011flayabiliriz. Plastik gran\u00fclat\u00f6r makinemiz hakk\u0131nda herhangi bir sorunuz varsa, istedi\u011finiz zaman mesaj b\u0131rakabilirsiniz.<\/p>","protected":false},"excerpt":{"rendered":"<p>Shuliy provides comprehensive plastic pelletizing solution for post-industrial recycling(in-house recycling) and post-consumer recycling. The pelletizing machine can process various material types, including PP, HDPE, LDPE, LLDPE, PVC, EPS, EPE, ABS, PS, etc. Plastic recycle materials Recycle material Application Material type PP PE film film rolls, film scraps, bags, t-shirt bag cut-offs, agriculture film PP PE [&hellip;]<\/p>\n","protected":false},"author":1,"featured_media":6651,"parent":0,"menu_order":0,"comment_status":"closed","ping_status":"closed","template":"","meta":{"_kad_blocks_custom_css":"","_kad_blocks_head_custom_js":"","_kad_blocks_body_custom_js":"","_kad_blocks_footer_custom_js":"","footnotes":""},"class_list":["post-6655","page","type-page","status-publish","has-post-thumbnail","hentry"],"taxonomy_info":[],"featured_image_src_large":["https:\/\/www.recycle-plant.com\/wp-content\/uploads\/2023\/03\/solution.jpg",720,540,false],"author_info":{"display_name":"Ella","author_link":"https:\/\/www.recycle-plant.com\/tr\/author\/admin\/"},"comment_info":0,"_links":{"self":[{"href":"https:\/\/www.recycle-plant.com\/tr\/wp-json\/wp\/v2\/pages\/6655","targetHints":{"allow":["GET"]}}],"collection":[{"href":"https:\/\/www.recycle-plant.com\/tr\/wp-json\/wp\/v2\/pages"}],"about":[{"href":"https:\/\/www.recycle-plant.com\/tr\/wp-json\/wp\/v2\/types\/page"}],"author":[{"embeddable":true,"href":"https:\/\/www.recycle-plant.com\/tr\/wp-json\/wp\/v2\/users\/1"}],"replies":[{"embeddable":true,"href":"https:\/\/www.recycle-plant.com\/tr\/wp-json\/wp\/v2\/comments?post=6655"}],"version-history":[{"count":0,"href":"https:\/\/www.recycle-plant.com\/tr\/wp-json\/wp\/v2\/pages\/6655\/revisions"}],"wp:featuredmedia":[{"embeddable":true,"href":"https:\/\/www.recycle-plant.com\/tr\/wp-json\/wp\/v2\/media\/6651"}],"wp:attachment":[{"href":"https:\/\/www.recycle-plant.com\/tr\/wp-json\/wp\/v2\/media?parent=6655"}],"curies":[{"name":"wp","href":"https:\/\/api.w.org\/{rel}","templated":true}]}}