{"id":6675,"date":"2023-03-17T07:35:16","date_gmt":"2023-03-17T07:35:16","guid":{"rendered":"https:\/\/www.recycle-plant.com\/?page_id=6675"},"modified":"2024-06-17T17:57:08","modified_gmt":"2024-06-17T09:57:08","slug":"pet-bottle-washing-line-solution","status":"publish","type":"page","link":"https:\/\/www.recycle-plant.com\/tr\/pet-bottle-washing-line-solution\/","title":{"rendered":"PET \u015ei\u015fe Y\u0131kama Hatt\u0131 \u00c7\u00f6z\u00fcm\u00fc"},"content":{"rendered":"<p>PET plastik, s\u00fcrd\u00fcr\u00fclebilir bir ambalaj se\u00e7ene\u011fidir ve ana plastik t\u00fcr\u00fcd\u00fcr. M\u00fckemmel kimyasal direnci ve suya kar\u015f\u0131 dayan\u0131kl\u0131l\u0131\u011f\u0131 ile i\u00e7ecek \u015fi\u015feleri i\u00e7in her zaman kullan\u0131l\u0131r ve y\u00fcksek dayan\u0131kl\u0131l\u0131k-a\u011f\u0131rl\u0131k oran\u0131na sahiptir.<\/p>    <p>Ayr\u0131ca, PET plastik \u015fi\u015feler i\u00e7in tercih edilen bir se\u00e7imdir \u00e7\u00fcnk\u00fc 0 geri d\u00f6n\u00fc\u015ft\u00fcr\u00fclebilir ve son derece s\u00fcrd\u00fcr\u00fclebilirdir. Geri d\u00f6n\u00fc\u015ft\u00fcr\u00fclm\u00fc\u015f PET pul, uluslararas\u0131 pazarda y\u00fcksek pop\u00fclariteye sahiptir ve nispeten y\u00fcksek ekonomik verimlili\u011fe sahiptir.<\/p>    <p>Bu nedenle, PET geri d\u00f6n\u00fc\u015f\u00fcm i\u00e7in \u00e7ok de\u011ferlidir. Geri d\u00f6n\u00fc\u015ft\u00fcr\u00fcld\u00fckten sonra, temiz PET pul, yeni \u00fcr\u00fcnler yapmak i\u00e7in kullan\u0131labilir, bu da \u00e7evre kirlili\u011fini azaltacak ve plastik geri d\u00f6n\u00fc\u015f\u00fcmc\u00fcler i\u00e7in k\u00e2r sa\u011flayacakt\u0131r.<\/p>    <h2 class=\"wp-block-heading\">Shuliy PET \u015fi\u015fe y\u0131kama hatt\u0131<\/h2>    <p>Shuliy Grubu, \u00c7in'de \u00fcnl\u00fc bir PET \u015fi\u015fe geri d\u00f6n\u00fc\u015f\u00fcm makinesi \u00fcreticisidir, iyi kalitede PET \u015fi\u015fe geri d\u00f6n\u00fc\u015f\u00fcm \u00e7\u00f6z\u00fcmleri ve plastik \u015fi\u015fe ezme ve y\u0131kama makineleri \u00fcretmi\u015fizdir. A\u015fa\u011f\u0131daki video, PET y\u0131kama ve geri d\u00f6n\u00fc\u015f\u00fcm tesisinin 3D videosudur.<\/p>    <figure class=\"wp-block-embed is-type-video is-provider-youtube wp-block-embed-youtube wp-embed-aspect-16-9 wp-has-aspect-ratio\"><div class=\"wp-block-embed__wrapper\"> <iframe loading=\"lazy\" title=\"PET \u015fi\u015fe geri d\u00f6n\u00fc\u015f\u00fcm hatt\u0131n\u0131n 3D videosu | At\u0131k plastik \u015fi\u015feleri nas\u0131l geri d\u00f6n\u00fc\u015ft\u00fcr\u00fcl\u00fcr?\" width=\"500\" height=\"281\" src=\"https:\/\/www.youtube.com\/embed\/Beev9uxidkE?start=19&#038;feature=oembed\" frameborder=\"0\" allow=\"accelerometer; autoplay; clipboard-write; encrypted-media; gyroscope; picture-in-picture; web-share\" referrerpolicy=\"strict-origin-when-cross-origin\" allowfullscreen><\/iframe> <\/div><\/figure>    <h2 class=\"wp-block-heading\">PET \u015fi\u015fe y\u0131kama hatt\u0131 s\u00fcreci <\/h2>    <p>\u00d6ncelikle, at\u0131k PET plastik \u015fi\u015felerin etiketleri ayr\u0131lmal\u0131d\u0131r, ard\u0131ndan PET \u015fi\u015feler pul haline getirilir, PP kapaklar su i\u00e7inde pp malzemesi ve PET'in farkl\u0131 yo\u011funluklar\u0131 kullan\u0131larak ayr\u0131l\u0131r. Daha sonra PET, plastik y\u0131kama tanklar\u0131 ve s\u0131cak y\u0131kama tanklar\u0131 ile daha fazla y\u0131kan\u0131r. Son olarak, \u015fi\u015fe pullar\u0131n\u0131 kurutmak i\u00e7in bir plastik suyu alma makinesi kullan\u0131l\u0131r.<\/p>    <h2 class=\"wp-block-heading\">Plastik \u015fi\u015fe geri d\u00f6n\u00fc\u015f\u00fcm makinelerinin nihai \u00fcr\u00fcn\u00fc<\/h2>    <p class=\"translation-block\"><strong><a href=\"https:\/\/www.recycle-plant.com\/tr\/plastic-bottle-recycling-line\/\">PET \u015fi\u015fe geri d\u00f6n\u00fc\u015f\u00fcm hatt\u0131<\/a><\/strong> taraf\u0131ndan i\u015flenen geri d\u00f6n\u00fc\u015ft\u00fcr\u00fclm\u00fc\u015f PET \u015fi\u015fe par\u00e7alar\u0131 esas olarak \u00fc\u00e7 kalite s\u0131n\u0131f\u0131na ayr\u0131l\u0131r: nem, PVC i\u00e7eri\u011fi ve karakteristik viskozite. Shuliy PET \u015fi\u015fe geri d\u00f6n\u00fc\u015f\u00fcm hatt\u0131 taraf\u0131ndan i\u015flenen \u015fi\u015fe par\u00e7alar\u0131 ilgili s\u0131n\u0131f standard\u0131na ula\u015fabilir ve bu t\u00fcr PET par\u00e7alar\u0131 y\u00fcksek kar sa\u011flayabilir.<\/p>    <figure class=\"wp-block-gallery has-nested-images columns-default is-cropped wp-block-gallery-2 is-layout-flex wp-block-gallery-is-layout-flex\"> <figure class=\"wp-block-image size-large\"><img loading=\"lazy\" decoding=\"async\" width=\"720\" height=\"540\" data-id=\"6399\" src=\"https:\/\/www.recycle-plant.com\/wp-content\/uploads\/2022\/12\/clean-PET-flakes-are-the-final-products-of-plastic-bottle-reycling-line.jpg\" alt=\"Temiz PET par\u00e7ac\u0131klar\u0131, plastik \u015fi\u015fe geri d\u00f6n\u00fc\u015f\u00fcm hatt\u0131n\u0131n nihai \u00fcr\u00fcnleridir.\" class=\"wp-image-6399\" srcset=\"https:\/\/www.recycle-plant.com\/wp-content\/uploads\/2022\/12\/clean-PET-flakes-are-the-final-products-of-plastic-bottle-reycling-line.jpg 720w, https:\/\/www.recycle-plant.com\/wp-content\/uploads\/2022\/12\/clean-PET-flakes-are-the-final-products-of-plastic-bottle-reycling-line-300x225.jpg 300w\" sizes=\"auto, (max-width: 720px) 100vw, 720px\" \/><figcaption class=\"wp-element-caption\">temiz PET par\u00e7alar\u0131 <\/figcaption><\/figure>    <figure class=\"wp-block-image size-large\"><img loading=\"lazy\" decoding=\"async\" width=\"720\" height=\"540\" data-id=\"6009\" src=\"https:\/\/www.recycle-plant.com\/wp-content\/uploads\/2022\/06\/recycled-PET-flakes.jpg\" alt=\"geri d\u00f6n\u00fc\u015ft\u00fcr\u00fclm\u00fc\u015f PET par\u00e7ac\u0131klar\u0131\" class=\"wp-image-6009\" srcset=\"https:\/\/www.recycle-plant.com\/wp-content\/uploads\/2022\/06\/recycled-PET-flakes.jpg 720w, https:\/\/www.recycle-plant.com\/wp-content\/uploads\/2022\/06\/recycled-PET-flakes-300x225.jpg 300w\" sizes=\"auto, (max-width: 720px) 100vw, 720px\" \/><figcaption class=\"wp-element-caption\">geri d\u00f6n\u00fc\u015ft\u00fcr\u00fclm\u00fc\u015f PET par\u00e7ac\u0131klar\u0131<\/figcaption><\/figure> <\/figure>    <h2 class=\"wp-block-heading\">PET \u015fi\u015fe y\u0131kama tesisinin teslimat\u0131<\/h2>    <figure class=\"wp-block-gallery has-nested-images columns-default is-cropped wp-block-gallery-3 is-layout-flex wp-block-gallery-is-layout-flex\"> <figure class=\"wp-block-image size-large\"><img loading=\"lazy\" decoding=\"async\" width=\"540\" height=\"720\" data-id=\"6434\" src=\"https:\/\/www.recycle-plant.com\/wp-content\/uploads\/2019\/11\/PET-bottle-washing-plant-1.jpg\" alt=\"PET \u015fi\u015fe y\u0131kama tesisi\" class=\"wp-image-6434\" srcset=\"https:\/\/www.recycle-plant.com\/wp-content\/uploads\/2019\/11\/PET-bottle-washing-plant-1.jpg 540w, https:\/\/www.recycle-plant.com\/wp-content\/uploads\/2019\/11\/PET-bottle-washing-plant-1-225x300.jpg 225w\" sizes=\"auto, (max-width: 540px) 100vw, 540px\" \/><figcaption class=\"wp-element-caption\">PET \u015fi\u015fe y\u0131kama tesisi Mozambik'e g\u00f6nderildi<\/figcaption><\/figure>    <figure class=\"wp-block-image size-large\"><img loading=\"lazy\" decoding=\"async\" width=\"540\" height=\"720\" data-id=\"6435\" src=\"https:\/\/www.recycle-plant.com\/wp-content\/uploads\/2019\/11\/PET-bottle-washing-plant-shipped-to-Mozambique1.jpg\" alt=\"Mozambik&#039;e g\u00f6nderilen PET \u015fi\u015fe y\u0131kama tesisi\" class=\"wp-image-6435\" srcset=\"https:\/\/www.recycle-plant.com\/wp-content\/uploads\/2019\/11\/PET-bottle-washing-plant-shipped-to-Mozambique1.jpg 540w, https:\/\/www.recycle-plant.com\/wp-content\/uploads\/2019\/11\/PET-bottle-washing-plant-shipped-to-Mozambique1-225x300.jpg 225w\" sizes=\"auto, (max-width: 540px) 100vw, 540px\" \/><figcaption class=\"wp-element-caption\">PET \u015fi\u015fe y\u0131kama hatt\u0131 Mozambik'e g\u00f6nderildi<\/figcaption><\/figure>    <figure class=\"wp-block-image size-large\"><img loading=\"lazy\" decoding=\"async\" width=\"720\" height=\"540\" data-id=\"6369\" src=\"https:\/\/www.recycle-plant.com\/wp-content\/uploads\/2019\/11\/plastic-granulator1.jpg\" alt=\"\" class=\"wp-image-6369\" srcset=\"https:\/\/www.recycle-plant.com\/wp-content\/uploads\/2019\/11\/plastic-granulator1.jpg 720w, https:\/\/www.recycle-plant.com\/wp-content\/uploads\/2019\/11\/plastic-granulator1-300x225.jpg 300w\" sizes=\"auto, (max-width: 720px) 100vw, 720px\" \/><figcaption class=\"wp-element-caption\">PET \u015fi\u015fe geri d\u00f6n\u00fc\u015f\u00fcm hatt\u0131 Japonya'ya g\u00f6nderildi<\/figcaption><\/figure>    <figure class=\"wp-block-image size-large\"><img loading=\"lazy\" decoding=\"async\" width=\"720\" height=\"540\" data-id=\"6363\" src=\"https:\/\/www.recycle-plant.com\/wp-content\/uploads\/2019\/11\/plastic-granulator-machine-Saudi-Arabia1.jpg\" alt=\"\" class=\"wp-image-6363\" srcset=\"https:\/\/www.recycle-plant.com\/wp-content\/uploads\/2019\/11\/plastic-granulator-machine-Saudi-Arabia1.jpg 720w, https:\/\/www.recycle-plant.com\/wp-content\/uploads\/2019\/11\/plastic-granulator-machine-Saudi-Arabia1-300x225.jpg 300w\" sizes=\"auto, (max-width: 720px) 100vw, 720px\" \/><figcaption class=\"wp-element-caption\">PET \u015fi\u015fe y\u0131kama hatt\u0131 Nijerya'ya g\u00f6nderildi<\/figcaption><\/figure>    <figure class=\"wp-block-image size-large\"><img loading=\"lazy\" decoding=\"async\" width=\"540\" height=\"720\" data-id=\"6287\" src=\"https:\/\/www.recycle-plant.com\/wp-content\/uploads\/2022\/11\/loading-and-delivery.jpg\" alt=\"\" class=\"wp-image-6287\" srcset=\"https:\/\/www.recycle-plant.com\/wp-content\/uploads\/2022\/11\/loading-and-delivery.jpg 540w, https:\/\/www.recycle-plant.com\/wp-content\/uploads\/2022\/11\/loading-and-delivery-225x300.jpg 225w\" sizes=\"auto, (max-width: 540px) 100vw, 540px\" \/><figcaption class=\"wp-element-caption\">PET \u015fi\u015fe y\u0131kama hatt\u0131 Kongo'ya g\u00f6nderildi<\/figcaption><\/figure>    <figure class=\"wp-block-image size-large\"><img loading=\"lazy\" decoding=\"async\" width=\"540\" height=\"720\" data-id=\"5905\" src=\"https:\/\/www.recycle-plant.com\/wp-content\/uploads\/2022\/05\/plastic-washing-recycling-machine-sent-to-Kenya.jpg\" alt=\"\" class=\"wp-image-5905\" srcset=\"https:\/\/www.recycle-plant.com\/wp-content\/uploads\/2022\/05\/plastic-washing-recycling-machine-sent-to-Kenya.jpg 540w, https:\/\/www.recycle-plant.com\/wp-content\/uploads\/2022\/05\/plastic-washing-recycling-machine-sent-to-Kenya-225x300.jpg 225w\" sizes=\"auto, (max-width: 540px) 100vw, 540px\" \/><figcaption class=\"wp-element-caption\">Kenya'ya g\u00f6nderilen plastik y\u0131kama geri d\u00f6n\u00fc\u015f\u00fcm makinesi<\/figcaption><\/figure> <\/figure>","protected":false},"excerpt":{"rendered":"<p>PET plastic is a sustainable packaging option and the primary type of plastic, it is always used for beverage bottles for its excellent chemical resistance to organic materials and water and its high strength-to-weight ratio. Moreover, PET is the preferred choice for plastic bottles because it is 100% recyclable and highly sustainable. Recycled PET flakes [&hellip;]<\/p>\n","protected":false},"author":1,"featured_media":0,"parent":0,"menu_order":0,"comment_status":"closed","ping_status":"closed","template":"","meta":{"_kad_blocks_custom_css":"","_kad_blocks_head_custom_js":"","_kad_blocks_body_custom_js":"","_kad_blocks_footer_custom_js":"","footnotes":""},"class_list":["post-6675","page","type-page","status-publish","hentry"],"taxonomy_info":[],"featured_image_src_large":false,"author_info":{"display_name":"Ella","author_link":"https:\/\/www.recycle-plant.com\/tr\/author\/admin\/"},"comment_info":0,"_links":{"self":[{"href":"https:\/\/www.recycle-plant.com\/tr\/wp-json\/wp\/v2\/pages\/6675","targetHints":{"allow":["GET"]}}],"collection":[{"href":"https:\/\/www.recycle-plant.com\/tr\/wp-json\/wp\/v2\/pages"}],"about":[{"href":"https:\/\/www.recycle-plant.com\/tr\/wp-json\/wp\/v2\/types\/page"}],"author":[{"embeddable":true,"href":"https:\/\/www.recycle-plant.com\/tr\/wp-json\/wp\/v2\/users\/1"}],"replies":[{"embeddable":true,"href":"https:\/\/www.recycle-plant.com\/tr\/wp-json\/wp\/v2\/comments?post=6675"}],"version-history":[{"count":0,"href":"https:\/\/www.recycle-plant.com\/tr\/wp-json\/wp\/v2\/pages\/6675\/revisions"}],"wp:attachment":[{"href":"https:\/\/www.recycle-plant.com\/tr\/wp-json\/wp\/v2\/media?parent=6675"}],"curies":[{"name":"wp","href":"https:\/\/api.w.org\/{rel}","templated":true}]}}