{"id":6693,"date":"2023-03-20T08:25:06","date_gmt":"2023-03-20T08:25:06","guid":{"rendered":"https:\/\/www.recycle-plant.com\/?page_id=6693"},"modified":"2023-03-20T09:30:57","modified_gmt":"2023-03-20T09:30:57","slug":"technical-support","status":"publish","type":"page","link":"https:\/\/www.recycle-plant.com\/tr\/technical-support\/","title":{"rendered":"Teknik Destek"},"content":{"rendered":"<p>Shuliy, kaliteli \u00fcretim ekipmanlar\u0131, m\u00fckemmel teknik geli\u015ftiriciler ve profesyonel \u00fcretim ve sat\u0131\u015f personeli ile g\u00fc\u00e7l\u00fc teknik destek sunan bir plastik geri d\u00f6n\u00fc\u015f\u00fcm makinesi \u00fcreticisidir. Bu nedenle, k\u00fcresel m\u00fc\u015fterilere y\u00fcksek kaliteli plastik geri d\u00f6n\u00fc\u015f\u00fcm makineleri sa\u011flama ve plastik geri d\u00f6n\u00fc\u015f\u00fcm \u00e7\u00f6z\u00fcmleri sunma konusunda yard\u0131mc\u0131 olabiliyoruz. Profesyonel teknik destek ve m\u00fckemmel \u00f6n sat\u0131\u015f ve sonras\u0131 hizmet sunabiliyoruz.<\/p>    <h2 class=\"wp-block-heading\">Sorunlar\u0131 \u00e7\u00f6zmek i\u00e7in \u00e7evrimi\u00e7i ileti\u015fim<\/h2>    <p>M\u00fc\u015fterinin ihtiya\u00e7lar\u0131n\u0131 anlad\u0131ktan sonra, Shuliy'nin profesyonel proje y\u00f6neticileri, m\u00fc\u015fterilerin taleplerine g\u00f6re en uygun makineyi \u00f6nerecektir. M\u00fc\u015fterinin hammadde \u00f6zel bir nitelikteyse veya makine fonksiyonlar\u0131 i\u00e7in belirli gereksinimleri varsa, m\u00fc\u015fterinin \u00f6zel \u00f6zelle\u015ftirilmi\u015f ihtiya\u00e7lar\u0131n\u0131 kar\u015f\u0131lamak i\u00e7in profesyonel teknik personel g\u00f6revlendirece\u011fiz.<\/p>    <p>M\u00fc\u015fteri plastik gran\u00fclleme makinesini ve di\u011fer ekipmanlar\u0131 ald\u0131ktan sonra, Shuliy, makinenin kurulumu ve devreye al\u0131nmas\u0131yla ilgili sorunlar\u0131 \u00e7\u00f6zmek i\u00e7in profesyonel bir sat\u0131\u015f sonras\u0131 teknik ekibe sahiptir. E\u011fer sorun yayg\u0131n ve kolay \u00e7\u00f6z\u00fclebiliyorsa, m\u00fc\u015fteriyi makineyi do\u011fru bir \u015fekilde kullanmas\u0131 i\u00e7in \u00e7evrimi\u00e7i bir video arac\u0131l\u0131\u011f\u0131yla y\u00f6nlendirece\u011fiz. Genel olarak, bunlar plastik k\u0131r\u0131c\u0131lar, su giderme makineleri gibi k\u00fc\u00e7\u00fck makinelerle ilgili sorunlard\u0131r.<\/p>    <figure class=\"wp-block-image aligncenter size-large\"><img loading=\"lazy\" decoding=\"async\" width=\"720\" height=\"540\" src=\"https:\/\/www.recycle-plant.com\/wp-content\/uploads\/2023\/03\/design-drawing.jpg\" alt=\"tasar\u0131m \u00e7izimi\" class=\"wp-image-6701\" srcset=\"https:\/\/www.recycle-plant.com\/wp-content\/uploads\/2023\/03\/design-drawing.jpg 720w, https:\/\/www.recycle-plant.com\/wp-content\/uploads\/2023\/03\/design-drawing-300x225.jpg 300w\" sizes=\"auto, (max-width: 720px) 100vw, 720px\" \/><figcaption class=\"wp-element-caption\">m\u00fc\u015fteriler i\u00e7in plastik peletleme tesisi \u00e7izimi <\/figcaption><\/figure>    <h2 class=\"wp-block-heading\">Gemide kurulum ve devreye alma<\/h2>    <p class=\"translation-block\">B\u00fcy\u00fck<a href=\"https:\/\/www.recycle-plant.com\/tr\/plastic-film-recycling-production-line\/\"> plastik peletleme hatt\u0131<\/a> sorunlar\u0131, plastik gran\u00fcl makinesinin testi, hat i\u015f\u00e7ilerinin e\u011fitimi ve besleme, k\u0131rma ve peletleme gibi \u00e7e\u015fitli ad\u0131mlar\u0131n koordinasyonu vb. gibi bu zorlu sorunlar i\u00e7in Shuliy Group, m\u00fc\u015fterinin plastik geri d\u00f6n\u00fc\u015f\u00fcm tesisine bir teknik ekip lideri olarak bir teknik operat\u00f6r g\u00f6revlendirerek m\u00fc\u015fterinin t\u00fcm plastik peletleme hatt\u0131n\u0131n kurulumunu tamamlamas\u0131na yard\u0131mc\u0131 olacakt\u0131r.<\/p>    <p>A\u015fa\u011f\u0131daki resimler, teknik operat\u00f6r\u00fcm\u00fcz Paul'\u00fcn Suudi Arabistan'daki m\u00fc\u015fterimizin fabrikas\u0131na gidi\u015fini g\u00f6stermektedir. M\u00fc\u015fteri, saatte 1 ton \u00fcretim kapasitesine sahip tam bir plastik gran\u00fclleme hatt\u0131 sat\u0131n ald\u0131; bu, bir plastik peletleme fabrikas\u0131 i\u00e7in \u00f6nemli bir kapasitedir. Suudi Arabistan'daki m\u00fc\u015fteri, plastik peletleri ekstr\u00fcde edemedi\u011fi i\u00e7in Shuliy Grubu'ndan yard\u0131m istedi. Paul fabrikas\u0131na vard\u0131\u011f\u0131nda ve plastik gran\u00fclleme makinesini kontrol etti\u011finde, sorunun yanl\u0131\u015f kablo ba\u011flant\u0131s\u0131 ve ba\u015flat\u0131c\u0131 ayar\u0131n\u0131n yanl\u0131\u015f de\u011feri oldu\u011funu anlad\u0131. <\/p>    <p>Shuliy teknoloji ekibi Suudi Arabistan'da yakla\u015f\u0131k bir ay kald\u0131, m\u00fc\u015fterilerimize plastik gran\u00fcl makinesini ba\u015far\u0131yla kurmalar\u0131nda yard\u0131mc\u0131 oldular ve y\u00fcksek kaliteli ve iyi g\u00f6r\u00fcn\u00fcml\u00fc m\u00fckemmel plastik gran\u00fcller \u00fcrettiler, bu da piyasada y\u00fcksek de\u011fer ve k\u00e2r sa\u011fl\u0131yor. <\/p>    <figure class=\"wp-block-gallery has-nested-images columns-default is-cropped wp-block-gallery-2 is-layout-flex wp-block-gallery-is-layout-flex\"> <figure class=\"wp-block-image size-large\"><img loading=\"lazy\" decoding=\"async\" width=\"720\" height=\"540\" data-id=\"6508\" src=\"https:\/\/www.recycle-plant.com\/wp-content\/uploads\/2023\/01\/plastic-pellet-cutter-and-storage-bin1.jpg\" alt=\"\" class=\"wp-image-6508\" srcset=\"https:\/\/www.recycle-plant.com\/wp-content\/uploads\/2023\/01\/plastic-pellet-cutter-and-storage-bin1.jpg 720w, https:\/\/www.recycle-plant.com\/wp-content\/uploads\/2023\/01\/plastic-pellet-cutter-and-storage-bin1-300x225.jpg 300w\" sizes=\"auto, (max-width: 720px) 100vw, 720px\" \/><figcaption class=\"wp-element-caption\">Suudi Arabistan'daki geri d\u00f6n\u00fc\u015f\u00fcm gran\u00fclasyon fabrikas\u0131<\/figcaption><\/figure>    <figure class=\"wp-block-image size-large\"><img loading=\"lazy\" decoding=\"async\" width=\"720\" height=\"540\" data-id=\"6510\" src=\"https:\/\/www.recycle-plant.com\/wp-content\/uploads\/2023\/01\/plastic-pelletizing-plant-21.jpg\" alt=\"\" class=\"wp-image-6510\" srcset=\"https:\/\/www.recycle-plant.com\/wp-content\/uploads\/2023\/01\/plastic-pelletizing-plant-21.jpg 720w, https:\/\/www.recycle-plant.com\/wp-content\/uploads\/2023\/01\/plastic-pelletizing-plant-21-300x225.jpg 300w\" sizes=\"auto, (max-width: 720px) 100vw, 720px\" \/><figcaption class=\"wp-element-caption\">harika i\u015fbirli\u011fi! <\/figcaption><\/figure> <\/figure>    <figure class=\"wp-block-gallery has-nested-images columns-default is-cropped wp-block-gallery-3 is-layout-flex wp-block-gallery-is-layout-flex\"> <figure class=\"wp-block-image size-large\"><img loading=\"lazy\" decoding=\"async\" width=\"720\" height=\"540\" data-id=\"6511\" src=\"https:\/\/www.recycle-plant.com\/wp-content\/uploads\/2023\/01\/Plastic-recycling-factory-Suadi-Arabia1.jpg\" alt=\"Plastik peletleme tesisi\" class=\"wp-image-6511\" srcset=\"https:\/\/www.recycle-plant.com\/wp-content\/uploads\/2023\/01\/Plastic-recycling-factory-Suadi-Arabia1.jpg 720w, https:\/\/www.recycle-plant.com\/wp-content\/uploads\/2023\/01\/Plastic-recycling-factory-Suadi-Arabia1-300x225.jpg 300w\" sizes=\"auto, (max-width: 720px) 100vw, 720px\" \/><figcaption class=\"wp-element-caption\">p<br><br>plastik peletleme tesisi<\/figcaption><\/figure>    <figure class=\"wp-block-image size-large\"><img loading=\"lazy\" decoding=\"async\" width=\"720\" height=\"540\" data-id=\"6506\" src=\"https:\/\/www.recycle-plant.com\/wp-content\/uploads\/2023\/01\/plastic-pelletizing-plant1.jpg\" alt=\"\" class=\"wp-image-6506\" srcset=\"https:\/\/www.recycle-plant.com\/wp-content\/uploads\/2023\/01\/plastic-pelletizing-plant1.jpg 720w, https:\/\/www.recycle-plant.com\/wp-content\/uploads\/2023\/01\/plastic-pelletizing-plant1-300x225.jpg 300w\" sizes=\"auto, (max-width: 720px) 100vw, 720px\" \/><figcaption class=\"wp-element-caption\">plastik gran\u00fclleme makinesinin ba\u015far\u0131l\u0131 kurulumu<\/figcaption><\/figure> <\/figure>","protected":false},"excerpt":{"rendered":"<p>Shuliy is a plastic recycling machine manufacturer with strong technical support including quality manufacturing equipment, excellent technical developers, and professional manufacturing and sales staff. Therefore, we are able to help q global customers to provide high-quality plastic recycling machines and offering plastic recycling solutions. We can provide professional technical support and excellent should pre and [&hellip;]<\/p>\n","protected":false},"author":1,"featured_media":0,"parent":0,"menu_order":0,"comment_status":"closed","ping_status":"closed","template":"","meta":{"_kad_blocks_custom_css":"","_kad_blocks_head_custom_js":"","_kad_blocks_body_custom_js":"","_kad_blocks_footer_custom_js":"","footnotes":""},"class_list":["post-6693","page","type-page","status-publish","hentry"],"taxonomy_info":[],"featured_image_src_large":false,"author_info":{"display_name":"Ella","author_link":"https:\/\/www.recycle-plant.com\/tr\/author\/admin\/"},"comment_info":0,"_links":{"self":[{"href":"https:\/\/www.recycle-plant.com\/tr\/wp-json\/wp\/v2\/pages\/6693","targetHints":{"allow":["GET"]}}],"collection":[{"href":"https:\/\/www.recycle-plant.com\/tr\/wp-json\/wp\/v2\/pages"}],"about":[{"href":"https:\/\/www.recycle-plant.com\/tr\/wp-json\/wp\/v2\/types\/page"}],"author":[{"embeddable":true,"href":"https:\/\/www.recycle-plant.com\/tr\/wp-json\/wp\/v2\/users\/1"}],"replies":[{"embeddable":true,"href":"https:\/\/www.recycle-plant.com\/tr\/wp-json\/wp\/v2\/comments?post=6693"}],"version-history":[{"count":0,"href":"https:\/\/www.recycle-plant.com\/tr\/wp-json\/wp\/v2\/pages\/6693\/revisions"}],"wp:attachment":[{"href":"https:\/\/www.recycle-plant.com\/tr\/wp-json\/wp\/v2\/media?parent=6693"}],"curies":[{"name":"wp","href":"https:\/\/api.w.org\/{rel}","templated":true}]}}