{"id":6700,"date":"2023-03-21T10:03:04","date_gmt":"2023-03-21T02:03:04","guid":{"rendered":"https:\/\/www.recycle-plant.com\/?page_id=6700"},"modified":"2023-03-22T11:21:15","modified_gmt":"2023-03-22T03:21:15","slug":"welcome-customer-visit","status":"publish","type":"page","link":"https:\/\/www.recycle-plant.com\/tr\/welcome-customer-visit\/","title":{"rendered":"M\u00fc\u015fteri Ziyaretine Ho\u015f Geldiniz"},"content":{"rendered":"<p>Shuliy, m\u00fc\u015fterilerimizi \u015firketimizi ziyaret etmeye davet ediyor. M\u00fc\u015fterilerimizin bir\u00e7o\u011fu makineyi sat\u0131n almadan \u00f6nce siteyi g\u00f6rme inisiyatifini al\u0131yor. Hesap y\u00f6neticimiz, m\u00fc\u015fterilerimizin program\u0131na g\u00f6re \u00f6nceden otel konaklamas\u0131 ayarlayacak ve ard\u0131ndan onlar\u0131 \u015firketimizi ziyaret etmeye g\u00f6t\u00fcrecektir.<\/p>    <h2 class=\"wp-block-heading\">M\u00fc\u015fterilerle keyifli zaman<\/h2>    <p>T\u00fcm ziyaret eden m\u00fc\u015fteriler s\u0131cak bir \u015fekilde kar\u015f\u0131land\u0131 ve en \u00fcst d\u00fczey y\u00f6neticilerimiz ile en profesyonel proje y\u00f6neticilerimiz m\u00fc\u015fterilerle konu\u015fmak i\u00e7in geldiler ve t\u00fcm ihtiya\u00e7lar\u0131n\u0131 kar\u015f\u0131lamak i\u00e7in ellerinden gelenin en iyisini yapmaya \u00e7al\u0131\u015ft\u0131lar. A\u015fa\u011f\u0131daki resimler, Shuliy plastik geri d\u00f6n\u00fc\u015f\u00fcm ekipman\u0131n\u0131 sat\u0131n alan m\u00fc\u015fterileri g\u00f6stermektedir ve onlara kendi k\u00e2rl\u0131 geri d\u00f6n\u00fc\u015f\u00fcm i\u015flerine ba\u015flamalar\u0131nda yard\u0131mc\u0131 olmaktan mutluluk duyuyoruz.<\/p>    <figure class=\"wp-block-gallery has-nested-images columns-default is-cropped wp-block-gallery-2 is-layout-flex wp-block-gallery-is-layout-flex\"> <figure class=\"wp-block-image size-large\"><img loading=\"lazy\" decoding=\"async\" width=\"720\" height=\"540\" data-id=\"6707\" src=\"https:\/\/www.recycle-plant.com\/wp-content\/uploads\/2023\/03\/Shuliy-Group-and-our-customer.jpg\" alt=\"\" class=\"wp-image-6707\" srcset=\"https:\/\/www.recycle-plant.com\/wp-content\/uploads\/2023\/03\/Shuliy-Group-and-our-customer.jpg 720w, https:\/\/www.recycle-plant.com\/wp-content\/uploads\/2023\/03\/Shuliy-Group-and-our-customer-300x225.jpg 300w\" sizes=\"auto, (max-width: 720px) 100vw, 720px\" \/><\/figure>    <figure class=\"wp-block-image size-large\"><img loading=\"lazy\" decoding=\"async\" width=\"720\" height=\"540\" data-id=\"6708\" src=\"https:\/\/www.recycle-plant.com\/wp-content\/uploads\/2023\/03\/Shuliy-project-manager-and-our-customers.jpg\" alt=\"\" class=\"wp-image-6708\" srcset=\"https:\/\/www.recycle-plant.com\/wp-content\/uploads\/2023\/03\/Shuliy-project-manager-and-our-customers.jpg 720w, https:\/\/www.recycle-plant.com\/wp-content\/uploads\/2023\/03\/Shuliy-project-manager-and-our-customers-300x225.jpg 300w\" sizes=\"auto, (max-width: 720px) 100vw, 720px\" \/><\/figure> <\/figure>    <figure class=\"wp-block-gallery has-nested-images columns-default is-cropped wp-block-gallery-3 is-layout-flex wp-block-gallery-is-layout-flex\"> <figure class=\"wp-block-image size-large\"><img loading=\"lazy\" decoding=\"async\" width=\"720\" height=\"528\" data-id=\"6706\" src=\"https:\/\/www.recycle-plant.com\/wp-content\/uploads\/2023\/03\/Shuliy-and-foreign-customers.jpg\" alt=\"\" class=\"wp-image-6706\" srcset=\"https:\/\/www.recycle-plant.com\/wp-content\/uploads\/2023\/03\/Shuliy-and-foreign-customers.jpg 720w, https:\/\/www.recycle-plant.com\/wp-content\/uploads\/2023\/03\/Shuliy-and-foreign-customers-300x220.jpg 300w\" sizes=\"auto, (max-width: 720px) 100vw, 720px\" \/><\/figure>    <figure class=\"wp-block-image size-large\"><img loading=\"lazy\" decoding=\"async\" width=\"720\" height=\"540\" data-id=\"6704\" src=\"https:\/\/www.recycle-plant.com\/wp-content\/uploads\/2023\/03\/customers-and-our-sales-manager.jpg\" alt=\"\" class=\"wp-image-6704\" srcset=\"https:\/\/www.recycle-plant.com\/wp-content\/uploads\/2023\/03\/customers-and-our-sales-manager.jpg 720w, https:\/\/www.recycle-plant.com\/wp-content\/uploads\/2023\/03\/customers-and-our-sales-manager-300x225.jpg 300w\" sizes=\"auto, (max-width: 720px) 100vw, 720px\" \/><\/figure> <\/figure>    <h2 class=\"wp-block-heading\">M\u00fc\u015fterilerimizi nas\u0131l kar\u015f\u0131lad\u0131k?<\/h2>    <h3 class=\"wp-block-heading\">Haz\u0131rl\u0131k <\/h3>    <p>M\u00fc\u015fteriden ziyaret bilgilerini ald\u0131ktan sonra, proje y\u00f6neticisi m\u00fcmk\u00fcn olan en k\u0131sa s\u00fcrede m\u00fc\u015fteriye e-posta veya telefonla yan\u0131t verecektir. M\u00fc\u015fterinin ziyaretini kar\u015f\u0131lad\u0131\u011f\u0131m\u0131z\u0131 ifade edece\u011fiz, ard\u0131ndan ziyaret s\u0131ras\u0131nda ka\u00e7 ziyaret\u00e7i olaca\u011f\u0131n\u0131 ve ara\u00e7la al\u0131n\u0131p al\u0131nmayacaklar\u0131n\u0131 soraca\u011f\u0131z, b\u00f6ylece ziyaret i\u00e7in t\u00fcm d\u00fczenlemeleri kolayla\u015ft\u0131rm\u0131\u015f olaca\u011f\u0131z.<\/p>    <p>M\u00fc\u015fteriden bilgi ald\u0131ktan sonra, Shuliy Grubu m\u00fcmk\u00fcn olan en k\u0131sa s\u00fcrede bir ara\u00e7 talebi g\u00f6ndermek, m\u00fc\u015fterinin ziyareti i\u00e7in bir ileti\u015fim mektubu haz\u0131rlamak, \u00f6rnekler haz\u0131rlamak, \u00fcr\u00fcn tan\u0131t\u0131m bro\u015f\u00fcrleri vb. gibi t\u00fcm d\u00fczenlemeleri yapacakt\u0131r. Kar\u015f\u0131lama s\u0131ras\u0131nda e\u015flik edecek y\u00f6netici veya tak\u0131m liderini planlayaca\u011f\u0131z, ziyaret s\u00fcrecini y\u00f6netecek, i\u00e7erikle ilgili konu\u015facak ve hedefe ula\u015fmay\u0131 umaca\u011f\u0131z.<\/p>    <h3 class=\"wp-block-heading\">Kar\u015f\u0131lama s\u00fcreci<\/h3>    <p>M\u00fc\u015fterilerimizi \u00c7in'e var\u0131\u015f saatlerine g\u00f6re havaalan\u0131nda kar\u015f\u0131layaca\u011f\u0131z. E\u011fer m\u00fc\u015fterinin bagaj\u0131n\u0131 almak zor ise, m\u00fc\u015fteriyi \u00f6nce bagaj\u0131n\u0131 b\u0131rakmas\u0131 i\u00e7in otele g\u00f6nderece\u011fiz.<\/p>    <p>\u015eirkete geldikten sonra, m\u00fc\u015fteriyle \u00f6nceden konu\u015fabilmesi i\u00e7in en rahat ortam\u0131 haz\u0131rlayaca\u011f\u0131z, meyve ve kahve \u00f6nceden haz\u0131rlanm\u0131\u015f olacak.<\/p>    <p>G\u00f6r\u00fc\u015fme s\u0131ras\u0131nda, sat\u0131\u015f temsilcisi m\u00fc\u015fterinin makine i\u015flevi, fiyat vb. konular\u0131ndaki sorular\u0131n\u0131 zaman\u0131nda yan\u0131tlayacakt\u0131r. Bunun ard\u0131ndan fabrikam\u0131z\u0131n turunu ve \u00f6rneklerini sunaca\u011f\u0131z.<\/p>    <h3 class=\"wp-block-heading\">Ziyaretten sonra<\/h3>    <p>Ziyaretin sonunda, Shuliy Grubu m\u00fc\u015fterilerimize \u015firketimize ve \u00fcr\u00fcnlerimize verdikleri destek i\u00e7in te\u015fekk\u00fcr edecek ve kesinlikle s\u0131k\u0131 kalite kontrol\u00fc uygulayarak m\u00fc\u015fterilerimize kaliteli hizmet sunaca\u011f\u0131z.<\/p>    <p>M\u00fc\u015fterinin iadesini d\u00fczenleyin. M\u00fc\u015fteri do\u011frudan havaalan\u0131na giderse, m\u00fc\u015fteriyi havaalan\u0131na g\u00f6nderece\u011fiz; e\u011fer m\u00fc\u015fteri bir sonraki durak olarak ba\u015fka bir yere gitmek zorundaysa, bir ara\u00e7 ayarlayaca\u011f\u0131z ve m\u00fc\u015fteriye \u00f6zel bir g\u00fczergah plan\u0131 sa\u011flayaca\u011f\u0131z.<\/p>","protected":false},"excerpt":{"rendered":"<p>Shuliy welcomes our customers to visit our company. Many of our customers take the initiative to come and see the site before they buy the machine. Our account manager will arrange hotel accommodation for our customers in advance according to their schedule and then lead them to visit our company. Pleasure time with customers All [&hellip;]<\/p>\n","protected":false},"author":1,"featured_media":6705,"parent":0,"menu_order":0,"comment_status":"closed","ping_status":"closed","template":"","meta":{"_kad_blocks_custom_css":"","_kad_blocks_head_custom_js":"","_kad_blocks_body_custom_js":"","_kad_blocks_footer_custom_js":"","footnotes":""},"class_list":["post-6700","page","type-page","status-publish","has-post-thumbnail","hentry"],"taxonomy_info":[],"featured_image_src_large":["https:\/\/www.recycle-plant.com\/wp-content\/uploads\/2023\/03\/photo-with-customers.jpg",704,540,false],"author_info":{"display_name":"Ella","author_link":"https:\/\/www.recycle-plant.com\/tr\/author\/admin\/"},"comment_info":0,"_links":{"self":[{"href":"https:\/\/www.recycle-plant.com\/tr\/wp-json\/wp\/v2\/pages\/6700","targetHints":{"allow":["GET"]}}],"collection":[{"href":"https:\/\/www.recycle-plant.com\/tr\/wp-json\/wp\/v2\/pages"}],"about":[{"href":"https:\/\/www.recycle-plant.com\/tr\/wp-json\/wp\/v2\/types\/page"}],"author":[{"embeddable":true,"href":"https:\/\/www.recycle-plant.com\/tr\/wp-json\/wp\/v2\/users\/1"}],"replies":[{"embeddable":true,"href":"https:\/\/www.recycle-plant.com\/tr\/wp-json\/wp\/v2\/comments?post=6700"}],"version-history":[{"count":0,"href":"https:\/\/www.recycle-plant.com\/tr\/wp-json\/wp\/v2\/pages\/6700\/revisions"}],"wp:featuredmedia":[{"embeddable":true,"href":"https:\/\/www.recycle-plant.com\/tr\/wp-json\/wp\/v2\/media\/6705"}],"wp:attachment":[{"href":"https:\/\/www.recycle-plant.com\/tr\/wp-json\/wp\/v2\/media?parent=6700"}],"curies":[{"name":"wp","href":"https:\/\/api.w.org\/{rel}","templated":true}]}}