{"id":6718,"date":"2023-03-21T15:26:28","date_gmt":"2023-03-21T07:26:28","guid":{"rendered":"https:\/\/www.recycle-plant.com\/?page_id=6718"},"modified":"2023-03-21T15:26:31","modified_gmt":"2023-03-21T07:26:31","slug":"waste-tire-recycling-project","status":"publish","type":"page","link":"https:\/\/www.recycle-plant.com\/tr\/waste-tire-recycling-project\/","title":{"rendered":"At\u0131k Lastik Geri D\u00f6n\u00fc\u015f\u00fcm Projesi"},"content":{"rendered":"<p>Shuliy, lastik at\u0131klar\u0131n\u0131n geri d\u00f6n\u00fc\u015f\u00fcm ve bertaraf sistemini tasarlad\u0131; bu sistem lastik par\u00e7alama, \u00e7elik tel ay\u0131rma, demir \u00e7\u0131karma, lif ay\u0131rma ve di\u011fer bertaraf ekipmanlar\u0131n\u0131 i\u00e7erir. Ayr\u0131ca, peletleme makineleri, \u00f6\u011f\u00fct\u00fcc\u00fcler gibi ek i\u015fleme ekipmanlar\u0131 da eklenebilir ve nihayetinde y\u00fcksek kaliteli kau\u00e7uk gran\u00fclleri veya kau\u00e7uk tozu elde edilebilir.<\/p>    <h2 class=\"wp-block-heading\">At\u0131k lastik gran\u00fclleme hatt\u0131<\/h2>    <p>At\u0131k lastikler d\u00fcnya genelinde her an \u00fcretilmektedir. Bunlar, ev ara\u00e7lar\u0131ndan ve \u00e7e\u015fitli i\u015f ara\u00e7lar\u0131ndan kaynaklanmaktad\u0131r. At\u0131k lastiklerin bile\u015fimi kau\u00e7uk, \u00e7elik, karbon siyah\u0131 ve \u00e7e\u015fitli kimyasallar\u0131 i\u00e7erdi\u011finden, at\u0131k lastikler \"kara alt\u0131n madeni\" olarak da bilinir. Ve at\u0131k lastik geri d\u00f6n\u00fc\u015f\u00fcm\u00fc olgun ve k\u00e2rl\u0131 bir i\u015f koludur. At\u0131k lastiklerin lastik kaynakl\u0131 yak\u0131t (TDF), kau\u00e7uk k\u0131r\u0131nt\u0131s\u0131, kau\u00e7uk tozu ve cracked oil rafinasyonu yapmak i\u00e7in kullan\u0131lmas\u0131, birka\u00e7 temsilci geri d\u00f6n\u00fc\u015f\u00fcm uygulamas\u0131d\u0131r.<\/p>    <p>Shuliy Grubu, otomobil lastikleri, kamyon lastikleri, \u00e7apraz lastikler, radyal lastikler, pn\u00f6matik lastikler, kat\u0131 lastikler gibi her t\u00fcrl\u00fc at\u0131k lasti\u011fi i\u015flemek i\u00e7in \u00f6zel at\u0131k lastik i\u015fleme \u00e7\u00f6z\u00fcmleri tasarlam\u0131\u015ft\u0131r. At\u0131k lastik geri d\u00f6n\u00fc\u015f\u00fcm makinesi, lastikleri par\u00e7alar, \u00e7elik telleri ay\u0131r\u0131r, ard\u0131ndan demiri \u00e7\u0131kar\u0131r ve lifleri ay\u0131r\u0131r. At\u0131k lastik geri d\u00f6n\u00fc\u015f\u00fcm ekipmanlar\u0131, kullan\u0131c\u0131lara daha y\u00fcksek safl\u0131kta kau\u00e7uk tozu, kau\u00e7uk gran\u00fclleri, \u00e7elik tel vb. elde etme imkan\u0131 sunar; bu da at\u0131k lastikleri do\u011frudan satmaktan daha karl\u0131d\u0131r.<\/p>    <figure class=\"wp-block-gallery aligncenter has-nested-images columns-default is-cropped wp-block-gallery-2 is-layout-flex wp-block-gallery-is-layout-flex\"> <figure class=\"wp-block-image size-full\"><img loading=\"lazy\" decoding=\"async\" width=\"720\" height=\"540\" data-id=\"6467\" src=\"https:\/\/www.recycle-plant.com\/wp-content\/uploads\/2023\/01\/automatic-rubber-powder-production-line1.jpg\" alt=\"otomatik kau\u00e7uk tozu \u00fcretim hatt\u0131\" class=\"wp-image-6467\" srcset=\"https:\/\/www.recycle-plant.com\/wp-content\/uploads\/2023\/01\/automatic-rubber-powder-production-line1.jpg 720w, https:\/\/www.recycle-plant.com\/wp-content\/uploads\/2023\/01\/automatic-rubber-powder-production-line1-300x225.jpg 300w\" sizes=\"auto, (max-width: 720px) 100vw, 720px\" \/><figcaption class=\"wp-element-caption\">otomatik kau\u00e7uk tozu \u00fcretim hatt\u0131<\/figcaption><\/figure>    <figure class=\"wp-block-image size-full\"><img loading=\"lazy\" decoding=\"async\" width=\"720\" height=\"540\" data-id=\"4489\" src=\"https:\/\/www.recycle-plant.com\/wp-content\/uploads\/2021\/05\/Rubber-powder-production-line.jpg\" alt=\"Kau\u00e7uk tozu \u00fcretim hatt\u0131\" class=\"wp-image-4489\" srcset=\"https:\/\/www.recycle-plant.com\/wp-content\/uploads\/2021\/05\/Rubber-powder-production-line.jpg 720w, https:\/\/www.recycle-plant.com\/wp-content\/uploads\/2021\/05\/Rubber-powder-production-line-300x225.jpg 300w\" sizes=\"auto, (max-width: 720px) 100vw, 720px\" \/><figcaption class=\"wp-element-caption\">yar\u0131 otomatik kau\u00e7uk tozu \u00fcretim hatt\u0131<\/figcaption><\/figure> <\/figure>    <h2 class=\"wp-block-heading\">Lastik geri d\u00f6n\u00fc\u015f\u00fcm hatt\u0131ndan elde edebilece\u011finiz \u00fcr\u00fcnler<\/h2>    <figure class=\"wp-block-image aligncenter size-full\"><img loading=\"lazy\" decoding=\"async\" width=\"720\" height=\"540\" src=\"https:\/\/www.recycle-plant.com\/wp-content\/uploads\/2023\/03\/waste-tire-recycling-project.jpg\" alt=\"at\u0131k lastik geri d\u00f6n\u00fc\u015f\u00fcm projesi\" class=\"wp-image-6721\" srcset=\"https:\/\/www.recycle-plant.com\/wp-content\/uploads\/2023\/03\/waste-tire-recycling-project.jpg 720w, https:\/\/www.recycle-plant.com\/wp-content\/uploads\/2023\/03\/waste-tire-recycling-project-300x225.jpg 300w\" sizes=\"auto, (max-width: 720px) 100vw, 720px\" \/><figcaption class=\"wp-element-caption\">at\u0131k lastik geri d\u00f6n\u00fc\u015f\u00fcm projesi<\/figcaption><\/figure>    <h2 class=\"wp-block-heading\">Shuliy at\u0131k lastik geri d\u00f6n\u00fc\u015f\u00fcm projesinin avantajlar\u0131<\/h2>    <ul class=\"wp-block-list\"> <li>Lastik geri d\u00f6n\u00fc\u015f\u00fcm hatt\u0131, at\u0131k lastik par\u00e7alama makinesi, titre\u015fimli eleme makinesi ve daha y\u00fcksek i\u015fleme verimlili\u011fi ile tel ay\u0131r\u0131c\u0131 dahil olmak \u00fczere y\u00fcksek kaliteli bir makine kullanmaktad\u0131r. Shuliy Grubu, k\u00fc\u00e7\u00fck \u00f6l\u00e7ekli lastik geri d\u00f6n\u00fc\u015f\u00fcm tesisi i\u00e7in otomatik ve yar\u0131 otomatik lastik geri d\u00f6n\u00fc\u015f\u00fcm tesisi sunmaktad\u0131r.<\/li>    <li>Farkl\u0131 de\u015farj par\u00e7ac\u0131k boyutu gereksinimlerine g\u00f6re, \u00e7elik tel ay\u0131r\u0131c\u0131, kau\u00e7uk k\u0131r\u0131c\u0131, gran\u00fclat\u00f6r, lif ay\u0131r\u0131c\u0131, de\u011firmen ve di\u011fer ekipmanlar birle\u015ftirilebilir, \u00fcretim hatt\u0131 konfig\u00fcrasyonu esnektir.<\/li>    <li>Tam otomatik kau\u00e7uk tozu \u00fcretim hatt\u0131n\u0131n otomatik \u00e7al\u0131\u015fmas\u0131, i\u015f g\u00fcc\u00fcnden ve zamandan tasarruf sa\u011flayabilir ve sistemin \u00e7al\u0131\u015fma kararl\u0131l\u0131\u011f\u0131n\u0131 art\u0131rabilir.<\/li> <\/ul>","protected":false},"excerpt":{"rendered":"<p>Shuliy designed the waste tire recycling and disposal system, including tire shredding, steel wire separation, iron removal, fiber separation and other disposal equipment, and can also add further processing equipment such as pelletizers, grinders, etc., and finally can obtain high-quality rubber granules or rubber powder. Waste tire granulating line Scrap tires are produced every moment [&hellip;]<\/p>\n","protected":false},"author":1,"featured_media":0,"parent":0,"menu_order":0,"comment_status":"closed","ping_status":"closed","template":"","meta":{"_kad_blocks_custom_css":"","_kad_blocks_head_custom_js":"","_kad_blocks_body_custom_js":"","_kad_blocks_footer_custom_js":"","footnotes":""},"class_list":["post-6718","page","type-page","status-publish","hentry"],"taxonomy_info":[],"featured_image_src_large":false,"author_info":{"display_name":"Ella","author_link":"https:\/\/www.recycle-plant.com\/tr\/author\/admin\/"},"comment_info":0,"_links":{"self":[{"href":"https:\/\/www.recycle-plant.com\/tr\/wp-json\/wp\/v2\/pages\/6718","targetHints":{"allow":["GET"]}}],"collection":[{"href":"https:\/\/www.recycle-plant.com\/tr\/wp-json\/wp\/v2\/pages"}],"about":[{"href":"https:\/\/www.recycle-plant.com\/tr\/wp-json\/wp\/v2\/types\/page"}],"author":[{"embeddable":true,"href":"https:\/\/www.recycle-plant.com\/tr\/wp-json\/wp\/v2\/users\/1"}],"replies":[{"embeddable":true,"href":"https:\/\/www.recycle-plant.com\/tr\/wp-json\/wp\/v2\/comments?post=6718"}],"version-history":[{"count":0,"href":"https:\/\/www.recycle-plant.com\/tr\/wp-json\/wp\/v2\/pages\/6718\/revisions"}],"wp:attachment":[{"href":"https:\/\/www.recycle-plant.com\/tr\/wp-json\/wp\/v2\/media?parent=6718"}],"curies":[{"name":"wp","href":"https:\/\/api.w.org\/{rel}","templated":true}]}}