{"id":6728,"date":"2023-03-22T14:52:15","date_gmt":"2023-03-22T06:52:15","guid":{"rendered":"https:\/\/www.recycle-plant.com\/?page_id=6728"},"modified":"2023-03-22T14:52:40","modified_gmt":"2023-03-22T06:52:40","slug":"plastic-tube-manufacturing-process","status":"publish","type":"page","link":"https:\/\/www.recycle-plant.com\/tr\/plastic-tube-manufacturing-process\/","title":{"rendered":"Plastik Boru \u00dcretim S\u00fcreci"},"content":{"rendered":"<p>Plastik borular, ambalajdan t\u0131bbi cihazlara kadar bir\u00e7ok end\u00fcstride temel bir bile\u015fendir. Esnek, hafif ve \u00e7e\u015fitli gereksinimleri kar\u015f\u0131layacak \u015fekilde \u00f6zelle\u015ftirilebilirler. Ancak, plastik boru \u00fcretim s\u00fcreci karma\u015f\u0131kt\u0131r ve y\u00fcksek d\u00fczeyde hassasiyet, uzmanl\u0131k ve profesyonel ekipman gerektirir.<\/p>    <h2 class=\"wp-block-heading\">Plastik borunun yayg\u0131n malzemeleri<\/h2>    <p>Polivinil klor\u00fcr (PVC): PVC, dayan\u0131kl\u0131l\u0131\u011f\u0131, kimyasal direnci ve d\u00fc\u015f\u00fck maliyeti nedeniyle boru imalat\u0131nda yayg\u0131n olarak kullan\u0131lan bir plastik malzemedir. Su temin ve drenaj sistemlerinde, sulama sistemlerinde ve elektrik kanallar\u0131nda yayg\u0131n olarak kullan\u0131l\u0131r.<\/p>    <p>Y\u00fcksek yo\u011funluklu polietilen (HDPE): HDPE, y\u00fcksek dayan\u0131kl\u0131l\u0131\u011f\u0131, dayan\u0131kl\u0131l\u0131\u011f\u0131 ve kimyasallara ve UV \u0131\u015f\u0131nlar\u0131na kar\u015f\u0131 direnci nedeniyle boru \u00fcretiminde yayg\u0131n olarak kullan\u0131lan bir termoplastik malzemedir. Su temin sistemlerinde, gaz da\u011f\u0131t\u0131m sistemlerinde ve drenaj sistemlerinde kullan\u0131l\u0131r.<\/p>    <p>Polipropilen (PP): PP, kimyasallara ve \u0131s\u0131ya y\u00fcksek direnci nedeniyle boru imalat\u0131nda yayg\u0131n olarak kullan\u0131lan bir termoplastik malzemedir. Su temin sistemlerinde, kimyasal ta\u015f\u0131mada ve at\u0131k su sistemlerinde kullan\u0131l\u0131r.<\/p>    <h2 class=\"wp-block-heading\">Shuliy plastik boru \u00fcretim makinesi<\/h2>    <p class=\"translation-block\">Shuliy Group, tam<a href=\"https:\/\/www.recycle-plant.com\/tr\/plastic-pipe-making-machine.html\"> plastik boru \u00fcretim hatt\u0131<\/a> ve ilgili makineleri sa\u011flamaktad\u0131r. Plastik borular\u0131m\u0131z, plastik boru \u00fcretiminde en yayg\u0131n y\u00f6ntem olan ekstr\u00fczyon s\u00fcreci ile \u00fcretilmektedir. Bu s\u00fcre\u00e7, ham termoplastik malzemelerin eritilmesini ve s\u00fcrekli bir boru olu\u015fturmak i\u00e7in bir kal\u0131ptan ge\u00e7irilmesini i\u00e7erir. Bu s\u00fcre\u00e7 olduk\u00e7a otomatikle\u015ftirilmi\u015ftir, bu da tutarl\u0131 boru kalitesi ve \u00fcretim verimlili\u011fi sa\u011flar.<\/p>    <figure class=\"wp-block-image size-full\"><img loading=\"lazy\" decoding=\"async\" width=\"720\" height=\"540\" src=\"https:\/\/www.recycle-plant.com\/wp-content\/uploads\/2022\/06\/plastic-pipe-production-line.jpg\" alt=\"plastik boru \u00fcretim hatt\u0131\" class=\"wp-image-6051\" srcset=\"https:\/\/www.recycle-plant.com\/wp-content\/uploads\/2022\/06\/plastic-pipe-production-line.jpg 720w, https:\/\/www.recycle-plant.com\/wp-content\/uploads\/2022\/06\/plastic-pipe-production-line-300x225.jpg 300w\" sizes=\"auto, (max-width: 720px) 100vw, 720px\" \/><figcaption class=\"wp-element-caption\">plastik boru \u00fcretim hatt\u0131<\/figcaption><\/figure>    <h2 class=\"wp-block-heading\">Shuliy'i se\u00e7in, istedi\u011finiz plastik borular\u0131 elde edin<\/h2>    <figure class=\"wp-block-gallery has-nested-images columns-default is-cropped wp-block-gallery-2 is-layout-flex wp-block-gallery-is-layout-flex\"> <figure class=\"wp-block-image size-large\"><img loading=\"lazy\" decoding=\"async\" width=\"720\" height=\"540\" data-id=\"6048\" src=\"https:\/\/www.recycle-plant.com\/wp-content\/uploads\/2022\/06\/PVC-pipes.jpg\" alt=\"PVC borular\" class=\"wp-image-6048\" srcset=\"https:\/\/www.recycle-plant.com\/wp-content\/uploads\/2022\/06\/PVC-pipes.jpg 720w, https:\/\/www.recycle-plant.com\/wp-content\/uploads\/2022\/06\/PVC-pipes-300x225.jpg 300w\" sizes=\"auto, (max-width: 720px) 100vw, 720px\" \/><\/figure>    <figure class=\"wp-block-image size-large\"><img loading=\"lazy\" decoding=\"async\" width=\"720\" height=\"540\" data-id=\"6047\" src=\"https:\/\/www.recycle-plant.com\/wp-content\/uploads\/2022\/06\/products-of-plastic-pipe-production-line.jpg\" alt=\"plastik boru \u00fcretim hatt\u0131 \u00fcr\u00fcnleri\" class=\"wp-image-6047\" srcset=\"https:\/\/www.recycle-plant.com\/wp-content\/uploads\/2022\/06\/products-of-plastic-pipe-production-line.jpg 720w, https:\/\/www.recycle-plant.com\/wp-content\/uploads\/2022\/06\/products-of-plastic-pipe-production-line-300x225.jpg 300w\" sizes=\"auto, (max-width: 720px) 100vw, 720px\" \/><\/figure> <\/figure>    <p>Plastik boru \u00fcretim s\u00fcreci karma\u015f\u0131k, ancak ayn\u0131 zamanda son derece verimli ve \u00e7ok y\u00f6nl\u00fcd\u00fcr. \u0130leri d\u00fczey plastik boru yap\u0131m makineleri ve teknikleri kullanarak, \u00fcreticiler dayan\u0131kl\u0131l\u0131k, esneklik ve kimyasal diren\u00e7 gibi belirli gereksinimleri kar\u015f\u0131layan borular \u00fcretebilirler. <\/p>    <p>G\u00fcvenilir bir plastik boru \u00fcretim makinesi tedarik\u00e7isi ar\u0131yorsan\u0131z, ekstr\u00fczyon, kal\u0131plama ve y\u00fczey i\u015flemleri konusunda uzman bir \u00fcretici se\u00e7ti\u011finizden emin olun. Shuliy Group'u se\u00e7menin en iyi se\u00e7ene\u011finiz oldu\u011funa inan\u0131yoruz. \u0130lgileniyorsan\u0131z, gereksinimlerinizi mesaj formumuza b\u0131rakabilirsiniz. Profesyonel proje y\u00f6neticimiz en k\u0131sa s\u00fcrede sizinle ileti\u015fime ge\u00e7ecektir.<\/p>","protected":false},"excerpt":{"rendered":"<p>Plastic tubes are an essential component in many industries, from packaging to medical devices. They are flexible, lightweight, and can be customized to meet various requirements. However, the plastic pipe manufacturing process is complex, requiring a high level of precision, expertise and professional equipment. Common materials of plastic pipe Polyvinyl chloride (PVC): PVC is a [&hellip;]<\/p>\n","protected":false},"author":1,"featured_media":0,"parent":0,"menu_order":0,"comment_status":"closed","ping_status":"closed","template":"","meta":{"_kad_blocks_custom_css":"","_kad_blocks_head_custom_js":"","_kad_blocks_body_custom_js":"","_kad_blocks_footer_custom_js":"","footnotes":""},"class_list":["post-6728","page","type-page","status-publish","hentry"],"taxonomy_info":[],"featured_image_src_large":false,"author_info":{"display_name":"Ella","author_link":"https:\/\/www.recycle-plant.com\/tr\/author\/admin\/"},"comment_info":0,"_links":{"self":[{"href":"https:\/\/www.recycle-plant.com\/tr\/wp-json\/wp\/v2\/pages\/6728","targetHints":{"allow":["GET"]}}],"collection":[{"href":"https:\/\/www.recycle-plant.com\/tr\/wp-json\/wp\/v2\/pages"}],"about":[{"href":"https:\/\/www.recycle-plant.com\/tr\/wp-json\/wp\/v2\/types\/page"}],"author":[{"embeddable":true,"href":"https:\/\/www.recycle-plant.com\/tr\/wp-json\/wp\/v2\/users\/1"}],"replies":[{"embeddable":true,"href":"https:\/\/www.recycle-plant.com\/tr\/wp-json\/wp\/v2\/comments?post=6728"}],"version-history":[{"count":0,"href":"https:\/\/www.recycle-plant.com\/tr\/wp-json\/wp\/v2\/pages\/6728\/revisions"}],"wp:attachment":[{"href":"https:\/\/www.recycle-plant.com\/tr\/wp-json\/wp\/v2\/media?parent=6728"}],"curies":[{"name":"wp","href":"https:\/\/api.w.org\/{rel}","templated":true}]}}