{"id":6536,"date":"2018-10-17T06:10:23","date_gmt":"2018-10-17T06:10:23","guid":{"rendered":"https:\/\/www.recycle-plant.com\/?page_id=5"},"modified":"2024-03-11T17:07:32","modified_gmt":"2024-03-11T09:07:32","slug":"about-us","status":"publish","type":"page","link":"https:\/\/www.recycle-plant.com\/vi\/about-us\/","title":{"rendered":"V\u1ec1 ch\u00fang t\u00f4i"},"content":{"rendered":"<h2 class=\"wp-block-heading\">Ch\u00fang t\u00f4i l\u00e0 ai<\/h2>    <p>C\u00f4ng ty TNHH M\u00e1y m\u00f3c Shuliy Tr\u1ecbnh Ch\u00e2u l\u00e0 m\u1ed9t doanh nghi\u1ec7p n\u1ed5i ti\u1ebfng t\u00edch h\u1ee3p nghi\u00ean c\u1ee9u khoa h\u1ecdc, ph\u00e1t tri\u1ec3n, thi\u1ebft k\u1ebf, s\u1ea3n xu\u1ea5t v\u00e0 b\u00e1n h\u00e0ng. N\u00f3 t\u1ecda l\u1ea1c t\u1ea1i Khu ph\u00e1t tri\u1ec3n Kinh t\u1ebf v\u00e0 C\u00f4ng ngh\u1ec7 Tr\u1ecbnh Ch\u00e2u, l\u00e0 trung t\u00e2m th\u01b0\u01a1ng m\u1ea1i v\u00e0 kinh t\u1ebf, ch\u1ee7 y\u1ebfu tham gia v\u00e0o ho\u1ea1t \u0111\u1ed9ng xu\u1ea5t nh\u1eadp kh\u1ea9u thi\u1ebft b\u1ecb c\u01a1 kh\u00ed. T\u1ea1i \u0111\u00e2y c\u00f3 h\u01a1n 300 nh\u00e2n vi\u00ean, t\u1ea5t c\u1ea3 \u0111\u1ec1u \u0111\u01b0\u1ee3c truy\u1ec1n c\u1ea3m h\u1ee9ng t\u1eeb ni\u1ec1m vui l\u00e0m vi\u1ec7c nh\u01b0 m\u1ed9t gia \u0111\u00ecnh.<\/p>    <figure class=\"wp-block-image aligncenter size-large\"><img decoding=\"async\" src=\"https:\/\/www.recycle-plant.com\/wp-content\/uploads\/2022\/03\/shuliy-machinery-factory-720x377.jpg\" alt=\"\" class=\"wp-image-5797\"><\/figure>    <h2 class=\"wp-block-heading\">Kh\u1ea3 n\u0103ng R&amp;D c\u1ee7a ch\u00fang t\u00f4i<\/h2>    <p>Ch\u00fang t\u00f4i lu\u00f4n tin t\u01b0\u1edfng r\u1eb1ng c\u00f4ng ngh\u1ec7 l\u00e0 l\u1ef1c l\u01b0\u1ee3ng s\u1ea3n xu\u1ea5t ch\u00ednh. D\u01b0\u1edbi s\u1ef1 h\u01b0\u1edbng d\u1eabn c\u1ee7a kh\u00e1i ni\u1ec7m n\u00e0y, ch\u00fang t\u00f4i \u0111\u00e3 \u0111\u1ea7u t\u01b0 l\u1edbn v\u00e0o vi\u1ec7c thu\u00ea nhi\u1ec1u chuy\u00ean gia c\u01a1 kh\u00ed xu\u1ea5t s\u1eafc l\u00e0m t\u01b0 v\u1ea5n, v\u00ec v\u1eady ch\u00fang t\u00f4i c\u00f3 kh\u1ea3 n\u0103ng xu\u1ea5t s\u1eafc trong vi\u1ec7c nghi\u00ean c\u1ee9u v\u00e0 ph\u00e1t tri\u1ec3n s\u1ea3n ph\u1ea9m m\u1edbi c\u0169ng nh\u01b0 c\u1ea3i thi\u1ec7n ch\u1ea5t l\u01b0\u1ee3ng m\u00e1y m\u00f3c truy\u1ec1n th\u1ed1ng.<\/p>    <h2 class=\"wp-block-heading\">S\u1ea3n ph\u1ea9m ch\u00ednh v\u00e0 th\u1ecb tr\u01b0\u1eddng c\u1ee7a ch\u00fang t\u00f4i<\/h2>    <p class=\"translation-block\">S\u1ea3n ph\u1ea9m ch\u00ednh c\u1ee7a ch\u00fang t\u00f4i bao g\u1ed3m <a href=\"https:\/\/www.recycle-plant.com\/vi\/plastic-pelletizer-machine-2.html\">m\u00e1y t\u1ea1o h\u1ea1t nh\u1ef1a<\/a> v\u00e0 <a href=\"https:\/\/www.recycle-plant.com\/vi\/plastic-film-recycling-production-line\/\">d\u00e2y chuy\u1ec1n t\u1ea1o h\u1ea1t nh\u1ef1a<\/a> ho\u00e0n ch\u1ec9nh, c\u00f3 th\u1ec3 t\u00e1i ch\u1ebf v\u1eadt li\u1ec7u PP\/PE\/LDPE\/PVC. Ngo\u00e0i ra, ch\u00fang t\u00f4i c\u00f2n chuy\u00ean s\u1ea3n xu\u1ea5t m\u00e1y t\u00e1i ch\u1ebf chai PET v\u00e0 cung c\u1ea5p cho b\u1ea1n <a href=\"https:\/\/www.recycle-plant.com\/vi\/plastic-bottle-recycling-line\/\">d\u00e2y chuy\u1ec1n nghi\u1ec1n v\u00e0 r\u1eeda chai PET<\/a> ho\u00e0n ch\u1ec9nh.<\/p>    <p>Trong nh\u1eefng n\u0103m g\u1ea7n \u0111\u00e2y, c\u00e1c m\u00e1y t\u00e1i ch\u1ebf c\u1ee7a ch\u00fang t\u00f4i \u0111\u00e3 \u0111\u01b0\u1ee3c \u01b0a chu\u1ed9ng t\u1ea1i c\u00e1c th\u1ecb tr\u01b0\u1eddng ch\u00e2u Phi v\u00e0 ch\u00e2u \u00c1, nh\u01b0 Nigeria, Kenya, Nam Phi, Ghana, Congo, Ethiopia, Namibia, Morocco, Botswana, Zimbabwe, Uganda, Algeria, \u1ea2 R\u1eadp Saudi v\u00e0 Cameroon.<\/p>    <figure class=\"wp-block-image aligncenter size-full\"><img loading=\"lazy\" decoding=\"async\" width=\"720\" height=\"540\" src=\"https:\/\/www.recycle-plant.com\/wp-content\/uploads\/2023\/01\/plastic-pelletizing-plant1.jpg\" alt=\"\" class=\"wp-image-6506\" srcset=\"https:\/\/www.recycle-plant.com\/wp-content\/uploads\/2023\/01\/plastic-pelletizing-plant1.jpg 720w, https:\/\/www.recycle-plant.com\/wp-content\/uploads\/2023\/01\/plastic-pelletizing-plant1-300x225.jpg 300w\" sizes=\"auto, (max-width: 720px) 100vw, 720px\" \/><figcaption class=\"wp-element-caption\">kh\u00e1ch h\u00e0ng c\u1ee7a ch\u00fang t\u00f4i \u1edf \u1ea2 R\u1eadp Saudi v\u00e0 k\u1ef9 s\u01b0 c\u1ee7a ch\u00fang t\u00f4i<\/figcaption><\/figure>    <h2 class=\"wp-block-heading\">Ki\u1ec3m so\u00e1t ch\u1ea5t l\u01b0\u1ee3ng v\u00e0 d\u1ecbch v\u1ee5 c\u1ee7a ch\u00fang t\u00f4i<\/h2>    <p>Ch\u00fang t\u00f4i lu\u00f4n ph\u1ea5n \u0111\u1ea5u cho s\u1ef1 xu\u1ea5t s\u1eafc. Nh\u1edd v\u00e0o l\u1ef1c l\u01b0\u1ee3ng lao \u0111\u1ed9ng \u0111\u01b0\u1ee3c \u0111\u00e0o t\u1ea1o b\u00e0i b\u1ea3n, h\u1ec7 th\u1ed1ng \u0111\u1ea3m b\u1ea3o ch\u1ea5t l\u01b0\u1ee3ng nghi\u00eam ng\u1eb7t, qu\u1ea3n l\u00fd t\u1ed1i \u01b0u to\u00e0n b\u1ed9 quy tr\u00ecnh s\u1ea3n xu\u1ea5t v\u00e0 h\u1ec7 th\u1ed1ng d\u1ecbch v\u1ee5 sau b\u00e1n h\u00e0ng ho\u00e0n h\u1ea3o, s\u1ea3n ph\u1ea9m v\u00e0 d\u1ecbch v\u1ee5 c\u1ee7a ch\u00fang t\u00f4i \u0111\u01b0\u1ee3c kh\u00e1ch h\u00e0ng trong n\u01b0\u1edbc v\u00e0 qu\u1ed1c t\u1ebf \u0111\u00e1nh gi\u00e1 cao. D\u1ef1a tr\u00ean nguy\u00ean t\u1eafc l\u1ea5y ch\u1ea5t l\u01b0\u1ee3ng l\u00e0m trung t\u00e2m, uy t\u00edn t\u1ed1t v\u00e0 kh\u00e1ch h\u00e0ng l\u00e0 tr\u00ean h\u1ebft, ch\u00fang t\u00f4i gi\u1eef v\u1eefng ni\u1ec1m tin \u0111\u1ec3 t\u1ea1o ra nh\u1eefng s\u1ea3n ph\u1ea9m ch\u1ea5t l\u01b0\u1ee3ng cao trong c\u00e1c ng\u00e0nh li\u00ean quan v\u00e0 \u0111\u1ea1t \u0111\u01b0\u1ee3c hi\u1ec7u su\u1ea5t tuy\u1ec7t v\u1eddi trong nhi\u1ec1u n\u0103m. <\/p>    <p>Ch\u00fang t\u00f4i r\u1ea5t t\u1eadn t\u00e2m cung c\u1ea5p s\u1ea3n ph\u1ea9m ch\u1ea5t l\u01b0\u1ee3ng cao v\u00e0 d\u1ecbch v\u1ee5 h\u00e0i l\u00f2ng cho t\u1ea5t c\u1ea3 kh\u00e1ch h\u00e0ng v\u00e0 mong mu\u1ed1n h\u1ee3p t\u00e1c ch\u00e2n th\u00e0nh v\u1edbi h\u1ecd \u0111\u1ec3 c\u00f3 m\u1ed9t t\u01b0\u01a1ng lai t\u01b0\u01a1i s\u00e1ng. C\u00f4ng ty ch\u00fang t\u00f4i h\u01b0\u1edbng t\u1edbi vi\u1ec7c \u0111\u1ed5i m\u1edbi trong th\u1ef1c ti\u1ec5n v\u00e0 cung c\u1ea5p m\u1ed9t \u0111\u1ea3m b\u1ea3o \u0111\u00e1ng tin c\u1eady t\u1eeb s\u1ea3n xu\u1ea5t \u0111\u1ebfn b\u00e1n h\u00e0ng.<\/p>","protected":false},"excerpt":{"rendered":"<p>Who Are We Zhengzhou Shuliy Machinery Co., Ltd is a well-known enterprise that integrates scientific research, development, design, manufacturing, and sales as a whole. It is located in Zhengzhou Economic and Technological Development Zone, which is a commercial and economic center, mainly engaging in the import and export of mechanical equipment. Here is empowered with [&hellip;]<\/p>\n","protected":false},"author":1,"featured_media":0,"parent":0,"menu_order":0,"comment_status":"open","ping_status":"closed","template":"","meta":{"_kad_blocks_custom_css":"","_kad_blocks_head_custom_js":"","_kad_blocks_body_custom_js":"","_kad_blocks_footer_custom_js":"","footnotes":""},"class_list":["post-6536","page","type-page","status-publish","hentry"],"taxonomy_info":[],"featured_image_src_large":false,"author_info":{"display_name":"Ella","author_link":"https:\/\/www.recycle-plant.com\/vi\/author\/admin\/"},"comment_info":8,"_links":{"self":[{"href":"https:\/\/www.recycle-plant.com\/vi\/wp-json\/wp\/v2\/pages\/6536","targetHints":{"allow":["GET"]}}],"collection":[{"href":"https:\/\/www.recycle-plant.com\/vi\/wp-json\/wp\/v2\/pages"}],"about":[{"href":"https:\/\/www.recycle-plant.com\/vi\/wp-json\/wp\/v2\/types\/page"}],"author":[{"embeddable":true,"href":"https:\/\/www.recycle-plant.com\/vi\/wp-json\/wp\/v2\/users\/1"}],"replies":[{"embeddable":true,"href":"https:\/\/www.recycle-plant.com\/vi\/wp-json\/wp\/v2\/comments?post=6536"}],"version-history":[{"count":0,"href":"https:\/\/www.recycle-plant.com\/vi\/wp-json\/wp\/v2\/pages\/6536\/revisions"}],"wp:attachment":[{"href":"https:\/\/www.recycle-plant.com\/vi\/wp-json\/wp\/v2\/media?parent=6536"}],"curies":[{"name":"wp","href":"https:\/\/api.w.org\/{rel}","templated":true}]}}