{"id":6612,"date":"2023-03-08T09:48:08","date_gmt":"2023-03-08T09:48:08","guid":{"rendered":"https:\/\/www.recycle-plant.com\/?page_id=6612"},"modified":"2023-03-09T08:32:59","modified_gmt":"2023-03-09T08:32:59","slug":"shuliy-groups-global-customers","status":"publish","type":"page","link":"https:\/\/www.recycle-plant.com\/vi\/shuliy-groups-global-customers\/","title":{"rendered":"Kh\u00e1ch h\u00e0ng to\u00e0n c\u1ea7u c\u1ee7a Shuliy Group"},"content":{"rendered":"<p>M\u00e1y nghi\u1ec1n nh\u1ef1a Shuliy, m\u00e1y t\u00e1i ch\u1ebf chai PET v\u00e0 m\u00e1y t\u00e1i ch\u1ebf l\u1ed1p xe \u0111\u00e3 \u0111\u01b0\u1ee3c xu\u1ea5t kh\u1ea9u v\u00e0 l\u1eafp \u0111\u1eb7t t\u1ea1i h\u01a1n 50 qu\u1ed1c gia bao g\u1ed3m:<\/p>    <p>Ch\u00e2u \u00c1: \u1ea2 R\u1eadp X\u00ea \u00dat, Nh\u1eadt B\u1ea3n, Sri Lanka, Kazakhstan, Malaysia,<\/p>    <p>Ch\u00e2u Phi: Senegal, Ghana, Nigeria, Uganda, Kenya, Tanzania, Mozambique, Ethiopia, Congo<\/p>    <p>Ch\u00e2u \u00c2u: Kosovo, V\u01b0\u01a1ng qu\u1ed1c Anh, \u0110\u1ee9c, Hungary, Romania, <\/p>    <p>B\u1eafc M\u1ef9: M\u1ef9, Jamaica<\/p>    <h2 class=\"wp-block-heading\">\u0110\u1ecba \u0111i\u1ec3m giao h\u00e0ng<\/h2>    <p>Tr\u01b0\u1edbc khi v\u1eadn chuy\u1ec3n m\u00e1y, c\u00e1c k\u1ef9 s\u01b0 c\u1ee7a ch\u00fang t\u00f4i s\u1ebd ki\u1ec3m tra c\u1ea9n th\u1eadn c\u00e1c m\u00e1y m\u00f3c v\u00e0 s\u1ed1 l\u01b0\u1ee3ng ph\u1ee5 ki\u1ec7n. Ch\u00fang t\u00f4i s\u1ebd g\u1eedi s\u01a1 \u0111\u1ed3 v\u00e0 video v\u1eadn chuy\u1ec3n m\u00e1y \u0111\u1ebfn kh\u00e1ch h\u00e0ng k\u1ecbp th\u1eddi, \u0111\u1ec3 kh\u00e1ch h\u00e0ng c\u00f3 th\u1ec3 bi\u1ebft t\u00ecnh h\u00ecnh v\u1eadn chuy\u1ec3n m\u00e1y b\u1ea5t c\u1ee9 l\u00fac n\u00e0o.<\/p>    <figure class=\"wp-block-gallery has-nested-images columns-default is-cropped wp-block-gallery-2 is-layout-flex wp-block-gallery-is-layout-flex\"> <figure class=\"wp-block-image size-large\"><img loading=\"lazy\" decoding=\"async\" width=\"540\" height=\"720\" data-id=\"6490\" src=\"https:\/\/www.recycle-plant.com\/wp-content\/uploads\/2023\/01\/Plastic-granulator-shipped-to-Mozambique1.jpg\" alt=\"M\u00e1y nghi\u1ec1n nh\u1ef1a \u0111\u00e3 \u0111\u01b0\u1ee3c v\u1eadn chuy\u1ec3n \u0111\u1ebfn Mozambique\" class=\"wp-image-6490\" srcset=\"https:\/\/www.recycle-plant.com\/wp-content\/uploads\/2023\/01\/Plastic-granulator-shipped-to-Mozambique1.jpg 540w, https:\/\/www.recycle-plant.com\/wp-content\/uploads\/2023\/01\/Plastic-granulator-shipped-to-Mozambique1-225x300.jpg 225w\" sizes=\"auto, (max-width: 540px) 100vw, 540px\" \/><figcaption class=\"wp-element-caption\">m\u00e1y nghi\u1ec1n nh\u1ef1a \u0111\u01b0\u1ee3c g\u1eedi \u0111\u1ebfn Mozambique<\/figcaption><\/figure>    <figure class=\"wp-block-image size-large\"><img loading=\"lazy\" decoding=\"async\" width=\"540\" height=\"720\" data-id=\"6440\" src=\"https:\/\/www.recycle-plant.com\/wp-content\/uploads\/2019\/11\/PET-bottle-washing-machines1.jpg\" alt=\"\" class=\"wp-image-6440\" srcset=\"https:\/\/www.recycle-plant.com\/wp-content\/uploads\/2019\/11\/PET-bottle-washing-machines1.jpg 540w, https:\/\/www.recycle-plant.com\/wp-content\/uploads\/2019\/11\/PET-bottle-washing-machines1-225x300.jpg 225w\" sizes=\"auto, (max-width: 540px) 100vw, 540px\" \/><figcaption class=\"wp-element-caption\">d\u00e2y chuy\u1ec1n t\u00e1i ch\u1ebf chai PET \u0111\u01b0\u1ee3c g\u1eedi \u0111\u1ebfn Mozambique<\/figcaption><\/figure>    <figure class=\"wp-block-image size-large\"><img loading=\"lazy\" decoding=\"async\" width=\"540\" height=\"720\" data-id=\"6288\" src=\"https:\/\/www.recycle-plant.com\/wp-content\/uploads\/2022\/11\/shipment.jpg\" alt=\"l\u00f4 h\u00e0ng m\u00e1y \u00e9p nh\u1ef1a\" class=\"wp-image-6288\" srcset=\"https:\/\/www.recycle-plant.com\/wp-content\/uploads\/2022\/11\/shipment.jpg 540w, https:\/\/www.recycle-plant.com\/wp-content\/uploads\/2022\/11\/shipment-225x300.jpg 225w\" sizes=\"auto, (max-width: 540px) 100vw, 540px\" \/><figcaption class=\"wp-element-caption\">l\u00f4 h\u00e0ng m\u00e1y \u00e9p nh\u1ef1a \u0111\u1ebfn Ghana<\/figcaption><\/figure>    <figure class=\"wp-block-image size-large\"><img loading=\"lazy\" decoding=\"async\" width=\"540\" height=\"720\" data-id=\"6282\" src=\"https:\/\/www.recycle-plant.com\/wp-content\/uploads\/2022\/11\/plastic-pelletizers.jpg\" alt=\"m\u00e1y t\u1ea1o vi\u00ean nh\u1ef1a\" class=\"wp-image-6282\" srcset=\"https:\/\/www.recycle-plant.com\/wp-content\/uploads\/2022\/11\/plastic-pelletizers.jpg 540w, https:\/\/www.recycle-plant.com\/wp-content\/uploads\/2022\/11\/plastic-pelletizers-225x300.jpg 225w\" sizes=\"auto, (max-width: 540px) 100vw, 540px\" \/><figcaption class=\"wp-element-caption\">m\u00e1y t\u1ea1o vi\u00ean nh\u1ef1a \u0111\u01b0\u1ee3c g\u1eedi \u0111\u1ebfn Ethiopia<\/figcaption><\/figure>    <figure class=\"wp-block-image size-large\"><img loading=\"lazy\" decoding=\"async\" width=\"540\" height=\"720\" data-id=\"6173\" src=\"https:\/\/www.recycle-plant.com\/wp-content\/uploads\/2022\/10\/loading-and-delivery1.jpg\" alt=\"t\u1ea3i v\u00e0 giao h\u00e0ng\" class=\"wp-image-6173\" srcset=\"https:\/\/www.recycle-plant.com\/wp-content\/uploads\/2022\/10\/loading-and-delivery1.jpg 540w, https:\/\/www.recycle-plant.com\/wp-content\/uploads\/2022\/10\/loading-and-delivery1-225x300.jpg 225w\" sizes=\"auto, (max-width: 540px) 100vw, 540px\" \/><figcaption class=\"wp-element-caption\">t\u1ea3i v\u00e0 giao h\u00e0ng<\/figcaption><\/figure>    <figure class=\"wp-block-image size-large\"><img loading=\"lazy\" decoding=\"async\" width=\"540\" height=\"720\" data-id=\"6172\" src=\"https:\/\/www.recycle-plant.com\/wp-content\/uploads\/2022\/10\/loading1.jpg\" alt=\"\" class=\"wp-image-6172\" srcset=\"https:\/\/www.recycle-plant.com\/wp-content\/uploads\/2022\/10\/loading1.jpg 540w, https:\/\/www.recycle-plant.com\/wp-content\/uploads\/2022\/10\/loading1-225x300.jpg 225w\" sizes=\"auto, (max-width: 540px) 100vw, 540px\" \/><figcaption class=\"wp-element-caption\">d\u00e2y chuy\u1ec1n t\u1ea1o h\u1ea1t nh\u1ef1a \u0111\u01b0\u1ee3c v\u1eadn chuy\u1ec3n \u0111\u1ebfn \u1ea2 R\u1eadp X\u00ea \u00dat<\/figcaption><\/figure> <\/figure>    <h2 class=\"wp-block-heading\">l\u1eafp \u0111\u1eb7t t\u1ea1i ch\u1ed7 c\u1ee7a kh\u00e1ch h\u00e0ng<\/h2>    <p>Shuliy cung c\u1ea5p d\u1ecbch v\u1ee5 l\u1eafp \u0111\u1eb7t, \u0111\u00e0o t\u1ea1o v\u1eadn h\u00e0nh v\u00e0 theo d\u00f5i. B\u1ee9c \u1ea3nh d\u01b0\u1edbi \u0111\u00e2y \u0111\u01b0\u1ee3c ch\u1ee5p b\u1edfi kh\u00e1ch h\u00e0ng c\u1ee7a ch\u00fang t\u00f4i \u1edf \u1ea2 R\u1eadp Saudi t\u1ea1i nh\u00e0 m\u00e1y t\u00e1i ch\u1ebf nh\u1ef1a \u0111\u1ecba ph\u01b0\u01a1ng c\u1ee7a h\u1ecd. Kh\u00e1ch h\u00e0ng \u0111\u00e3 mua m\u1ed9t d\u00e2y chuy\u1ec1n s\u1ea3n xu\u1ea5t vi\u00ean nh\u1ef1a ho\u00e0n ch\u1ec9nh t\u1eeb Shuliy, \u0111\u1ec3 gi\u00fap h\u1ecd l\u1eafp \u0111\u1eb7t d\u00e2y chuy\u1ec1n s\u1ea3n xu\u1ea5t vi\u00ean nh\u1ef1a, Shuliy \u0111\u00e3 s\u1eafp x\u1ebfp cho \u0111\u1ed9i ng\u0169 k\u1ef9 s\u01b0 c\u1ee7a ch\u00fang t\u00f4i \u0111\u1ebfn \u1ea2 R\u1eadp Saudi. <\/p>    <figure class=\"wp-block-image size-full\"><img loading=\"lazy\" decoding=\"async\" width=\"720\" height=\"540\" src=\"https:\/\/www.recycle-plant.com\/wp-content\/uploads\/2023\/01\/plastic-pelletizing-plant1.jpg\" alt=\"\" class=\"wp-image-6506\" srcset=\"https:\/\/www.recycle-plant.com\/wp-content\/uploads\/2023\/01\/plastic-pelletizing-plant1.jpg 720w, https:\/\/www.recycle-plant.com\/wp-content\/uploads\/2023\/01\/plastic-pelletizing-plant1-300x225.jpg 300w\" sizes=\"auto, (max-width: 720px) 100vw, 720px\" \/><\/figure>    <h2 class=\"wp-block-heading\">Ph\u1ea3n h\u1ed3i t\u1eeb kh\u00e1ch h\u00e0ng to\u00e0n c\u1ea7u c\u1ee7a ch\u00fang t\u00f4i<\/h2>    <h3 class=\"wp-block-heading\">video ph\u1ea3n h\u1ed3i t\u1eeb kh\u00e1ch h\u00e0ng Kenya<\/h3>    <figure class=\"wp-block-embed is-type-video is-provider-youtube wp-block-embed-youtube wp-embed-aspect-16-9 wp-has-aspect-ratio\"><div class=\"wp-block-embed__wrapper\"> <iframe loading=\"lazy\" title=\"Ph\u1ea3n h\u1ed3i t\u1eeb m\u00e1y \u00e9p vi\u00ean nh\u1ef1a \u1edf Kenya | M\u00e1y \u00e9p vi\u00ean nh\u1ef1a\" width=\"500\" height=\"281\" src=\"https:\/\/www.youtube.com\/embed\/xBZN9RXEWh0?feature=oembed\" frameborder=\"0\" allow=\"accelerometer; autoplay; clipboard-write; encrypted-media; gyroscope; picture-in-picture; web-share\" referrerpolicy=\"strict-origin-when-cross-origin\" allowfullscreen><\/iframe> <\/div><\/figure>    <h3 class=\"wp-block-heading\">H\u1ee3p t\u00e1c th\u00e0nh c\u00f4ng v\u1edbi kh\u00e1ch h\u00e0ng \u1edf Mozambique v\u00e0 Malaysia<\/h3>    <figure class=\"wp-block-gallery has-nested-images columns-default is-cropped wp-block-gallery-3 is-layout-flex wp-block-gallery-is-layout-flex\"> <figure class=\"wp-block-image size-large\"><img loading=\"lazy\" decoding=\"async\" width=\"720\" height=\"540\" data-id=\"6433\" src=\"https:\/\/www.recycle-plant.com\/wp-content\/uploads\/2019\/11\/cooperition-with-customer1.jpg\" alt=\"\" class=\"wp-image-6433\" srcset=\"https:\/\/www.recycle-plant.com\/wp-content\/uploads\/2019\/11\/cooperition-with-customer1.jpg 720w, https:\/\/www.recycle-plant.com\/wp-content\/uploads\/2019\/11\/cooperition-with-customer1-300x225.jpg 300w\" sizes=\"auto, (max-width: 720px) 100vw, 720px\" \/><\/figure>    <figure class=\"wp-block-image size-large\"><img loading=\"lazy\" decoding=\"async\" width=\"720\" height=\"540\" data-id=\"6378\" src=\"https:\/\/www.recycle-plant.com\/wp-content\/uploads\/2022\/12\/chat-records1.jpg\" alt=\"\" class=\"wp-image-6378\" srcset=\"https:\/\/www.recycle-plant.com\/wp-content\/uploads\/2022\/12\/chat-records1.jpg 720w, https:\/\/www.recycle-plant.com\/wp-content\/uploads\/2022\/12\/chat-records1-300x225.jpg 300w\" sizes=\"auto, (max-width: 720px) 100vw, 720px\" \/><\/figure> <\/figure>","protected":false},"excerpt":{"rendered":"<p>Shuliy plastic granulating machine, PET bottle recycling machine, and waste tire recycling machine have been exported and installed in more than 50 countries including: Asia: Saudi Arabia, Japan, Sri Lanka, Kazakhstan\uff0c Malaysia\uff0c Africa: Senegal, Ghana, Nigeria, Uganda, Kenya, Tanzania, Mozambique, Ethiopia, Congo Europe: Kosovo, United Kingdom, Germany, Hungary, Romania, North America: America, Jamaica Delivery site [&hellip;]<\/p>\n","protected":false},"author":1,"featured_media":0,"parent":0,"menu_order":0,"comment_status":"closed","ping_status":"closed","template":"","meta":{"_kad_blocks_custom_css":"","_kad_blocks_head_custom_js":"","_kad_blocks_body_custom_js":"","_kad_blocks_footer_custom_js":"","footnotes":""},"class_list":["post-6612","page","type-page","status-publish","hentry"],"taxonomy_info":[],"featured_image_src_large":false,"author_info":{"display_name":"Ella","author_link":"https:\/\/www.recycle-plant.com\/vi\/author\/admin\/"},"comment_info":0,"_links":{"self":[{"href":"https:\/\/www.recycle-plant.com\/vi\/wp-json\/wp\/v2\/pages\/6612","targetHints":{"allow":["GET"]}}],"collection":[{"href":"https:\/\/www.recycle-plant.com\/vi\/wp-json\/wp\/v2\/pages"}],"about":[{"href":"https:\/\/www.recycle-plant.com\/vi\/wp-json\/wp\/v2\/types\/page"}],"author":[{"embeddable":true,"href":"https:\/\/www.recycle-plant.com\/vi\/wp-json\/wp\/v2\/users\/1"}],"replies":[{"embeddable":true,"href":"https:\/\/www.recycle-plant.com\/vi\/wp-json\/wp\/v2\/comments?post=6612"}],"version-history":[{"count":0,"href":"https:\/\/www.recycle-plant.com\/vi\/wp-json\/wp\/v2\/pages\/6612\/revisions"}],"wp:attachment":[{"href":"https:\/\/www.recycle-plant.com\/vi\/wp-json\/wp\/v2\/media?parent=6612"}],"curies":[{"name":"wp","href":"https:\/\/api.w.org\/{rel}","templated":true}]}}