{"id":6633,"date":"2023-03-09T09:51:23","date_gmt":"2023-03-09T09:51:23","guid":{"rendered":"https:\/\/www.recycle-plant.com\/?page_id=6633"},"modified":"2023-03-09T09:51:24","modified_gmt":"2023-03-09T09:51:24","slug":"shuliy-factory-overview","status":"publish","type":"page","link":"https:\/\/www.recycle-plant.com\/vi\/shuliy-factory-overview\/","title":{"rendered":"T\u1ed5ng quan nh\u00e0 m\u00e1y Shuliy"},"content":{"rendered":"<p>Video cho th\u1ea5y d\u00e2y chuy\u1ec1n \u00e9p vi\u00ean nh\u1ef1a cho t\u00fai PP PE v\u00e0 d\u00e2y chuy\u1ec1n nghi\u1ec1n v\u00e0 r\u1eeda chai PET. Kh\u00e1ch h\u00e0ng c\u00f3 th\u1ec3 ch\u1ecdn m\u00e1y m\u00f3c theo nhu c\u1ea7u c\u1ee7a h\u1ecd. Ch\u00fang t\u00f4i cung c\u1ea5p m\u00e1y m\u00f3c ch\u1ea5t l\u01b0\u1ee3ng cao c\u0169ng nh\u01b0 gi\u1ea3i ph\u00e1p t\u00e1i ch\u1ebf nh\u1ef1a tr\u1ecdn g\u00f3i nh\u01b0 l\u1eafp \u0111\u1eb7t t\u1ea1i ch\u1ed7 v\u00e0 d\u1ecbch v\u1ee5 h\u1eadu m\u00e3i.<\/p>    <figure class=\"wp-block-embed is-type-video is-provider-youtube wp-block-embed-youtube wp-embed-aspect-16-9 wp-has-aspect-ratio\"><div class=\"wp-block-embed__wrapper\"> <iframe loading=\"lazy\" title=\"Nh\u00e0 m\u00e1y t\u00e1i ch\u1ebf nh\u1ef1a c\u1ee7a ch\u00fang t\u00f4i tr\u00f4ng nh\u01b0 th\u1ebf n\u00e0o? | Tham quan nh\u00e0 m\u00e1y m\u00e1y t\u00e1i ch\u1ebf nh\u1ef1a\" width=\"500\" height=\"281\" src=\"https:\/\/www.youtube.com\/embed\/U9f70oCR5A8?feature=oembed\" frameborder=\"0\" allow=\"accelerometer; autoplay; clipboard-write; encrypted-media; gyroscope; picture-in-picture; web-share\" referrerpolicy=\"strict-origin-when-cross-origin\" allowfullscreen><\/iframe> <\/div><\/figure>    <p>Video cho th\u1ea5y nh\u00e0 m\u00e1y s\u1ea3n xu\u1ea5t m\u00e1y nghi\u1ec1n nh\u1ef1a Shuliy. Trong video, qu\u1ea3n l\u00fd d\u1ef1 \u00e1n c\u1ee7a ch\u00fang t\u00f4i, Sunny, \u0111\u00e3 gi\u1edbi thi\u1ec7u c\u00e1c m\u00e1y t\u00e1i ch\u1ebf ch\u00ednh trong d\u00e2y chuy\u1ec1n nghi\u1ec1n nh\u1ef1a, bao g\u1ed3m m\u00e1y nghi\u1ec1n nh\u1ef1a, m\u00e1y t\u1ea1o h\u1ea1t nh\u1ef1a, b\u1ec3 r\u1eeda, m\u00e1y s\u1ea5y v\u00e0 m\u00e1y t\u1ea1o h\u1ea1t nh\u1ef1a.<\/p>    <figure class=\"wp-block-embed is-type-video is-provider-youtube wp-block-embed-youtube wp-embed-aspect-16-9 wp-has-aspect-ratio\"><div class=\"wp-block-embed__wrapper\"> <iframe loading=\"lazy\" title=\"M\u00e1y \u00e9p vi\u00ean nh\u1ef1a b\u00e1n ch\u1ea1y nh\u1ea5t | Gi\u1edbi thi\u1ec7u v\u1ec1 m\u00e1y t\u1ea1o h\u1ea1t nh\u1ef1a t\u1ea1i nh\u00e0 m\u00e1y c\u1ee7a ch\u00fang t\u00f4i\" width=\"500\" height=\"281\" src=\"https:\/\/www.youtube.com\/embed\/eXMA0o5JnE0?feature=oembed\" frameborder=\"0\" allow=\"accelerometer; autoplay; clipboard-write; encrypted-media; gyroscope; picture-in-picture; web-share\" referrerpolicy=\"strict-origin-when-cross-origin\" allowfullscreen><\/iframe> <\/div><\/figure>","protected":false},"excerpt":{"rendered":"<p>The video shows the plastic pelletizing line for PP PE bags and the PET bottle crushing and washing line. The machines can be chosen by customers according to their demands. We provide high-quality machines as well as one-stop plastic recycling solutions such as on-site installation and after-sales service. The video shows shuliy plastic granulating machine [&hellip;]<\/p>\n","protected":false},"author":1,"featured_media":0,"parent":0,"menu_order":0,"comment_status":"closed","ping_status":"closed","template":"","meta":{"_kad_blocks_custom_css":"","_kad_blocks_head_custom_js":"","_kad_blocks_body_custom_js":"","_kad_blocks_footer_custom_js":"","footnotes":""},"class_list":["post-6633","page","type-page","status-publish","hentry"],"taxonomy_info":[],"featured_image_src_large":false,"author_info":{"display_name":"Ella","author_link":"https:\/\/www.recycle-plant.com\/vi\/author\/admin\/"},"comment_info":0,"_links":{"self":[{"href":"https:\/\/www.recycle-plant.com\/vi\/wp-json\/wp\/v2\/pages\/6633","targetHints":{"allow":["GET"]}}],"collection":[{"href":"https:\/\/www.recycle-plant.com\/vi\/wp-json\/wp\/v2\/pages"}],"about":[{"href":"https:\/\/www.recycle-plant.com\/vi\/wp-json\/wp\/v2\/types\/page"}],"author":[{"embeddable":true,"href":"https:\/\/www.recycle-plant.com\/vi\/wp-json\/wp\/v2\/users\/1"}],"replies":[{"embeddable":true,"href":"https:\/\/www.recycle-plant.com\/vi\/wp-json\/wp\/v2\/comments?post=6633"}],"version-history":[{"count":0,"href":"https:\/\/www.recycle-plant.com\/vi\/wp-json\/wp\/v2\/pages\/6633\/revisions"}],"wp:attachment":[{"href":"https:\/\/www.recycle-plant.com\/vi\/wp-json\/wp\/v2\/media?parent=6633"}],"curies":[{"name":"wp","href":"https:\/\/api.w.org\/{rel}","templated":true}]}}