{"id":6642,"date":"2023-03-10T10:22:10","date_gmt":"2023-03-10T10:22:10","guid":{"rendered":"https:\/\/www.recycle-plant.com\/?page_id=6642"},"modified":"2024-07-30T17:53:46","modified_gmt":"2024-07-30T09:53:46","slug":"company-profile","status":"publish","type":"page","link":"https:\/\/www.recycle-plant.com\/vi\/company-profile\/","title":{"rendered":"H\u1ed3 s\u01a1 c\u00f4ng ty"},"content":{"rendered":"<h2 class=\"wp-block-heading\">V\u1ec1 Shuliy<\/h2>    <figure class=\"wp-block-image size-large\"><img loading=\"lazy\" decoding=\"async\" width=\"1024\" height=\"536\" src=\"https:\/\/www.recycle-plant.com\/wp-content\/uploads\/2022\/03\/shuliy-machinery-factory-1024x536.jpg\" alt=\"\" class=\"wp-image-5797\" srcset=\"https:\/\/www.recycle-plant.com\/wp-content\/uploads\/2022\/03\/shuliy-machinery-factory-1024x536.jpg 1024w, https:\/\/www.recycle-plant.com\/wp-content\/uploads\/2022\/03\/shuliy-machinery-factory-300x157.jpg 300w, https:\/\/www.recycle-plant.com\/wp-content\/uploads\/2022\/03\/shuliy-machinery-factory-768x402.jpg 768w, https:\/\/www.recycle-plant.com\/wp-content\/uploads\/2022\/03\/shuliy-machinery-factory.jpg 1352w\" sizes=\"auto, (max-width: 1024px) 100vw, 1024px\" \/><\/figure>    <p>C\u00f4ng ty TNHH Shuliy Group l\u00e0 m\u1ed9t c\u00f4ng ty m\u00e1y m\u00f3c m\u00f4i tr\u01b0\u1eddng, ch\u00fang t\u00f4i t\u00edch h\u1ee3p ph\u00e1t tri\u1ec3n, s\u1ea3n xu\u1ea5t v\u00e0 b\u00e1n h\u00e0ng, t\u1eadp trung v\u00e0o vi\u1ec7c s\u1ea3n xu\u1ea5t nh\u1eefng m\u00e1y m\u00f3c b\u1ea3o v\u1ec7 m\u00f4i tr\u01b0\u1eddng t\u1ed1t nh\u1ea5t cho kh\u00e1ch h\u00e0ng to\u00e0n c\u1ea7u c\u1ee7a ch\u00fang t\u00f4i.<\/p>    <p>T\u1eadp \u0111o\u00e0n Shuliy ch\u1ecbu tr\u00e1ch nhi\u1ec7m th\u00fac \u0111\u1ea9y c\u00e1c gi\u1ea3i ph\u00e1p t\u00e1i sinh t\u00e0i nguy\u00ean, t\u00e1i ch\u1ebf nh\u1ef1a, s\u1ea3n xu\u1ea5t thi\u1ebft b\u1ecb nghi\u1ec1n v\u00e0 t\u1ea1o h\u1ea1t l\u1ed1p xe tr\u00ean th\u1ecb tr\u01b0\u1eddng to\u00e0n c\u1ea7u.<\/p>    <p>Ch\u00fang t\u00f4i \u0111\u01b0\u1ee3c th\u00e0nh l\u1eadp v\u00e0o n\u0103m 2011 v\u00e0 lu\u00f4n ki\u00ean \u0111\u1ecbnh cung c\u1ea5p cho kh\u00e1ch h\u00e0ng c\u00e1c gi\u1ea3i ph\u00e1p t\u00e1i ch\u1ebf ch\u1ea5t th\u1ea3i t\u00edch h\u1ee3p, bao g\u1ed3m t\u00e1i ch\u1ebf nh\u1ef1a, l\u1ed1p xe v\u00e0 cao su. \u0110\u1ebfn nay, Shuliy \u0111\u00e3 gi\u00fap v\u00f4 s\u1ed1 kh\u00e1ch h\u00e0ng th\u00e0nh c\u00f4ng v\u00e0 thi\u1ebft l\u1eadp doanh nghi\u1ec7p t\u00e1i ch\u1ebf c\u1ee7a ri\u00eang h\u1ecd.<\/p>    <h2 class=\"wp-block-heading\">Ch\u00fang t\u00f4i l\u00e0m g\u00ec<\/h2>    <div class=\"wp-block-media-text alignwide is-stacked-on-mobile\"><figure class=\"wp-block-media-text__media\"><img loading=\"lazy\" decoding=\"async\" width=\"720\" height=\"405\" src=\"https:\/\/www.recycle-plant.com\/wp-content\/uploads\/2023\/03\/PET-bottle-washing-line.jpg\" alt=\"\" class=\"wp-image-6644 size-full\"><\/figure><div class=\"wp-block-media-text__content\"> <h3 class=\"wp-block-heading\">S\u1ea3n ph\u1ea9m<\/h3>    <p class=\"translation-block\">Hi\u1ec7n t\u1ea1i, c\u00e1c s\u1ea3n ph\u1ea9m ch\u00ednh do Shuliy ph\u00e1t tri\u1ec3n v\u00e0 b\u00e1n l\u00e0 m\u00e1y nghi\u1ec1n nh\u1ef1a\/l\u1ed1p xe th\u1ea3i<strong><a href=\"https:\/\/www.recycle-plant.com\/vi\/plastic-film-recycling-production-line\/\"> m\u00e1y t\u1ea1o h\u1ea1t<\/a><\/strong>, d\u00e2y chuy\u1ec1n r\u1eeda chai PET v\u00e0 c\u00e1c d\u1ef1 \u00e1n s\u1ea3n xu\u1ea5t \u1ed1ng nh\u1ef1a. T\u1ea5t c\u1ea3 c\u00e1c s\u1ea3n ph\u1ea9m ch\u1ee7 y\u1ebfu \u0111\u01b0\u1ee3c s\u1eed d\u1ee5ng trong t\u00e1i ch\u1ebf nh\u1ef1a\/l\u1ed1p xe th\u1ea3i, s\u1ea3n xu\u1ea5t v\u1eadt d\u1ee5ng b\u1eb1ng nh\u1ef1a v\u00e0 c\u00e1c ng\u00e0nh c\u00f4ng nghi\u1ec7p kh\u00e1c. C\u00e1c h\u1ea1t nh\u1ef1a \u0111\u01b0\u1ee3c t\u1ea1o ra c\u00f3 th\u1ec3 \u0111\u01b0\u1ee3c s\u1eed d\u1ee5ng tr\u1ef1c ti\u1ebfp trong d\u00e2y chuy\u1ec1n s\u1ea3n xu\u1ea5t \u1ed1ng nh\u1ef1a. C\u00e1c h\u1ea1t nh\u1ef1a\/cao su c\u00f3 th\u1ec3 \u0111\u01b0\u1ee3c s\u1eed d\u1ee5ng l\u00e0m s\u1ea3n ph\u1ea9m c\u00f3 gi\u00e1 tr\u1ecb cao \u0111\u1ec3 b\u00e1n l\u1ea1i. B\u1eb1ng c\u00e1ch n\u00e0y, nh\u00e0 \u0111\u1ea7u t\u01b0 c\u00f3 th\u1ec3 thu \u0111\u01b0\u1ee3c l\u1ee3i nhu\u1eadn cao. \u0110\u1ed3ng th\u1eddi, n\u00f3 c\u00f3 th\u1ec3 gi\u1ea3i quy\u1ebft c\u00e1c v\u1ea5n \u0111\u1ec1 m\u00f4i tr\u01b0\u1eddng ng\u00e0y c\u00e0ng n\u1ed5i c\u1ed9m.<\/p> <\/div><\/div>    <div class=\"wp-block-media-text alignwide has-media-on-the-right is-stacked-on-mobile\"><div class=\"wp-block-media-text__content\"> <h3 class=\"wp-block-heading\">Gi\u1ea3i ph\u00e1p<\/h3>    <p class=\"translation-block\">V\u1edbi s\u1ef1 ph\u00e1t tri\u1ec3n c\u1ee7a th\u1ecb tr\u01b0\u1eddng to\u00e0n c\u1ea7u v\u00e0 nhu c\u1ea7u c\u1ee7a kh\u00e1ch h\u00e0ng, Shuliy \u0111\u00e3 d\u1ea7n chuy\u1ec3n \u0111\u1ed5i t\u1eeb nh\u00e0 cung c\u1ea5p thi\u1ebft b\u1ecb \u0111\u01a1n l\u1ebb th\u00e0nh nh\u00e0 cung c\u1ea5p gi\u1ea3i ph\u00e1p t\u00edch h\u1ee3p. Trong nh\u1eefng n\u0103m g\u1ea7n \u0111\u00e2y, ch\u00fang t\u00f4i \u0111\u00e3 thi\u1ebft k\u1ebf th\u00e0nh c\u00f4ng h\u01a1n 30<a href=\"https:\/\/www.recycle-plant.com\/vi\/plastic-pelletizing-solution\/\"><strong> gi\u1ea3i ph\u00e1p t\u1ea1o h\u1ea1t nh\u1ef1a<\/strong><\/a>, t\u00f9y ch\u1ec9nh h\u01a1n 20 gi\u1ea3i ph\u00e1p t\u00e1i ch\u1ebf cho vi\u1ec7c t\u00e1i ch\u1ebf l\u1ed1p xe th\u1ea3i v\u00e0 cung c\u1ea5p gi\u1ea3i ph\u00e1p s\u1ea3n xu\u1ea5t \u1ed1ng nh\u1ef1a h\u00e0ng \u0111\u1ea7u trong top 10, v.v.<\/p>    <p>Trong thi\u1ebft k\u1ebf c\u00e1c gi\u1ea3i ph\u00e1p t\u00edch h\u1ee3p, ch\u00fang t\u00f4i c\u00f3 th\u1ec3 cung c\u1ea5p ph\u00e2n t\u00edch kh\u1ea3 thi c\u1ee7a d\u1ef1 \u00e1n, l\u1ef1a ch\u1ecdn thi\u1ebft b\u1ecb, giao h\u00e0ng logistics, thi\u1ebft k\u1ebf b\u1ed1 tr\u00ed, l\u1eafp \u0111\u1eb7t v\u00e0 v\u1eadn h\u00e0nh, \u0111\u00e0o t\u1ea1o m\u00e1y m\u00f3c v\u00e0 c\u00e1c d\u1ecbch v\u1ee5 kh\u00e1c. T\u1eadp \u0111o\u00e0n Shuliy cung c\u1ea5p cho kh\u00e1ch h\u00e0ng c\u00e1c gi\u1ea3i ph\u00e1p tr\u1ecdn g\u00f3i v\u00e0 \u0111\u1ea3m b\u1ea3o s\u1ef1 th\u00e0nh c\u00f4ng c\u1ee7a kh\u00e1ch h\u00e0ng.<\/p> <\/div><figure class=\"wp-block-media-text__media\"><img loading=\"lazy\" decoding=\"async\" width=\"720\" height=\"540\" src=\"https:\/\/www.recycle-plant.com\/wp-content\/uploads\/2023\/03\/solution.jpg\" alt=\"\" class=\"wp-image-6651 size-full\"><\/figure><\/div>    <h2 class=\"wp-block-heading\">C\u00e2u h\u1ecfi th\u01b0\u1eddng g\u1eb7p Shuliy<\/h2>   <div id=\"rank-math-faq\" class=\"rank-math-block\"> <div class=\"rank-math-list\"> <div id=\"faq-question-1722332005381\" class=\"rank-math-list-item\"> <h3 class=\"rank-math-question\">B\u1ea1n l\u00e0 c\u00f4ng ty th\u01b0\u01a1ng m\u1ea1i hay nh\u00e0 s\u1ea3n xu\u1ea5t m\u00e1y m\u00f3c?<\/h3> <div class=\"rank-math-answer\">  <p>Ch\u00fang t\u00f4i l\u00e0 nh\u00e0 s\u1ea3n xu\u1ea5t m\u00e1y t\u00e1i ch\u1ebf nh\u1ef1a t\u1ea1i Trung Qu\u1ed1c.<\/p>  <\/div> <\/div> <div id=\"faq-question-1722332096471\" class=\"rank-math-list-item\"> <h3 class=\"rank-math-question\">B\u1ea1n c\u00f3 b\u1ea5t k\u1ef3 b\u1ea3o \u0111\u1ea3m ho\u1eb7c b\u1ea3o h\u00e0nh n\u00e0o n\u1ebfu t\u00f4i mua m\u00e1y c\u1ee7a b\u1ea1n kh\u00f4ng?<\/h3> <div class=\"rank-math-answer\">  <p>Sau khi b\u1ea1n \u0111\u1eb7t h\u00e0ng, th\u1eddi gian giao h\u00e0ng l\u00e0 20-25 ng\u00e0y, t\u1ea5t c\u1ea3 c\u00e1c m\u00e1y t\u00e1i ch\u1ebf c\u1ee7a ch\u00fang t\u00f4i \u0111\u1ec1u c\u00f3 b\u1ea3o h\u00e0nh 1 n\u0103m. Sau m\u1ed9t n\u0103m, ch\u00fang t\u00f4i s\u1ebd cung c\u1ea5p c\u00e1c linh ki\u1ec7n thay th\u1ebf cho m\u00e1y v\u1edbi gi\u00e1 th\u1ea5p nh\u1ea5t v\u00e0 h\u01b0\u1edbng d\u1eabn k\u1ef9 thu\u1eadt mi\u1ec5n ph\u00ed.<\/p>  <\/div> <\/div> <div id=\"faq-question-1722332371525\" class=\"rank-math-list-item\"> <h3 class=\"rank-math-question\">L\u00e0m th\u1ebf n\u00e0o t\u00f4i c\u00f3 th\u1ec3 l\u1eafp \u0111\u1eb7t m\u00e1y c\u1ee7a m\u00ecnh, c\u00f3 kh\u00f3 kh\u00f4ng?<\/h3> <div class=\"rank-math-answer\">  <p>Shuliy s\u1ebd g\u1eedi cho b\u1ea1n h\u01b0\u1edbng d\u1eabn s\u1eed d\u1ee5ng v\u00e0 video m\u00e0 b\u1ea1n c\u00f3 th\u1ec3 d\u1ef1a v\u00e0o \u0111\u00f3 \u0111\u1ec3 l\u1eafp \u0111\u1eb7t m\u00e1y. Trong tr\u01b0\u1eddng h\u1ee3p d\u00e2y chuy\u1ec1n t\u00e1i ch\u1ebf s\u1ea3n xu\u1ea5t l\u1edbn, ch\u00fang t\u00f4i c\u00f3 th\u1ec3 s\u1eafp x\u1ebfp cho k\u1ef9 s\u01b0 c\u1ee7a ch\u00fang t\u00f4i \u0111\u1ebfn nh\u00e0 m\u00e1y c\u1ee7a b\u1ea1n v\u00e0 \u00f4ng \u1ea5y s\u1ebd d\u1ea1y c\u00f4ng nh\u00e2n c\u1ee7a b\u1ea1n c\u00e1ch l\u1eafp \u0111\u1eb7t m\u00e1y. <\/p>  <\/div> <\/div> <div id=\"faq-question-1722332556048\" class=\"rank-math-list-item\"> <h3 class=\"rank-math-question\">C\u00f3 th\u1ec3 l\u00e0m g\u00ec n\u1ebfu m\u00e1y c\u1ee7a ch\u00fang t\u00f4i \u0111\u1ed9t nhi\u00ean ng\u1eebng ho\u1ea1t \u0111\u1ed9ng?<\/h3> <div class=\"rank-math-answer\">  <p>Ch\u00fang t\u00f4i cam k\u1ebft v\u1ec1 ch\u1ea5t l\u01b0\u1ee3ng c\u1ee7a c\u00e1c m\u00e1y m\u00f3c c\u1ee7a m\u00ecnh. Ch\u00fang t\u00f4i c\u0169ng s\u1ebd c\u00f3 \u0111\u1ee7 ph\u1ee5 t\u00f9ng thay th\u1ebf cho vi\u1ec7c s\u1eed d\u1ee5ng kh\u1ea9n c\u1ea5p ngay t\u1eeb \u0111\u1ea7u. Ch\u00fang t\u00f4i s\u1ebd khuy\u00ean b\u1ea1n n\u00ean mua th\u00eam c\u00e1c b\u1ed9 ph\u1eadn hao m\u00f2n. Ngo\u00e0i ra, b\u1ea1n lu\u00f4n c\u00f3 th\u1ec3 li\u00ean h\u1ec7 v\u1edbi doanh nghi\u1ec7p tr\u01b0\u1edbc \u0111\u00f3 \u0111\u1ec3 gi\u1ea3i th\u00edch t\u00ecnh hu\u1ed1ng v\u00e0 ch\u00fang t\u00f4i s\u1ebd cung c\u1ea5p cho b\u1ea1n gi\u1ea3i ph\u00e1p.<\/p>  <\/div> <\/div> <div id=\"faq-question-1722332810584\" class=\"rank-math-list-item\"> <h3 class=\"rank-math-question\">L\u00e0m th\u1ebf n\u00e0o \u0111\u1ec3 b\u1ea3o tr\u00ec m\u00e1y t\u00e1i ch\u1ebf c\u1ee7a t\u00f4i?<\/h3> <div class=\"rank-math-answer\">  <p>Ch\u00fang t\u00f4i s\u1ebd g\u1eedi cho b\u1ea1n h\u01b0\u1edbng d\u1eabn b\u1ea3o tr\u00ec m\u00e1y m\u00f3c v\u00e0 video \u0111\u1ec3 gi\u1ea3i th\u00edch c\u00e1ch gi\u1ea3i quy\u1ebft c\u00e1c v\u1ea5n \u0111\u1ec1 b\u1ea3o tr\u00ec m\u00e1y. Nh\u00e2n ti\u1ec7n, b\u1ea1n c\u00f3 th\u1ec3 li\u00ean h\u1ec7 v\u1edbi ch\u00fang t\u00f4i v\u00e0 ch\u00fang t\u00f4i s\u1ebd ghi l\u1ea1i c\u00e1c video h\u01b0\u1edbng d\u1eabn tr\u1ef1c ti\u1ebfp \u0111\u1ec3 gi\u00fap b\u1ea1n.<\/p>  <\/div> <\/div> <div id=\"faq-question-1722332976580\" class=\"rank-math-list-item\"> <h3 class=\"rank-math-question\">Khi n\u00e0o b\u1ea1n s\u1ebd tr\u1ea3 l\u1eddi t\u00f4i? <\/h3> <div class=\"rank-math-answer\">  <p>Shuliy cung c\u1ea5p d\u1ecbch v\u1ee5 k\u1ef9 thu\u1eadt 24 gi\u1edd. B\u1ea1n c\u00f3 th\u1ec3 li\u00ean h\u1ec7 v\u1edbi ch\u00fang t\u00f4i b\u1ea5t c\u1ee9 l\u00fac n\u00e0o.<\/p>  <\/div> <\/div> <\/div> <\/div>   <h2 class=\"wp-block-heading\">D\u1ecbch v\u1ee5<\/h2>    <ul class=\"wp-block-list\"> <li>D\u1ecbch v\u1ee5 tr\u1ef1c tuy\u1ebfn. B\u1ea1n c\u00f3 th\u1ec3 li\u00ean h\u1ec7 v\u1edbi ch\u00fang t\u00f4i b\u1ea5t c\u1ee9 l\u00fac n\u00e0o v\u00e0 d\u1ef1 \u00e1n chuy\u00ean nghi\u1ec7p c\u1ee7a ch\u00fang t\u00f4i s\u1ebd g\u1eedi cho b\u1ea1n chi ti\u1ebft m\u00e1y trong v\u00f2ng 24 gi\u1edd. <\/li>    <li>Gi\u1ea3i ph\u00e1p \u0111\u01b0\u1ee3c cung c\u1ea5p. Ch\u00fang t\u00f4i cung c\u1ea5p b\u1ea3n v\u1ebd b\u1ed1 tr\u00ed 3D, d\u1ecbch v\u1ee5 t\u00f9y ch\u1ec9nh v\u00e0 chu\u1ea9n b\u1ecb k\u1ef9 thu\u1eadt.<\/li>    <li>Cung c\u1ea5p ph\u1ee5 t\u00f9ng. T\u1ea5t c\u1ea3 c\u00e1c ph\u1ee5 t\u00f9ng c\u1ee7a m\u00e1y t\u00e1i ch\u1ebf c\u00f3 th\u1ec3 \u0111\u01b0\u1ee3c mua t\u1eeb T\u1eadp \u0111o\u00e0n Shuliy.<\/li>    <li>L\u1eafp \u0111\u1eb7t v\u00e0 \u0111\u00e0o t\u1ea1o. T\u1eadp \u0111o\u00e0n Shuliy cung c\u1ea5p d\u1ecbch v\u1ee5 l\u1eafp \u0111\u1eb7t, \u0111\u00e0o t\u1ea1o v\u00e0 theo d\u00f5i. <\/li>    <li>Ki\u1ec3m tra m\u1eabu. Ch\u00fang t\u00f4i c\u00f3 th\u1ec3 ki\u1ec3m tra m\u1eabu t\u1eeb kh\u00e1ch h\u00e0ng v\u00e0 ph\u00e2n t\u00edch t\u00ednh kh\u1ea3 thi v\u00e0 l\u1ee3i nhu\u1eadn c\u1ee7a d\u1ef1 \u00e1n cho kh\u00e1ch h\u00e0ng.<\/li> <\/ul>    <h2 class=\"wp-block-heading\">V\u0103n h\u00f3a c\u00f4ng ty<\/h2>    <ul class=\"wp-block-list\"> <li>S\u1ee9 m\u1ec7nh c\u1ee7a ch\u00fang t\u00f4i: \u0110\u1ec3 m\u00e1y m\u00f3c Trung Qu\u1ed1c thay \u0111\u1ed5i m\u1ecdi ng\u00f3c ng\u00e1ch c\u1ee7a th\u1ebf gi\u1edbi.<\/li>    <li>T\u1ea7m nh\u00ecn c\u1ee7a ch\u00fang t\u00f4i: T\u0103ng gi\u00e1 tr\u1ecb cho kh\u00e1ch h\u00e0ng v\u00e0 cung c\u1ea5p s\u1ef1 ph\u00e1t tri\u1ec3n cho nh\u00e2n vi\u00ean.<\/li>    <li>Gi\u00e1 tr\u1ecb c\u1ee7a ch\u00fang t\u00f4i: Trung th\u1ef1c, bi\u1ebft \u01a1n, v\u1ecb tha, n\u0103ng l\u01b0\u1ee3ng t\u00edch c\u1ef1c, ch\u1ea5p nh\u1eadn thay \u0111\u1ed5i v\u00e0 tinh th\u1ea7n \u0111\u1ed3ng \u0111\u1ed9i.<\/li> <\/ul>    <h2 class=\"wp-block-heading\">Tri\u1ec3n v\u1ecdng<\/h2>    <p>T\u1eadp \u0111o\u00e0n Shuliy l\u00e0 m\u1ed9t c\u00f4ng ty c\u00f3 t\u1ea7m nh\u00ecn xa, ch\u00fang t\u00f4i \u0111ang n\u1ed7 l\u1ef1c \u0111\u1ec3 cho m\u00e1y m\u00f3c Trung Qu\u1ed1c thay \u0111\u1ed5i m\u1ecdi ng\u00f3c ng\u00e1ch c\u1ee7a th\u1ebf gi\u1edbi. Ch\u00fang t\u00f4i kh\u00f4ng ng\u1eebng ph\u00e1t tri\u1ec3n v\u00e0 \u0111\u1ed5i m\u1edbi c\u00f4ng ngh\u1ec7 c\u0169ng nh\u01b0 thi\u1ebft b\u1ecb c\u1ee7a m\u00ecnh.<\/p>    <p>Shuliy hi\u1ec7n \u0111ang t\u00ecm ki\u1ebfm b\u1ea5t k\u1ef3 c\u01a1 h\u1ed9i n\u00e0o trong nh\u1eefng thay \u0111\u1ed5i c\u1ee7a th\u1ebf gi\u1edbi s\u1ebd d\u1eabn \u0111\u01b0\u1eddng cho t\u01b0\u01a1ng lai. V\u1edbi v\u1ea5n \u0111\u1ec1 m\u00f4i tr\u01b0\u1eddng v\u00e0 s\u1ef1 ch\u00fa \u00fd ng\u00e0y c\u00e0ng t\u0103ng c\u1ee7a th\u1ebf gi\u1edbi \u0111\u1ed1i v\u1edbi \u00f4 nhi\u1ec5m nh\u1ef1a, ch\u00fang t\u00f4i c\u00f3 l\u00fd do \u0111\u1ec3 tin r\u1eb1ng c\u00e1c s\u1ea3n ph\u1ea9m m\u00e0 ch\u00fang t\u00f4i ph\u00e1t tri\u1ec3n v\u00e0 s\u1ea3n xu\u1ea5t s\u1ebd \u0111\u01b0\u1ee3c s\u1eed d\u1ee5ng tr\u00ean to\u00e0n th\u1ebf gi\u1edbi trong v\u00e0i th\u1eadp k\u1ef7 t\u1edbi.<\/p>","protected":false},"excerpt":{"rendered":"<p>About Shuliy Shuliy Group Co.,Ltd. is an environmental machinery company, we integrate development, manufacturing, and selling, concentrating on producing the best environmental protection machinery for our global customers. Shuliy Group is responsible for the promotion of resource regeneration solutions, plastic, tire recycling and granulating equipment manufacturing in the global market. We are founded in 2011 [&hellip;]<\/p>\n","protected":false},"author":1,"featured_media":0,"parent":0,"menu_order":0,"comment_status":"closed","ping_status":"closed","template":"","meta":{"_kad_blocks_custom_css":"","_kad_blocks_head_custom_js":"","_kad_blocks_body_custom_js":"","_kad_blocks_footer_custom_js":"","footnotes":""},"class_list":["post-6642","page","type-page","status-publish","hentry"],"taxonomy_info":[],"featured_image_src_large":false,"author_info":{"display_name":"Ella","author_link":"https:\/\/www.recycle-plant.com\/vi\/author\/admin\/"},"comment_info":0,"_links":{"self":[{"href":"https:\/\/www.recycle-plant.com\/vi\/wp-json\/wp\/v2\/pages\/6642","targetHints":{"allow":["GET"]}}],"collection":[{"href":"https:\/\/www.recycle-plant.com\/vi\/wp-json\/wp\/v2\/pages"}],"about":[{"href":"https:\/\/www.recycle-plant.com\/vi\/wp-json\/wp\/v2\/types\/page"}],"author":[{"embeddable":true,"href":"https:\/\/www.recycle-plant.com\/vi\/wp-json\/wp\/v2\/users\/1"}],"replies":[{"embeddable":true,"href":"https:\/\/www.recycle-plant.com\/vi\/wp-json\/wp\/v2\/comments?post=6642"}],"version-history":[{"count":0,"href":"https:\/\/www.recycle-plant.com\/vi\/wp-json\/wp\/v2\/pages\/6642\/revisions"}],"wp:attachment":[{"href":"https:\/\/www.recycle-plant.com\/vi\/wp-json\/wp\/v2\/media?parent=6642"}],"curies":[{"name":"wp","href":"https:\/\/api.w.org\/{rel}","templated":true}]}}