{"id":6655,"date":"2023-03-15T03:43:08","date_gmt":"2023-03-15T03:43:08","guid":{"rendered":"https:\/\/www.recycle-plant.com\/?page_id=6655"},"modified":"2025-03-31T09:56:09","modified_gmt":"2025-03-31T01:56:09","slug":"plastic-pelletizing-solution","status":"publish","type":"page","link":"https:\/\/www.recycle-plant.com\/vi\/plastic-pelletizing-solution\/","title":{"rendered":"Gi\u1ea3i ph\u00e1p vi\u00ean nh\u1ef1a"},"content":{"rendered":"<p>Shuliy cung c\u1ea5p gi\u1ea3i ph\u00e1p vi\u00ean nh\u1ef1a to\u00e0n di\u1ec7n cho t\u00e1i ch\u1ebf sau c\u00f4ng nghi\u1ec7p (t\u00e1i ch\u1ebf n\u1ed9i b\u1ed9) v\u00e0 t\u00e1i ch\u1ebf sau ti\u00eau d\u00f9ng. M\u00e1y vi\u00ean c\u00f3 th\u1ec3 x\u1eed l\u00fd nhi\u1ec1u lo\u1ea1i v\u1eadt li\u1ec7u kh\u00e1c nhau, bao g\u1ed3m PP, HDPE, LDPE, LLDPE, PVC, EPS, EPE, ABS, PS, v.v.<\/p>    <h2 class=\"wp-block-heading\">V\u1eadt li\u1ec7u t\u00e1i ch\u1ebf nh\u1ef1a<\/h2>    <figure class=\"wp-block-table white-space-nowrap\"><table class=\"has-fixed-layout\"><tbody><tr><td>V\u1eadt li\u1ec7u t\u00e1i ch\u1ebf<\/td><td>\u1ee8ng d\u1ee5ng<\/td><td>Lo\u1ea1i v\u1eadt li\u1ec7u<\/td><\/tr><tr><td><strong><a href=\"https:\/\/www.recycle-plant.com\/vi\/how-do-you-recycle-polypropylene-bags.html\">M\u00e0ng PP PE<\/a><\/strong><\/td><td>cu\u1ed9n phim, m\u1ea3nh phim, t\u00fai, ph\u1ea7n c\u1eaft t\u00fai t-shirt, <a href=\"https:\/\/www.recycle-plant.com\/vi\/status-of-recycling-and-treatment-of-used-agricultural-film.html\"><strong>M\u00e0ng n\u00f4ng nghi\u1ec7p<\/strong><\/a><\/td><td>PP PE<\/td><\/tr><tr><td><strong><a href=\"https:\/\/www.recycle-plant.com\/vi\/plastic-regrind-recycling.html\">Nh\u1ef1a t\u00e1i ch\u1ebf<\/a><\/strong><\/td><td>C\u00e1c ph\u1ea7n th\u1eeba t\u1eeb qu\u00e1 tr\u00ecnh \u00e9p nh\u1ef1a, c\u00e1c s\u1ea3n ph\u1ea9m \u00e9p nh\u1ef1a nh\u01b0 chai, h\u1ed9p ch\u1ee9a, linh ki\u1ec7n \u00f4 t\u00f4, c\u1ea3n xe, r\u00e1c th\u1ea3i \u0111i\u1ec7n t\u1eed, \u0111\u1ed3 ch\u01a1i v\u00e0 c\u00e1c lo\u1ea1i nh\u1ef1a c\u1ee9ng kh\u00e1c.<\/td><td>HDPE, LDPE, PP, PS, ABS, PVC<\/td><\/tr><tr><td><strong><a href=\"https:\/\/www.recycle-plant.com\/vi\/thermoformed-material-recycling.html\">Nh\u1ef1a \u00e9p nhi\u1ec7t<\/a><\/strong><\/td><td>v\u1eadt li\u1ec7u x\u00e2y d\u1ef1ng, pallet, h\u1ed9p \u0111\u1ef1ng th\u1ef1c ph\u1ea9m, bao b\u00ec y t\u1ebf, linh ki\u1ec7n \u00f4 t\u00f4, th\u00f9ng v\u1eadn chuy\u1ec3n, khay, c\u1ed1c, \u0111\u1ed3 ch\u01a1i, h\u1ed9p nh\u1ef1a d\u1ea1ng v\u1ecf s\u00f2<\/td><td>HDPE, LDPE, PP, PS, ho\u1eb7c ABS<\/td><\/tr><tr><td><strong><a href=\"https:\/\/www.recycle-plant.com\/vi\/pp-raffia-recycling-introduction.html\">T\u00fai d\u1ec7t PP raffia<\/a><\/strong><\/td><td>bao b\u00ec, t\u00fai l\u01b0u tr\u1eef, h\u00e0ng r\u00e0o, l\u01b0\u1edbi cho l\u00e0m v\u01b0\u1eddn,<\/td><td>Polypropylene (PP)<\/td><\/tr><tr><td><strong><a href=\"https:\/\/www.recycle-plant.com\/vi\/stretch-film-recycling.html\">M\u00e0ng co gi\u00e3n<\/a><\/strong><\/td><td>m\u00e0ng b\u1ea3o qu\u1ea3n th\u1ef1c ph\u1ea9m, cu\u1ed9n m\u00e0ng co gi\u00e3n<\/td><td>Polyethylene m\u1eadt \u0111\u1ed9 th\u1ea5p tuy\u1ebfn t\u00ednh (LLDPE), polyethylene m\u1eadt \u0111\u1ed9 th\u1ea5p (LDPE)<\/td><\/tr><tr><td><strong><a href=\"https:\/\/www.recycle-plant.com\/vi\/shrink-wrap-recycling.html\">M\u00e0ng co <\/a><\/strong><\/td><td>m\u00e0ng \u0111\u00f3ng g\u00f3i trong qu\u00e1 tr\u00ecnh l\u01b0u tr\u1eef v\u1eadn chuy\u1ec3n<\/td><td>polyethylene (PE)<\/td><\/tr><tr><td><strong><a href=\"https:\/\/www.recycle-plant.com\/vi\/drip-tape-recycling.html\">\u1ed0ng n\u00f4ng nghi\u1ec7p<\/a><\/strong><\/td><td>B\u0103ng t\u01b0\u1edbi nh\u1ecf gi\u1ecdt, \u1ed1ng t\u01b0\u1edbi m\u1ec1m<\/td><td>polyethylene m\u1eadt \u0111\u1ed9 cao (HDPE), (LDPE)<\/td><\/tr><tr><td><strong><a href=\"https:\/\/www.recycle-plant.com\/vi\/laminated-film-recycling.html\">M\u00e0ng phim laminate<\/a><\/strong><\/td><td>bao b\u00ec th\u1ef1c ph\u1ea9m, \u0111\u1ed3 u\u1ed1ng, d\u01b0\u1ee3c ph\u1ea9m<\/td><td>BOPP, CPP, OPP, HDPE, LDPE, LLPDE, ho\u1eb7c EVA<\/td><\/tr><\/tbody><\/table><\/figure>    <h2 class=\"wp-block-heading\">C\u1ea5u h\u00ecnh c\u1ee7a d\u00e2y chuy\u1ec1n nghi\u1ec1n nh\u1ef1a th\u1ea3i<\/h2>    <figure class=\"wp-block-embed is-type-video is-provider-youtube wp-block-embed-youtube wp-embed-aspect-16-9 wp-has-aspect-ratio\"><div class=\"wp-block-embed__wrapper\"> <iframe loading=\"lazy\" title=\"D\u00e2y chuy\u1ec1n t\u1ea1o vi\u00ean nh\u1ef1a | M\u00e1y l\u00e0m h\u1ea1t nh\u1ef1a\" width=\"500\" height=\"281\" src=\"https:\/\/www.youtube.com\/embed\/y4KcSJAz04E?feature=oembed\" frameborder=\"0\" allow=\"accelerometer; autoplay; clipboard-write; encrypted-media; gyroscope; picture-in-picture; web-share\" referrerpolicy=\"strict-origin-when-cross-origin\" allowfullscreen><\/iframe> <\/div><\/figure>    <h2 class=\"wp-block-heading\">Ch\u00fang t\u00f4i s\u1ebd gi\u00fap kh\u00e1ch h\u00e0ng b\u1eaft \u0111\u1ea7u m\u1ed9t nh\u00e0 m\u00e1y s\u1ea3n xu\u1ea5t vi\u00ean n\u00e9n nh\u01b0 th\u1ebf n\u00e0o?<\/h2>    <ul class=\"wp-block-list\"> <li>T\u01b0 v\u1ea5n t\u00f9y ch\u1ec9nh. Sau khi nh\u1eadn \u0111\u01b0\u1ee3c y\u00eau c\u1ea7u t\u1eeb kh\u00e1ch h\u00e0ng, qu\u1ea3n l\u00fd d\u1ef1 \u00e1n c\u1ee7a ch\u00fang t\u00f4i s\u1ebd li\u00ean h\u1ec7 v\u1edbi kh\u00e1ch h\u00e0ng s\u1edbm nh\u1ea5t c\u00f3 th\u1ec3. Ch\u00fang t\u00f4i s\u1ebd x\u00e1c nh\u1eadn nguy\u00ean li\u1ec7u th\u00f4 c\u1ee7a kh\u00e1ch h\u00e0ng v\u00e0 s\u1ea3n l\u01b0\u1ee3ng mong mu\u1ed1n c\u1ee7a h\u1ecd. D\u1ef1a tr\u00ean nh\u1eefng d\u1eef li\u1ec7u c\u01a1 b\u1ea3n \u0111\u00f3, ch\u00fang t\u00f4i s\u1ebd \u0111\u1ec1 xu\u1ea5t c\u00e1c m\u00e1y nghi\u1ec1n nh\u1ef1a cho h\u1ecd.<\/li> <\/ul>    <ul class=\"wp-block-list\"> <li>X\u00e1c \u0111\u1ecbnh k\u1ebf ho\u1ea1ch. Qu\u1ea3n l\u00fd s\u1ea3n ph\u1ea9m c\u1ee7a ch\u00fang t\u00f4i s\u1ebd c\u1ea5u h\u00ecnh k\u1ebf ho\u1ea1ch vi\u00ean n\u00e9n nh\u1ef1a m\u1ed9t c\u00e1ch h\u1ee3p l\u00fd theo nhu c\u1ea7u v\u00e0 ng\u00e2n s\u00e1ch c\u1ee7a b\u1ea1n. Ch\u00fang t\u00f4i thi\u1ebft k\u1ebf b\u1ea3n v\u1ebd cho c\u00e1c y\u00eau c\u1ea7u \u0111\u1eb7c bi\u1ec7t c\u1ee7a m\u00e1y v\u00e0 cu\u1ed1i c\u00f9ng x\u00e1c nh\u1eadn k\u1ebf ho\u1ea1ch vi\u00ean n\u00e9n v\u1edbi kh\u00e1ch h\u00e0ng.<\/li> <\/ul>    <ul class=\"wp-block-list\"> <li>Giao h\u00e0ng v\u00e0 v\u1eadn chuy\u1ec3n. Khi to\u00e0n b\u1ed9 <a href=\"https:\/\/www.recycle-plant.com\/vi\/plastic-film-recycling-production-line\/\">d\u00e2y chuy\u1ec1n vi\u00ean nh\u1ef1a<\/a> \u0111\u01b0\u1ee3c x\u00e2y d\u1ef1ng, ch\u00fang t\u00f4i s\u1ebd s\u1eafp x\u1ebfp m\u1ed9t chi\u1ebfc xe t\u1ea3i \u0111\u1eb7c bi\u1ec7t \u0111\u1ec3 giao h\u00e0ng \u0111\u1ebfn qu\u1ed1c gia c\u1ee7a kh\u00e1ch h\u00e0ng trong th\u1eddi gian \u0111\u00e3 th\u1ecfa thu\u1eadn.<\/li> <\/ul>    <ul class=\"wp-block-list\"> <li>L\u1eafp \u0111\u1eb7t v\u00e0 \u0111\u00e0o t\u1ea1o. Ch\u00fang t\u00f4i s\u1ebd c\u1eed \u0111\u1ed9i ng\u0169 k\u1ef9 thu\u1eadt chuy\u00ean nghi\u1ec7p \u0111\u1ebfn hi\u1ec7n tr\u01b0\u1eddng \u0111\u1ec3 l\u1eafp \u0111\u1eb7t v\u00e0 v\u1eadn h\u00e0nh m\u00e1y t\u1ea1o vi\u00ean nh\u1ef1a. \u0110\u1ed9i ng\u0169 k\u1ef9 thu\u1eadt s\u1ebd \u0111\u00e0o t\u1ea1o c\u00e1ch s\u1eed d\u1ee5ng m\u00e1y t\u1ea1o vi\u00ean nh\u1ef1a m\u1ed9t c\u00e1ch \u0111\u00fang \u0111\u1eafn cho \u0111\u1ebfn khi to\u00e0n b\u1ed9 nh\u00e0 m\u00e1y t\u1ea1o vi\u00ean nh\u1ef1a \u0111i v\u00e0o s\u1ea3n xu\u1ea5t \u1ed5n \u0111\u1ecbnh.<\/li> <\/ul>    <h2 class=\"wp-block-heading\">Nghi\u1ec1n v\u00e0 r\u1eeda t\u00f9y ch\u1ec9nh cho vi\u1ec7c ti\u1ec1n t\u1ea1o h\u1ea1t<\/h2>    <div class=\"wp-block-media-text alignwide has-media-on-the-right is-stacked-on-mobile\"><div class=\"wp-block-media-text__content\"> <p>C\u00e1c m\u00e1y nghi\u1ec1n v\u00e0 r\u1eeda nh\u1ef1a r\u1ea5t linh ho\u1ea1t trong quy tr\u00ecnh t\u00e1i ch\u1ebf, T\u1eadp \u0111o\u00e0n Shuliy s\u1ebd \u0111\u1ec1 xu\u1ea5t cho t\u1eebng kh\u00e1ch h\u00e0ng c\u1ee7a ch\u00fang t\u00f4i nh\u1eefng m\u00e1y ph\u00f9 h\u1ee3p nh\u1ea5t sau khi t\u00ecm hi\u1ec3u nhu c\u1ea7u v\u00e0 \u0111i\u1ec1u ki\u1ec7n th\u1ef1c t\u1ebf.<\/p>    <p>V\u00ed d\u1ee5, ph\u1ea7n nghi\u1ec1n v\u00e0 r\u1eeda \u0111\u00fang \u0111\u01b0\u1ee3c trang b\u1ecb m\u1ed9t m\u00e1y nghi\u1ec1n nh\u1ef1a, m\u1ed9t b\u1ec3 r\u1eeda nh\u1ef1a, m\u1ed9t m\u00e1y s\u1ea5y \u0111\u1ee9ng v\u00e0 m\u1ed9t m\u00e1y s\u1ea5y n\u1eb1m ngang. B\u1ea3n v\u1ebd 3D \u0111\u01b0\u1ee3c thi\u1ebft k\u1ebf b\u1edfi qu\u1ea3n l\u00fd d\u1ef1 \u00e1n c\u1ee7a ch\u00fang t\u00f4i, Sunny, cho kh\u00e1ch h\u00e0ng c\u1ee7a ch\u00fang t\u00f4i t\u1eeb \u1ea2 R\u1eadp X\u00ea \u00dat. Nguy\u00ean li\u1ec7u th\u00f4 c\u1ee7a h\u1ecd l\u00e0 th\u00f9ng v\u00e0 container PP c\u1ee9ng th\u1ea3i.   <\/p> <\/div><figure class=\"wp-block-media-text__media\"><img loading=\"lazy\" decoding=\"async\" width=\"720\" height=\"540\" src=\"https:\/\/www.recycle-plant.com\/wp-content\/uploads\/2023\/03\/PET-bottle-washing-plant.jpg\" alt=\"nh\u00e0 m\u00e1y nghi\u1ec1n v\u00e0 r\u1eeda\" class=\"wp-image-6643 size-full\"\/><\/figure><\/div>    <div class=\"wp-block-media-text alignwide is-stacked-on-mobile\"><figure class=\"wp-block-media-text__media\"><img loading=\"lazy\" decoding=\"async\" width=\"720\" height=\"405\" src=\"https:\/\/www.recycle-plant.com\/wp-content\/uploads\/2023\/03\/PET-bottle-washing-line.jpg\" alt=\"D\u00e2y chuy\u1ec1n r\u1eeda PP PE\" class=\"wp-image-6644 size-full\"\/><\/figure><div class=\"wp-block-media-text__content\"> <p>\u0110\u00e2y l\u00e0 m\u1ed9t b\u1ea3n v\u1ebd 3D \u0111\u01b0\u1ee3c thi\u1ebft k\u1ebf cho kh\u00e1ch h\u00e0ng Nigeria c\u1ee7a ch\u00fang t\u00f4i, d\u00e2y chuy\u1ec1n r\u1eeda t\u00e1i ch\u1ebf n\u00e0y \u0111\u01b0\u1ee3c trang b\u1ecb th\u00eam m\u1ed9t b\u1ec3 r\u1eeda v\u00e0 m\u1ed9t m\u00e1y ly t\u00e2m \u0111\u1ee9ng. <\/p>    <p>Sunny \u0111\u00e3 thi\u1ebft k\u1ebf hai b\u1ed9 thi\u1ebft b\u1ecb v\u1ec7 sinh \u0111\u1ec3 r\u1eeda phim PP th\u1ea3i. B\u1edfi v\u00ec nguy\u00ean li\u1ec7u th\u00f4 b\u1ea9n v\u00e0 s\u1ea3n l\u01b0\u1ee3ng l\u1edbn, m\u1ed9t b\u1ed9 m\u00e1y r\u1eeda b\u1ed5 sung c\u00f3 th\u1ec3 \u0111\u1ea3m b\u1ea3o \u0111\u1ed9 s\u1ea1ch c\u1ee7a nguy\u00ean li\u1ec7u th\u00f4 v\u00e0 hi\u1ec7u qu\u1ea3 t\u1ea1o h\u1ea1t cu\u1ed1i c\u00f9ng.<\/p> <\/div><\/div>    <h2 class=\"wp-block-heading\">C\u00e1c t\u00ednh n\u0103ng \u0111\u1ed9c \u0111\u00e1o c\u1ee7a d\u00e2y chuy\u1ec1n s\u1ea3n xu\u1ea5t vi\u00ean nh\u1ef1a Shuliy<\/h2>    <ul class=\"wp-block-list\"> <li>Th\u1eddi gian s\u1eed d\u1ee5ng l\u00e2u d\u00e0i c\u1ee7a <a href=\"https:\/\/www.recycle-plant.com\/vi\/plastic-pelletizing-machine-4.html\">M\u00e1y t\u1ea1o vi\u00ean nh\u1ef1a<\/a>. M\u00e1y m\u00f3c c\u1ee7a ch\u00fang t\u00f4i cho vi\u1ec7c s\u1ea3n xu\u1ea5t vi\u00ean nh\u1ef1a kh\u00f4ng b\u1ecb g\u1ec9 v\u00e0 b\u1ec1n. Ch\u00fang t\u00f4i c\u00f3 th\u1ec3 \u0111\u1ea3m b\u1ea3o tu\u1ed5i th\u1ecd d\u00e0i cho vi\u1ec7c s\u1ea3n xu\u1ea5t vi\u00ean nh\u1ef1a.<\/li>    <li>T\u1ef7 l\u1ec7 th\u1ea5t b\u1ea1i th\u1ea5p trong ho\u1ea1t \u0111\u1ed9ng. Shuliy c\u00f3 m\u1ed9t \u0111\u1ed9i ng\u0169 thi\u1ebft k\u1ebf m\u00e1y chuy\u00ean nghi\u1ec7p. Quy tr\u00ecnh s\u1ea3n xu\u1ea5t m\u00e1y m\u00f3c r\u1ea5t ch\u00ednh x\u00e1c v\u00e0 t\u1ef7 l\u1ec7 th\u1ea5t b\u1ea1i r\u1ea5t th\u1ea5p.<\/li>    <li>D\u1eabn \u0111\u1ea7u v\u1ec1 doanh s\u1ed1 v\u00e0 tr\u1ea3i nghi\u1ec7m. Shuliy, m\u1ed9t trong nh\u1eefng nh\u00e0 s\u1ea3n xu\u1ea5t m\u00e1y \u00e9p vi\u00ean nh\u1ef1a \u0111\u00e1ng tin c\u1eady t\u1ea1i Trung Qu\u1ed1c, ch\u00fang t\u00f4i c\u00f3 kh\u1ea3 n\u0103ng m\u1ea1nh m\u1ebd \u0111\u1ec3 xu\u1ea5t kh\u1ea9u m\u00e1y m\u00f3c c\u1ee7a m\u00ecnh ra to\u00e0n th\u1ebf gi\u1edbi. Cho \u0111\u1ebfn nay, Shuliy \u0111\u00e3 c\u00f3 kh\u00e1ch h\u00e0ng t\u1eeb \u1ea2 R\u1eadp Saudi, Ai C\u1eadp, Hungary, Uganda, Nigeria, Kenya, Ethiopia, \u0110\u1ee9c v\u00e0 c\u00e1c qu\u1ed1c gia kh\u00e1c v\u00e0 \u0111\u00e3 \u0111\u01b0\u1ee3c kh\u00e1ch h\u00e0ng c\u1ee7a ch\u00fang t\u00f4i c\u00f4ng nh\u1eadn r\u1ed9ng r\u00e3i.<\/li>    <li>M\u00e1y nghi\u1ec1n nh\u1ef1a l\u00e0 th\u00e2n thi\u1ec7n v\u1edbi m\u00f4i tr\u01b0\u1eddng. N\u01b0\u1edbc th\u1ea3i, kh\u00ed th\u1ea3i v\u00e0 b\u00f9n c\u1ee7a d\u00e2y chuy\u1ec1n t\u00e1i ch\u1ebf h\u1ea1t nh\u1ef1a \u0111\u1ec1u \u0111\u01b0\u1ee3c x\u1ea3 th\u1ea3i an to\u00e0n. V\u00ed d\u1ee5, kh\u00f3i t\u1eeb qu\u00e1 tr\u00ecnh t\u1ea1o h\u1ea1t nh\u1ef1a \u0111\u01b0\u1ee3c l\u1ecdc qua c\u00e1c b\u1ed9 l\u1ecdc \u0111\u1eb7c bi\u1ec7t.<a href=\"https:\/\/www.recycle-plant.com\/vi\/waste-gas-filter.html\"> thi\u1ebft b\u1ecb lo\u1ea1i b\u1ecf b\u1ee5i<\/a> tr\u01b0\u1edbc khi \u0111\u01b0\u1ee3c th\u1ea3i ra.<\/li> <\/ul>    <h2 class=\"wp-block-heading\">l\u00f4 h\u00e0ng d\u00e2y chuy\u1ec1n nghi\u1ec1n nh\u1ef1a<\/h2>    <figure class=\"wp-block-gallery has-nested-images columns-default is-cropped wp-block-gallery-2 is-layout-flex wp-block-gallery-is-layout-flex\"> <figure class=\"wp-block-image size-large\"><img loading=\"lazy\" decoding=\"async\" width=\"720\" height=\"540\" data-id=\"6364\" src=\"https:\/\/www.recycle-plant.com\/wp-content\/uploads\/2019\/11\/plastic-granulator-machne-for-sale1.jpg\" alt=\"\" class=\"wp-image-6364\" srcset=\"https:\/\/www.recycle-plant.com\/wp-content\/uploads\/2019\/11\/plastic-granulator-machne-for-sale1.jpg 720w, https:\/\/www.recycle-plant.com\/wp-content\/uploads\/2019\/11\/plastic-granulator-machne-for-sale1-300x225.jpg 300w\" sizes=\"auto, (max-width: 720px) 100vw, 720px\" \/><\/figure>    <figure class=\"wp-block-image size-large\"><img loading=\"lazy\" decoding=\"async\" width=\"720\" height=\"540\" data-id=\"6363\" src=\"https:\/\/www.recycle-plant.com\/wp-content\/uploads\/2019\/11\/plastic-granulator-machine-Saudi-Arabia1.jpg\" alt=\"\" class=\"wp-image-6363\" srcset=\"https:\/\/www.recycle-plant.com\/wp-content\/uploads\/2019\/11\/plastic-granulator-machine-Saudi-Arabia1.jpg 720w, https:\/\/www.recycle-plant.com\/wp-content\/uploads\/2019\/11\/plastic-granulator-machine-Saudi-Arabia1-300x225.jpg 300w\" sizes=\"auto, (max-width: 720px) 100vw, 720px\" \/><\/figure>    <figure class=\"wp-block-image size-large\"><img loading=\"lazy\" decoding=\"async\" width=\"720\" height=\"540\" data-id=\"6313\" src=\"https:\/\/www.recycle-plant.com\/wp-content\/uploads\/2022\/11\/plastic-recycling-machine-sent-to-Kenya_1.jpg\" alt=\"\" class=\"wp-image-6313\" srcset=\"https:\/\/www.recycle-plant.com\/wp-content\/uploads\/2022\/11\/plastic-recycling-machine-sent-to-Kenya_1.jpg 720w, https:\/\/www.recycle-plant.com\/wp-content\/uploads\/2022\/11\/plastic-recycling-machine-sent-to-Kenya_1-300x225.jpg 300w\" sizes=\"auto, (max-width: 720px) 100vw, 720px\" \/><\/figure>    <figure class=\"wp-block-image size-large\"><img loading=\"lazy\" decoding=\"async\" width=\"720\" height=\"540\" data-id=\"6314\" src=\"https:\/\/www.recycle-plant.com\/wp-content\/uploads\/2022\/11\/plastic-recycling-machine-shipped-to-Kenya_1.jpg\" alt=\"\" class=\"wp-image-6314\" srcset=\"https:\/\/www.recycle-plant.com\/wp-content\/uploads\/2022\/11\/plastic-recycling-machine-shipped-to-Kenya_1.jpg 720w, https:\/\/www.recycle-plant.com\/wp-content\/uploads\/2022\/11\/plastic-recycling-machine-shipped-to-Kenya_1-300x225.jpg 300w\" sizes=\"auto, (max-width: 720px) 100vw, 720px\" \/><\/figure>    <figure class=\"wp-block-image size-large\"><img loading=\"lazy\" decoding=\"async\" width=\"720\" height=\"540\" data-id=\"6300\" src=\"https:\/\/www.recycle-plant.com\/wp-content\/uploads\/2022\/11\/plastic-recycling-plants-in-Kenya_1.jpg\" alt=\"c\u00e1c nh\u00e0 m\u00e1y t\u00e1i ch\u1ebf nh\u1ef1a \u1edf Kenya\" class=\"wp-image-6300\" srcset=\"https:\/\/www.recycle-plant.com\/wp-content\/uploads\/2022\/11\/plastic-recycling-plants-in-Kenya_1.jpg 720w, https:\/\/www.recycle-plant.com\/wp-content\/uploads\/2022\/11\/plastic-recycling-plants-in-Kenya_1-300x225.jpg 300w\" sizes=\"auto, (max-width: 720px) 100vw, 720px\" \/><\/figure>    <figure class=\"wp-block-image size-large\"><img loading=\"lazy\" decoding=\"async\" width=\"720\" height=\"540\" data-id=\"6285\" src=\"https:\/\/www.recycle-plant.com\/wp-content\/uploads\/2022\/11\/conveyor.jpg\" alt=\"\" class=\"wp-image-6285\" srcset=\"https:\/\/www.recycle-plant.com\/wp-content\/uploads\/2022\/11\/conveyor.jpg 720w, https:\/\/www.recycle-plant.com\/wp-content\/uploads\/2022\/11\/conveyor-300x225.jpg 300w\" sizes=\"auto, (max-width: 720px) 100vw, 720px\" \/><\/figure> <\/figure>    <p>Ngo\u00e0i d\u00e2y chuy\u1ec1n \u00e9p vi\u00ean nh\u1ef1a PP PE, Shuliy c\u0169ng cung c\u1ea5p d\u00e2y chuy\u1ec1n \u00e9p vi\u00ean nh\u1ef1a x\u1ed1p EPS EPE. N\u1ebfu kh\u00e1ch h\u00e0ng c\u00f3 nhi\u1ec1u nh\u1ef1a x\u1ed1p, ch\u00fang t\u00f4i c\u00f3 th\u1ec3 cung c\u1ea5p s\u1ea3n xu\u1ea5t t\u00f9y ch\u1ec9nh cho h\u1ecd. N\u1ebfu b\u1ea1n c\u00f3 b\u1ea5t k\u1ef3 c\u00e2u h\u1ecfi n\u00e0o v\u1ec1 m\u00e1y granulator nh\u1ef1a c\u1ee7a ch\u00fang t\u00f4i, h\u00e3y \u0111\u1ec3 l\u1ea1i tin nh\u1eafn c\u1ee7a b\u1ea1n b\u1ea5t c\u1ee9 l\u00fac n\u00e0o.<\/p>","protected":false},"excerpt":{"rendered":"<p>Shuliy provides comprehensive plastic pelletizing solution for post-industrial recycling(in-house recycling) and post-consumer recycling. The pelletizing machine can process various material types, including PP, HDPE, LDPE, LLDPE, PVC, EPS, EPE, ABS, PS, etc. Plastic recycle materials Recycle material Application Material type PP PE film film rolls, film scraps, bags, t-shirt bag cut-offs, agriculture film PP PE [&hellip;]<\/p>\n","protected":false},"author":1,"featured_media":6651,"parent":0,"menu_order":0,"comment_status":"closed","ping_status":"closed","template":"","meta":{"_kad_blocks_custom_css":"","_kad_blocks_head_custom_js":"","_kad_blocks_body_custom_js":"","_kad_blocks_footer_custom_js":"","footnotes":""},"class_list":["post-6655","page","type-page","status-publish","has-post-thumbnail","hentry"],"taxonomy_info":[],"featured_image_src_large":["https:\/\/www.recycle-plant.com\/wp-content\/uploads\/2023\/03\/solution.jpg",720,540,false],"author_info":{"display_name":"Ella","author_link":"https:\/\/www.recycle-plant.com\/vi\/author\/admin\/"},"comment_info":0,"_links":{"self":[{"href":"https:\/\/www.recycle-plant.com\/vi\/wp-json\/wp\/v2\/pages\/6655","targetHints":{"allow":["GET"]}}],"collection":[{"href":"https:\/\/www.recycle-plant.com\/vi\/wp-json\/wp\/v2\/pages"}],"about":[{"href":"https:\/\/www.recycle-plant.com\/vi\/wp-json\/wp\/v2\/types\/page"}],"author":[{"embeddable":true,"href":"https:\/\/www.recycle-plant.com\/vi\/wp-json\/wp\/v2\/users\/1"}],"replies":[{"embeddable":true,"href":"https:\/\/www.recycle-plant.com\/vi\/wp-json\/wp\/v2\/comments?post=6655"}],"version-history":[{"count":0,"href":"https:\/\/www.recycle-plant.com\/vi\/wp-json\/wp\/v2\/pages\/6655\/revisions"}],"wp:featuredmedia":[{"embeddable":true,"href":"https:\/\/www.recycle-plant.com\/vi\/wp-json\/wp\/v2\/media\/6651"}],"wp:attachment":[{"href":"https:\/\/www.recycle-plant.com\/vi\/wp-json\/wp\/v2\/media?parent=6655"}],"curies":[{"name":"wp","href":"https:\/\/api.w.org\/{rel}","templated":true}]}}