{"id":6675,"date":"2023-03-17T07:35:16","date_gmt":"2023-03-17T07:35:16","guid":{"rendered":"https:\/\/www.recycle-plant.com\/?page_id=6675"},"modified":"2024-06-17T17:57:08","modified_gmt":"2024-06-17T09:57:08","slug":"pet-bottle-washing-line-solution","status":"publish","type":"page","link":"https:\/\/www.recycle-plant.com\/vi\/pet-bottle-washing-line-solution\/","title":{"rendered":"Gi\u1ea3i ph\u00e1p d\u00e2y chuy\u1ec1n r\u1eeda chai PET"},"content":{"rendered":"<p>Nh\u1ef1a PET l\u00e0 m\u1ed9t l\u1ef1a ch\u1ecdn bao b\u00ec b\u1ec1n v\u1eefng v\u00e0 l\u00e0 lo\u1ea1i nh\u1ef1a ch\u00ednh, n\u00f3 lu\u00f4n \u0111\u01b0\u1ee3c s\u1eed d\u1ee5ng cho chai \u0111\u1ed3 u\u1ed1ng nh\u1edd kh\u1ea3 n\u0103ng ch\u1ed1ng h\u00f3a ch\u1ea5t tuy\u1ec7t v\u1eddi \u0111\u1ed1i v\u1edbi c\u00e1c v\u1eadt li\u1ec7u h\u1eefu c\u01a1 v\u00e0 n\u01b0\u1edbc, c\u0169ng nh\u01b0 t\u1ef7 l\u1ec7 s\u1ee9c m\u1ea1nh tr\u00ean tr\u1ecdng l\u01b0\u1ee3ng cao.<\/p>    <p>H\u01a1n n\u1eefa, PET l\u00e0 l\u1ef1a ch\u1ecdn \u01b0u ti\u00ean cho chai nh\u1ef1a v\u00ec n\u00f3 c\u00f3 th\u1ec3 t\u00e1i ch\u1ebf 100% v\u00e0 r\u1ea5t b\u1ec1n v\u1eefng. C\u00e1c m\u1ea3nh PET t\u00e1i ch\u1ebf nh\u1eadn \u0111\u01b0\u1ee3c s\u1ef1 ph\u1ed5 bi\u1ebfn cao tr\u00ean th\u1ecb tr\u01b0\u1eddng qu\u1ed1c t\u1ebf v\u00e0 c\u00f3 hi\u1ec7u qu\u1ea3 kinh t\u1ebf t\u01b0\u01a1ng \u0111\u1ed1i cao.<\/p>    <p>Do \u0111\u00f3, PET r\u1ea5t \u0111\u00e1ng \u0111\u1ec3 t\u00e1i ch\u1ebf. Sau khi \u0111\u01b0\u1ee3c t\u00e1i ch\u1ebf, c\u00e1c m\u1ea3nh PET s\u1ea1ch c\u00f3 th\u1ec3 \u0111\u01b0\u1ee3c ch\u1ebf t\u1ea1o th\u00e0nh c\u00e1c s\u1ea3n ph\u1ea9m m\u1edbi, \u0111i\u1ec1u n\u00e0y s\u1ebd gi\u1ea3m \u00f4 nhi\u1ec5m m\u00f4i tr\u01b0\u1eddng v\u00e0 t\u1ea1o ra l\u1ee3i nhu\u1eadn cho c\u00e1c nh\u00e0 t\u00e1i ch\u1ebf nh\u1ef1a.<\/p>    <h2 class=\"wp-block-heading\">D\u00e2y chuy\u1ec1n r\u1eeda chai PET Shuliy<\/h2>    <p>T\u1eadp \u0111o\u00e0n Shuliy l\u00e0 m\u1ed9t nh\u00e0 s\u1ea3n xu\u1ea5t m\u00e1y t\u00e1i ch\u1ebf chai PET n\u1ed5i ti\u1ebfng \u1edf Trung Qu\u1ed1c, ch\u00fang t\u00f4i \u0111\u00e3 s\u1ea3n xu\u1ea5t c\u00e1c gi\u1ea3i ph\u00e1p t\u00e1i ch\u1ebf chai PET v\u00e0 m\u00e1y nghi\u1ec1n, r\u1eeda chai nh\u1ef1a ch\u1ea5t l\u01b0\u1ee3ng t\u1ed1t. Video d\u01b0\u1edbi \u0111\u00e2y l\u00e0 video 3D c\u1ee7a nh\u00e0 m\u00e1y r\u1eeda v\u00e0 t\u00e1i ch\u1ebf PET.<\/p>    <figure class=\"wp-block-embed is-type-video is-provider-youtube wp-block-embed-youtube wp-embed-aspect-16-9 wp-has-aspect-ratio\"><div class=\"wp-block-embed__wrapper\"> <iframe loading=\"lazy\" title=\"Video 3D v\u1ec1 d\u00e2y chuy\u1ec1n t\u00e1i ch\u1ebf chai PET | C\u00e1ch t\u00e1i ch\u1ebf chai nh\u1ef1a th\u1ea3i?\" width=\"500\" height=\"281\" src=\"https:\/\/www.youtube.com\/embed\/Beev9uxidkE?start=19&#038;feature=oembed\" frameborder=\"0\" allow=\"accelerometer; autoplay; clipboard-write; encrypted-media; gyroscope; picture-in-picture; web-share\" referrerpolicy=\"strict-origin-when-cross-origin\" allowfullscreen><\/iframe> <\/div><\/figure>    <h2 class=\"wp-block-heading\">Quy tr\u00ecnh c\u1ee7a d\u00e2y chuy\u1ec1n r\u1eeda chai PET <\/h2>    <p>\u0110\u1ea7u ti\u00ean, nh\u00e3n tr\u00ean c\u00e1c chai nh\u1ef1a PET th\u1ea3i n\u00ean \u0111\u01b0\u1ee3c t\u00e1ch r\u1eddi, sau \u0111\u00f3 c\u00e1c chai PET \u0111\u01b0\u1ee3c nghi\u1ec1n th\u00e0nh m\u1ea3nh nh\u1ecf, c\u00e1c n\u1eafp PP \u0111\u01b0\u1ee3c t\u00e1ch ra b\u1eb1ng c\u00e1ch s\u1eed d\u1ee5ng c\u00e1c m\u1eadt \u0111\u1ed9 kh\u00e1c nhau c\u1ee7a v\u1eadt li\u1ec7u pp v\u00e0 PET trong n\u01b0\u1edbc. Sau \u0111\u00f3, PET \u0111\u01b0\u1ee3c r\u1eeda th\u00eam b\u1eb1ng c\u00e1c b\u1ec3 r\u1eeda nh\u1ef1a v\u00e0 b\u1ec3 r\u1eeda n\u00f3ng. Cu\u1ed1i c\u00f9ng, s\u1eed d\u1ee5ng m\u00e1y l\u00e0m kh\u00f4 nh\u1ef1a \u0111\u1ec3 l\u00e0m kh\u00f4 c\u00e1c m\u1ea3nh chai.<\/p>    <h2 class=\"wp-block-heading\">S\u1ea3n ph\u1ea9m cu\u1ed1i c\u00f9ng c\u1ee7a m\u00e1y t\u00e1i ch\u1ebf chai nh\u1ef1a<\/h2>    <p class=\"translation-block\">C\u00e1c m\u1ea3nh nh\u1ef1a PET t\u00e1i ch\u1ebf \u0111\u01b0\u1ee3c x\u1eed l\u00fd t\u1eeb <strong><a href=\"https:\/\/www.recycle-plant.com\/vi\/plastic-bottle-recycling-line\/\">d\u00e2y chuy\u1ec1n t\u00e1i ch\u1ebf chai PET<\/a><\/strong> ch\u1ee7 y\u1ebfu \u0111\u01b0\u1ee3c ph\u00e2n lo\u1ea1i th\u00e0nh ba c\u1ea5p ch\u1ea5t l\u01b0\u1ee3ng: \u0111\u1ed9 \u1ea9m, h\u00e0m l\u01b0\u1ee3ng PVC v\u00e0 \u0111\u1ed9 nh\u1edbt \u0111\u1eb7c tr\u01b0ng. C\u00e1c m\u1ea3nh chai \u0111\u01b0\u1ee3c x\u1eed l\u00fd b\u1edfi d\u00e2y chuy\u1ec1n t\u00e1i ch\u1ebf chai PET c\u1ee7a Shuliy c\u00f3 th\u1ec3 \u0111\u1ea1t ti\u00eau chu\u1ea9n c\u1ea5p t\u01b0\u01a1ng \u1ee9ng, v\u00e0 c\u00e1c m\u1ea3nh PET nh\u01b0 v\u1eady c\u00f3 th\u1ec3 mang l\u1ea1i l\u1ee3i nhu\u1eadn cao.<\/p>    <figure class=\"wp-block-gallery has-nested-images columns-default is-cropped wp-block-gallery-2 is-layout-flex wp-block-gallery-is-layout-flex\"> <figure class=\"wp-block-image size-large\"><img loading=\"lazy\" decoding=\"async\" width=\"720\" height=\"540\" data-id=\"6399\" src=\"https:\/\/www.recycle-plant.com\/wp-content\/uploads\/2022\/12\/clean-PET-flakes-are-the-final-products-of-plastic-bottle-reycling-line.jpg\" alt=\"Flakes PET s\u1ea1ch l\u00e0 s\u1ea3n ph\u1ea9m cu\u1ed1i c\u00f9ng c\u1ee7a d\u00e2y chuy\u1ec1n t\u00e1i ch\u1ebf chai nh\u1ef1a\" class=\"wp-image-6399\" srcset=\"https:\/\/www.recycle-plant.com\/wp-content\/uploads\/2022\/12\/clean-PET-flakes-are-the-final-products-of-plastic-bottle-reycling-line.jpg 720w, https:\/\/www.recycle-plant.com\/wp-content\/uploads\/2022\/12\/clean-PET-flakes-are-the-final-products-of-plastic-bottle-reycling-line-300x225.jpg 300w\" sizes=\"auto, (max-width: 720px) 100vw, 720px\" \/><figcaption class=\"wp-element-caption\">m\u1ea3nh PET s\u1ea1ch <\/figcaption><\/figure>    <figure class=\"wp-block-image size-large\"><img loading=\"lazy\" decoding=\"async\" width=\"720\" height=\"540\" data-id=\"6009\" src=\"https:\/\/www.recycle-plant.com\/wp-content\/uploads\/2022\/06\/recycled-PET-flakes.jpg\" alt=\"m\u1ea3nh PET t\u00e1i ch\u1ebf\" class=\"wp-image-6009\" srcset=\"https:\/\/www.recycle-plant.com\/wp-content\/uploads\/2022\/06\/recycled-PET-flakes.jpg 720w, https:\/\/www.recycle-plant.com\/wp-content\/uploads\/2022\/06\/recycled-PET-flakes-300x225.jpg 300w\" sizes=\"auto, (max-width: 720px) 100vw, 720px\" \/><figcaption class=\"wp-element-caption\">m\u1ea3nh PET t\u00e1i ch\u1ebf<\/figcaption><\/figure> <\/figure>    <h2 class=\"wp-block-heading\">Giao h\u00e0ng nh\u00e0 m\u00e1y r\u1eeda chai PET<\/h2>    <figure class=\"wp-block-gallery has-nested-images columns-default is-cropped wp-block-gallery-3 is-layout-flex wp-block-gallery-is-layout-flex\"> <figure class=\"wp-block-image size-large\"><img loading=\"lazy\" decoding=\"async\" width=\"540\" height=\"720\" data-id=\"6434\" src=\"https:\/\/www.recycle-plant.com\/wp-content\/uploads\/2019\/11\/PET-bottle-washing-plant-1.jpg\" alt=\"Nh\u00e0 m\u00e1y r\u1eeda chai PET\" class=\"wp-image-6434\" srcset=\"https:\/\/www.recycle-plant.com\/wp-content\/uploads\/2019\/11\/PET-bottle-washing-plant-1.jpg 540w, https:\/\/www.recycle-plant.com\/wp-content\/uploads\/2019\/11\/PET-bottle-washing-plant-1-225x300.jpg 225w\" sizes=\"auto, (max-width: 540px) 100vw, 540px\" \/><figcaption class=\"wp-element-caption\">Nh\u00e0 m\u00e1y r\u1eeda chai PET \u0111\u01b0\u1ee3c g\u1eedi \u0111\u1ebfn Mozambique<\/figcaption><\/figure>    <figure class=\"wp-block-image size-large\"><img loading=\"lazy\" decoding=\"async\" width=\"540\" height=\"720\" data-id=\"6435\" src=\"https:\/\/www.recycle-plant.com\/wp-content\/uploads\/2019\/11\/PET-bottle-washing-plant-shipped-to-Mozambique1.jpg\" alt=\"Nh\u00e0 m\u00e1y r\u1eeda chai PET \u0111\u00e3 \u0111\u01b0\u1ee3c v\u1eadn chuy\u1ec3n \u0111\u1ebfn Mozambique\" class=\"wp-image-6435\" srcset=\"https:\/\/www.recycle-plant.com\/wp-content\/uploads\/2019\/11\/PET-bottle-washing-plant-shipped-to-Mozambique1.jpg 540w, https:\/\/www.recycle-plant.com\/wp-content\/uploads\/2019\/11\/PET-bottle-washing-plant-shipped-to-Mozambique1-225x300.jpg 225w\" sizes=\"auto, (max-width: 540px) 100vw, 540px\" \/><figcaption class=\"wp-element-caption\">D\u00e2y chuy\u1ec1n r\u1eeda chai PET \u0111\u01b0\u1ee3c v\u1eadn chuy\u1ec3n \u0111\u1ebfn Mozambique<\/figcaption><\/figure>    <figure class=\"wp-block-image size-large\"><img loading=\"lazy\" decoding=\"async\" width=\"720\" height=\"540\" data-id=\"6369\" src=\"https:\/\/www.recycle-plant.com\/wp-content\/uploads\/2019\/11\/plastic-granulator1.jpg\" alt=\"\" class=\"wp-image-6369\" srcset=\"https:\/\/www.recycle-plant.com\/wp-content\/uploads\/2019\/11\/plastic-granulator1.jpg 720w, https:\/\/www.recycle-plant.com\/wp-content\/uploads\/2019\/11\/plastic-granulator1-300x225.jpg 300w\" sizes=\"auto, (max-width: 720px) 100vw, 720px\" \/><figcaption class=\"wp-element-caption\">D\u00e2y chuy\u1ec1n t\u00e1i ch\u1ebf chai PET \u0111\u01b0\u1ee3c g\u1eedi \u0111\u1ebfn Nh\u1eadt B\u1ea3n<\/figcaption><\/figure>    <figure class=\"wp-block-image size-large\"><img loading=\"lazy\" decoding=\"async\" width=\"720\" height=\"540\" data-id=\"6363\" src=\"https:\/\/www.recycle-plant.com\/wp-content\/uploads\/2019\/11\/plastic-granulator-machine-Saudi-Arabia1.jpg\" alt=\"\" class=\"wp-image-6363\" srcset=\"https:\/\/www.recycle-plant.com\/wp-content\/uploads\/2019\/11\/plastic-granulator-machine-Saudi-Arabia1.jpg 720w, https:\/\/www.recycle-plant.com\/wp-content\/uploads\/2019\/11\/plastic-granulator-machine-Saudi-Arabia1-300x225.jpg 300w\" sizes=\"auto, (max-width: 720px) 100vw, 720px\" \/><figcaption class=\"wp-element-caption\">D\u00e2y chuy\u1ec1n r\u1eeda chai PET \u0111\u01b0\u1ee3c g\u1eedi \u0111\u1ebfn Nigeria<\/figcaption><\/figure>    <figure class=\"wp-block-image size-large\"><img loading=\"lazy\" decoding=\"async\" width=\"540\" height=\"720\" data-id=\"6287\" src=\"https:\/\/www.recycle-plant.com\/wp-content\/uploads\/2022\/11\/loading-and-delivery.jpg\" alt=\"\" class=\"wp-image-6287\" srcset=\"https:\/\/www.recycle-plant.com\/wp-content\/uploads\/2022\/11\/loading-and-delivery.jpg 540w, https:\/\/www.recycle-plant.com\/wp-content\/uploads\/2022\/11\/loading-and-delivery-225x300.jpg 225w\" sizes=\"auto, (max-width: 540px) 100vw, 540px\" \/><figcaption class=\"wp-element-caption\">D\u00e2y chuy\u1ec1n r\u1eeda chai PET \u0111\u01b0\u1ee3c g\u1eedi \u0111\u1ebfn Congo<\/figcaption><\/figure>    <figure class=\"wp-block-image size-large\"><img loading=\"lazy\" decoding=\"async\" width=\"540\" height=\"720\" data-id=\"5905\" src=\"https:\/\/www.recycle-plant.com\/wp-content\/uploads\/2022\/05\/plastic-washing-recycling-machine-sent-to-Kenya.jpg\" alt=\"\" class=\"wp-image-5905\" srcset=\"https:\/\/www.recycle-plant.com\/wp-content\/uploads\/2022\/05\/plastic-washing-recycling-machine-sent-to-Kenya.jpg 540w, https:\/\/www.recycle-plant.com\/wp-content\/uploads\/2022\/05\/plastic-washing-recycling-machine-sent-to-Kenya-225x300.jpg 225w\" sizes=\"auto, (max-width: 540px) 100vw, 540px\" \/><figcaption class=\"wp-element-caption\">m\u00e1y t\u00e1i ch\u1ebf r\u1eeda nh\u1ef1a \u0111\u01b0\u1ee3c g\u1eedi \u0111\u1ebfn Kenya<\/figcaption><\/figure> <\/figure>","protected":false},"excerpt":{"rendered":"<p>PET plastic is a sustainable packaging option and the primary type of plastic, it is always used for beverage bottles for its excellent chemical resistance to organic materials and water and its high strength-to-weight ratio. Moreover, PET is the preferred choice for plastic bottles because it is 100% recyclable and highly sustainable. Recycled PET flakes [&hellip;]<\/p>\n","protected":false},"author":1,"featured_media":0,"parent":0,"menu_order":0,"comment_status":"closed","ping_status":"closed","template":"","meta":{"_kad_blocks_custom_css":"","_kad_blocks_head_custom_js":"","_kad_blocks_body_custom_js":"","_kad_blocks_footer_custom_js":"","footnotes":""},"class_list":["post-6675","page","type-page","status-publish","hentry"],"taxonomy_info":[],"featured_image_src_large":false,"author_info":{"display_name":"Ella","author_link":"https:\/\/www.recycle-plant.com\/vi\/author\/admin\/"},"comment_info":0,"_links":{"self":[{"href":"https:\/\/www.recycle-plant.com\/vi\/wp-json\/wp\/v2\/pages\/6675","targetHints":{"allow":["GET"]}}],"collection":[{"href":"https:\/\/www.recycle-plant.com\/vi\/wp-json\/wp\/v2\/pages"}],"about":[{"href":"https:\/\/www.recycle-plant.com\/vi\/wp-json\/wp\/v2\/types\/page"}],"author":[{"embeddable":true,"href":"https:\/\/www.recycle-plant.com\/vi\/wp-json\/wp\/v2\/users\/1"}],"replies":[{"embeddable":true,"href":"https:\/\/www.recycle-plant.com\/vi\/wp-json\/wp\/v2\/comments?post=6675"}],"version-history":[{"count":0,"href":"https:\/\/www.recycle-plant.com\/vi\/wp-json\/wp\/v2\/pages\/6675\/revisions"}],"wp:attachment":[{"href":"https:\/\/www.recycle-plant.com\/vi\/wp-json\/wp\/v2\/media?parent=6675"}],"curies":[{"name":"wp","href":"https:\/\/api.w.org\/{rel}","templated":true}]}}